{"id":9894,"date":"2025-02-19T12:17:34","date_gmt":"2025-02-19T11:17:34","guid":{"rendered":"https:\/\/sglux.de\/produkt\/uvplot\/"},"modified":"2025-05-27T11:42:05","modified_gmt":"2025-05-27T09:42:05","slug":"uvplot","status":"publish","type":"product","link":"https:\/\/sglux.de\/fr\/produit\/uvplot\/","title":{"rendered":"UVPLOT"},"content":{"rendered":"<p><a class=\"single_add_to_cart_button button right\" href=\"http:\/\/download.sglux.de\/radiometers\/uvplot\/UVPLOT.pdf\" target=\"_blank\" rel=\"noopener noreferrer\">T\u00e9lecharger la fiche de donn\u00e9es<\/a><br \/>\n<iframe loading=\"lazy\" class=\"pdfjs-viewer\" width=\"100%\" height=\"970px\" src=\"https:\/\/sglux.de\/data-matrix\/plugins\/pdf-viewer\/stable\/web\/viewer.html?file=https:\/\/sglux.de\/download\/radiometers\/uvplot\/UVPLOT.pdf\"><\/iframe> \n","protected":false},"excerpt":{"rendered":"<ul>\n<li>Logiciel \u00e0 installer sur un PC ou un ordinateur portable (Windows 11 ou version ant\u00e9rieure) pour se connecter \u00e0 l\u2019un de nos capteurs UV. Le prix indiqu\u00e9 s&rsquo;applique au capteur UV s\u00e9lectionn\u00e9.<\/li>\n<li>Affichage de l\u2019intensit\u00e9 d\u2019irradiation actuelle, affichage graphique de l\u2019\u00e9volution, mesure de dose, fonction d\u2019enregistrement des donn\u00e9es.<\/li>\n<li>Disponible avec ou sans \u00e9talonnage. En cas d\u2019achat sans \u00e9talonnage, l\u2019appareil de mesure peut \u00eatre utilis\u00e9 pour des mesures relatives. L\u2019unit\u00e9 d\u2019intensit\u00e9 d\u2019irradiation sera alors \u00ab a.u. \u00bb (unit\u00e9s arbitraires).<\/li>\n<\/ul>\n","protected":false},"featured_media":3187,"comment_status":"open","ping_status":"closed","template":"","meta":{"_acf_changed":false,"_genesis_hide_title":false,"_genesis_hide_breadcrumbs":false,"_genesis_hide_singular_image":false,"_genesis_hide_footer_widgets":false,"_genesis_custom_body_class":"","_genesis_custom_post_class":"","_genesis_layout":""},"product_brand":[],"product_cat":[140,141],"product_tag":[429],"class_list":{"0":"post-9894","1":"product","2":"type-product","3":"status-publish","4":"has-post-thumbnail","6":"product_cat-accessoires-sensors-fr","7":"product_cat-radiometres-uv","8":"product_tag-radiometer-fr","9":"entry","11":"first","12":"instock","13":"taxable","14":"shipping-taxable","15":"purchasable","16":"product-type-variable"},"acf":[],"yoast_head":"<!-- This site is optimized with the Yoast SEO plugin v26.6 - https:\/\/yoast.com\/wordpress\/plugins\/seo\/ -->\n<title>UVPLOT | Accesoires sondes de mesures UV, Radiom\u00e8tres UV | sglux<\/title>\n<meta name=\"robots\" content=\"index, follow, max-snippet:-1, max-image-preview:large, max-video-preview:-1\" \/>\n<link rel=\"canonical\" href=\"https:\/\/sglux.de\/fr\/produit\/uvplot\/\" \/>\n<meta property=\"og:locale\" content=\"fr_FR\" \/>\n<meta property=\"og:type\" content=\"article\" \/>\n<meta property=\"og:title\" content=\"UVPLOT | Accesoires sondes de mesures UV, Radiom\u00e8tres UV | sglux\" \/>\n<meta property=\"og:description\" content=\"Logiciel \u00e0 installer sur un PC ou un ordinateur portable (Windows 11 ou version ant\u00e9rieure) pour se connecter \u00e0 l\u2019un de nos capteurs UV. Le prix indiqu\u00e9 s&#039;applique au capteur UV s\u00e9lectionn\u00e9.  Affichage de l\u2019intensit\u00e9 d\u2019irradiation actuelle, affichage graphique de l\u2019\u00e9volution, mesure de dose, fonction d\u2019enregistrement des donn\u00e9es.  Disponible avec ou sans \u00e9talonnage. En cas d\u2019achat sans \u00e9talonnage, l\u2019appareil de mesure peut \u00eatre utilis\u00e9 pour des mesures relatives. L\u2019unit\u00e9 d\u2019intensit\u00e9 d\u2019irradiation sera alors \u00ab a.u. \u00bb (unit\u00e9s arbitraires).\" \/>\n<meta property=\"og:url\" content=\"https:\/\/sglux.de\/fr\/produit\/uvplot\/\" \/>\n<meta property=\"og:site_name\" content=\"sglux\" \/>\n<meta property=\"article:modified_time\" content=\"2025-05-27T09:42:05+00:00\" \/>\n<meta property=\"og:image\" content=\"https:\/\/sglux.de\/data-matrix\/uploads\/2016\/10\/sglux-UVPLOT.png\" \/>\n\t<meta property=\"og:image:width\" content=\"980\" \/>\n\t<meta property=\"og:image:height\" content=\"980\" \/>\n\t<meta property=\"og:image:type\" content=\"image\/png\" \/>\n<meta name=\"twitter:card\" content=\"summary_large_image\" \/>\n<meta name=\"twitter:label1\" content=\"Dur\u00e9e de lecture estim\u00e9e\" \/>\n\t<meta name=\"twitter:data1\" content=\"1 minute\" \/>\n<script type=\"application\/ld+json\" class=\"yoast-schema-graph\">{\"@context\":\"https:\/\/schema.org\",\"@graph\":[{\"@type\":\"WebPage\",\"@id\":\"https:\/\/sglux.de\/fr\/produit\/uvplot\/\",\"url\":\"https:\/\/sglux.de\/fr\/produit\/uvplot\/\",\"name\":\"UVPLOT | Accesoires sondes de mesures UV, Radiom\u00e8tres UV | sglux\",\"isPartOf\":{\"@id\":\"https:\/\/sglux.de\/fr\/#website\"},\"primaryImageOfPage\":{\"@id\":\"https:\/\/sglux.de\/fr\/produit\/uvplot\/#primaryimage\"},\"image\":{\"@id\":\"https:\/\/sglux.de\/fr\/produit\/uvplot\/#primaryimage\"},\"thumbnailUrl\":\"https:\/\/sglux.de\/data-matrix\/uploads\/2016\/10\/sglux-UVPLOT.png\",\"datePublished\":\"2025-02-19T11:17:34+00:00\",\"dateModified\":\"2025-05-27T09:42:05+00:00\",\"breadcrumb\":{\"@id\":\"https:\/\/sglux.de\/fr\/produit\/uvplot\/#breadcrumb\"},\"inLanguage\":\"fr-FR\",\"potentialAction\":[{\"@type\":\"ReadAction\",\"target\":[\"https:\/\/sglux.de\/fr\/produit\/uvplot\/\"]}]},{\"@type\":\"ImageObject\",\"inLanguage\":\"fr-FR\",\"@id\":\"https:\/\/sglux.de\/fr\/produit\/uvplot\/#primaryimage\",\"url\":\"https:\/\/sglux.de\/data-matrix\/uploads\/2016\/10\/sglux-UVPLOT.png\",\"contentUrl\":\"https:\/\/sglux.de\/data-matrix\/uploads\/2016\/10\/sglux-UVPLOT.png\",\"width\":980,\"height\":980},{\"@type\":\"BreadcrumbList\",\"@id\":\"https:\/\/sglux.de\/fr\/produit\/uvplot\/#breadcrumb\",\"itemListElement\":[{\"@type\":\"ListItem\",\"position\":1,\"name\":\"Startseite\",\"item\":\"https:\/\/sglux.de\/fr\/\"},{\"@type\":\"ListItem\",\"position\":2,\"name\":\"Produit\",\"item\":\"https:\/\/sglux.de\/fr\/produit\/\"},{\"@type\":\"ListItem\",\"position\":3,\"name\":\"UVPLOT\"}]},{\"@type\":\"WebSite\",\"@id\":\"https:\/\/sglux.de\/fr\/#website\",\"url\":\"https:\/\/sglux.de\/fr\/\",\"name\":\"sglux\",\"description\":\"UV is our Business\",\"publisher\":{\"@id\":\"https:\/\/sglux.de\/fr\/#organization\"},\"potentialAction\":[{\"@type\":\"SearchAction\",\"target\":{\"@type\":\"EntryPoint\",\"urlTemplate\":\"https:\/\/sglux.de\/fr\/?s={search_term_string}\"},\"query-input\":{\"@type\":\"PropertyValueSpecification\",\"valueRequired\":true,\"valueName\":\"search_term_string\"}}],\"inLanguage\":\"fr-FR\"},{\"@type\":\"Organization\",\"@id\":\"https:\/\/sglux.de\/fr\/#organization\",\"name\":\"sglux GmbH\",\"url\":\"https:\/\/sglux.de\/fr\/\",\"logo\":{\"@type\":\"ImageObject\",\"inLanguage\":\"fr-FR\",\"@id\":\"https:\/\/sglux.de\/fr\/#\/schema\/logo\/image\/\",\"url\":\"https:\/\/sglux.de\/data-matrix\/uploads\/2024\/11\/sglux_logo_uv_senesoren_gelb.png\",\"contentUrl\":\"https:\/\/sglux.de\/data-matrix\/uploads\/2024\/11\/sglux_logo_uv_senesoren_gelb.png\",\"width\":550,\"height\":116,\"caption\":\"sglux GmbH\"},\"image\":{\"@id\":\"https:\/\/sglux.de\/fr\/#\/schema\/logo\/image\/\"},\"sameAs\":[\"https:\/\/www.linkedin.com\/company\/sglux-gmbh\"]}]}<\/script>\n<!-- \/ Yoast SEO plugin. -->","yoast_head_json":{"title":"UVPLOT | Accesoires sondes de mesures UV, Radiom\u00e8tres UV | sglux","robots":{"index":"index","follow":"follow","max-snippet":"max-snippet:-1","max-image-preview":"max-image-preview:large","max-video-preview":"max-video-preview:-1"},"canonical":"https:\/\/sglux.de\/fr\/produit\/uvplot\/","og_locale":"fr_FR","og_type":"article","og_title":"UVPLOT | Accesoires sondes de mesures UV, Radiom\u00e8tres UV | sglux","og_description":"Logiciel \u00e0 installer sur un PC ou un ordinateur portable (Windows 11 ou version ant\u00e9rieure) pour se connecter \u00e0 l\u2019un de nos capteurs UV. Le prix indiqu\u00e9 s'applique au capteur UV s\u00e9lectionn\u00e9.  Affichage de l\u2019intensit\u00e9 d\u2019irradiation actuelle, affichage graphique de l\u2019\u00e9volution, mesure de dose, fonction d\u2019enregistrement des donn\u00e9es.  Disponible avec ou sans \u00e9talonnage. En cas d\u2019achat sans \u00e9talonnage, l\u2019appareil de mesure peut \u00eatre utilis\u00e9 pour des mesures relatives. L\u2019unit\u00e9 d\u2019intensit\u00e9 d\u2019irradiation sera alors \u00ab a.u. \u00bb (unit\u00e9s arbitraires).","og_url":"https:\/\/sglux.de\/fr\/produit\/uvplot\/","og_site_name":"sglux","article_modified_time":"2025-05-27T09:42:05+00:00","og_image":[{"width":980,"height":980,"url":"https:\/\/sglux.de\/data-matrix\/uploads\/2016\/10\/sglux-UVPLOT.png","type":"image\/png"}],"twitter_card":"summary_large_image","twitter_misc":{"Dur\u00e9e de lecture estim\u00e9e":"1 minute"},"schema":{"@context":"https:\/\/schema.org","@graph":[{"@type":"WebPage","@id":"https:\/\/sglux.de\/fr\/produit\/uvplot\/","url":"https:\/\/sglux.de\/fr\/produit\/uvplot\/","name":"UVPLOT | Accesoires sondes de mesures UV, Radiom\u00e8tres UV | sglux","isPartOf":{"@id":"https:\/\/sglux.de\/fr\/#website"},"primaryImageOfPage":{"@id":"https:\/\/sglux.de\/fr\/produit\/uvplot\/#primaryimage"},"image":{"@id":"https:\/\/sglux.de\/fr\/produit\/uvplot\/#primaryimage"},"thumbnailUrl":"https:\/\/sglux.de\/data-matrix\/uploads\/2016\/10\/sglux-UVPLOT.png","datePublished":"2025-02-19T11:17:34+00:00","dateModified":"2025-05-27T09:42:05+00:00","breadcrumb":{"@id":"https:\/\/sglux.de\/fr\/produit\/uvplot\/#breadcrumb"},"inLanguage":"fr-FR","potentialAction":[{"@type":"ReadAction","target":["https:\/\/sglux.de\/fr\/produit\/uvplot\/"]}]},{"@type":"ImageObject","inLanguage":"fr-FR","@id":"https:\/\/sglux.de\/fr\/produit\/uvplot\/#primaryimage","url":"https:\/\/sglux.de\/data-matrix\/uploads\/2016\/10\/sglux-UVPLOT.png","contentUrl":"https:\/\/sglux.de\/data-matrix\/uploads\/2016\/10\/sglux-UVPLOT.png","width":980,"height":980},{"@type":"BreadcrumbList","@id":"https:\/\/sglux.de\/fr\/produit\/uvplot\/#breadcrumb","itemListElement":[{"@type":"ListItem","position":1,"name":"Startseite","item":"https:\/\/sglux.de\/fr\/"},{"@type":"ListItem","position":2,"name":"Produit","item":"https:\/\/sglux.de\/fr\/produit\/"},{"@type":"ListItem","position":3,"name":"UVPLOT"}]},{"@type":"WebSite","@id":"https:\/\/sglux.de\/fr\/#website","url":"https:\/\/sglux.de\/fr\/","name":"sglux","description":"UV is our Business","publisher":{"@id":"https:\/\/sglux.de\/fr\/#organization"},"potentialAction":[{"@type":"SearchAction","target":{"@type":"EntryPoint","urlTemplate":"https:\/\/sglux.de\/fr\/?s={search_term_string}"},"query-input":{"@type":"PropertyValueSpecification","valueRequired":true,"valueName":"search_term_string"}}],"inLanguage":"fr-FR"},{"@type":"Organization","@id":"https:\/\/sglux.de\/fr\/#organization","name":"sglux GmbH","url":"https:\/\/sglux.de\/fr\/","logo":{"@type":"ImageObject","inLanguage":"fr-FR","@id":"https:\/\/sglux.de\/fr\/#\/schema\/logo\/image\/","url":"https:\/\/sglux.de\/data-matrix\/uploads\/2024\/11\/sglux_logo_uv_senesoren_gelb.png","contentUrl":"https:\/\/sglux.de\/data-matrix\/uploads\/2024\/11\/sglux_logo_uv_senesoren_gelb.png","width":550,"height":116,"caption":"sglux GmbH"},"image":{"@id":"https:\/\/sglux.de\/fr\/#\/schema\/logo\/image\/"},"sameAs":["https:\/\/www.linkedin.com\/company\/sglux-gmbh"]}]}},"_links":{"self":[{"href":"https:\/\/sglux.de\/fr\/wp-json\/wp\/v2\/product\/9894","targetHints":{"allow":["GET"]}}],"collection":[{"href":"https:\/\/sglux.de\/fr\/wp-json\/wp\/v2\/product"}],"about":[{"href":"https:\/\/sglux.de\/fr\/wp-json\/wp\/v2\/types\/product"}],"replies":[{"embeddable":true,"href":"https:\/\/sglux.de\/fr\/wp-json\/wp\/v2\/comments?post=9894"}],"wp:featuredmedia":[{"embeddable":true,"href":"https:\/\/sglux.de\/fr\/wp-json\/wp\/v2\/media\/3187"}],"wp:attachment":[{"href":"https:\/\/sglux.de\/fr\/wp-json\/wp\/v2\/media?parent=9894"}],"wp:term":[{"taxonomy":"product_brand","embeddable":true,"href":"https:\/\/sglux.de\/fr\/wp-json\/wp\/v2\/product_brand?post=9894"},{"taxonomy":"product_cat","embeddable":true,"href":"https:\/\/sglux.de\/fr\/wp-json\/wp\/v2\/product_cat?post=9894"},{"taxonomy":"product_tag","embeddable":true,"href":"https:\/\/sglux.de\/fr\/wp-json\/wp\/v2\/product_tag?post=9894"}],"curies":[{"name":"wp","href":"https:\/\/api.w.org\/{rel}","templated":true}]}}