{"id":9453,"date":"2024-10-11T15:11:36","date_gmt":"2024-10-11T13:11:36","guid":{"rendered":"https:\/\/sglux.de\/?post_type=product&#038;p=9453"},"modified":"2026-01-13T16:48:11","modified_gmt":"2026-01-13T15:48:11","slug":"sg01-tandem-xl","status":"publish","type":"product","link":"https:\/\/sglux.de\/fr\/produit\/sg01-tandem-xl\/","title":{"rendered":"SG01-TANDEM-XL"},"content":{"rendered":"<p><a class=\"single_add_to_cart_button button right\" href=\"http:\/\/download.sglux.de\/photodiodes\/SG01-TANDEM-XL.pdf\" target=\"_blank\" rel=\"noopener noreferrer\">T\u00e9l\u00e9charger la fiche de donn\u00e9es<\/a><br \/>\n<iframe loading=\"lazy\" class=\"pdfjs-viewer\" width=\"100%\" height=\"970px\" src=\"https:\/\/sglux.de\/data-matrix\/plugins\/pdf-viewer\/stable\/web\/viewer.html?file=https:\/\/sglux.de\/download\/photodiodes\/SG01-TANDEM-XL.pdf\"><\/iframe> \n","protected":false},"excerpt":{"rendered":"<ul>\n<li>photodiodes \u00e0 double puce pour la mesure simultan\u00e9e des UV et des IR<\/li>\n<li>surface active de la detecteur UV = 7,60mm\u00b2<\/li>\n<li>surface active de la detecteur InGaAs = 7,07mm\u00b2<\/li>\n<li>bo\u00eetier TO5 encapsul\u00e9 herm\u00e9tiquement avec 4 broches isol\u00e9es<\/li>\n<li>possibilit\u00e9 de fabriquer d&rsquo;autres mod\u00e8les, par ex. avec une puce SiC plus petite (1,82mm\u00b2) pour r\u00e9duire les co\u00fbts<\/li>\n<li>mod\u00e8les disponibles avec des puces juxtapos\u00e9es plut\u00f4t que superpos\u00e9es<\/li>\n<li>possibilit\u00e9 d&rsquo;\u00e9quiper le capteur IR de filtres suppl\u00e9mentaires, par ex. pour supprimer le rayonnement visible sur la valeur mesur\u00e9e<\/li>\n<\/ul>\n","protected":false},"featured_media":9460,"comment_status":"open","ping_status":"closed","template":"","meta":{"_acf_changed":false,"_genesis_hide_title":false,"_genesis_hide_breadcrumbs":false,"_genesis_hide_singular_image":false,"_genesis_hide_footer_widgets":false,"_genesis_custom_body_class":"","_genesis_custom_post_class":"","_genesis_layout":"content-sidebar"},"product_brand":[],"product_cat":[145,291,586],"product_tag":[473],"class_list":{"0":"post-9453","1":"product","2":"type-product","3":"status-publish","4":"has-post-thumbnail","6":"product_cat-photodiodes-uv-sic","7":"product_cat-uvir","8":"product_cat-house-of-photodiodes-fr","9":"product_tag-photodiodes-fr","10":"entry","12":"first","13":"instock","14":"taxable","15":"shipping-taxable","16":"purchasable","17":"product-type-simple"},"acf":[],"yoast_head":"<!-- This site is optimized with the Yoast SEO plugin v26.6 - https:\/\/yoast.com\/wordpress\/plugins\/seo\/ -->\n<title>SG01-TANDEM-XL | Photodiodes UV, Combinaisons UV+IR, sglux - house of photodiodes - from 120nm to 1700nm | sglux<\/title>\n<meta name=\"robots\" content=\"index, follow, max-snippet:-1, max-image-preview:large, max-video-preview:-1\" \/>\n<link rel=\"canonical\" href=\"https:\/\/sglux.de\/fr\/produit\/sg01-tandem-xl\/\" \/>\n<meta property=\"og:locale\" content=\"fr_FR\" \/>\n<meta property=\"og:type\" content=\"article\" \/>\n<meta property=\"og:title\" content=\"SG01-TANDEM-XL | Photodiodes UV, Combinaisons UV+IR, sglux - house of photodiodes - from 120nm to 1700nm | sglux\" \/>\n<meta property=\"og:description\" content=\"photodiodes \u00e0 double puce pour la mesure simultan\u00e9e des UV et des IR surface active de la detecteur UV = 7,60mm\u00b2 surface active de la detecteur InGaAs = 7,07mm\u00b2 bo\u00eetier TO5 encapsul\u00e9 herm\u00e9tiquement avec 4 broches isol\u00e9es possibilit\u00e9 de fabriquer d&#039;autres mod\u00e8les, par ex. avec une puce SiC plus petite (1,82mm\u00b2) pour r\u00e9duire les co\u00fbts mod\u00e8les disponibles avec des puces juxtapos\u00e9es plut\u00f4t que superpos\u00e9es possibilit\u00e9 d&#039;\u00e9quiper le capteur IR de filtres suppl\u00e9mentaires, par ex. pour supprimer le rayonnement visible sur la valeur mesur\u00e9e\" \/>\n<meta property=\"og:url\" content=\"https:\/\/sglux.de\/fr\/produit\/sg01-tandem-xl\/\" \/>\n<meta property=\"og:site_name\" content=\"sglux\" \/>\n<meta property=\"article:modified_time\" content=\"2026-01-13T15:48:11+00:00\" \/>\n<meta property=\"og:image\" content=\"https:\/\/sglux.de\/data-matrix\/uploads\/2024\/10\/grafik.jpg\" \/>\n\t<meta property=\"og:image:width\" content=\"822\" \/>\n\t<meta property=\"og:image:height\" content=\"808\" \/>\n\t<meta property=\"og:image:type\" content=\"image\/jpeg\" \/>\n<meta name=\"twitter:card\" content=\"summary_large_image\" \/>\n<meta name=\"twitter:label1\" content=\"Dur\u00e9e de lecture estim\u00e9e\" \/>\n\t<meta name=\"twitter:data1\" content=\"1 minute\" \/>\n<script type=\"application\/ld+json\" class=\"yoast-schema-graph\">{\"@context\":\"https:\/\/schema.org\",\"@graph\":[{\"@type\":\"WebPage\",\"@id\":\"https:\/\/sglux.de\/fr\/produit\/sg01-tandem-xl\/\",\"url\":\"https:\/\/sglux.de\/fr\/produit\/sg01-tandem-xl\/\",\"name\":\"SG01-TANDEM-XL | Photodiodes UV, Combinaisons UV+IR, sglux - house of photodiodes - from 120nm to 1700nm | sglux\",\"isPartOf\":{\"@id\":\"https:\/\/sglux.de\/fr\/#website\"},\"primaryImageOfPage\":{\"@id\":\"https:\/\/sglux.de\/fr\/produit\/sg01-tandem-xl\/#primaryimage\"},\"image\":{\"@id\":\"https:\/\/sglux.de\/fr\/produit\/sg01-tandem-xl\/#primaryimage\"},\"thumbnailUrl\":\"https:\/\/sglux.de\/data-matrix\/uploads\/2024\/10\/grafik.jpg\",\"datePublished\":\"2024-10-11T13:11:36+00:00\",\"dateModified\":\"2026-01-13T15:48:11+00:00\",\"breadcrumb\":{\"@id\":\"https:\/\/sglux.de\/fr\/produit\/sg01-tandem-xl\/#breadcrumb\"},\"inLanguage\":\"fr-FR\",\"potentialAction\":[{\"@type\":\"ReadAction\",\"target\":[\"https:\/\/sglux.de\/fr\/produit\/sg01-tandem-xl\/\"]}]},{\"@type\":\"ImageObject\",\"inLanguage\":\"fr-FR\",\"@id\":\"https:\/\/sglux.de\/fr\/produit\/sg01-tandem-xl\/#primaryimage\",\"url\":\"https:\/\/sglux.de\/data-matrix\/uploads\/2024\/10\/grafik.jpg\",\"contentUrl\":\"https:\/\/sglux.de\/data-matrix\/uploads\/2024\/10\/grafik.jpg\",\"width\":822,\"height\":808},{\"@type\":\"BreadcrumbList\",\"@id\":\"https:\/\/sglux.de\/fr\/produit\/sg01-tandem-xl\/#breadcrumb\",\"itemListElement\":[{\"@type\":\"ListItem\",\"position\":1,\"name\":\"Startseite\",\"item\":\"https:\/\/sglux.de\/fr\/\"},{\"@type\":\"ListItem\",\"position\":2,\"name\":\"Produit\",\"item\":\"https:\/\/sglux.de\/fr\/produit\/\"},{\"@type\":\"ListItem\",\"position\":3,\"name\":\"SG01-TANDEM-XL\"}]},{\"@type\":\"WebSite\",\"@id\":\"https:\/\/sglux.de\/fr\/#website\",\"url\":\"https:\/\/sglux.de\/fr\/\",\"name\":\"sglux\",\"description\":\"UV is our Business\",\"publisher\":{\"@id\":\"https:\/\/sglux.de\/fr\/#organization\"},\"potentialAction\":[{\"@type\":\"SearchAction\",\"target\":{\"@type\":\"EntryPoint\",\"urlTemplate\":\"https:\/\/sglux.de\/fr\/?s={search_term_string}\"},\"query-input\":{\"@type\":\"PropertyValueSpecification\",\"valueRequired\":true,\"valueName\":\"search_term_string\"}}],\"inLanguage\":\"fr-FR\"},{\"@type\":\"Organization\",\"@id\":\"https:\/\/sglux.de\/fr\/#organization\",\"name\":\"sglux GmbH\",\"url\":\"https:\/\/sglux.de\/fr\/\",\"logo\":{\"@type\":\"ImageObject\",\"inLanguage\":\"fr-FR\",\"@id\":\"https:\/\/sglux.de\/fr\/#\/schema\/logo\/image\/\",\"url\":\"https:\/\/sglux.de\/data-matrix\/uploads\/2024\/11\/sglux_logo_uv_senesoren_gelb.png\",\"contentUrl\":\"https:\/\/sglux.de\/data-matrix\/uploads\/2024\/11\/sglux_logo_uv_senesoren_gelb.png\",\"width\":550,\"height\":116,\"caption\":\"sglux GmbH\"},\"image\":{\"@id\":\"https:\/\/sglux.de\/fr\/#\/schema\/logo\/image\/\"},\"sameAs\":[\"https:\/\/www.linkedin.com\/company\/sglux-gmbh\"]}]}<\/script>\n<!-- \/ Yoast SEO plugin. -->","yoast_head_json":{"title":"SG01-TANDEM-XL | Photodiodes UV, Combinaisons UV+IR, sglux - house of photodiodes - from 120nm to 1700nm | sglux","robots":{"index":"index","follow":"follow","max-snippet":"max-snippet:-1","max-image-preview":"max-image-preview:large","max-video-preview":"max-video-preview:-1"},"canonical":"https:\/\/sglux.de\/fr\/produit\/sg01-tandem-xl\/","og_locale":"fr_FR","og_type":"article","og_title":"SG01-TANDEM-XL | Photodiodes UV, Combinaisons UV+IR, sglux - house of photodiodes - from 120nm to 1700nm | sglux","og_description":"photodiodes \u00e0 double puce pour la mesure simultan\u00e9e des UV et des IR surface active de la detecteur UV = 7,60mm\u00b2 surface active de la detecteur InGaAs = 7,07mm\u00b2 bo\u00eetier TO5 encapsul\u00e9 herm\u00e9tiquement avec 4 broches isol\u00e9es possibilit\u00e9 de fabriquer d'autres mod\u00e8les, par ex. avec une puce SiC plus petite (1,82mm\u00b2) pour r\u00e9duire les co\u00fbts mod\u00e8les disponibles avec des puces juxtapos\u00e9es plut\u00f4t que superpos\u00e9es possibilit\u00e9 d'\u00e9quiper le capteur IR de filtres suppl\u00e9mentaires, par ex. pour supprimer le rayonnement visible sur la valeur mesur\u00e9e","og_url":"https:\/\/sglux.de\/fr\/produit\/sg01-tandem-xl\/","og_site_name":"sglux","article_modified_time":"2026-01-13T15:48:11+00:00","og_image":[{"width":822,"height":808,"url":"https:\/\/sglux.de\/data-matrix\/uploads\/2024\/10\/grafik.jpg","type":"image\/jpeg"}],"twitter_card":"summary_large_image","twitter_misc":{"Dur\u00e9e de lecture estim\u00e9e":"1 minute"},"schema":{"@context":"https:\/\/schema.org","@graph":[{"@type":"WebPage","@id":"https:\/\/sglux.de\/fr\/produit\/sg01-tandem-xl\/","url":"https:\/\/sglux.de\/fr\/produit\/sg01-tandem-xl\/","name":"SG01-TANDEM-XL | Photodiodes UV, Combinaisons UV+IR, sglux - house of photodiodes - from 120nm to 1700nm | sglux","isPartOf":{"@id":"https:\/\/sglux.de\/fr\/#website"},"primaryImageOfPage":{"@id":"https:\/\/sglux.de\/fr\/produit\/sg01-tandem-xl\/#primaryimage"},"image":{"@id":"https:\/\/sglux.de\/fr\/produit\/sg01-tandem-xl\/#primaryimage"},"thumbnailUrl":"https:\/\/sglux.de\/data-matrix\/uploads\/2024\/10\/grafik.jpg","datePublished":"2024-10-11T13:11:36+00:00","dateModified":"2026-01-13T15:48:11+00:00","breadcrumb":{"@id":"https:\/\/sglux.de\/fr\/produit\/sg01-tandem-xl\/#breadcrumb"},"inLanguage":"fr-FR","potentialAction":[{"@type":"ReadAction","target":["https:\/\/sglux.de\/fr\/produit\/sg01-tandem-xl\/"]}]},{"@type":"ImageObject","inLanguage":"fr-FR","@id":"https:\/\/sglux.de\/fr\/produit\/sg01-tandem-xl\/#primaryimage","url":"https:\/\/sglux.de\/data-matrix\/uploads\/2024\/10\/grafik.jpg","contentUrl":"https:\/\/sglux.de\/data-matrix\/uploads\/2024\/10\/grafik.jpg","width":822,"height":808},{"@type":"BreadcrumbList","@id":"https:\/\/sglux.de\/fr\/produit\/sg01-tandem-xl\/#breadcrumb","itemListElement":[{"@type":"ListItem","position":1,"name":"Startseite","item":"https:\/\/sglux.de\/fr\/"},{"@type":"ListItem","position":2,"name":"Produit","item":"https:\/\/sglux.de\/fr\/produit\/"},{"@type":"ListItem","position":3,"name":"SG01-TANDEM-XL"}]},{"@type":"WebSite","@id":"https:\/\/sglux.de\/fr\/#website","url":"https:\/\/sglux.de\/fr\/","name":"sglux","description":"UV is our Business","publisher":{"@id":"https:\/\/sglux.de\/fr\/#organization"},"potentialAction":[{"@type":"SearchAction","target":{"@type":"EntryPoint","urlTemplate":"https:\/\/sglux.de\/fr\/?s={search_term_string}"},"query-input":{"@type":"PropertyValueSpecification","valueRequired":true,"valueName":"search_term_string"}}],"inLanguage":"fr-FR"},{"@type":"Organization","@id":"https:\/\/sglux.de\/fr\/#organization","name":"sglux GmbH","url":"https:\/\/sglux.de\/fr\/","logo":{"@type":"ImageObject","inLanguage":"fr-FR","@id":"https:\/\/sglux.de\/fr\/#\/schema\/logo\/image\/","url":"https:\/\/sglux.de\/data-matrix\/uploads\/2024\/11\/sglux_logo_uv_senesoren_gelb.png","contentUrl":"https:\/\/sglux.de\/data-matrix\/uploads\/2024\/11\/sglux_logo_uv_senesoren_gelb.png","width":550,"height":116,"caption":"sglux GmbH"},"image":{"@id":"https:\/\/sglux.de\/fr\/#\/schema\/logo\/image\/"},"sameAs":["https:\/\/www.linkedin.com\/company\/sglux-gmbh"]}]}},"_links":{"self":[{"href":"https:\/\/sglux.de\/fr\/wp-json\/wp\/v2\/product\/9453","targetHints":{"allow":["GET"]}}],"collection":[{"href":"https:\/\/sglux.de\/fr\/wp-json\/wp\/v2\/product"}],"about":[{"href":"https:\/\/sglux.de\/fr\/wp-json\/wp\/v2\/types\/product"}],"replies":[{"embeddable":true,"href":"https:\/\/sglux.de\/fr\/wp-json\/wp\/v2\/comments?post=9453"}],"wp:featuredmedia":[{"embeddable":true,"href":"https:\/\/sglux.de\/fr\/wp-json\/wp\/v2\/media\/9460"}],"wp:attachment":[{"href":"https:\/\/sglux.de\/fr\/wp-json\/wp\/v2\/media?parent=9453"}],"wp:term":[{"taxonomy":"product_brand","embeddable":true,"href":"https:\/\/sglux.de\/fr\/wp-json\/wp\/v2\/product_brand?post=9453"},{"taxonomy":"product_cat","embeddable":true,"href":"https:\/\/sglux.de\/fr\/wp-json\/wp\/v2\/product_cat?post=9453"},{"taxonomy":"product_tag","embeddable":true,"href":"https:\/\/sglux.de\/fr\/wp-json\/wp\/v2\/product_tag?post=9453"}],"curies":[{"name":"wp","href":"https:\/\/api.w.org\/{rel}","templated":true}]}}