{"id":7081,"date":"2021-12-03T15:21:58","date_gmt":"2021-12-03T14:21:58","guid":{"rendered":"https:\/\/sglux.de\/?post_type=product&#038;p=7081"},"modified":"2026-03-20T15:34:47","modified_gmt":"2026-03-20T14:34:47","slug":"tocon_f","status":"publish","type":"product","link":"https:\/\/sglux.de\/fr\/produit\/tocon_f\/","title":{"rendered":"TOCON_F510"},"content":{"rendered":"<p><a class=\"single_add_to_cart_button button right\" href=\"http:\/\/download.sglux.de\/tocons\/TOCON-F510.pdf\" target=\"_blank\" rel=\"noopener noreferrer\">T\u00e9l\u00e9charger la fiche de donn\u00e9es<\/a><br \/>\n<iframe loading=\"lazy\" class=\"pdfjs-viewer\" width=\"100%\" height=\"970px\" src=\"https:\/\/sglux.de\/data-matrix\/plugins\/pdf-viewer\/stable\/web\/viewer.html?file=https:\/\/sglux.de\/download\/tocons\/TOCON-F510.pdf\"><\/iframe> \n","protected":false},"excerpt":{"rendered":"<ul>\n<li>UV broadband (UVA+UVB+UVC) photodetector with integrated linear-logarithmic amplifier<\/li>\n<li>wide linear measuring range up to 1800 mV through the use of a SiC feedback diode<\/li>\n<li>TO5 hermetically sealed metal housing with lens cap<\/li>\n<li>designed for hydrogen flame detection according to EN298<\/li>\n<li>0&#8230;3V &#8211; signal output<\/li>\n<li>typical irradiation intensity 70 pW\/cm\u00b2\u2026 35 nW\/cm\u00b2<\/li>\n<li>replacement for UV sensor SFH530 and UVTRON tubes<\/li>\n<li>for evaluation purposes several housing options are available on request<\/li>\n<li>We are happy to support your Failure Mode and Effects Analysis (FMEA). Please contact us.<\/li>\n<\/ul>\n","protected":false},"featured_media":3519,"comment_status":"open","ping_status":"closed","template":"","meta":{"_acf_changed":false,"_genesis_hide_title":false,"_genesis_hide_breadcrumbs":false,"_genesis_hide_singular_image":false,"_genesis_hide_footer_widgets":false,"_genesis_custom_body_class":"","_genesis_custom_post_class":"","_genesis_layout":""},"product_brand":[],"product_cat":[153,317],"product_tag":[452],"class_list":{"0":"post-7081","1":"product","2":"type-product","3":"status-publish","4":"has-post-thumbnail","6":"product_cat-tocons-uv-sic-fr","7":"product_cat-tocons-pour-la-detection-des-flammes-et-des-incendies","8":"product_tag-flame-fr","9":"entry","11":"first","12":"instock","13":"taxable","14":"shipping-taxable","15":"purchasable","16":"product-type-simple"},"acf":[],"yoast_head":"<!-- This site is optimized with the Yoast SEO plugin v26.6 - https:\/\/yoast.com\/wordpress\/plugins\/seo\/ -->\n<title>TOCON_F510 | TOCONs UV, TOCONs pour la d\u00e9tection des flammes et des incendies | sglux<\/title>\n<meta name=\"robots\" content=\"index, follow, max-snippet:-1, max-image-preview:large, max-video-preview:-1\" \/>\n<link rel=\"canonical\" href=\"https:\/\/sglux.de\/fr\/produit\/tocon_f\/\" \/>\n<meta property=\"og:locale\" content=\"fr_FR\" \/>\n<meta property=\"og:type\" content=\"article\" \/>\n<meta property=\"og:title\" content=\"TOCON_F510 | TOCONs UV, TOCONs pour la d\u00e9tection des flammes et des incendies | sglux\" \/>\n<meta property=\"og:description\" content=\"UV broadband (UVA+UVB+UVC) photodetector with integrated linear-logarithmic amplifier wide linear measuring range up to 1800 mV through the use of a SiC feedback diode TO5 hermetically sealed metal housing with lens cap designed for hydrogen flame detection according to EN298 0...3V - signal output typical irradiation intensity 70 pW\/cm\u00b2\u2026 35 nW\/cm\u00b2 replacement for UV sensor SFH530 and UVTRON tubes for evaluation purposes several housing options are available on request We are happy to support your Failure Mode and Effects Analysis (FMEA). Please contact us.\" \/>\n<meta property=\"og:url\" content=\"https:\/\/sglux.de\/fr\/produit\/tocon_f\/\" \/>\n<meta property=\"og:site_name\" content=\"sglux\" \/>\n<meta property=\"article:modified_time\" content=\"2026-03-20T14:34:47+00:00\" \/>\n<meta property=\"og:image\" content=\"https:\/\/sglux.de\/data-matrix\/uploads\/2015\/07\/sglux-tocon-abc1.jpg\" \/>\n\t<meta property=\"og:image:width\" content=\"800\" \/>\n\t<meta property=\"og:image:height\" content=\"800\" \/>\n\t<meta property=\"og:image:type\" content=\"image\/jpeg\" \/>\n<meta name=\"twitter:card\" content=\"summary_large_image\" \/>\n<meta name=\"twitter:label1\" content=\"Dur\u00e9e de lecture estim\u00e9e\" \/>\n\t<meta name=\"twitter:data1\" content=\"1 minute\" \/>\n<script type=\"application\/ld+json\" class=\"yoast-schema-graph\">{\"@context\":\"https:\/\/schema.org\",\"@graph\":[{\"@type\":\"WebPage\",\"@id\":\"https:\/\/sglux.de\/fr\/produit\/tocon_f\/\",\"url\":\"https:\/\/sglux.de\/fr\/produit\/tocon_f\/\",\"name\":\"TOCON_F510 | TOCONs UV, TOCONs pour la d\u00e9tection des flammes et des incendies | sglux\",\"isPartOf\":{\"@id\":\"https:\/\/sglux.de\/fr\/#website\"},\"primaryImageOfPage\":{\"@id\":\"https:\/\/sglux.de\/fr\/produit\/tocon_f\/#primaryimage\"},\"image\":{\"@id\":\"https:\/\/sglux.de\/fr\/produit\/tocon_f\/#primaryimage\"},\"thumbnailUrl\":\"https:\/\/sglux.de\/data-matrix\/uploads\/2015\/07\/sglux-tocon-abc1.jpg\",\"datePublished\":\"2021-12-03T14:21:58+00:00\",\"dateModified\":\"2026-03-20T14:34:47+00:00\",\"breadcrumb\":{\"@id\":\"https:\/\/sglux.de\/fr\/produit\/tocon_f\/#breadcrumb\"},\"inLanguage\":\"fr-FR\",\"potentialAction\":[{\"@type\":\"ReadAction\",\"target\":[\"https:\/\/sglux.de\/fr\/produit\/tocon_f\/\"]}]},{\"@type\":\"ImageObject\",\"inLanguage\":\"fr-FR\",\"@id\":\"https:\/\/sglux.de\/fr\/produit\/tocon_f\/#primaryimage\",\"url\":\"https:\/\/sglux.de\/data-matrix\/uploads\/2015\/07\/sglux-tocon-abc1.jpg\",\"contentUrl\":\"https:\/\/sglux.de\/data-matrix\/uploads\/2015\/07\/sglux-tocon-abc1.jpg\",\"width\":800,\"height\":800},{\"@type\":\"BreadcrumbList\",\"@id\":\"https:\/\/sglux.de\/fr\/produit\/tocon_f\/#breadcrumb\",\"itemListElement\":[{\"@type\":\"ListItem\",\"position\":1,\"name\":\"Startseite\",\"item\":\"https:\/\/sglux.de\/fr\/\"},{\"@type\":\"ListItem\",\"position\":2,\"name\":\"Produit\",\"item\":\"https:\/\/sglux.de\/fr\/produit\/\"},{\"@type\":\"ListItem\",\"position\":3,\"name\":\"TOCON_F510\"}]},{\"@type\":\"WebSite\",\"@id\":\"https:\/\/sglux.de\/fr\/#website\",\"url\":\"https:\/\/sglux.de\/fr\/\",\"name\":\"sglux\",\"description\":\"UV is our Business\",\"publisher\":{\"@id\":\"https:\/\/sglux.de\/fr\/#organization\"},\"potentialAction\":[{\"@type\":\"SearchAction\",\"target\":{\"@type\":\"EntryPoint\",\"urlTemplate\":\"https:\/\/sglux.de\/fr\/?s={search_term_string}\"},\"query-input\":{\"@type\":\"PropertyValueSpecification\",\"valueRequired\":true,\"valueName\":\"search_term_string\"}}],\"inLanguage\":\"fr-FR\"},{\"@type\":\"Organization\",\"@id\":\"https:\/\/sglux.de\/fr\/#organization\",\"name\":\"sglux GmbH\",\"url\":\"https:\/\/sglux.de\/fr\/\",\"logo\":{\"@type\":\"ImageObject\",\"inLanguage\":\"fr-FR\",\"@id\":\"https:\/\/sglux.de\/fr\/#\/schema\/logo\/image\/\",\"url\":\"https:\/\/sglux.de\/data-matrix\/uploads\/2024\/11\/sglux_logo_uv_senesoren_gelb.png\",\"contentUrl\":\"https:\/\/sglux.de\/data-matrix\/uploads\/2024\/11\/sglux_logo_uv_senesoren_gelb.png\",\"width\":550,\"height\":116,\"caption\":\"sglux GmbH\"},\"image\":{\"@id\":\"https:\/\/sglux.de\/fr\/#\/schema\/logo\/image\/\"},\"sameAs\":[\"https:\/\/www.linkedin.com\/company\/sglux-gmbh\"]}]}<\/script>\n<!-- \/ Yoast SEO plugin. -->","yoast_head_json":{"title":"TOCON_F510 | TOCONs UV, TOCONs pour la d\u00e9tection des flammes et des incendies | sglux","robots":{"index":"index","follow":"follow","max-snippet":"max-snippet:-1","max-image-preview":"max-image-preview:large","max-video-preview":"max-video-preview:-1"},"canonical":"https:\/\/sglux.de\/fr\/produit\/tocon_f\/","og_locale":"fr_FR","og_type":"article","og_title":"TOCON_F510 | TOCONs UV, TOCONs pour la d\u00e9tection des flammes et des incendies | sglux","og_description":"UV broadband (UVA+UVB+UVC) photodetector with integrated linear-logarithmic amplifier wide linear measuring range up to 1800 mV through the use of a SiC feedback diode TO5 hermetically sealed metal housing with lens cap designed for hydrogen flame detection according to EN298 0...3V - signal output typical irradiation intensity 70 pW\/cm\u00b2\u2026 35 nW\/cm\u00b2 replacement for UV sensor SFH530 and UVTRON tubes for evaluation purposes several housing options are available on request We are happy to support your Failure Mode and Effects Analysis (FMEA). Please contact us.","og_url":"https:\/\/sglux.de\/fr\/produit\/tocon_f\/","og_site_name":"sglux","article_modified_time":"2026-03-20T14:34:47+00:00","og_image":[{"width":800,"height":800,"url":"https:\/\/sglux.de\/data-matrix\/uploads\/2015\/07\/sglux-tocon-abc1.jpg","type":"image\/jpeg"}],"twitter_card":"summary_large_image","twitter_misc":{"Dur\u00e9e de lecture estim\u00e9e":"1 minute"},"schema":{"@context":"https:\/\/schema.org","@graph":[{"@type":"WebPage","@id":"https:\/\/sglux.de\/fr\/produit\/tocon_f\/","url":"https:\/\/sglux.de\/fr\/produit\/tocon_f\/","name":"TOCON_F510 | TOCONs UV, TOCONs pour la d\u00e9tection des flammes et des incendies | sglux","isPartOf":{"@id":"https:\/\/sglux.de\/fr\/#website"},"primaryImageOfPage":{"@id":"https:\/\/sglux.de\/fr\/produit\/tocon_f\/#primaryimage"},"image":{"@id":"https:\/\/sglux.de\/fr\/produit\/tocon_f\/#primaryimage"},"thumbnailUrl":"https:\/\/sglux.de\/data-matrix\/uploads\/2015\/07\/sglux-tocon-abc1.jpg","datePublished":"2021-12-03T14:21:58+00:00","dateModified":"2026-03-20T14:34:47+00:00","breadcrumb":{"@id":"https:\/\/sglux.de\/fr\/produit\/tocon_f\/#breadcrumb"},"inLanguage":"fr-FR","potentialAction":[{"@type":"ReadAction","target":["https:\/\/sglux.de\/fr\/produit\/tocon_f\/"]}]},{"@type":"ImageObject","inLanguage":"fr-FR","@id":"https:\/\/sglux.de\/fr\/produit\/tocon_f\/#primaryimage","url":"https:\/\/sglux.de\/data-matrix\/uploads\/2015\/07\/sglux-tocon-abc1.jpg","contentUrl":"https:\/\/sglux.de\/data-matrix\/uploads\/2015\/07\/sglux-tocon-abc1.jpg","width":800,"height":800},{"@type":"BreadcrumbList","@id":"https:\/\/sglux.de\/fr\/produit\/tocon_f\/#breadcrumb","itemListElement":[{"@type":"ListItem","position":1,"name":"Startseite","item":"https:\/\/sglux.de\/fr\/"},{"@type":"ListItem","position":2,"name":"Produit","item":"https:\/\/sglux.de\/fr\/produit\/"},{"@type":"ListItem","position":3,"name":"TOCON_F510"}]},{"@type":"WebSite","@id":"https:\/\/sglux.de\/fr\/#website","url":"https:\/\/sglux.de\/fr\/","name":"sglux","description":"UV is our Business","publisher":{"@id":"https:\/\/sglux.de\/fr\/#organization"},"potentialAction":[{"@type":"SearchAction","target":{"@type":"EntryPoint","urlTemplate":"https:\/\/sglux.de\/fr\/?s={search_term_string}"},"query-input":{"@type":"PropertyValueSpecification","valueRequired":true,"valueName":"search_term_string"}}],"inLanguage":"fr-FR"},{"@type":"Organization","@id":"https:\/\/sglux.de\/fr\/#organization","name":"sglux GmbH","url":"https:\/\/sglux.de\/fr\/","logo":{"@type":"ImageObject","inLanguage":"fr-FR","@id":"https:\/\/sglux.de\/fr\/#\/schema\/logo\/image\/","url":"https:\/\/sglux.de\/data-matrix\/uploads\/2024\/11\/sglux_logo_uv_senesoren_gelb.png","contentUrl":"https:\/\/sglux.de\/data-matrix\/uploads\/2024\/11\/sglux_logo_uv_senesoren_gelb.png","width":550,"height":116,"caption":"sglux GmbH"},"image":{"@id":"https:\/\/sglux.de\/fr\/#\/schema\/logo\/image\/"},"sameAs":["https:\/\/www.linkedin.com\/company\/sglux-gmbh"]}]}},"_links":{"self":[{"href":"https:\/\/sglux.de\/fr\/wp-json\/wp\/v2\/product\/7081","targetHints":{"allow":["GET"]}}],"collection":[{"href":"https:\/\/sglux.de\/fr\/wp-json\/wp\/v2\/product"}],"about":[{"href":"https:\/\/sglux.de\/fr\/wp-json\/wp\/v2\/types\/product"}],"replies":[{"embeddable":true,"href":"https:\/\/sglux.de\/fr\/wp-json\/wp\/v2\/comments?post=7081"}],"wp:featuredmedia":[{"embeddable":true,"href":"https:\/\/sglux.de\/fr\/wp-json\/wp\/v2\/media\/3519"}],"wp:attachment":[{"href":"https:\/\/sglux.de\/fr\/wp-json\/wp\/v2\/media?parent=7081"}],"wp:term":[{"taxonomy":"product_brand","embeddable":true,"href":"https:\/\/sglux.de\/fr\/wp-json\/wp\/v2\/product_brand?post=7081"},{"taxonomy":"product_cat","embeddable":true,"href":"https:\/\/sglux.de\/fr\/wp-json\/wp\/v2\/product_cat?post=7081"},{"taxonomy":"product_tag","embeddable":true,"href":"https:\/\/sglux.de\/fr\/wp-json\/wp\/v2\/product_tag?post=7081"}],"curies":[{"name":"wp","href":"https:\/\/api.w.org\/{rel}","templated":true}]}}