{"id":5800,"date":"2019-08-16T12:12:22","date_gmt":"2019-08-16T10:12:22","guid":{"rendered":"https:\/\/sglux.de\/?post_type=product&#038;p=5800"},"modified":"2024-08-06T16:21:27","modified_gmt":"2024-08-06T14:21:27","slug":"emmetteur-indice-uv","status":"publish","type":"product","link":"https:\/\/sglux.de\/fr\/produit\/emmetteur-indice-uv\/","title":{"rendered":"\u00c9metteur d&rsquo;indice UV autonome"},"content":{"rendered":"<p><a class=\"single_add_to_cart_button button right\" href=\"http:\/\/download.sglux.de\/radiometers\/uvi-transmitter\/UVI-Transmitter_EN.pdf\" target=\"_blank\" rel=\"noopener noreferrer\">T\u00e9lecharger la fiche de donn\u00e9es<\/a><br \/>\n<iframe loading=\"lazy\" class=\"pdfjs-viewer\" width=\"100%\" height=\"970px\" src=\"https:\/\/sglux.de\/data-matrix\/plugins\/pdf-viewer\/stable\/web\/viewer.html?file=https:\/\/sglux.de\/download\/radiometers\/uvi-transmitter\/UVI-Transmitter_EN.pdf\"><\/iframe> \n","protected":false},"excerpt":{"rendered":"<ul>\n<li>D\u00e9tection du coup de soleil rayonnement UV effectif du soleil<\/li>\n<li>Le capteur a une sensibilit\u00e9 spectrale qui se rapproche de la fonction \u00e9ryth\u00e9mateuse de la peau (coup de soleil) (ISO 17166: 2019).<\/li>\n<li>Avec \u00e9talonnage tra\u00e7able au PTB<\/li>\n<li>Calcul de l&rsquo;indice UV selon les exigences de l&rsquo;OMS<\/li>\n<li>Transmission de donn\u00e9es via communication mobile vers un serveur central (protocole MQTT), stockage des valeurs mesur\u00e9es dans une base de donn\u00e9es<\/li>\n<li>Solaire avec batterie int\u00e9gr\u00e9e<\/li>\n<li>Differentes possibilit\u00e9s de repr\u00e9sentation des valeurs mesur\u00e9es obtenues<\/li>\n<li>5 ans de garantie<\/li>\n<\/ul>\n","protected":false},"featured_media":6626,"comment_status":"open","ping_status":"closed","template":"","meta":{"_acf_changed":false,"_genesis_hide_title":false,"_genesis_hide_breadcrumbs":false,"_genesis_hide_singular_image":false,"_genesis_hide_footer_widgets":false,"_genesis_custom_body_class":"","_genesis_custom_post_class":"","_genesis_layout":""},"product_brand":[],"product_cat":[142],"product_tag":[434],"class_list":{"0":"post-5800","1":"product","2":"type-product","3":"status-publish","4":"has-post-thumbnail","6":"product_cat-mesure-dindice-uv","7":"product_tag-uvi-fr","8":"entry","10":"first","11":"instock","12":"taxable","13":"shipping-taxable","14":"purchasable","15":"product-type-simple"},"acf":[],"yoast_head":"<!-- This site is optimized with the Yoast SEO plugin v26.6 - https:\/\/yoast.com\/wordpress\/plugins\/seo\/ -->\n<title>\u00c9metteur d&#039;indice UV autonome | Mesure d&#039;indice UV | sglux<\/title>\n<meta name=\"robots\" content=\"index, follow, max-snippet:-1, max-image-preview:large, max-video-preview:-1\" \/>\n<link rel=\"canonical\" href=\"https:\/\/sglux.de\/fr\/produit\/emmetteur-indice-uv\/\" \/>\n<meta property=\"og:locale\" content=\"fr_FR\" \/>\n<meta property=\"og:type\" content=\"article\" \/>\n<meta property=\"og:title\" content=\"\u00c9metteur d&#039;indice UV autonome | Mesure d&#039;indice UV | sglux\" \/>\n<meta property=\"og:description\" content=\"D\u00e9tection du coup de soleil rayonnement UV effectif du soleil Le capteur a une sensibilit\u00e9 spectrale qui se rapproche de la fonction \u00e9ryth\u00e9mateuse de la peau (coup de soleil) (ISO 17166: 2019). Avec \u00e9talonnage tra\u00e7able au PTB Calcul de l&#039;indice UV selon les exigences de l&#039;OMS Transmission de donn\u00e9es via communication mobile vers un serveur central (protocole MQTT), stockage des valeurs mesur\u00e9es dans une base de donn\u00e9es Solaire avec batterie int\u00e9gr\u00e9e Differentes possibilit\u00e9s de repr\u00e9sentation des valeurs mesur\u00e9es obtenues 5 ans de garantie\" \/>\n<meta property=\"og:url\" content=\"https:\/\/sglux.de\/fr\/produit\/emmetteur-indice-uv\/\" \/>\n<meta property=\"og:site_name\" content=\"sglux\" \/>\n<meta property=\"article:modified_time\" content=\"2024-08-06T14:21:27+00:00\" \/>\n<meta property=\"og:image\" content=\"https:\/\/sglux.de\/data-matrix\/uploads\/2019\/08\/sglux_UVI_Transmitter.jpeg\" \/>\n\t<meta property=\"og:image:width\" content=\"1140\" \/>\n\t<meta property=\"og:image:height\" content=\"1139\" \/>\n\t<meta property=\"og:image:type\" content=\"image\/jpeg\" \/>\n<meta name=\"twitter:card\" content=\"summary_large_image\" \/>\n<meta name=\"twitter:label1\" content=\"Dur\u00e9e de lecture estim\u00e9e\" \/>\n\t<meta name=\"twitter:data1\" content=\"1 minute\" \/>\n<script type=\"application\/ld+json\" class=\"yoast-schema-graph\">{\"@context\":\"https:\/\/schema.org\",\"@graph\":[{\"@type\":\"WebPage\",\"@id\":\"https:\/\/sglux.de\/fr\/produit\/emmetteur-indice-uv\/\",\"url\":\"https:\/\/sglux.de\/fr\/produit\/emmetteur-indice-uv\/\",\"name\":\"\u00c9metteur d'indice UV autonome | Mesure d'indice UV | sglux\",\"isPartOf\":{\"@id\":\"https:\/\/sglux.de\/fr\/#website\"},\"primaryImageOfPage\":{\"@id\":\"https:\/\/sglux.de\/fr\/produit\/emmetteur-indice-uv\/#primaryimage\"},\"image\":{\"@id\":\"https:\/\/sglux.de\/fr\/produit\/emmetteur-indice-uv\/#primaryimage\"},\"thumbnailUrl\":\"https:\/\/sglux.de\/data-matrix\/uploads\/2019\/08\/sglux_UVI_Transmitter.jpeg\",\"datePublished\":\"2019-08-16T10:12:22+00:00\",\"dateModified\":\"2024-08-06T14:21:27+00:00\",\"breadcrumb\":{\"@id\":\"https:\/\/sglux.de\/fr\/produit\/emmetteur-indice-uv\/#breadcrumb\"},\"inLanguage\":\"fr-FR\",\"potentialAction\":[{\"@type\":\"ReadAction\",\"target\":[\"https:\/\/sglux.de\/fr\/produit\/emmetteur-indice-uv\/\"]}]},{\"@type\":\"ImageObject\",\"inLanguage\":\"fr-FR\",\"@id\":\"https:\/\/sglux.de\/fr\/produit\/emmetteur-indice-uv\/#primaryimage\",\"url\":\"https:\/\/sglux.de\/data-matrix\/uploads\/2019\/08\/sglux_UVI_Transmitter.jpeg\",\"contentUrl\":\"https:\/\/sglux.de\/data-matrix\/uploads\/2019\/08\/sglux_UVI_Transmitter.jpeg\",\"width\":1140,\"height\":1139},{\"@type\":\"BreadcrumbList\",\"@id\":\"https:\/\/sglux.de\/fr\/produit\/emmetteur-indice-uv\/#breadcrumb\",\"itemListElement\":[{\"@type\":\"ListItem\",\"position\":1,\"name\":\"Startseite\",\"item\":\"https:\/\/sglux.de\/fr\/\"},{\"@type\":\"ListItem\",\"position\":2,\"name\":\"Produit\",\"item\":\"https:\/\/sglux.de\/fr\/produit\/\"},{\"@type\":\"ListItem\",\"position\":3,\"name\":\"\u00c9metteur d'indice UV autonome\"}]},{\"@type\":\"WebSite\",\"@id\":\"https:\/\/sglux.de\/fr\/#website\",\"url\":\"https:\/\/sglux.de\/fr\/\",\"name\":\"sglux\",\"description\":\"UV is our Business\",\"publisher\":{\"@id\":\"https:\/\/sglux.de\/fr\/#organization\"},\"potentialAction\":[{\"@type\":\"SearchAction\",\"target\":{\"@type\":\"EntryPoint\",\"urlTemplate\":\"https:\/\/sglux.de\/fr\/?s={search_term_string}\"},\"query-input\":{\"@type\":\"PropertyValueSpecification\",\"valueRequired\":true,\"valueName\":\"search_term_string\"}}],\"inLanguage\":\"fr-FR\"},{\"@type\":\"Organization\",\"@id\":\"https:\/\/sglux.de\/fr\/#organization\",\"name\":\"sglux GmbH\",\"url\":\"https:\/\/sglux.de\/fr\/\",\"logo\":{\"@type\":\"ImageObject\",\"inLanguage\":\"fr-FR\",\"@id\":\"https:\/\/sglux.de\/fr\/#\/schema\/logo\/image\/\",\"url\":\"https:\/\/sglux.de\/data-matrix\/uploads\/2024\/11\/sglux_logo_uv_senesoren_gelb.png\",\"contentUrl\":\"https:\/\/sglux.de\/data-matrix\/uploads\/2024\/11\/sglux_logo_uv_senesoren_gelb.png\",\"width\":550,\"height\":116,\"caption\":\"sglux GmbH\"},\"image\":{\"@id\":\"https:\/\/sglux.de\/fr\/#\/schema\/logo\/image\/\"},\"sameAs\":[\"https:\/\/www.linkedin.com\/company\/sglux-gmbh\"]}]}<\/script>\n<!-- \/ Yoast SEO plugin. -->","yoast_head_json":{"title":"\u00c9metteur d'indice UV autonome | Mesure d'indice UV | sglux","robots":{"index":"index","follow":"follow","max-snippet":"max-snippet:-1","max-image-preview":"max-image-preview:large","max-video-preview":"max-video-preview:-1"},"canonical":"https:\/\/sglux.de\/fr\/produit\/emmetteur-indice-uv\/","og_locale":"fr_FR","og_type":"article","og_title":"\u00c9metteur d'indice UV autonome | Mesure d'indice UV | sglux","og_description":"D\u00e9tection du coup de soleil rayonnement UV effectif du soleil Le capteur a une sensibilit\u00e9 spectrale qui se rapproche de la fonction \u00e9ryth\u00e9mateuse de la peau (coup de soleil) (ISO 17166: 2019). Avec \u00e9talonnage tra\u00e7able au PTB Calcul de l'indice UV selon les exigences de l'OMS Transmission de donn\u00e9es via communication mobile vers un serveur central (protocole MQTT), stockage des valeurs mesur\u00e9es dans une base de donn\u00e9es Solaire avec batterie int\u00e9gr\u00e9e Differentes possibilit\u00e9s de repr\u00e9sentation des valeurs mesur\u00e9es obtenues 5 ans de garantie","og_url":"https:\/\/sglux.de\/fr\/produit\/emmetteur-indice-uv\/","og_site_name":"sglux","article_modified_time":"2024-08-06T14:21:27+00:00","og_image":[{"width":1140,"height":1139,"url":"https:\/\/sglux.de\/data-matrix\/uploads\/2019\/08\/sglux_UVI_Transmitter.jpeg","type":"image\/jpeg"}],"twitter_card":"summary_large_image","twitter_misc":{"Dur\u00e9e de lecture estim\u00e9e":"1 minute"},"schema":{"@context":"https:\/\/schema.org","@graph":[{"@type":"WebPage","@id":"https:\/\/sglux.de\/fr\/produit\/emmetteur-indice-uv\/","url":"https:\/\/sglux.de\/fr\/produit\/emmetteur-indice-uv\/","name":"\u00c9metteur d'indice UV autonome | Mesure d'indice UV | sglux","isPartOf":{"@id":"https:\/\/sglux.de\/fr\/#website"},"primaryImageOfPage":{"@id":"https:\/\/sglux.de\/fr\/produit\/emmetteur-indice-uv\/#primaryimage"},"image":{"@id":"https:\/\/sglux.de\/fr\/produit\/emmetteur-indice-uv\/#primaryimage"},"thumbnailUrl":"https:\/\/sglux.de\/data-matrix\/uploads\/2019\/08\/sglux_UVI_Transmitter.jpeg","datePublished":"2019-08-16T10:12:22+00:00","dateModified":"2024-08-06T14:21:27+00:00","breadcrumb":{"@id":"https:\/\/sglux.de\/fr\/produit\/emmetteur-indice-uv\/#breadcrumb"},"inLanguage":"fr-FR","potentialAction":[{"@type":"ReadAction","target":["https:\/\/sglux.de\/fr\/produit\/emmetteur-indice-uv\/"]}]},{"@type":"ImageObject","inLanguage":"fr-FR","@id":"https:\/\/sglux.de\/fr\/produit\/emmetteur-indice-uv\/#primaryimage","url":"https:\/\/sglux.de\/data-matrix\/uploads\/2019\/08\/sglux_UVI_Transmitter.jpeg","contentUrl":"https:\/\/sglux.de\/data-matrix\/uploads\/2019\/08\/sglux_UVI_Transmitter.jpeg","width":1140,"height":1139},{"@type":"BreadcrumbList","@id":"https:\/\/sglux.de\/fr\/produit\/emmetteur-indice-uv\/#breadcrumb","itemListElement":[{"@type":"ListItem","position":1,"name":"Startseite","item":"https:\/\/sglux.de\/fr\/"},{"@type":"ListItem","position":2,"name":"Produit","item":"https:\/\/sglux.de\/fr\/produit\/"},{"@type":"ListItem","position":3,"name":"\u00c9metteur d'indice UV autonome"}]},{"@type":"WebSite","@id":"https:\/\/sglux.de\/fr\/#website","url":"https:\/\/sglux.de\/fr\/","name":"sglux","description":"UV is our Business","publisher":{"@id":"https:\/\/sglux.de\/fr\/#organization"},"potentialAction":[{"@type":"SearchAction","target":{"@type":"EntryPoint","urlTemplate":"https:\/\/sglux.de\/fr\/?s={search_term_string}"},"query-input":{"@type":"PropertyValueSpecification","valueRequired":true,"valueName":"search_term_string"}}],"inLanguage":"fr-FR"},{"@type":"Organization","@id":"https:\/\/sglux.de\/fr\/#organization","name":"sglux GmbH","url":"https:\/\/sglux.de\/fr\/","logo":{"@type":"ImageObject","inLanguage":"fr-FR","@id":"https:\/\/sglux.de\/fr\/#\/schema\/logo\/image\/","url":"https:\/\/sglux.de\/data-matrix\/uploads\/2024\/11\/sglux_logo_uv_senesoren_gelb.png","contentUrl":"https:\/\/sglux.de\/data-matrix\/uploads\/2024\/11\/sglux_logo_uv_senesoren_gelb.png","width":550,"height":116,"caption":"sglux GmbH"},"image":{"@id":"https:\/\/sglux.de\/fr\/#\/schema\/logo\/image\/"},"sameAs":["https:\/\/www.linkedin.com\/company\/sglux-gmbh"]}]}},"_links":{"self":[{"href":"https:\/\/sglux.de\/fr\/wp-json\/wp\/v2\/product\/5800","targetHints":{"allow":["GET"]}}],"collection":[{"href":"https:\/\/sglux.de\/fr\/wp-json\/wp\/v2\/product"}],"about":[{"href":"https:\/\/sglux.de\/fr\/wp-json\/wp\/v2\/types\/product"}],"replies":[{"embeddable":true,"href":"https:\/\/sglux.de\/fr\/wp-json\/wp\/v2\/comments?post=5800"}],"wp:featuredmedia":[{"embeddable":true,"href":"https:\/\/sglux.de\/fr\/wp-json\/wp\/v2\/media\/6626"}],"wp:attachment":[{"href":"https:\/\/sglux.de\/fr\/wp-json\/wp\/v2\/media?parent=5800"}],"wp:term":[{"taxonomy":"product_brand","embeddable":true,"href":"https:\/\/sglux.de\/fr\/wp-json\/wp\/v2\/product_brand?post=5800"},{"taxonomy":"product_cat","embeddable":true,"href":"https:\/\/sglux.de\/fr\/wp-json\/wp\/v2\/product_cat?post=5800"},{"taxonomy":"product_tag","embeddable":true,"href":"https:\/\/sglux.de\/fr\/wp-json\/wp\/v2\/product_tag?post=5800"}],"curies":[{"name":"wp","href":"https:\/\/api.w.org\/{rel}","templated":true}]}}