{"id":5310,"date":"2019-03-29T12:37:40","date_gmt":"2019-03-29T11:37:40","guid":{"rendered":"https:\/\/sglux.de\/fr\/produit\/safester-uvi\/"},"modified":"2024-01-21T14:38:20","modified_gmt":"2024-01-21T13:38:20","slug":"safester-uvi","status":"publish","type":"product","link":"https:\/\/sglux.de\/fr\/produit\/safester-uvi\/","title":{"rendered":"Safester UVI"},"content":{"rendered":"<p><a class=\"single_add_to_cart_button button right\" href=\"http:\/\/download.sglux.de\/radiometers\/safester-uvi\/Safester-UVI_en.pdf\" target=\"_blank\" rel=\"noopener noreferrer\">T\u00e9lecharger la fiche de donn\u00e9es<\/a><br \/>\n<iframe loading=\"lazy\" class=\"pdfjs-viewer\" width=\"100%\" height=\"970px\" src=\"https:\/\/sglux.de\/data-matrix\/plugins\/pdf-viewer\/stable\/web\/viewer.html?file=https:\/\/sglux.de\/download\/radiometers\/safester-uvi\/Safester-UVI_en.pdf\"><\/iframe> \n","protected":false},"excerpt":{"rendered":"<ul>\n<li>radiom\u00e8tre pour l&rsquo;\u00e9valuation des dangers du rayonnement UV naturel sur les lieux de travail selon la norme ISO 17166 (indice UV)<\/li>\n<li>avec \u00e9cran graphique<\/li>\n<li>comprenant un capteur UV calibr\u00e9, un certificat de calibrage, un smartphone \u00e0 la base du syst\u00e8me Android et un c\u00e2ble de recharge<\/li>\n<li>livraison dans la mallette de transport<\/li>\n<\/ul>\n","protected":false},"featured_media":5384,"comment_status":"open","ping_status":"closed","template":"","meta":{"_acf_changed":false,"_genesis_hide_title":false,"_genesis_hide_breadcrumbs":false,"_genesis_hide_singular_image":false,"_genesis_hide_footer_widgets":false,"_genesis_custom_body_class":"","_genesis_custom_post_class":"","_genesis_layout":""},"product_brand":[],"product_cat":[140,142,141],"product_tag":[429,434],"class_list":{"0":"post-5310","1":"product","2":"type-product","3":"status-publish","4":"has-post-thumbnail","6":"product_cat-accessoires-sensors-fr","7":"product_cat-mesure-dindice-uv","8":"product_cat-radiometres-uv","9":"product_tag-radiometer-fr","10":"product_tag-uvi-fr","11":"entry","13":"first","14":"instock","15":"taxable","16":"shipping-taxable","17":"purchasable","18":"product-type-simple"},"acf":[],"yoast_head":"<!-- This site is optimized with the Yoast SEO plugin v26.6 - https:\/\/yoast.com\/wordpress\/plugins\/seo\/ -->\n<title>Safester UVI | Accesoires sondes de mesures UV, Mesure d&#039;indice UV, Radiom\u00e8tres UV | sglux<\/title>\n<meta name=\"robots\" content=\"index, follow, max-snippet:-1, max-image-preview:large, max-video-preview:-1\" \/>\n<link rel=\"canonical\" href=\"https:\/\/sglux.de\/fr\/produit\/safester-uvi\/\" \/>\n<meta property=\"og:locale\" content=\"fr_FR\" \/>\n<meta property=\"og:type\" content=\"article\" \/>\n<meta property=\"og:title\" content=\"Safester UVI | Accesoires sondes de mesures UV, Mesure d&#039;indice UV, Radiom\u00e8tres UV | sglux\" \/>\n<meta property=\"og:description\" content=\"radiom\u00e8tre pour l&#039;\u00e9valuation des dangers du rayonnement UV naturel sur les lieux de travail selon la norme ISO 17166 (indice UV) avec \u00e9cran graphique comprenant un capteur UV calibr\u00e9, un certificat de calibrage, un smartphone \u00e0 la base du syst\u00e8me Android et un c\u00e2ble de recharge livraison dans la mallette de transport\" \/>\n<meta property=\"og:url\" content=\"https:\/\/sglux.de\/fr\/produit\/safester-uvi\/\" \/>\n<meta property=\"og:site_name\" content=\"sglux\" \/>\n<meta property=\"article:modified_time\" content=\"2024-01-21T13:38:20+00:00\" \/>\n<meta property=\"og:image\" content=\"https:\/\/sglux.de\/data-matrix\/uploads\/2019\/03\/sglux_safester-uvi-en-1.jpg\" \/>\n\t<meta property=\"og:image:width\" content=\"800\" \/>\n\t<meta property=\"og:image:height\" content=\"800\" \/>\n\t<meta property=\"og:image:type\" content=\"image\/jpeg\" \/>\n<meta name=\"twitter:card\" content=\"summary_large_image\" \/>\n<script type=\"application\/ld+json\" class=\"yoast-schema-graph\">{\"@context\":\"https:\/\/schema.org\",\"@graph\":[{\"@type\":\"WebPage\",\"@id\":\"https:\/\/sglux.de\/fr\/produit\/safester-uvi\/\",\"url\":\"https:\/\/sglux.de\/fr\/produit\/safester-uvi\/\",\"name\":\"Safester UVI | Accesoires sondes de mesures UV, Mesure d'indice UV, Radiom\u00e8tres UV | sglux\",\"isPartOf\":{\"@id\":\"https:\/\/sglux.de\/fr\/#website\"},\"primaryImageOfPage\":{\"@id\":\"https:\/\/sglux.de\/fr\/produit\/safester-uvi\/#primaryimage\"},\"image\":{\"@id\":\"https:\/\/sglux.de\/fr\/produit\/safester-uvi\/#primaryimage\"},\"thumbnailUrl\":\"https:\/\/sglux.de\/data-matrix\/uploads\/2019\/03\/sglux_safester-uvi-en-1.jpg\",\"datePublished\":\"2019-03-29T11:37:40+00:00\",\"dateModified\":\"2024-01-21T13:38:20+00:00\",\"breadcrumb\":{\"@id\":\"https:\/\/sglux.de\/fr\/produit\/safester-uvi\/#breadcrumb\"},\"inLanguage\":\"fr-FR\",\"potentialAction\":[{\"@type\":\"ReadAction\",\"target\":[\"https:\/\/sglux.de\/fr\/produit\/safester-uvi\/\"]}]},{\"@type\":\"ImageObject\",\"inLanguage\":\"fr-FR\",\"@id\":\"https:\/\/sglux.de\/fr\/produit\/safester-uvi\/#primaryimage\",\"url\":\"https:\/\/sglux.de\/data-matrix\/uploads\/2019\/03\/sglux_safester-uvi-en-1.jpg\",\"contentUrl\":\"https:\/\/sglux.de\/data-matrix\/uploads\/2019\/03\/sglux_safester-uvi-en-1.jpg\",\"width\":800,\"height\":800},{\"@type\":\"BreadcrumbList\",\"@id\":\"https:\/\/sglux.de\/fr\/produit\/safester-uvi\/#breadcrumb\",\"itemListElement\":[{\"@type\":\"ListItem\",\"position\":1,\"name\":\"Startseite\",\"item\":\"https:\/\/sglux.de\/fr\/\"},{\"@type\":\"ListItem\",\"position\":2,\"name\":\"Produit\",\"item\":\"https:\/\/sglux.de\/fr\/produit\/\"},{\"@type\":\"ListItem\",\"position\":3,\"name\":\"Safester UVI\"}]},{\"@type\":\"WebSite\",\"@id\":\"https:\/\/sglux.de\/fr\/#website\",\"url\":\"https:\/\/sglux.de\/fr\/\",\"name\":\"sglux\",\"description\":\"UV is our Business\",\"publisher\":{\"@id\":\"https:\/\/sglux.de\/fr\/#organization\"},\"potentialAction\":[{\"@type\":\"SearchAction\",\"target\":{\"@type\":\"EntryPoint\",\"urlTemplate\":\"https:\/\/sglux.de\/fr\/?s={search_term_string}\"},\"query-input\":{\"@type\":\"PropertyValueSpecification\",\"valueRequired\":true,\"valueName\":\"search_term_string\"}}],\"inLanguage\":\"fr-FR\"},{\"@type\":\"Organization\",\"@id\":\"https:\/\/sglux.de\/fr\/#organization\",\"name\":\"sglux GmbH\",\"url\":\"https:\/\/sglux.de\/fr\/\",\"logo\":{\"@type\":\"ImageObject\",\"inLanguage\":\"fr-FR\",\"@id\":\"https:\/\/sglux.de\/fr\/#\/schema\/logo\/image\/\",\"url\":\"https:\/\/sglux.de\/data-matrix\/uploads\/2024\/11\/sglux_logo_uv_senesoren_gelb.png\",\"contentUrl\":\"https:\/\/sglux.de\/data-matrix\/uploads\/2024\/11\/sglux_logo_uv_senesoren_gelb.png\",\"width\":550,\"height\":116,\"caption\":\"sglux GmbH\"},\"image\":{\"@id\":\"https:\/\/sglux.de\/fr\/#\/schema\/logo\/image\/\"},\"sameAs\":[\"https:\/\/www.linkedin.com\/company\/sglux-gmbh\"]}]}<\/script>\n<!-- \/ Yoast SEO plugin. -->","yoast_head_json":{"title":"Safester UVI | Accesoires sondes de mesures UV, Mesure d'indice UV, Radiom\u00e8tres UV | sglux","robots":{"index":"index","follow":"follow","max-snippet":"max-snippet:-1","max-image-preview":"max-image-preview:large","max-video-preview":"max-video-preview:-1"},"canonical":"https:\/\/sglux.de\/fr\/produit\/safester-uvi\/","og_locale":"fr_FR","og_type":"article","og_title":"Safester UVI | Accesoires sondes de mesures UV, Mesure d'indice UV, Radiom\u00e8tres UV | sglux","og_description":"radiom\u00e8tre pour l'\u00e9valuation des dangers du rayonnement UV naturel sur les lieux de travail selon la norme ISO 17166 (indice UV) avec \u00e9cran graphique comprenant un capteur UV calibr\u00e9, un certificat de calibrage, un smartphone \u00e0 la base du syst\u00e8me Android et un c\u00e2ble de recharge livraison dans la mallette de transport","og_url":"https:\/\/sglux.de\/fr\/produit\/safester-uvi\/","og_site_name":"sglux","article_modified_time":"2024-01-21T13:38:20+00:00","og_image":[{"width":800,"height":800,"url":"https:\/\/sglux.de\/data-matrix\/uploads\/2019\/03\/sglux_safester-uvi-en-1.jpg","type":"image\/jpeg"}],"twitter_card":"summary_large_image","schema":{"@context":"https:\/\/schema.org","@graph":[{"@type":"WebPage","@id":"https:\/\/sglux.de\/fr\/produit\/safester-uvi\/","url":"https:\/\/sglux.de\/fr\/produit\/safester-uvi\/","name":"Safester UVI | Accesoires sondes de mesures UV, Mesure d'indice UV, Radiom\u00e8tres UV | sglux","isPartOf":{"@id":"https:\/\/sglux.de\/fr\/#website"},"primaryImageOfPage":{"@id":"https:\/\/sglux.de\/fr\/produit\/safester-uvi\/#primaryimage"},"image":{"@id":"https:\/\/sglux.de\/fr\/produit\/safester-uvi\/#primaryimage"},"thumbnailUrl":"https:\/\/sglux.de\/data-matrix\/uploads\/2019\/03\/sglux_safester-uvi-en-1.jpg","datePublished":"2019-03-29T11:37:40+00:00","dateModified":"2024-01-21T13:38:20+00:00","breadcrumb":{"@id":"https:\/\/sglux.de\/fr\/produit\/safester-uvi\/#breadcrumb"},"inLanguage":"fr-FR","potentialAction":[{"@type":"ReadAction","target":["https:\/\/sglux.de\/fr\/produit\/safester-uvi\/"]}]},{"@type":"ImageObject","inLanguage":"fr-FR","@id":"https:\/\/sglux.de\/fr\/produit\/safester-uvi\/#primaryimage","url":"https:\/\/sglux.de\/data-matrix\/uploads\/2019\/03\/sglux_safester-uvi-en-1.jpg","contentUrl":"https:\/\/sglux.de\/data-matrix\/uploads\/2019\/03\/sglux_safester-uvi-en-1.jpg","width":800,"height":800},{"@type":"BreadcrumbList","@id":"https:\/\/sglux.de\/fr\/produit\/safester-uvi\/#breadcrumb","itemListElement":[{"@type":"ListItem","position":1,"name":"Startseite","item":"https:\/\/sglux.de\/fr\/"},{"@type":"ListItem","position":2,"name":"Produit","item":"https:\/\/sglux.de\/fr\/produit\/"},{"@type":"ListItem","position":3,"name":"Safester UVI"}]},{"@type":"WebSite","@id":"https:\/\/sglux.de\/fr\/#website","url":"https:\/\/sglux.de\/fr\/","name":"sglux","description":"UV is our Business","publisher":{"@id":"https:\/\/sglux.de\/fr\/#organization"},"potentialAction":[{"@type":"SearchAction","target":{"@type":"EntryPoint","urlTemplate":"https:\/\/sglux.de\/fr\/?s={search_term_string}"},"query-input":{"@type":"PropertyValueSpecification","valueRequired":true,"valueName":"search_term_string"}}],"inLanguage":"fr-FR"},{"@type":"Organization","@id":"https:\/\/sglux.de\/fr\/#organization","name":"sglux GmbH","url":"https:\/\/sglux.de\/fr\/","logo":{"@type":"ImageObject","inLanguage":"fr-FR","@id":"https:\/\/sglux.de\/fr\/#\/schema\/logo\/image\/","url":"https:\/\/sglux.de\/data-matrix\/uploads\/2024\/11\/sglux_logo_uv_senesoren_gelb.png","contentUrl":"https:\/\/sglux.de\/data-matrix\/uploads\/2024\/11\/sglux_logo_uv_senesoren_gelb.png","width":550,"height":116,"caption":"sglux GmbH"},"image":{"@id":"https:\/\/sglux.de\/fr\/#\/schema\/logo\/image\/"},"sameAs":["https:\/\/www.linkedin.com\/company\/sglux-gmbh"]}]}},"_links":{"self":[{"href":"https:\/\/sglux.de\/fr\/wp-json\/wp\/v2\/product\/5310","targetHints":{"allow":["GET"]}}],"collection":[{"href":"https:\/\/sglux.de\/fr\/wp-json\/wp\/v2\/product"}],"about":[{"href":"https:\/\/sglux.de\/fr\/wp-json\/wp\/v2\/types\/product"}],"replies":[{"embeddable":true,"href":"https:\/\/sglux.de\/fr\/wp-json\/wp\/v2\/comments?post=5310"}],"wp:featuredmedia":[{"embeddable":true,"href":"https:\/\/sglux.de\/fr\/wp-json\/wp\/v2\/media\/5384"}],"wp:attachment":[{"href":"https:\/\/sglux.de\/fr\/wp-json\/wp\/v2\/media?parent=5310"}],"wp:term":[{"taxonomy":"product_brand","embeddable":true,"href":"https:\/\/sglux.de\/fr\/wp-json\/wp\/v2\/product_brand?post=5310"},{"taxonomy":"product_cat","embeddable":true,"href":"https:\/\/sglux.de\/fr\/wp-json\/wp\/v2\/product_cat?post=5310"},{"taxonomy":"product_tag","embeddable":true,"href":"https:\/\/sglux.de\/fr\/wp-json\/wp\/v2\/product_tag?post=5310"}],"curies":[{"name":"wp","href":"https:\/\/api.w.org\/{rel}","templated":true}]}}