{"id":4697,"date":"2018-08-01T15:51:59","date_gmt":"2018-08-01T13:51:59","guid":{"rendered":"https:\/\/sglux.de\/fr\/produit\/radiometre-sxl-55\/"},"modified":"2025-07-10T16:29:33","modified_gmt":"2025-07-10T14:29:33","slug":"radiometre-sxl-55","status":"publish","type":"product","link":"https:\/\/sglux.de\/fr\/produit\/radiometre-sxl-55\/","title":{"rendered":"Radiom\u00e8tre UV SXL 55"},"content":{"rendered":"<p><a class=\"single_add_to_cart_button button right\" href=\"http:\/\/download.sglux.de\/radiometers\/uv-radiometer-sxl-55\/UV-Radiometer-SXL-55_en.pdf\" target=\"_blank\" rel=\"noopener noreferrer\">T\u00e9lecharger la fiche de donn\u00e9es<\/a><br \/>\n<iframe loading=\"lazy\" class=\"pdfjs-viewer\" width=\"100%\" height=\"970px\" src=\"https:\/\/sglux.de\/data-matrix\/plugins\/pdf-viewer\/stable\/web\/viewer.html?file=https:\/\/sglux.de\/download\/radiometers\/uv-radiometer-sxl-55\/UV-Radiometer-SXL-55_en.pdf\"><\/iframe> \n","protected":false},"excerpt":{"rendered":"<ul>\n<li>instrument pour la d\u00e9tection d\u2019irradiation UV avec dosim\u00e8tre et fonction d&rsquo;enregistrement, configurable et calibrable \u00e0 tous les types et intensit\u00e9s de rayonnement UV (ainsi que UV+VIS, lumi\u00e8re bleue, etc.)<\/li>\n<li>\u00e0 utiliser avec le smartphone du client (Android, \u00e0 partir de Rev. 6.0) ou avec un smartphone disponible en option<\/li>\n<li>comprenant un capteur UV calibr\u00e9 et un certificat de calibrage et une assistance d&rsquo;experts adapt\u00e9e aux exigences sp\u00e9cifiques de l&rsquo;application.<\/li>\n<li>diff\u00e9rents types de capteurs sont disponibles<\/li>\n<li>\u00e9galement disponible dans un design sp\u00e9cifique au client (sch\u00e9ma de couleurs, logo, fonctionnalit\u00e9s suppl\u00e9mentaires)<\/li>\n<\/ul>\n","protected":false},"featured_media":7852,"comment_status":"open","ping_status":"closed","template":"","meta":{"_acf_changed":false,"_genesis_hide_title":false,"_genesis_hide_breadcrumbs":false,"_genesis_hide_singular_image":false,"_genesis_hide_footer_widgets":false,"_genesis_custom_body_class":"","_genesis_custom_post_class":"","_genesis_layout":""},"product_brand":[],"product_cat":[140,141],"product_tag":[429],"class_list":{"0":"post-4697","1":"product","2":"type-product","3":"status-publish","4":"has-post-thumbnail","6":"product_cat-accessoires-sensors-fr","7":"product_cat-radiometres-uv","8":"product_tag-radiometer-fr","9":"entry","11":"first","12":"instock","13":"taxable","14":"shipping-taxable","15":"purchasable","16":"product-type-variable"},"acf":[],"yoast_head":"<!-- This site is optimized with the Yoast SEO plugin v26.6 - https:\/\/yoast.com\/wordpress\/plugins\/seo\/ -->\n<title>Radiom\u00e8tre UV SXL 55 | Accesoires sondes de mesures UV, Radiom\u00e8tres UV | sglux<\/title>\n<meta name=\"robots\" content=\"index, follow, max-snippet:-1, max-image-preview:large, max-video-preview:-1\" \/>\n<link rel=\"canonical\" href=\"https:\/\/sglux.de\/fr\/produit\/radiometre-sxl-55\/\" \/>\n<meta property=\"og:locale\" content=\"fr_FR\" \/>\n<meta property=\"og:type\" content=\"article\" \/>\n<meta property=\"og:title\" content=\"Radiom\u00e8tre UV SXL 55 | Accesoires sondes de mesures UV, Radiom\u00e8tres UV | sglux\" \/>\n<meta property=\"og:description\" content=\"instrument pour la d\u00e9tection d\u2019irradiation UV avec dosim\u00e8tre et fonction d&#039;enregistrement, configurable et calibrable \u00e0 tous les types et intensit\u00e9s de rayonnement UV (ainsi que UV+VIS, lumi\u00e8re bleue, etc.) \u00e0 utiliser avec le smartphone du client (Android, \u00e0 partir de Rev. 6.0) ou avec un smartphone disponible en option comprenant un capteur UV calibr\u00e9 et un certificat de calibrage et une assistance d&#039;experts adapt\u00e9e aux exigences sp\u00e9cifiques de l&#039;application. diff\u00e9rents types de capteurs sont disponibles \u00e9galement disponible dans un design sp\u00e9cifique au client (sch\u00e9ma de couleurs, logo, fonctionnalit\u00e9s suppl\u00e9mentaires)\" \/>\n<meta property=\"og:url\" content=\"https:\/\/sglux.de\/fr\/produit\/radiometre-sxl-55\/\" \/>\n<meta property=\"og:site_name\" content=\"sglux\" \/>\n<meta property=\"article:modified_time\" content=\"2025-07-10T14:29:33+00:00\" \/>\n<meta property=\"og:image\" content=\"https:\/\/sglux.de\/data-matrix\/uploads\/2018\/08\/SXL-55_2023_en.jpg\" \/>\n\t<meta property=\"og:image:width\" content=\"1940\" \/>\n\t<meta property=\"og:image:height\" content=\"1941\" \/>\n\t<meta property=\"og:image:type\" content=\"image\/jpeg\" \/>\n<meta name=\"twitter:card\" content=\"summary_large_image\" \/>\n<meta name=\"twitter:label1\" content=\"Dur\u00e9e de lecture estim\u00e9e\" \/>\n\t<meta name=\"twitter:data1\" content=\"2 minutes\" \/>\n<script type=\"application\/ld+json\" class=\"yoast-schema-graph\">{\"@context\":\"https:\/\/schema.org\",\"@graph\":[{\"@type\":\"WebPage\",\"@id\":\"https:\/\/sglux.de\/fr\/produit\/radiometre-sxl-55\/\",\"url\":\"https:\/\/sglux.de\/fr\/produit\/radiometre-sxl-55\/\",\"name\":\"Radiom\u00e8tre UV SXL 55 | Accesoires sondes de mesures UV, Radiom\u00e8tres UV | sglux\",\"isPartOf\":{\"@id\":\"https:\/\/sglux.de\/fr\/#website\"},\"primaryImageOfPage\":{\"@id\":\"https:\/\/sglux.de\/fr\/produit\/radiometre-sxl-55\/#primaryimage\"},\"image\":{\"@id\":\"https:\/\/sglux.de\/fr\/produit\/radiometre-sxl-55\/#primaryimage\"},\"thumbnailUrl\":\"https:\/\/sglux.de\/data-matrix\/uploads\/2018\/08\/SXL-55_2023_en.jpg\",\"datePublished\":\"2018-08-01T13:51:59+00:00\",\"dateModified\":\"2025-07-10T14:29:33+00:00\",\"breadcrumb\":{\"@id\":\"https:\/\/sglux.de\/fr\/produit\/radiometre-sxl-55\/#breadcrumb\"},\"inLanguage\":\"fr-FR\",\"potentialAction\":[{\"@type\":\"ReadAction\",\"target\":[\"https:\/\/sglux.de\/fr\/produit\/radiometre-sxl-55\/\"]}]},{\"@type\":\"ImageObject\",\"inLanguage\":\"fr-FR\",\"@id\":\"https:\/\/sglux.de\/fr\/produit\/radiometre-sxl-55\/#primaryimage\",\"url\":\"https:\/\/sglux.de\/data-matrix\/uploads\/2018\/08\/SXL-55_2023_en.jpg\",\"contentUrl\":\"https:\/\/sglux.de\/data-matrix\/uploads\/2018\/08\/SXL-55_2023_en.jpg\",\"width\":1940,\"height\":1941,\"caption\":\"sglux_SXL55_en_2023\"},{\"@type\":\"BreadcrumbList\",\"@id\":\"https:\/\/sglux.de\/fr\/produit\/radiometre-sxl-55\/#breadcrumb\",\"itemListElement\":[{\"@type\":\"ListItem\",\"position\":1,\"name\":\"Startseite\",\"item\":\"https:\/\/sglux.de\/fr\/\"},{\"@type\":\"ListItem\",\"position\":2,\"name\":\"Produit\",\"item\":\"https:\/\/sglux.de\/fr\/produit\/\"},{\"@type\":\"ListItem\",\"position\":3,\"name\":\"Radiom\u00e8tre UV SXL 55\"}]},{\"@type\":\"WebSite\",\"@id\":\"https:\/\/sglux.de\/fr\/#website\",\"url\":\"https:\/\/sglux.de\/fr\/\",\"name\":\"sglux\",\"description\":\"UV is our Business\",\"publisher\":{\"@id\":\"https:\/\/sglux.de\/fr\/#organization\"},\"potentialAction\":[{\"@type\":\"SearchAction\",\"target\":{\"@type\":\"EntryPoint\",\"urlTemplate\":\"https:\/\/sglux.de\/fr\/?s={search_term_string}\"},\"query-input\":{\"@type\":\"PropertyValueSpecification\",\"valueRequired\":true,\"valueName\":\"search_term_string\"}}],\"inLanguage\":\"fr-FR\"},{\"@type\":\"Organization\",\"@id\":\"https:\/\/sglux.de\/fr\/#organization\",\"name\":\"sglux GmbH\",\"url\":\"https:\/\/sglux.de\/fr\/\",\"logo\":{\"@type\":\"ImageObject\",\"inLanguage\":\"fr-FR\",\"@id\":\"https:\/\/sglux.de\/fr\/#\/schema\/logo\/image\/\",\"url\":\"https:\/\/sglux.de\/data-matrix\/uploads\/2024\/11\/sglux_logo_uv_senesoren_gelb.png\",\"contentUrl\":\"https:\/\/sglux.de\/data-matrix\/uploads\/2024\/11\/sglux_logo_uv_senesoren_gelb.png\",\"width\":550,\"height\":116,\"caption\":\"sglux GmbH\"},\"image\":{\"@id\":\"https:\/\/sglux.de\/fr\/#\/schema\/logo\/image\/\"},\"sameAs\":[\"https:\/\/www.linkedin.com\/company\/sglux-gmbh\"]}]}<\/script>\n<!-- \/ Yoast SEO plugin. -->","yoast_head_json":{"title":"Radiom\u00e8tre UV SXL 55 | Accesoires sondes de mesures UV, Radiom\u00e8tres UV | sglux","robots":{"index":"index","follow":"follow","max-snippet":"max-snippet:-1","max-image-preview":"max-image-preview:large","max-video-preview":"max-video-preview:-1"},"canonical":"https:\/\/sglux.de\/fr\/produit\/radiometre-sxl-55\/","og_locale":"fr_FR","og_type":"article","og_title":"Radiom\u00e8tre UV SXL 55 | Accesoires sondes de mesures UV, Radiom\u00e8tres UV | sglux","og_description":"instrument pour la d\u00e9tection d\u2019irradiation UV avec dosim\u00e8tre et fonction d'enregistrement, configurable et calibrable \u00e0 tous les types et intensit\u00e9s de rayonnement UV (ainsi que UV+VIS, lumi\u00e8re bleue, etc.) \u00e0 utiliser avec le smartphone du client (Android, \u00e0 partir de Rev. 6.0) ou avec un smartphone disponible en option comprenant un capteur UV calibr\u00e9 et un certificat de calibrage et une assistance d'experts adapt\u00e9e aux exigences sp\u00e9cifiques de l'application. diff\u00e9rents types de capteurs sont disponibles \u00e9galement disponible dans un design sp\u00e9cifique au client (sch\u00e9ma de couleurs, logo, fonctionnalit\u00e9s suppl\u00e9mentaires)","og_url":"https:\/\/sglux.de\/fr\/produit\/radiometre-sxl-55\/","og_site_name":"sglux","article_modified_time":"2025-07-10T14:29:33+00:00","og_image":[{"width":1940,"height":1941,"url":"https:\/\/sglux.de\/data-matrix\/uploads\/2018\/08\/SXL-55_2023_en.jpg","type":"image\/jpeg"}],"twitter_card":"summary_large_image","twitter_misc":{"Dur\u00e9e de lecture estim\u00e9e":"2 minutes"},"schema":{"@context":"https:\/\/schema.org","@graph":[{"@type":"WebPage","@id":"https:\/\/sglux.de\/fr\/produit\/radiometre-sxl-55\/","url":"https:\/\/sglux.de\/fr\/produit\/radiometre-sxl-55\/","name":"Radiom\u00e8tre UV SXL 55 | Accesoires sondes de mesures UV, Radiom\u00e8tres UV | sglux","isPartOf":{"@id":"https:\/\/sglux.de\/fr\/#website"},"primaryImageOfPage":{"@id":"https:\/\/sglux.de\/fr\/produit\/radiometre-sxl-55\/#primaryimage"},"image":{"@id":"https:\/\/sglux.de\/fr\/produit\/radiometre-sxl-55\/#primaryimage"},"thumbnailUrl":"https:\/\/sglux.de\/data-matrix\/uploads\/2018\/08\/SXL-55_2023_en.jpg","datePublished":"2018-08-01T13:51:59+00:00","dateModified":"2025-07-10T14:29:33+00:00","breadcrumb":{"@id":"https:\/\/sglux.de\/fr\/produit\/radiometre-sxl-55\/#breadcrumb"},"inLanguage":"fr-FR","potentialAction":[{"@type":"ReadAction","target":["https:\/\/sglux.de\/fr\/produit\/radiometre-sxl-55\/"]}]},{"@type":"ImageObject","inLanguage":"fr-FR","@id":"https:\/\/sglux.de\/fr\/produit\/radiometre-sxl-55\/#primaryimage","url":"https:\/\/sglux.de\/data-matrix\/uploads\/2018\/08\/SXL-55_2023_en.jpg","contentUrl":"https:\/\/sglux.de\/data-matrix\/uploads\/2018\/08\/SXL-55_2023_en.jpg","width":1940,"height":1941,"caption":"sglux_SXL55_en_2023"},{"@type":"BreadcrumbList","@id":"https:\/\/sglux.de\/fr\/produit\/radiometre-sxl-55\/#breadcrumb","itemListElement":[{"@type":"ListItem","position":1,"name":"Startseite","item":"https:\/\/sglux.de\/fr\/"},{"@type":"ListItem","position":2,"name":"Produit","item":"https:\/\/sglux.de\/fr\/produit\/"},{"@type":"ListItem","position":3,"name":"Radiom\u00e8tre UV SXL 55"}]},{"@type":"WebSite","@id":"https:\/\/sglux.de\/fr\/#website","url":"https:\/\/sglux.de\/fr\/","name":"sglux","description":"UV is our Business","publisher":{"@id":"https:\/\/sglux.de\/fr\/#organization"},"potentialAction":[{"@type":"SearchAction","target":{"@type":"EntryPoint","urlTemplate":"https:\/\/sglux.de\/fr\/?s={search_term_string}"},"query-input":{"@type":"PropertyValueSpecification","valueRequired":true,"valueName":"search_term_string"}}],"inLanguage":"fr-FR"},{"@type":"Organization","@id":"https:\/\/sglux.de\/fr\/#organization","name":"sglux GmbH","url":"https:\/\/sglux.de\/fr\/","logo":{"@type":"ImageObject","inLanguage":"fr-FR","@id":"https:\/\/sglux.de\/fr\/#\/schema\/logo\/image\/","url":"https:\/\/sglux.de\/data-matrix\/uploads\/2024\/11\/sglux_logo_uv_senesoren_gelb.png","contentUrl":"https:\/\/sglux.de\/data-matrix\/uploads\/2024\/11\/sglux_logo_uv_senesoren_gelb.png","width":550,"height":116,"caption":"sglux GmbH"},"image":{"@id":"https:\/\/sglux.de\/fr\/#\/schema\/logo\/image\/"},"sameAs":["https:\/\/www.linkedin.com\/company\/sglux-gmbh"]}]}},"_links":{"self":[{"href":"https:\/\/sglux.de\/fr\/wp-json\/wp\/v2\/product\/4697","targetHints":{"allow":["GET"]}}],"collection":[{"href":"https:\/\/sglux.de\/fr\/wp-json\/wp\/v2\/product"}],"about":[{"href":"https:\/\/sglux.de\/fr\/wp-json\/wp\/v2\/types\/product"}],"replies":[{"embeddable":true,"href":"https:\/\/sglux.de\/fr\/wp-json\/wp\/v2\/comments?post=4697"}],"wp:featuredmedia":[{"embeddable":true,"href":"https:\/\/sglux.de\/fr\/wp-json\/wp\/v2\/media\/7852"}],"wp:attachment":[{"href":"https:\/\/sglux.de\/fr\/wp-json\/wp\/v2\/media?parent=4697"}],"wp:term":[{"taxonomy":"product_brand","embeddable":true,"href":"https:\/\/sglux.de\/fr\/wp-json\/wp\/v2\/product_brand?post=4697"},{"taxonomy":"product_cat","embeddable":true,"href":"https:\/\/sglux.de\/fr\/wp-json\/wp\/v2\/product_cat?post=4697"},{"taxonomy":"product_tag","embeddable":true,"href":"https:\/\/sglux.de\/fr\/wp-json\/wp\/v2\/product_tag?post=4697"}],"curies":[{"name":"wp","href":"https:\/\/api.w.org\/{rel}","templated":true}]}}