{"id":4033,"date":"2017-05-04T14:20:24","date_gmt":"2017-05-04T12:20:24","guid":{"rendered":"https:\/\/sglux.de\/fr\/produit\/sg01q-5\/"},"modified":"2023-05-17T15:42:29","modified_gmt":"2023-05-17T13:42:29","slug":"sg01q-5","status":"publish","type":"product","link":"https:\/\/sglux.de\/fr\/produit\/sg01q-5\/","title":{"rendered":"SG01Q-5"},"content":{"rendered":"<p><a class=\"single_add_to_cart_button button right\" href=\"http:\/\/download.sglux.de\/photodiodes\/SG01Q-5.pdf\" target=\"_blank\" rel=\"noopener noreferrer\">T\u00e9l\u00e9charger la fiche de donn\u00e9es<\/a><br \/>\n<iframe loading=\"lazy\" class=\"pdfjs-viewer\" width=\"100%\" height=\"970px\" src=\"https:\/\/sglux.de\/data-matrix\/plugins\/pdf-viewer\/stable\/web\/viewer.html?file=https:\/\/sglux.de\/download\/photodiodes\/SG01Q-5.pdf\"><\/iframe> \n","protected":false},"excerpt":{"rendered":"<ul>\n<li>large bande UV (UVA+UVB+UVC) quadrant photodiode<\/li>\n<li>surface du d\u00e9tecteur 4 x 1.4 mm\u00b2, 32 \u00b5m pitch<\/li>\n<li>con\u00e7u pour les applications d&rsquo;ajustement du faisceau laser UV, autocollimateurs et d&rsquo;autres applications de d\u00e9tection de position de faisceau d&rsquo;UV<\/li>\n<li>structure plate TO5 encapsul\u00e9e herm\u00e9tiquement <\/li>\n<li>une irradiation de 10 \u00b5W\/cm\u00b2 \u00e0 280 nm (sensibilit\u00e9 du pic) produit un courant d\u2019environ 22 nA \/ pixel<\/li>\n<li>chip de photodiode UV SiC \u00e0 grande r\u00e9sistance aux radiations (d\u00e9termin\u00e9 par le PTB)<\/li>\n<\/ul>\n","protected":false},"featured_media":4036,"comment_status":"open","ping_status":"closed","template":"","meta":{"_acf_changed":false,"_genesis_hide_title":false,"_genesis_hide_breadcrumbs":false,"_genesis_hide_singular_image":false,"_genesis_hide_footer_widgets":false,"_genesis_custom_body_class":"","_genesis_custom_post_class":"","_genesis_layout":"content-sidebar"},"product_brand":[],"product_cat":[145,139],"product_tag":[473],"class_list":{"0":"post-4033","1":"product","2":"type-product","3":"status-publish","4":"has-post-thumbnail","6":"product_cat-photodiodes-uv-sic","7":"product_cat-large-bande-photodiodes-fr","8":"product_tag-photodiodes-fr","9":"entry","11":"first","12":"instock","13":"taxable","14":"shipping-taxable","15":"purchasable","16":"product-type-simple"},"acf":[],"yoast_head":"<!-- This site is optimized with the Yoast SEO plugin v26.6 - https:\/\/yoast.com\/wordpress\/plugins\/seo\/ -->\n<title>SG01Q-5 | Photodiodes UV, Large bande UV | sglux<\/title>\n<meta name=\"robots\" content=\"index, follow, max-snippet:-1, max-image-preview:large, max-video-preview:-1\" \/>\n<link rel=\"canonical\" href=\"https:\/\/sglux.de\/fr\/produit\/sg01q-5\/\" \/>\n<meta property=\"og:locale\" content=\"fr_FR\" \/>\n<meta property=\"og:type\" content=\"article\" \/>\n<meta property=\"og:title\" content=\"SG01Q-5 | Photodiodes UV, Large bande UV | sglux\" \/>\n<meta property=\"og:description\" content=\"large bande UV (UVA+UVB+UVC) quadrant photodiode surface du d\u00e9tecteur 4 x 1.4 mm\u00b2, 32 \u00b5m pitch con\u00e7u pour les applications d&#039;ajustement du faisceau laser UV, autocollimateurs et d&#039;autres applications de d\u00e9tection de position de faisceau d&#039;UV structure plate TO5 encapsul\u00e9e herm\u00e9tiquement  une irradiation de 10 \u00b5W\/cm\u00b2 \u00e0 280 nm (sensibilit\u00e9 du pic) produit un courant d\u2019environ 22 nA \/ pixel chip de photodiode UV SiC \u00e0 grande r\u00e9sistance aux radiations (d\u00e9termin\u00e9 par le PTB)\" \/>\n<meta property=\"og:url\" content=\"https:\/\/sglux.de\/fr\/produit\/sg01q-5\/\" \/>\n<meta property=\"og:site_name\" content=\"sglux\" \/>\n<meta property=\"article:modified_time\" content=\"2023-05-17T13:42:29+00:00\" \/>\n<meta property=\"og:image\" content=\"https:\/\/sglux.de\/data-matrix\/uploads\/2017\/05\/sglux-sg01q-5-2.jpg\" \/>\n\t<meta property=\"og:image:width\" content=\"300\" \/>\n\t<meta property=\"og:image:height\" content=\"300\" \/>\n\t<meta property=\"og:image:type\" content=\"image\/jpeg\" \/>\n<meta name=\"twitter:card\" content=\"summary_large_image\" \/>\n<script type=\"application\/ld+json\" class=\"yoast-schema-graph\">{\"@context\":\"https:\/\/schema.org\",\"@graph\":[{\"@type\":\"WebPage\",\"@id\":\"https:\/\/sglux.de\/fr\/produit\/sg01q-5\/\",\"url\":\"https:\/\/sglux.de\/fr\/produit\/sg01q-5\/\",\"name\":\"SG01Q-5 | Photodiodes UV, Large bande UV | sglux\",\"isPartOf\":{\"@id\":\"https:\/\/sglux.de\/fr\/#website\"},\"primaryImageOfPage\":{\"@id\":\"https:\/\/sglux.de\/fr\/produit\/sg01q-5\/#primaryimage\"},\"image\":{\"@id\":\"https:\/\/sglux.de\/fr\/produit\/sg01q-5\/#primaryimage\"},\"thumbnailUrl\":\"https:\/\/sglux.de\/data-matrix\/uploads\/2017\/05\/sglux-sg01q-5-2.jpg\",\"datePublished\":\"2017-05-04T12:20:24+00:00\",\"dateModified\":\"2023-05-17T13:42:29+00:00\",\"breadcrumb\":{\"@id\":\"https:\/\/sglux.de\/fr\/produit\/sg01q-5\/#breadcrumb\"},\"inLanguage\":\"fr-FR\",\"potentialAction\":[{\"@type\":\"ReadAction\",\"target\":[\"https:\/\/sglux.de\/fr\/produit\/sg01q-5\/\"]}]},{\"@type\":\"ImageObject\",\"inLanguage\":\"fr-FR\",\"@id\":\"https:\/\/sglux.de\/fr\/produit\/sg01q-5\/#primaryimage\",\"url\":\"https:\/\/sglux.de\/data-matrix\/uploads\/2017\/05\/sglux-sg01q-5-2.jpg\",\"contentUrl\":\"https:\/\/sglux.de\/data-matrix\/uploads\/2017\/05\/sglux-sg01q-5-2.jpg\",\"width\":300,\"height\":300},{\"@type\":\"BreadcrumbList\",\"@id\":\"https:\/\/sglux.de\/fr\/produit\/sg01q-5\/#breadcrumb\",\"itemListElement\":[{\"@type\":\"ListItem\",\"position\":1,\"name\":\"Startseite\",\"item\":\"https:\/\/sglux.de\/fr\/\"},{\"@type\":\"ListItem\",\"position\":2,\"name\":\"Produit\",\"item\":\"https:\/\/sglux.de\/fr\/produit\/\"},{\"@type\":\"ListItem\",\"position\":3,\"name\":\"SG01Q-5\"}]},{\"@type\":\"WebSite\",\"@id\":\"https:\/\/sglux.de\/fr\/#website\",\"url\":\"https:\/\/sglux.de\/fr\/\",\"name\":\"sglux\",\"description\":\"UV is our Business\",\"publisher\":{\"@id\":\"https:\/\/sglux.de\/fr\/#organization\"},\"potentialAction\":[{\"@type\":\"SearchAction\",\"target\":{\"@type\":\"EntryPoint\",\"urlTemplate\":\"https:\/\/sglux.de\/fr\/?s={search_term_string}\"},\"query-input\":{\"@type\":\"PropertyValueSpecification\",\"valueRequired\":true,\"valueName\":\"search_term_string\"}}],\"inLanguage\":\"fr-FR\"},{\"@type\":\"Organization\",\"@id\":\"https:\/\/sglux.de\/fr\/#organization\",\"name\":\"sglux GmbH\",\"url\":\"https:\/\/sglux.de\/fr\/\",\"logo\":{\"@type\":\"ImageObject\",\"inLanguage\":\"fr-FR\",\"@id\":\"https:\/\/sglux.de\/fr\/#\/schema\/logo\/image\/\",\"url\":\"https:\/\/sglux.de\/data-matrix\/uploads\/2024\/11\/sglux_logo_uv_senesoren_gelb.png\",\"contentUrl\":\"https:\/\/sglux.de\/data-matrix\/uploads\/2024\/11\/sglux_logo_uv_senesoren_gelb.png\",\"width\":550,\"height\":116,\"caption\":\"sglux GmbH\"},\"image\":{\"@id\":\"https:\/\/sglux.de\/fr\/#\/schema\/logo\/image\/\"},\"sameAs\":[\"https:\/\/www.linkedin.com\/company\/sglux-gmbh\"]}]}<\/script>\n<!-- \/ Yoast SEO plugin. -->","yoast_head_json":{"title":"SG01Q-5 | Photodiodes UV, Large bande UV | sglux","robots":{"index":"index","follow":"follow","max-snippet":"max-snippet:-1","max-image-preview":"max-image-preview:large","max-video-preview":"max-video-preview:-1"},"canonical":"https:\/\/sglux.de\/fr\/produit\/sg01q-5\/","og_locale":"fr_FR","og_type":"article","og_title":"SG01Q-5 | Photodiodes UV, Large bande UV | sglux","og_description":"large bande UV (UVA+UVB+UVC) quadrant photodiode surface du d\u00e9tecteur 4 x 1.4 mm\u00b2, 32 \u00b5m pitch con\u00e7u pour les applications d'ajustement du faisceau laser UV, autocollimateurs et d'autres applications de d\u00e9tection de position de faisceau d'UV structure plate TO5 encapsul\u00e9e herm\u00e9tiquement  une irradiation de 10 \u00b5W\/cm\u00b2 \u00e0 280 nm (sensibilit\u00e9 du pic) produit un courant d\u2019environ 22 nA \/ pixel chip de photodiode UV SiC \u00e0 grande r\u00e9sistance aux radiations (d\u00e9termin\u00e9 par le PTB)","og_url":"https:\/\/sglux.de\/fr\/produit\/sg01q-5\/","og_site_name":"sglux","article_modified_time":"2023-05-17T13:42:29+00:00","og_image":[{"width":300,"height":300,"url":"https:\/\/sglux.de\/data-matrix\/uploads\/2017\/05\/sglux-sg01q-5-2.jpg","type":"image\/jpeg"}],"twitter_card":"summary_large_image","schema":{"@context":"https:\/\/schema.org","@graph":[{"@type":"WebPage","@id":"https:\/\/sglux.de\/fr\/produit\/sg01q-5\/","url":"https:\/\/sglux.de\/fr\/produit\/sg01q-5\/","name":"SG01Q-5 | Photodiodes UV, Large bande UV | sglux","isPartOf":{"@id":"https:\/\/sglux.de\/fr\/#website"},"primaryImageOfPage":{"@id":"https:\/\/sglux.de\/fr\/produit\/sg01q-5\/#primaryimage"},"image":{"@id":"https:\/\/sglux.de\/fr\/produit\/sg01q-5\/#primaryimage"},"thumbnailUrl":"https:\/\/sglux.de\/data-matrix\/uploads\/2017\/05\/sglux-sg01q-5-2.jpg","datePublished":"2017-05-04T12:20:24+00:00","dateModified":"2023-05-17T13:42:29+00:00","breadcrumb":{"@id":"https:\/\/sglux.de\/fr\/produit\/sg01q-5\/#breadcrumb"},"inLanguage":"fr-FR","potentialAction":[{"@type":"ReadAction","target":["https:\/\/sglux.de\/fr\/produit\/sg01q-5\/"]}]},{"@type":"ImageObject","inLanguage":"fr-FR","@id":"https:\/\/sglux.de\/fr\/produit\/sg01q-5\/#primaryimage","url":"https:\/\/sglux.de\/data-matrix\/uploads\/2017\/05\/sglux-sg01q-5-2.jpg","contentUrl":"https:\/\/sglux.de\/data-matrix\/uploads\/2017\/05\/sglux-sg01q-5-2.jpg","width":300,"height":300},{"@type":"BreadcrumbList","@id":"https:\/\/sglux.de\/fr\/produit\/sg01q-5\/#breadcrumb","itemListElement":[{"@type":"ListItem","position":1,"name":"Startseite","item":"https:\/\/sglux.de\/fr\/"},{"@type":"ListItem","position":2,"name":"Produit","item":"https:\/\/sglux.de\/fr\/produit\/"},{"@type":"ListItem","position":3,"name":"SG01Q-5"}]},{"@type":"WebSite","@id":"https:\/\/sglux.de\/fr\/#website","url":"https:\/\/sglux.de\/fr\/","name":"sglux","description":"UV is our Business","publisher":{"@id":"https:\/\/sglux.de\/fr\/#organization"},"potentialAction":[{"@type":"SearchAction","target":{"@type":"EntryPoint","urlTemplate":"https:\/\/sglux.de\/fr\/?s={search_term_string}"},"query-input":{"@type":"PropertyValueSpecification","valueRequired":true,"valueName":"search_term_string"}}],"inLanguage":"fr-FR"},{"@type":"Organization","@id":"https:\/\/sglux.de\/fr\/#organization","name":"sglux GmbH","url":"https:\/\/sglux.de\/fr\/","logo":{"@type":"ImageObject","inLanguage":"fr-FR","@id":"https:\/\/sglux.de\/fr\/#\/schema\/logo\/image\/","url":"https:\/\/sglux.de\/data-matrix\/uploads\/2024\/11\/sglux_logo_uv_senesoren_gelb.png","contentUrl":"https:\/\/sglux.de\/data-matrix\/uploads\/2024\/11\/sglux_logo_uv_senesoren_gelb.png","width":550,"height":116,"caption":"sglux GmbH"},"image":{"@id":"https:\/\/sglux.de\/fr\/#\/schema\/logo\/image\/"},"sameAs":["https:\/\/www.linkedin.com\/company\/sglux-gmbh"]}]}},"_links":{"self":[{"href":"https:\/\/sglux.de\/fr\/wp-json\/wp\/v2\/product\/4033","targetHints":{"allow":["GET"]}}],"collection":[{"href":"https:\/\/sglux.de\/fr\/wp-json\/wp\/v2\/product"}],"about":[{"href":"https:\/\/sglux.de\/fr\/wp-json\/wp\/v2\/types\/product"}],"replies":[{"embeddable":true,"href":"https:\/\/sglux.de\/fr\/wp-json\/wp\/v2\/comments?post=4033"}],"wp:featuredmedia":[{"embeddable":true,"href":"https:\/\/sglux.de\/fr\/wp-json\/wp\/v2\/media\/4036"}],"wp:attachment":[{"href":"https:\/\/sglux.de\/fr\/wp-json\/wp\/v2\/media?parent=4033"}],"wp:term":[{"taxonomy":"product_brand","embeddable":true,"href":"https:\/\/sglux.de\/fr\/wp-json\/wp\/v2\/product_brand?post=4033"},{"taxonomy":"product_cat","embeddable":true,"href":"https:\/\/sglux.de\/fr\/wp-json\/wp\/v2\/product_cat?post=4033"},{"taxonomy":"product_tag","embeddable":true,"href":"https:\/\/sglux.de\/fr\/wp-json\/wp\/v2\/product_tag?post=4033"}],"curies":[{"name":"wp","href":"https:\/\/api.w.org\/{rel}","templated":true}]}}