{"id":3908,"date":"2017-03-24T10:27:45","date_gmt":"2017-03-24T09:27:45","guid":{"rendered":"https:\/\/sglux.de\/fr\/produit\/uvrrm\/"},"modified":"2024-01-21T14:44:24","modified_gmt":"2024-01-21T13:44:24","slug":"uvrrm","status":"publish","type":"product","link":"https:\/\/sglux.de\/fr\/produit\/uvrrm\/","title":{"rendered":"UVRRM"},"content":{"rendered":"<p><a class=\"single_add_to_cart_button button right\" href=\"https:\/\/sglux.de\/download\/radiometers\/uvrrm\/UVRRM.pdf\" target=\"_blank\" rel=\"noopener noreferrer\">T\u00e9l\u00e9charger la fiche de donn\u00e9es<\/a><br \/>\n<iframe loading=\"lazy\" class=\"pdfjs-viewer\" width=\"100%\" height=\"970px\" src=\"https:\/\/sglux.de\/data-matrix\/plugins\/pdf-viewer\/stable\/web\/viewer.html?file=https:\/\/sglux.de\/download\/radiometers\/uvrrm\/UVRRM.pdf\"><\/iframe> \n","protected":false},"excerpt":{"rendered":"<ul>\n<li>radiom\u00e8tre de r\u00e9f\u00e9rence UV avec 1 ou 2 capteurs (40\u00b0 et 160\u00b0)<\/li>\n<li>optimal pour la recalibration de capteurs UV de purification de l\u2019eau conforme DVGW W 294-3:2006 \/ \u00d6NORM M5873-3:2020-01-01 \/ DIN 19294<\/li>\n<li>faible consommation<\/li>\n<li>longue dur\u00e9e de vie de la batterie<\/li>\n<li>optional avec seulement un capteur UV<\/li>\n<li>avec calibration<\/li>\n<\/ul>\n","protected":false},"featured_media":5319,"comment_status":"open","ping_status":"closed","template":"","meta":{"_acf_changed":false,"_genesis_hide_title":false,"_genesis_hide_breadcrumbs":false,"_genesis_hide_singular_image":false,"_genesis_hide_footer_widgets":false,"_genesis_custom_body_class":"","_genesis_custom_post_class":"","_genesis_layout":""},"product_brand":[],"product_cat":[140,141],"product_tag":[520,429],"class_list":{"0":"post-3908","1":"product","2":"type-product","3":"status-publish","4":"has-post-thumbnail","6":"product_cat-accessoires-sensors-fr","7":"product_cat-radiometres-uv","8":"product_tag-oenorm-fr","9":"product_tag-radiometer-fr","10":"entry","12":"first","13":"instock","14":"taxable","15":"shipping-taxable","16":"purchasable","17":"product-type-variable"},"acf":[],"yoast_head":"<!-- This site is optimized with the Yoast SEO plugin v26.6 - https:\/\/yoast.com\/wordpress\/plugins\/seo\/ -->\n<title>UVRRM | Accesoires sondes de mesures UV, Radiom\u00e8tres UV | sglux<\/title>\n<meta name=\"robots\" content=\"index, follow, max-snippet:-1, max-image-preview:large, max-video-preview:-1\" \/>\n<link rel=\"canonical\" href=\"https:\/\/sglux.de\/fr\/produit\/uvrrm\/\" \/>\n<meta property=\"og:locale\" content=\"fr_FR\" \/>\n<meta property=\"og:type\" content=\"article\" \/>\n<meta property=\"og:title\" content=\"UVRRM | Accesoires sondes de mesures UV, Radiom\u00e8tres UV | sglux\" \/>\n<meta property=\"og:description\" content=\"radiom\u00e8tre de r\u00e9f\u00e9rence UV avec 1 ou 2 capteurs (40\u00b0 et 160\u00b0) optimal pour la recalibration de capteurs UV de purification de l\u2019eau conforme DVGW W 294-3:2006 \/ \u00d6NORM M5873-3:2020-01-01 \/ DIN 19294 faible consommation longue dur\u00e9e de vie de la batterie optional avec seulement un capteur UV avec calibration\" \/>\n<meta property=\"og:url\" content=\"https:\/\/sglux.de\/fr\/produit\/uvrrm\/\" \/>\n<meta property=\"og:site_name\" content=\"sglux\" \/>\n<meta property=\"article:modified_time\" content=\"2024-01-21T13:44:24+00:00\" \/>\n<meta property=\"og:image\" content=\"https:\/\/sglux.de\/data-matrix\/uploads\/2017\/03\/sglux-uvrrm-2sens-1.jpg\" \/>\n\t<meta property=\"og:image:width\" content=\"800\" \/>\n\t<meta property=\"og:image:height\" content=\"800\" \/>\n\t<meta property=\"og:image:type\" content=\"image\/jpeg\" \/>\n<meta name=\"twitter:card\" content=\"summary_large_image\" \/>\n<script type=\"application\/ld+json\" class=\"yoast-schema-graph\">{\"@context\":\"https:\/\/schema.org\",\"@graph\":[{\"@type\":\"WebPage\",\"@id\":\"https:\/\/sglux.de\/fr\/produit\/uvrrm\/\",\"url\":\"https:\/\/sglux.de\/fr\/produit\/uvrrm\/\",\"name\":\"UVRRM | Accesoires sondes de mesures UV, Radiom\u00e8tres UV | sglux\",\"isPartOf\":{\"@id\":\"https:\/\/sglux.de\/fr\/#website\"},\"primaryImageOfPage\":{\"@id\":\"https:\/\/sglux.de\/fr\/produit\/uvrrm\/#primaryimage\"},\"image\":{\"@id\":\"https:\/\/sglux.de\/fr\/produit\/uvrrm\/#primaryimage\"},\"thumbnailUrl\":\"https:\/\/sglux.de\/data-matrix\/uploads\/2017\/03\/sglux-uvrrm-2sens-1.jpg\",\"datePublished\":\"2017-03-24T09:27:45+00:00\",\"dateModified\":\"2024-01-21T13:44:24+00:00\",\"breadcrumb\":{\"@id\":\"https:\/\/sglux.de\/fr\/produit\/uvrrm\/#breadcrumb\"},\"inLanguage\":\"fr-FR\",\"potentialAction\":[{\"@type\":\"ReadAction\",\"target\":[\"https:\/\/sglux.de\/fr\/produit\/uvrrm\/\"]}]},{\"@type\":\"ImageObject\",\"inLanguage\":\"fr-FR\",\"@id\":\"https:\/\/sglux.de\/fr\/produit\/uvrrm\/#primaryimage\",\"url\":\"https:\/\/sglux.de\/data-matrix\/uploads\/2017\/03\/sglux-uvrrm-2sens-1.jpg\",\"contentUrl\":\"https:\/\/sglux.de\/data-matrix\/uploads\/2017\/03\/sglux-uvrrm-2sens-1.jpg\",\"width\":800,\"height\":800},{\"@type\":\"BreadcrumbList\",\"@id\":\"https:\/\/sglux.de\/fr\/produit\/uvrrm\/#breadcrumb\",\"itemListElement\":[{\"@type\":\"ListItem\",\"position\":1,\"name\":\"Startseite\",\"item\":\"https:\/\/sglux.de\/fr\/\"},{\"@type\":\"ListItem\",\"position\":2,\"name\":\"Produit\",\"item\":\"https:\/\/sglux.de\/fr\/produit\/\"},{\"@type\":\"ListItem\",\"position\":3,\"name\":\"UVRRM\"}]},{\"@type\":\"WebSite\",\"@id\":\"https:\/\/sglux.de\/fr\/#website\",\"url\":\"https:\/\/sglux.de\/fr\/\",\"name\":\"sglux\",\"description\":\"UV is our Business\",\"publisher\":{\"@id\":\"https:\/\/sglux.de\/fr\/#organization\"},\"potentialAction\":[{\"@type\":\"SearchAction\",\"target\":{\"@type\":\"EntryPoint\",\"urlTemplate\":\"https:\/\/sglux.de\/fr\/?s={search_term_string}\"},\"query-input\":{\"@type\":\"PropertyValueSpecification\",\"valueRequired\":true,\"valueName\":\"search_term_string\"}}],\"inLanguage\":\"fr-FR\"},{\"@type\":\"Organization\",\"@id\":\"https:\/\/sglux.de\/fr\/#organization\",\"name\":\"sglux GmbH\",\"url\":\"https:\/\/sglux.de\/fr\/\",\"logo\":{\"@type\":\"ImageObject\",\"inLanguage\":\"fr-FR\",\"@id\":\"https:\/\/sglux.de\/fr\/#\/schema\/logo\/image\/\",\"url\":\"https:\/\/sglux.de\/data-matrix\/uploads\/2024\/11\/sglux_logo_uv_senesoren_gelb.png\",\"contentUrl\":\"https:\/\/sglux.de\/data-matrix\/uploads\/2024\/11\/sglux_logo_uv_senesoren_gelb.png\",\"width\":550,\"height\":116,\"caption\":\"sglux GmbH\"},\"image\":{\"@id\":\"https:\/\/sglux.de\/fr\/#\/schema\/logo\/image\/\"},\"sameAs\":[\"https:\/\/www.linkedin.com\/company\/sglux-gmbh\"]}]}<\/script>\n<!-- \/ Yoast SEO plugin. -->","yoast_head_json":{"title":"UVRRM | Accesoires sondes de mesures UV, Radiom\u00e8tres UV | sglux","robots":{"index":"index","follow":"follow","max-snippet":"max-snippet:-1","max-image-preview":"max-image-preview:large","max-video-preview":"max-video-preview:-1"},"canonical":"https:\/\/sglux.de\/fr\/produit\/uvrrm\/","og_locale":"fr_FR","og_type":"article","og_title":"UVRRM | Accesoires sondes de mesures UV, Radiom\u00e8tres UV | sglux","og_description":"radiom\u00e8tre de r\u00e9f\u00e9rence UV avec 1 ou 2 capteurs (40\u00b0 et 160\u00b0) optimal pour la recalibration de capteurs UV de purification de l\u2019eau conforme DVGW W 294-3:2006 \/ \u00d6NORM M5873-3:2020-01-01 \/ DIN 19294 faible consommation longue dur\u00e9e de vie de la batterie optional avec seulement un capteur UV avec calibration","og_url":"https:\/\/sglux.de\/fr\/produit\/uvrrm\/","og_site_name":"sglux","article_modified_time":"2024-01-21T13:44:24+00:00","og_image":[{"width":800,"height":800,"url":"https:\/\/sglux.de\/data-matrix\/uploads\/2017\/03\/sglux-uvrrm-2sens-1.jpg","type":"image\/jpeg"}],"twitter_card":"summary_large_image","schema":{"@context":"https:\/\/schema.org","@graph":[{"@type":"WebPage","@id":"https:\/\/sglux.de\/fr\/produit\/uvrrm\/","url":"https:\/\/sglux.de\/fr\/produit\/uvrrm\/","name":"UVRRM | Accesoires sondes de mesures UV, Radiom\u00e8tres UV | sglux","isPartOf":{"@id":"https:\/\/sglux.de\/fr\/#website"},"primaryImageOfPage":{"@id":"https:\/\/sglux.de\/fr\/produit\/uvrrm\/#primaryimage"},"image":{"@id":"https:\/\/sglux.de\/fr\/produit\/uvrrm\/#primaryimage"},"thumbnailUrl":"https:\/\/sglux.de\/data-matrix\/uploads\/2017\/03\/sglux-uvrrm-2sens-1.jpg","datePublished":"2017-03-24T09:27:45+00:00","dateModified":"2024-01-21T13:44:24+00:00","breadcrumb":{"@id":"https:\/\/sglux.de\/fr\/produit\/uvrrm\/#breadcrumb"},"inLanguage":"fr-FR","potentialAction":[{"@type":"ReadAction","target":["https:\/\/sglux.de\/fr\/produit\/uvrrm\/"]}]},{"@type":"ImageObject","inLanguage":"fr-FR","@id":"https:\/\/sglux.de\/fr\/produit\/uvrrm\/#primaryimage","url":"https:\/\/sglux.de\/data-matrix\/uploads\/2017\/03\/sglux-uvrrm-2sens-1.jpg","contentUrl":"https:\/\/sglux.de\/data-matrix\/uploads\/2017\/03\/sglux-uvrrm-2sens-1.jpg","width":800,"height":800},{"@type":"BreadcrumbList","@id":"https:\/\/sglux.de\/fr\/produit\/uvrrm\/#breadcrumb","itemListElement":[{"@type":"ListItem","position":1,"name":"Startseite","item":"https:\/\/sglux.de\/fr\/"},{"@type":"ListItem","position":2,"name":"Produit","item":"https:\/\/sglux.de\/fr\/produit\/"},{"@type":"ListItem","position":3,"name":"UVRRM"}]},{"@type":"WebSite","@id":"https:\/\/sglux.de\/fr\/#website","url":"https:\/\/sglux.de\/fr\/","name":"sglux","description":"UV is our Business","publisher":{"@id":"https:\/\/sglux.de\/fr\/#organization"},"potentialAction":[{"@type":"SearchAction","target":{"@type":"EntryPoint","urlTemplate":"https:\/\/sglux.de\/fr\/?s={search_term_string}"},"query-input":{"@type":"PropertyValueSpecification","valueRequired":true,"valueName":"search_term_string"}}],"inLanguage":"fr-FR"},{"@type":"Organization","@id":"https:\/\/sglux.de\/fr\/#organization","name":"sglux GmbH","url":"https:\/\/sglux.de\/fr\/","logo":{"@type":"ImageObject","inLanguage":"fr-FR","@id":"https:\/\/sglux.de\/fr\/#\/schema\/logo\/image\/","url":"https:\/\/sglux.de\/data-matrix\/uploads\/2024\/11\/sglux_logo_uv_senesoren_gelb.png","contentUrl":"https:\/\/sglux.de\/data-matrix\/uploads\/2024\/11\/sglux_logo_uv_senesoren_gelb.png","width":550,"height":116,"caption":"sglux GmbH"},"image":{"@id":"https:\/\/sglux.de\/fr\/#\/schema\/logo\/image\/"},"sameAs":["https:\/\/www.linkedin.com\/company\/sglux-gmbh"]}]}},"_links":{"self":[{"href":"https:\/\/sglux.de\/fr\/wp-json\/wp\/v2\/product\/3908","targetHints":{"allow":["GET"]}}],"collection":[{"href":"https:\/\/sglux.de\/fr\/wp-json\/wp\/v2\/product"}],"about":[{"href":"https:\/\/sglux.de\/fr\/wp-json\/wp\/v2\/types\/product"}],"replies":[{"embeddable":true,"href":"https:\/\/sglux.de\/fr\/wp-json\/wp\/v2\/comments?post=3908"}],"wp:featuredmedia":[{"embeddable":true,"href":"https:\/\/sglux.de\/fr\/wp-json\/wp\/v2\/media\/5319"}],"wp:attachment":[{"href":"https:\/\/sglux.de\/fr\/wp-json\/wp\/v2\/media?parent=3908"}],"wp:term":[{"taxonomy":"product_brand","embeddable":true,"href":"https:\/\/sglux.de\/fr\/wp-json\/wp\/v2\/product_brand?post=3908"},{"taxonomy":"product_cat","embeddable":true,"href":"https:\/\/sglux.de\/fr\/wp-json\/wp\/v2\/product_cat?post=3908"},{"taxonomy":"product_tag","embeddable":true,"href":"https:\/\/sglux.de\/fr\/wp-json\/wp\/v2\/product_tag?post=3908"}],"curies":[{"name":"wp","href":"https:\/\/api.w.org\/{rel}","templated":true}]}}