{"id":3691,"date":"2015-11-24T10:23:38","date_gmt":"2017-02-15T20:33:41","guid":{"rendered":"https:\/\/sglux.de\/?post_type=product&#038;p=3691\/"},"modified":"2018-12-14T12:43:21","modified_gmt":"2018-12-14T11:43:21","slug":"uv-index-photodiode-sg01l-e5","status":"publish","type":"product","link":"https:\/\/sglux.de\/fr\/produit\/uv-index-photodiode-sg01l-e5\/","title":{"rendered":"Photodiode indice UV SG01L-E5"},"content":{"rendered":"<p><a class=\"single_add_to_cart_button button right\" href=\"http:\/\/download.sglux.de\/photodiodes\/SG01L-E5.pdf\" target=\"_blank\">T\u00e9l\u00e9charger la fiche de donn\u00e9es<\/a><br \/>\n<iframe loading=\"lazy\" class=\"pdfjs-viewer\" width=\"100%\" height=\"970px\" src=\"https:\/\/sglux.de\/data-matrix\/plugins\/pdf-viewer\/stable\/web\/viewer.html?file=https:\/\/sglux.de\/download\/photodiodes\/SG01L-E5.pdf\"><\/iframe> \n","protected":false},"excerpt":{"rendered":"<ul>\n<li>photodiode UV avec filtre UV \u00e9ryth\u00e8me (UVI)<\/li>\n<li>pour des mesures d\u2019indice UV, erreur inf\u00e9rieure \u00e0 5 %<\/li>\n<li>1 UVI (2.5 \u00b5W\/cm\u00b2) produit environ 2.5 nA<\/li>\n<li>cet \u00e9l\u00e9ment n\u00e9cessite une correction de cosinus appropri\u00e9e pour r\u00e9pondre aux exigences de la norme ISO 17166<\/li>\n<li>surface de d\u00e9tecteur 1.00 mm\u00b2 <\/li>\n<li>structure TO5 encapsul\u00e9e herm\u00e9tiquement avec 1 contact isol\u00e9 et 1 contact encapsul\u00e9<\/li>\n<li>chip de photodiode UV SiC \u00e0 grande r\u00e9sistance aux radiations (d\u00e9termin\u00e9 par le PTB)<\/li>\n<\/ul>\n","protected":false},"featured_media":3299,"comment_status":"open","ping_status":"closed","template":"","meta":{"_acf_changed":false,"_genesis_hide_title":false,"_genesis_hide_breadcrumbs":false,"_genesis_hide_singular_image":false,"_genesis_hide_footer_widgets":false,"_genesis_custom_body_class":"","_genesis_custom_post_class":"","_genesis_layout":""},"product_brand":[],"product_cat":[142],"product_tag":[434],"class_list":{"0":"post-3691","1":"product","2":"type-product","3":"status-publish","4":"has-post-thumbnail","6":"product_cat-mesure-dindice-uv","7":"product_tag-uvi-fr","8":"entry","10":"first","11":"instock","12":"taxable","13":"shipping-taxable","14":"purchasable","15":"product-type-simple"},"acf":[],"yoast_head":"<!-- This site is optimized with the Yoast SEO plugin v26.6 - https:\/\/yoast.com\/wordpress\/plugins\/seo\/ -->\n<title>Photodiode indice UV SG01L-E5 | Mesure d&#039;indice UV | sglux<\/title>\n<meta name=\"robots\" content=\"index, follow, max-snippet:-1, max-image-preview:large, max-video-preview:-1\" \/>\n<link rel=\"canonical\" href=\"https:\/\/sglux.de\/fr\/produit\/uv-index-photodiode-sg01l-e5\/\" \/>\n<meta property=\"og:locale\" content=\"fr_FR\" \/>\n<meta property=\"og:type\" content=\"article\" \/>\n<meta property=\"og:title\" content=\"Photodiode indice UV SG01L-E5 | Mesure d&#039;indice UV | sglux\" \/>\n<meta property=\"og:description\" content=\"photodiode UV avec filtre UV \u00e9ryth\u00e8me (UVI) pour des mesures d\u2019indice UV, erreur inf\u00e9rieure \u00e0 5 % 1 UVI (2.5 \u00b5W\/cm\u00b2) produit environ 2.5 nA cet \u00e9l\u00e9ment n\u00e9cessite une correction de cosinus appropri\u00e9e pour r\u00e9pondre aux exigences de la norme ISO 17166 surface de d\u00e9tecteur 1.00 mm\u00b2  structure TO5 encapsul\u00e9e herm\u00e9tiquement avec 1 contact isol\u00e9 et 1 contact encapsul\u00e9 chip de photodiode UV SiC \u00e0 grande r\u00e9sistance aux radiations (d\u00e9termin\u00e9 par le PTB)\" \/>\n<meta property=\"og:url\" content=\"https:\/\/sglux.de\/fr\/produit\/uv-index-photodiode-sg01l-e5\/\" \/>\n<meta property=\"og:site_name\" content=\"sglux\" \/>\n<meta property=\"article:modified_time\" content=\"2018-12-14T11:43:21+00:00\" \/>\n<meta property=\"og:image\" content=\"https:\/\/sglux.de\/data-matrix\/uploads\/2015\/07\/sglux-sg01l-b5.jpg\" \/>\n\t<meta property=\"og:image:width\" content=\"800\" \/>\n\t<meta property=\"og:image:height\" content=\"800\" \/>\n\t<meta property=\"og:image:type\" content=\"image\/jpeg\" \/>\n<meta name=\"twitter:card\" content=\"summary_large_image\" \/>\n<script type=\"application\/ld+json\" class=\"yoast-schema-graph\">{\"@context\":\"https:\/\/schema.org\",\"@graph\":[{\"@type\":\"WebPage\",\"@id\":\"https:\/\/sglux.de\/fr\/produit\/uv-index-photodiode-sg01l-e5\/\",\"url\":\"https:\/\/sglux.de\/fr\/produit\/uv-index-photodiode-sg01l-e5\/\",\"name\":\"Photodiode indice UV SG01L-E5 | Mesure d'indice UV | sglux\",\"isPartOf\":{\"@id\":\"https:\/\/sglux.de\/fr\/#website\"},\"primaryImageOfPage\":{\"@id\":\"https:\/\/sglux.de\/fr\/produit\/uv-index-photodiode-sg01l-e5\/#primaryimage\"},\"image\":{\"@id\":\"https:\/\/sglux.de\/fr\/produit\/uv-index-photodiode-sg01l-e5\/#primaryimage\"},\"thumbnailUrl\":\"https:\/\/sglux.de\/data-matrix\/uploads\/2015\/07\/sglux-sg01l-b5.jpg\",\"datePublished\":\"2017-02-15T20:33:41+00:00\",\"dateModified\":\"2018-12-14T11:43:21+00:00\",\"breadcrumb\":{\"@id\":\"https:\/\/sglux.de\/fr\/produit\/uv-index-photodiode-sg01l-e5\/#breadcrumb\"},\"inLanguage\":\"fr-FR\",\"potentialAction\":[{\"@type\":\"ReadAction\",\"target\":[\"https:\/\/sglux.de\/fr\/produit\/uv-index-photodiode-sg01l-e5\/\"]}]},{\"@type\":\"ImageObject\",\"inLanguage\":\"fr-FR\",\"@id\":\"https:\/\/sglux.de\/fr\/produit\/uv-index-photodiode-sg01l-e5\/#primaryimage\",\"url\":\"https:\/\/sglux.de\/data-matrix\/uploads\/2015\/07\/sglux-sg01l-b5.jpg\",\"contentUrl\":\"https:\/\/sglux.de\/data-matrix\/uploads\/2015\/07\/sglux-sg01l-b5.jpg\",\"width\":800,\"height\":800},{\"@type\":\"BreadcrumbList\",\"@id\":\"https:\/\/sglux.de\/fr\/produit\/uv-index-photodiode-sg01l-e5\/#breadcrumb\",\"itemListElement\":[{\"@type\":\"ListItem\",\"position\":1,\"name\":\"Startseite\",\"item\":\"https:\/\/sglux.de\/fr\/\"},{\"@type\":\"ListItem\",\"position\":2,\"name\":\"Produit\",\"item\":\"https:\/\/sglux.de\/fr\/produit\/\"},{\"@type\":\"ListItem\",\"position\":3,\"name\":\"Photodiode indice UV SG01L-E5\"}]},{\"@type\":\"WebSite\",\"@id\":\"https:\/\/sglux.de\/fr\/#website\",\"url\":\"https:\/\/sglux.de\/fr\/\",\"name\":\"sglux\",\"description\":\"UV is our Business\",\"publisher\":{\"@id\":\"https:\/\/sglux.de\/fr\/#organization\"},\"potentialAction\":[{\"@type\":\"SearchAction\",\"target\":{\"@type\":\"EntryPoint\",\"urlTemplate\":\"https:\/\/sglux.de\/fr\/?s={search_term_string}\"},\"query-input\":{\"@type\":\"PropertyValueSpecification\",\"valueRequired\":true,\"valueName\":\"search_term_string\"}}],\"inLanguage\":\"fr-FR\"},{\"@type\":\"Organization\",\"@id\":\"https:\/\/sglux.de\/fr\/#organization\",\"name\":\"sglux GmbH\",\"url\":\"https:\/\/sglux.de\/fr\/\",\"logo\":{\"@type\":\"ImageObject\",\"inLanguage\":\"fr-FR\",\"@id\":\"https:\/\/sglux.de\/fr\/#\/schema\/logo\/image\/\",\"url\":\"https:\/\/sglux.de\/data-matrix\/uploads\/2024\/11\/sglux_logo_uv_senesoren_gelb.png\",\"contentUrl\":\"https:\/\/sglux.de\/data-matrix\/uploads\/2024\/11\/sglux_logo_uv_senesoren_gelb.png\",\"width\":550,\"height\":116,\"caption\":\"sglux GmbH\"},\"image\":{\"@id\":\"https:\/\/sglux.de\/fr\/#\/schema\/logo\/image\/\"},\"sameAs\":[\"https:\/\/www.linkedin.com\/company\/sglux-gmbh\"]}]}<\/script>\n<!-- \/ Yoast SEO plugin. -->","yoast_head_json":{"title":"Photodiode indice UV SG01L-E5 | Mesure d'indice UV | sglux","robots":{"index":"index","follow":"follow","max-snippet":"max-snippet:-1","max-image-preview":"max-image-preview:large","max-video-preview":"max-video-preview:-1"},"canonical":"https:\/\/sglux.de\/fr\/produit\/uv-index-photodiode-sg01l-e5\/","og_locale":"fr_FR","og_type":"article","og_title":"Photodiode indice UV SG01L-E5 | Mesure d'indice UV | sglux","og_description":"photodiode UV avec filtre UV \u00e9ryth\u00e8me (UVI) pour des mesures d\u2019indice UV, erreur inf\u00e9rieure \u00e0 5 % 1 UVI (2.5 \u00b5W\/cm\u00b2) produit environ 2.5 nA cet \u00e9l\u00e9ment n\u00e9cessite une correction de cosinus appropri\u00e9e pour r\u00e9pondre aux exigences de la norme ISO 17166 surface de d\u00e9tecteur 1.00 mm\u00b2  structure TO5 encapsul\u00e9e herm\u00e9tiquement avec 1 contact isol\u00e9 et 1 contact encapsul\u00e9 chip de photodiode UV SiC \u00e0 grande r\u00e9sistance aux radiations (d\u00e9termin\u00e9 par le PTB)","og_url":"https:\/\/sglux.de\/fr\/produit\/uv-index-photodiode-sg01l-e5\/","og_site_name":"sglux","article_modified_time":"2018-12-14T11:43:21+00:00","og_image":[{"width":800,"height":800,"url":"https:\/\/sglux.de\/data-matrix\/uploads\/2015\/07\/sglux-sg01l-b5.jpg","type":"image\/jpeg"}],"twitter_card":"summary_large_image","schema":{"@context":"https:\/\/schema.org","@graph":[{"@type":"WebPage","@id":"https:\/\/sglux.de\/fr\/produit\/uv-index-photodiode-sg01l-e5\/","url":"https:\/\/sglux.de\/fr\/produit\/uv-index-photodiode-sg01l-e5\/","name":"Photodiode indice UV SG01L-E5 | Mesure d'indice UV | sglux","isPartOf":{"@id":"https:\/\/sglux.de\/fr\/#website"},"primaryImageOfPage":{"@id":"https:\/\/sglux.de\/fr\/produit\/uv-index-photodiode-sg01l-e5\/#primaryimage"},"image":{"@id":"https:\/\/sglux.de\/fr\/produit\/uv-index-photodiode-sg01l-e5\/#primaryimage"},"thumbnailUrl":"https:\/\/sglux.de\/data-matrix\/uploads\/2015\/07\/sglux-sg01l-b5.jpg","datePublished":"2017-02-15T20:33:41+00:00","dateModified":"2018-12-14T11:43:21+00:00","breadcrumb":{"@id":"https:\/\/sglux.de\/fr\/produit\/uv-index-photodiode-sg01l-e5\/#breadcrumb"},"inLanguage":"fr-FR","potentialAction":[{"@type":"ReadAction","target":["https:\/\/sglux.de\/fr\/produit\/uv-index-photodiode-sg01l-e5\/"]}]},{"@type":"ImageObject","inLanguage":"fr-FR","@id":"https:\/\/sglux.de\/fr\/produit\/uv-index-photodiode-sg01l-e5\/#primaryimage","url":"https:\/\/sglux.de\/data-matrix\/uploads\/2015\/07\/sglux-sg01l-b5.jpg","contentUrl":"https:\/\/sglux.de\/data-matrix\/uploads\/2015\/07\/sglux-sg01l-b5.jpg","width":800,"height":800},{"@type":"BreadcrumbList","@id":"https:\/\/sglux.de\/fr\/produit\/uv-index-photodiode-sg01l-e5\/#breadcrumb","itemListElement":[{"@type":"ListItem","position":1,"name":"Startseite","item":"https:\/\/sglux.de\/fr\/"},{"@type":"ListItem","position":2,"name":"Produit","item":"https:\/\/sglux.de\/fr\/produit\/"},{"@type":"ListItem","position":3,"name":"Photodiode indice UV SG01L-E5"}]},{"@type":"WebSite","@id":"https:\/\/sglux.de\/fr\/#website","url":"https:\/\/sglux.de\/fr\/","name":"sglux","description":"UV is our Business","publisher":{"@id":"https:\/\/sglux.de\/fr\/#organization"},"potentialAction":[{"@type":"SearchAction","target":{"@type":"EntryPoint","urlTemplate":"https:\/\/sglux.de\/fr\/?s={search_term_string}"},"query-input":{"@type":"PropertyValueSpecification","valueRequired":true,"valueName":"search_term_string"}}],"inLanguage":"fr-FR"},{"@type":"Organization","@id":"https:\/\/sglux.de\/fr\/#organization","name":"sglux GmbH","url":"https:\/\/sglux.de\/fr\/","logo":{"@type":"ImageObject","inLanguage":"fr-FR","@id":"https:\/\/sglux.de\/fr\/#\/schema\/logo\/image\/","url":"https:\/\/sglux.de\/data-matrix\/uploads\/2024\/11\/sglux_logo_uv_senesoren_gelb.png","contentUrl":"https:\/\/sglux.de\/data-matrix\/uploads\/2024\/11\/sglux_logo_uv_senesoren_gelb.png","width":550,"height":116,"caption":"sglux GmbH"},"image":{"@id":"https:\/\/sglux.de\/fr\/#\/schema\/logo\/image\/"},"sameAs":["https:\/\/www.linkedin.com\/company\/sglux-gmbh"]}]}},"_links":{"self":[{"href":"https:\/\/sglux.de\/fr\/wp-json\/wp\/v2\/product\/3691","targetHints":{"allow":["GET"]}}],"collection":[{"href":"https:\/\/sglux.de\/fr\/wp-json\/wp\/v2\/product"}],"about":[{"href":"https:\/\/sglux.de\/fr\/wp-json\/wp\/v2\/types\/product"}],"replies":[{"embeddable":true,"href":"https:\/\/sglux.de\/fr\/wp-json\/wp\/v2\/comments?post=3691"}],"wp:featuredmedia":[{"embeddable":true,"href":"https:\/\/sglux.de\/fr\/wp-json\/wp\/v2\/media\/3299"}],"wp:attachment":[{"href":"https:\/\/sglux.de\/fr\/wp-json\/wp\/v2\/media?parent=3691"}],"wp:term":[{"taxonomy":"product_brand","embeddable":true,"href":"https:\/\/sglux.de\/fr\/wp-json\/wp\/v2\/product_brand?post=3691"},{"taxonomy":"product_cat","embeddable":true,"href":"https:\/\/sglux.de\/fr\/wp-json\/wp\/v2\/product_cat?post=3691"},{"taxonomy":"product_tag","embeddable":true,"href":"https:\/\/sglux.de\/fr\/wp-json\/wp\/v2\/product_tag?post=3691"}],"curies":[{"name":"wp","href":"https:\/\/api.w.org\/{rel}","templated":true}]}}