{"id":3653,"date":"2015-08-27T14:55:53","date_gmt":"2017-02-14T13:23:27","guid":{"rendered":"https:\/\/sglux.de\/?post_type=product&#038;p=3653\/"},"modified":"2025-05-22T10:18:52","modified_gmt":"2025-05-22T08:18:52","slug":"voltcon","status":"publish","type":"product","link":"https:\/\/sglux.de\/fr\/produit\/voltcon\/","title":{"rendered":"VOLTCON"},"content":{"rendered":"<p><a class=\"single_add_to_cart_button button right\" href=\"http:\/\/download.sglux.de\/datasheets\/Voltcon.pdf\" target=\"_blank\" rel=\"noopener noreferrer\">T\u00e9l\u00e9charger la fiche de donn\u00e9es<\/a><br \/>\n<iframe loading=\"lazy\" class=\"pdfjs-viewer\" width=\"100%\" height=\"970px\" src=\"https:\/\/sglux.de\/data-matrix\/plugins\/pdf-viewer\/stable\/web\/viewer.html?file=https:\/\/sglux.de\/download\/datasheets\/Voltcon.pdf\"><\/iframe> \n","protected":false},"excerpt":{"rendered":"<ul>\n<li>convertisseur d\u2019un photocourant en une tension de sortie 0 \u2013 5 V<\/li>\n<li>photocourant maximum: 500 \u00b5A, 5 \u00b5A, 50 nA ou 500 pA<\/li>\n<li>nouvelle version (\u00ab\u00a0advanced\u00a0\u00bb) disponible avec des caract\u00e9ristiques globalement am\u00e9lior\u00e9es (voir fiche technique). Pour les commandes r\u00e9p\u00e9t\u00e9es, il est toutefois recommand\u00e9 d&rsquo;utiliser la version \u00ab\u00a0legacy\u00a0\u00bb, car les possibilit\u00e9s de r\u00e9glage diff\u00e8rent (legacy = 0 % \u2026 -100 % vers le bas et advanced facteur 1 \u2026 5,5 vers le haut).<\/li>\n<li>existe \u00e9galement avec bo\u00eetier, alimentation et calibrage<\/li>\n<\/ul>\n","protected":false},"featured_media":3657,"comment_status":"open","ping_status":"closed","template":"","meta":{"_acf_changed":false,"_genesis_hide_title":false,"_genesis_hide_breadcrumbs":false,"_genesis_hide_singular_image":false,"_genesis_hide_footer_widgets":false,"_genesis_custom_body_class":"","_genesis_custom_post_class":"","_genesis_layout":""},"product_brand":[],"product_cat":[168],"product_tag":[],"class_list":{"0":"post-3653","1":"product","2":"type-product","3":"status-publish","4":"has-post-thumbnail","6":"product_cat-transducteurs","7":"entry","9":"first","10":"instock","11":"taxable","12":"shipping-taxable","13":"purchasable","14":"product-type-variable"},"acf":[],"yoast_head":"<!-- This site is optimized with the Yoast SEO plugin v26.6 - https:\/\/yoast.com\/wordpress\/plugins\/seo\/ -->\n<title>VOLTCON | Transducteurs de mesure pour photodiodes | sglux<\/title>\n<meta name=\"robots\" content=\"index, follow, max-snippet:-1, max-image-preview:large, max-video-preview:-1\" \/>\n<link rel=\"canonical\" href=\"https:\/\/sglux.de\/fr\/produit\/voltcon\/\" \/>\n<meta property=\"og:locale\" content=\"fr_FR\" \/>\n<meta property=\"og:type\" content=\"article\" \/>\n<meta property=\"og:title\" content=\"VOLTCON | Transducteurs de mesure pour photodiodes | sglux\" \/>\n<meta property=\"og:description\" content=\"convertisseur d\u2019un photocourant en une tension de sortie 0 \u2013 5 V photocourant maximum: 500 \u00b5A, 5 \u00b5A, 50 nA ou 500 pA nouvelle version (&quot;advanced&quot;) disponible avec des caract\u00e9ristiques globalement am\u00e9lior\u00e9es (voir fiche technique). Pour les commandes r\u00e9p\u00e9t\u00e9es, il est toutefois recommand\u00e9 d&#039;utiliser la version &quot;legacy&quot;, car les possibilit\u00e9s de r\u00e9glage diff\u00e8rent (legacy = 0 % \u2026 -100 % vers le bas et advanced facteur 1 \u2026 5,5 vers le haut). existe \u00e9galement avec bo\u00eetier, alimentation et calibrage\" \/>\n<meta property=\"og:url\" content=\"https:\/\/sglux.de\/fr\/produit\/voltcon\/\" \/>\n<meta property=\"og:site_name\" content=\"sglux\" \/>\n<meta property=\"article:modified_time\" content=\"2025-05-22T08:18:52+00:00\" \/>\n<meta property=\"og:image\" content=\"https:\/\/sglux.de\/data-matrix\/uploads\/2015\/09\/sglux-voltcon.jpg\" \/>\n\t<meta property=\"og:image:width\" content=\"800\" \/>\n\t<meta property=\"og:image:height\" content=\"800\" \/>\n\t<meta property=\"og:image:type\" content=\"image\/jpeg\" \/>\n<meta name=\"twitter:card\" content=\"summary_large_image\" \/>\n<meta name=\"twitter:label1\" content=\"Dur\u00e9e de lecture estim\u00e9e\" \/>\n\t<meta name=\"twitter:data1\" content=\"1 minute\" \/>\n<script type=\"application\/ld+json\" class=\"yoast-schema-graph\">{\"@context\":\"https:\/\/schema.org\",\"@graph\":[{\"@type\":\"WebPage\",\"@id\":\"https:\/\/sglux.de\/fr\/produit\/voltcon\/\",\"url\":\"https:\/\/sglux.de\/fr\/produit\/voltcon\/\",\"name\":\"VOLTCON | Transducteurs de mesure pour photodiodes | sglux\",\"isPartOf\":{\"@id\":\"https:\/\/sglux.de\/fr\/#website\"},\"primaryImageOfPage\":{\"@id\":\"https:\/\/sglux.de\/fr\/produit\/voltcon\/#primaryimage\"},\"image\":{\"@id\":\"https:\/\/sglux.de\/fr\/produit\/voltcon\/#primaryimage\"},\"thumbnailUrl\":\"https:\/\/sglux.de\/data-matrix\/uploads\/2015\/09\/sglux-voltcon.jpg\",\"datePublished\":\"2017-02-14T13:23:27+00:00\",\"dateModified\":\"2025-05-22T08:18:52+00:00\",\"breadcrumb\":{\"@id\":\"https:\/\/sglux.de\/fr\/produit\/voltcon\/#breadcrumb\"},\"inLanguage\":\"fr-FR\",\"potentialAction\":[{\"@type\":\"ReadAction\",\"target\":[\"https:\/\/sglux.de\/fr\/produit\/voltcon\/\"]}]},{\"@type\":\"ImageObject\",\"inLanguage\":\"fr-FR\",\"@id\":\"https:\/\/sglux.de\/fr\/produit\/voltcon\/#primaryimage\",\"url\":\"https:\/\/sglux.de\/data-matrix\/uploads\/2015\/09\/sglux-voltcon.jpg\",\"contentUrl\":\"https:\/\/sglux.de\/data-matrix\/uploads\/2015\/09\/sglux-voltcon.jpg\",\"width\":800,\"height\":800},{\"@type\":\"BreadcrumbList\",\"@id\":\"https:\/\/sglux.de\/fr\/produit\/voltcon\/#breadcrumb\",\"itemListElement\":[{\"@type\":\"ListItem\",\"position\":1,\"name\":\"Startseite\",\"item\":\"https:\/\/sglux.de\/fr\/\"},{\"@type\":\"ListItem\",\"position\":2,\"name\":\"Produit\",\"item\":\"https:\/\/sglux.de\/fr\/produit\/\"},{\"@type\":\"ListItem\",\"position\":3,\"name\":\"VOLTCON\"}]},{\"@type\":\"WebSite\",\"@id\":\"https:\/\/sglux.de\/fr\/#website\",\"url\":\"https:\/\/sglux.de\/fr\/\",\"name\":\"sglux\",\"description\":\"UV is our Business\",\"publisher\":{\"@id\":\"https:\/\/sglux.de\/fr\/#organization\"},\"potentialAction\":[{\"@type\":\"SearchAction\",\"target\":{\"@type\":\"EntryPoint\",\"urlTemplate\":\"https:\/\/sglux.de\/fr\/?s={search_term_string}\"},\"query-input\":{\"@type\":\"PropertyValueSpecification\",\"valueRequired\":true,\"valueName\":\"search_term_string\"}}],\"inLanguage\":\"fr-FR\"},{\"@type\":\"Organization\",\"@id\":\"https:\/\/sglux.de\/fr\/#organization\",\"name\":\"sglux GmbH\",\"url\":\"https:\/\/sglux.de\/fr\/\",\"logo\":{\"@type\":\"ImageObject\",\"inLanguage\":\"fr-FR\",\"@id\":\"https:\/\/sglux.de\/fr\/#\/schema\/logo\/image\/\",\"url\":\"https:\/\/sglux.de\/data-matrix\/uploads\/2024\/11\/sglux_logo_uv_senesoren_gelb.png\",\"contentUrl\":\"https:\/\/sglux.de\/data-matrix\/uploads\/2024\/11\/sglux_logo_uv_senesoren_gelb.png\",\"width\":550,\"height\":116,\"caption\":\"sglux GmbH\"},\"image\":{\"@id\":\"https:\/\/sglux.de\/fr\/#\/schema\/logo\/image\/\"},\"sameAs\":[\"https:\/\/www.linkedin.com\/company\/sglux-gmbh\"]}]}<\/script>\n<!-- \/ Yoast SEO plugin. -->","yoast_head_json":{"title":"VOLTCON | Transducteurs de mesure pour photodiodes | sglux","robots":{"index":"index","follow":"follow","max-snippet":"max-snippet:-1","max-image-preview":"max-image-preview:large","max-video-preview":"max-video-preview:-1"},"canonical":"https:\/\/sglux.de\/fr\/produit\/voltcon\/","og_locale":"fr_FR","og_type":"article","og_title":"VOLTCON | Transducteurs de mesure pour photodiodes | sglux","og_description":"convertisseur d\u2019un photocourant en une tension de sortie 0 \u2013 5 V photocourant maximum: 500 \u00b5A, 5 \u00b5A, 50 nA ou 500 pA nouvelle version (\"advanced\") disponible avec des caract\u00e9ristiques globalement am\u00e9lior\u00e9es (voir fiche technique). Pour les commandes r\u00e9p\u00e9t\u00e9es, il est toutefois recommand\u00e9 d'utiliser la version \"legacy\", car les possibilit\u00e9s de r\u00e9glage diff\u00e8rent (legacy = 0 % \u2026 -100 % vers le bas et advanced facteur 1 \u2026 5,5 vers le haut). existe \u00e9galement avec bo\u00eetier, alimentation et calibrage","og_url":"https:\/\/sglux.de\/fr\/produit\/voltcon\/","og_site_name":"sglux","article_modified_time":"2025-05-22T08:18:52+00:00","og_image":[{"width":800,"height":800,"url":"https:\/\/sglux.de\/data-matrix\/uploads\/2015\/09\/sglux-voltcon.jpg","type":"image\/jpeg"}],"twitter_card":"summary_large_image","twitter_misc":{"Dur\u00e9e de lecture estim\u00e9e":"1 minute"},"schema":{"@context":"https:\/\/schema.org","@graph":[{"@type":"WebPage","@id":"https:\/\/sglux.de\/fr\/produit\/voltcon\/","url":"https:\/\/sglux.de\/fr\/produit\/voltcon\/","name":"VOLTCON | Transducteurs de mesure pour photodiodes | sglux","isPartOf":{"@id":"https:\/\/sglux.de\/fr\/#website"},"primaryImageOfPage":{"@id":"https:\/\/sglux.de\/fr\/produit\/voltcon\/#primaryimage"},"image":{"@id":"https:\/\/sglux.de\/fr\/produit\/voltcon\/#primaryimage"},"thumbnailUrl":"https:\/\/sglux.de\/data-matrix\/uploads\/2015\/09\/sglux-voltcon.jpg","datePublished":"2017-02-14T13:23:27+00:00","dateModified":"2025-05-22T08:18:52+00:00","breadcrumb":{"@id":"https:\/\/sglux.de\/fr\/produit\/voltcon\/#breadcrumb"},"inLanguage":"fr-FR","potentialAction":[{"@type":"ReadAction","target":["https:\/\/sglux.de\/fr\/produit\/voltcon\/"]}]},{"@type":"ImageObject","inLanguage":"fr-FR","@id":"https:\/\/sglux.de\/fr\/produit\/voltcon\/#primaryimage","url":"https:\/\/sglux.de\/data-matrix\/uploads\/2015\/09\/sglux-voltcon.jpg","contentUrl":"https:\/\/sglux.de\/data-matrix\/uploads\/2015\/09\/sglux-voltcon.jpg","width":800,"height":800},{"@type":"BreadcrumbList","@id":"https:\/\/sglux.de\/fr\/produit\/voltcon\/#breadcrumb","itemListElement":[{"@type":"ListItem","position":1,"name":"Startseite","item":"https:\/\/sglux.de\/fr\/"},{"@type":"ListItem","position":2,"name":"Produit","item":"https:\/\/sglux.de\/fr\/produit\/"},{"@type":"ListItem","position":3,"name":"VOLTCON"}]},{"@type":"WebSite","@id":"https:\/\/sglux.de\/fr\/#website","url":"https:\/\/sglux.de\/fr\/","name":"sglux","description":"UV is our Business","publisher":{"@id":"https:\/\/sglux.de\/fr\/#organization"},"potentialAction":[{"@type":"SearchAction","target":{"@type":"EntryPoint","urlTemplate":"https:\/\/sglux.de\/fr\/?s={search_term_string}"},"query-input":{"@type":"PropertyValueSpecification","valueRequired":true,"valueName":"search_term_string"}}],"inLanguage":"fr-FR"},{"@type":"Organization","@id":"https:\/\/sglux.de\/fr\/#organization","name":"sglux GmbH","url":"https:\/\/sglux.de\/fr\/","logo":{"@type":"ImageObject","inLanguage":"fr-FR","@id":"https:\/\/sglux.de\/fr\/#\/schema\/logo\/image\/","url":"https:\/\/sglux.de\/data-matrix\/uploads\/2024\/11\/sglux_logo_uv_senesoren_gelb.png","contentUrl":"https:\/\/sglux.de\/data-matrix\/uploads\/2024\/11\/sglux_logo_uv_senesoren_gelb.png","width":550,"height":116,"caption":"sglux GmbH"},"image":{"@id":"https:\/\/sglux.de\/fr\/#\/schema\/logo\/image\/"},"sameAs":["https:\/\/www.linkedin.com\/company\/sglux-gmbh"]}]}},"_links":{"self":[{"href":"https:\/\/sglux.de\/fr\/wp-json\/wp\/v2\/product\/3653","targetHints":{"allow":["GET"]}}],"collection":[{"href":"https:\/\/sglux.de\/fr\/wp-json\/wp\/v2\/product"}],"about":[{"href":"https:\/\/sglux.de\/fr\/wp-json\/wp\/v2\/types\/product"}],"replies":[{"embeddable":true,"href":"https:\/\/sglux.de\/fr\/wp-json\/wp\/v2\/comments?post=3653"}],"wp:featuredmedia":[{"embeddable":true,"href":"https:\/\/sglux.de\/fr\/wp-json\/wp\/v2\/media\/3657"}],"wp:attachment":[{"href":"https:\/\/sglux.de\/fr\/wp-json\/wp\/v2\/media?parent=3653"}],"wp:term":[{"taxonomy":"product_brand","embeddable":true,"href":"https:\/\/sglux.de\/fr\/wp-json\/wp\/v2\/product_brand?post=3653"},{"taxonomy":"product_cat","embeddable":true,"href":"https:\/\/sglux.de\/fr\/wp-json\/wp\/v2\/product_cat?post=3653"},{"taxonomy":"product_tag","embeddable":true,"href":"https:\/\/sglux.de\/fr\/wp-json\/wp\/v2\/product_tag?post=3653"}],"curies":[{"name":"wp","href":"https:\/\/api.w.org\/{rel}","templated":true}]}}