{"id":3627,"date":"2015-08-27T13:58:03","date_gmt":"2017-02-14T12:31:12","guid":{"rendered":"https:\/\/sglux.de\/?post_type=product&#038;p=3627\/"},"modified":"2022-03-22T11:38:05","modified_gmt":"2022-03-22T10:38:05","slug":"sensor-monitor-5-0","status":"publish","type":"product","link":"https:\/\/sglux.de\/fr\/produit\/sensor-monitor-5-0\/","title":{"rendered":"SENSOR MONITOR 5.0"},"content":{"rendered":"<p><a class=\"single_add_to_cart_button button right\" href=\"http:\/\/download.sglux.de\/datasheets\/SensorMonitor.pdf\" target=\"_blank\" rel=\"noopener noreferrer\">T\u00e9l\u00e9charger la fiche de donn\u00e9es<\/a><br \/>\n<iframe loading=\"lazy\" class=\"pdfjs-viewer\" width=\"100%\" height=\"970px\" src=\"https:\/\/sglux.de\/data-matrix\/plugins\/pdf-viewer\/stable\/web\/viewer.html?file=https:\/\/sglux.de\/download\/datasheets\/SensorMonitor.pdf\"><\/iframe> \n","protected":false},"excerpt":{"rendered":"<ul>\n<li>Module de mesure et de contr\u00f4le pour la surveillance et l\u2019automatisation de proc\u00e9d\u00e9s d\u2019irradiation\n<\/li>\n<li>Indication des informations sur le rayonnement, la dose et l&rsquo;\u00e9tat\n<\/li>\n<li>trois relais programmables pour le pilotage d\u2019automatisations de proc\u00e9d\u00e9s d\u2019irradiation mono- ou multi-niveau\n<\/li>\n<li>deux entr\u00e9es de mesures et sortie USB\/RS232 optionnelles\n<\/li>\n<\/ul>\n","protected":false},"featured_media":3632,"comment_status":"open","ping_status":"closed","template":"","meta":{"_acf_changed":false,"_genesis_hide_title":false,"_genesis_hide_breadcrumbs":false,"_genesis_hide_singular_image":false,"_genesis_hide_footer_widgets":false,"_genesis_custom_body_class":"","_genesis_custom_post_class":"","_genesis_layout":""},"product_brand":[],"product_cat":[179,140,168],"product_tag":[],"class_list":{"0":"post-3627","1":"product","2":"type-product","3":"status-publish","4":"has-post-thumbnail","6":"product_cat-solutions-speciales","7":"product_cat-accessoires-sensors-fr","8":"product_cat-transducteurs","9":"entry","11":"first","12":"instock","13":"taxable","14":"shipping-taxable","15":"purchasable","16":"product-type-variable"},"acf":[],"yoast_head":"<!-- This site is optimized with the Yoast SEO plugin v26.6 - https:\/\/yoast.com\/wordpress\/plugins\/seo\/ -->\n<title>SENSOR MONITOR 5.0 | Solutions sp\u00e9ciales, Accesoires sondes de mesures UV, Transducteurs de mesure pour photodiodes | sglux<\/title>\n<meta name=\"robots\" content=\"index, follow, max-snippet:-1, max-image-preview:large, max-video-preview:-1\" \/>\n<link rel=\"canonical\" href=\"https:\/\/sglux.de\/fr\/produit\/sensor-monitor-5-0\/\" \/>\n<meta property=\"og:locale\" content=\"fr_FR\" \/>\n<meta property=\"og:type\" content=\"article\" \/>\n<meta property=\"og:title\" content=\"SENSOR MONITOR 5.0 | Solutions sp\u00e9ciales, Accesoires sondes de mesures UV, Transducteurs de mesure pour photodiodes | sglux\" \/>\n<meta property=\"og:description\" content=\"Module de mesure et de contr\u00f4le pour la surveillance et l\u2019automatisation de proc\u00e9d\u00e9s d\u2019irradiation  Indication des informations sur le rayonnement, la dose et l&#039;\u00e9tat  trois relais programmables pour le pilotage d\u2019automatisations de proc\u00e9d\u00e9s d\u2019irradiation mono- ou multi-niveau  deux entr\u00e9es de mesures et sortie USB\/RS232 optionnelles\" \/>\n<meta property=\"og:url\" content=\"https:\/\/sglux.de\/fr\/produit\/sensor-monitor-5-0\/\" \/>\n<meta property=\"og:site_name\" content=\"sglux\" \/>\n<meta property=\"article:modified_time\" content=\"2022-03-22T10:38:05+00:00\" \/>\n<meta property=\"og:image\" content=\"https:\/\/sglux.de\/data-matrix\/uploads\/2015\/08\/sglux-sensor-monitor.jpg\" \/>\n\t<meta property=\"og:image:width\" content=\"800\" \/>\n\t<meta property=\"og:image:height\" content=\"800\" \/>\n\t<meta property=\"og:image:type\" content=\"image\/jpeg\" \/>\n<meta name=\"twitter:card\" content=\"summary_large_image\" \/>\n<script type=\"application\/ld+json\" class=\"yoast-schema-graph\">{\"@context\":\"https:\/\/schema.org\",\"@graph\":[{\"@type\":\"WebPage\",\"@id\":\"https:\/\/sglux.de\/fr\/produit\/sensor-monitor-5-0\/\",\"url\":\"https:\/\/sglux.de\/fr\/produit\/sensor-monitor-5-0\/\",\"name\":\"SENSOR MONITOR 5.0 | Solutions sp\u00e9ciales, Accesoires sondes de mesures UV, Transducteurs de mesure pour photodiodes | sglux\",\"isPartOf\":{\"@id\":\"https:\/\/sglux.de\/fr\/#website\"},\"primaryImageOfPage\":{\"@id\":\"https:\/\/sglux.de\/fr\/produit\/sensor-monitor-5-0\/#primaryimage\"},\"image\":{\"@id\":\"https:\/\/sglux.de\/fr\/produit\/sensor-monitor-5-0\/#primaryimage\"},\"thumbnailUrl\":\"https:\/\/sglux.de\/data-matrix\/uploads\/2015\/08\/sglux-sensor-monitor.jpg\",\"datePublished\":\"2017-02-14T12:31:12+00:00\",\"dateModified\":\"2022-03-22T10:38:05+00:00\",\"breadcrumb\":{\"@id\":\"https:\/\/sglux.de\/fr\/produit\/sensor-monitor-5-0\/#breadcrumb\"},\"inLanguage\":\"fr-FR\",\"potentialAction\":[{\"@type\":\"ReadAction\",\"target\":[\"https:\/\/sglux.de\/fr\/produit\/sensor-monitor-5-0\/\"]}]},{\"@type\":\"ImageObject\",\"inLanguage\":\"fr-FR\",\"@id\":\"https:\/\/sglux.de\/fr\/produit\/sensor-monitor-5-0\/#primaryimage\",\"url\":\"https:\/\/sglux.de\/data-matrix\/uploads\/2015\/08\/sglux-sensor-monitor.jpg\",\"contentUrl\":\"https:\/\/sglux.de\/data-matrix\/uploads\/2015\/08\/sglux-sensor-monitor.jpg\",\"width\":800,\"height\":800},{\"@type\":\"BreadcrumbList\",\"@id\":\"https:\/\/sglux.de\/fr\/produit\/sensor-monitor-5-0\/#breadcrumb\",\"itemListElement\":[{\"@type\":\"ListItem\",\"position\":1,\"name\":\"Startseite\",\"item\":\"https:\/\/sglux.de\/fr\/\"},{\"@type\":\"ListItem\",\"position\":2,\"name\":\"Produit\",\"item\":\"https:\/\/sglux.de\/fr\/produit\/\"},{\"@type\":\"ListItem\",\"position\":3,\"name\":\"SENSOR MONITOR 5.0\"}]},{\"@type\":\"WebSite\",\"@id\":\"https:\/\/sglux.de\/fr\/#website\",\"url\":\"https:\/\/sglux.de\/fr\/\",\"name\":\"sglux\",\"description\":\"UV is our Business\",\"publisher\":{\"@id\":\"https:\/\/sglux.de\/fr\/#organization\"},\"potentialAction\":[{\"@type\":\"SearchAction\",\"target\":{\"@type\":\"EntryPoint\",\"urlTemplate\":\"https:\/\/sglux.de\/fr\/?s={search_term_string}\"},\"query-input\":{\"@type\":\"PropertyValueSpecification\",\"valueRequired\":true,\"valueName\":\"search_term_string\"}}],\"inLanguage\":\"fr-FR\"},{\"@type\":\"Organization\",\"@id\":\"https:\/\/sglux.de\/fr\/#organization\",\"name\":\"sglux GmbH\",\"url\":\"https:\/\/sglux.de\/fr\/\",\"logo\":{\"@type\":\"ImageObject\",\"inLanguage\":\"fr-FR\",\"@id\":\"https:\/\/sglux.de\/fr\/#\/schema\/logo\/image\/\",\"url\":\"https:\/\/sglux.de\/data-matrix\/uploads\/2024\/11\/sglux_logo_uv_senesoren_gelb.png\",\"contentUrl\":\"https:\/\/sglux.de\/data-matrix\/uploads\/2024\/11\/sglux_logo_uv_senesoren_gelb.png\",\"width\":550,\"height\":116,\"caption\":\"sglux GmbH\"},\"image\":{\"@id\":\"https:\/\/sglux.de\/fr\/#\/schema\/logo\/image\/\"},\"sameAs\":[\"https:\/\/www.linkedin.com\/company\/sglux-gmbh\"]}]}<\/script>\n<!-- \/ Yoast SEO plugin. -->","yoast_head_json":{"title":"SENSOR MONITOR 5.0 | Solutions sp\u00e9ciales, Accesoires sondes de mesures UV, Transducteurs de mesure pour photodiodes | sglux","robots":{"index":"index","follow":"follow","max-snippet":"max-snippet:-1","max-image-preview":"max-image-preview:large","max-video-preview":"max-video-preview:-1"},"canonical":"https:\/\/sglux.de\/fr\/produit\/sensor-monitor-5-0\/","og_locale":"fr_FR","og_type":"article","og_title":"SENSOR MONITOR 5.0 | Solutions sp\u00e9ciales, Accesoires sondes de mesures UV, Transducteurs de mesure pour photodiodes | sglux","og_description":"Module de mesure et de contr\u00f4le pour la surveillance et l\u2019automatisation de proc\u00e9d\u00e9s d\u2019irradiation  Indication des informations sur le rayonnement, la dose et l'\u00e9tat  trois relais programmables pour le pilotage d\u2019automatisations de proc\u00e9d\u00e9s d\u2019irradiation mono- ou multi-niveau  deux entr\u00e9es de mesures et sortie USB\/RS232 optionnelles","og_url":"https:\/\/sglux.de\/fr\/produit\/sensor-monitor-5-0\/","og_site_name":"sglux","article_modified_time":"2022-03-22T10:38:05+00:00","og_image":[{"width":800,"height":800,"url":"https:\/\/sglux.de\/data-matrix\/uploads\/2015\/08\/sglux-sensor-monitor.jpg","type":"image\/jpeg"}],"twitter_card":"summary_large_image","schema":{"@context":"https:\/\/schema.org","@graph":[{"@type":"WebPage","@id":"https:\/\/sglux.de\/fr\/produit\/sensor-monitor-5-0\/","url":"https:\/\/sglux.de\/fr\/produit\/sensor-monitor-5-0\/","name":"SENSOR MONITOR 5.0 | Solutions sp\u00e9ciales, Accesoires sondes de mesures UV, Transducteurs de mesure pour photodiodes | sglux","isPartOf":{"@id":"https:\/\/sglux.de\/fr\/#website"},"primaryImageOfPage":{"@id":"https:\/\/sglux.de\/fr\/produit\/sensor-monitor-5-0\/#primaryimage"},"image":{"@id":"https:\/\/sglux.de\/fr\/produit\/sensor-monitor-5-0\/#primaryimage"},"thumbnailUrl":"https:\/\/sglux.de\/data-matrix\/uploads\/2015\/08\/sglux-sensor-monitor.jpg","datePublished":"2017-02-14T12:31:12+00:00","dateModified":"2022-03-22T10:38:05+00:00","breadcrumb":{"@id":"https:\/\/sglux.de\/fr\/produit\/sensor-monitor-5-0\/#breadcrumb"},"inLanguage":"fr-FR","potentialAction":[{"@type":"ReadAction","target":["https:\/\/sglux.de\/fr\/produit\/sensor-monitor-5-0\/"]}]},{"@type":"ImageObject","inLanguage":"fr-FR","@id":"https:\/\/sglux.de\/fr\/produit\/sensor-monitor-5-0\/#primaryimage","url":"https:\/\/sglux.de\/data-matrix\/uploads\/2015\/08\/sglux-sensor-monitor.jpg","contentUrl":"https:\/\/sglux.de\/data-matrix\/uploads\/2015\/08\/sglux-sensor-monitor.jpg","width":800,"height":800},{"@type":"BreadcrumbList","@id":"https:\/\/sglux.de\/fr\/produit\/sensor-monitor-5-0\/#breadcrumb","itemListElement":[{"@type":"ListItem","position":1,"name":"Startseite","item":"https:\/\/sglux.de\/fr\/"},{"@type":"ListItem","position":2,"name":"Produit","item":"https:\/\/sglux.de\/fr\/produit\/"},{"@type":"ListItem","position":3,"name":"SENSOR MONITOR 5.0"}]},{"@type":"WebSite","@id":"https:\/\/sglux.de\/fr\/#website","url":"https:\/\/sglux.de\/fr\/","name":"sglux","description":"UV is our Business","publisher":{"@id":"https:\/\/sglux.de\/fr\/#organization"},"potentialAction":[{"@type":"SearchAction","target":{"@type":"EntryPoint","urlTemplate":"https:\/\/sglux.de\/fr\/?s={search_term_string}"},"query-input":{"@type":"PropertyValueSpecification","valueRequired":true,"valueName":"search_term_string"}}],"inLanguage":"fr-FR"},{"@type":"Organization","@id":"https:\/\/sglux.de\/fr\/#organization","name":"sglux GmbH","url":"https:\/\/sglux.de\/fr\/","logo":{"@type":"ImageObject","inLanguage":"fr-FR","@id":"https:\/\/sglux.de\/fr\/#\/schema\/logo\/image\/","url":"https:\/\/sglux.de\/data-matrix\/uploads\/2024\/11\/sglux_logo_uv_senesoren_gelb.png","contentUrl":"https:\/\/sglux.de\/data-matrix\/uploads\/2024\/11\/sglux_logo_uv_senesoren_gelb.png","width":550,"height":116,"caption":"sglux GmbH"},"image":{"@id":"https:\/\/sglux.de\/fr\/#\/schema\/logo\/image\/"},"sameAs":["https:\/\/www.linkedin.com\/company\/sglux-gmbh"]}]}},"_links":{"self":[{"href":"https:\/\/sglux.de\/fr\/wp-json\/wp\/v2\/product\/3627","targetHints":{"allow":["GET"]}}],"collection":[{"href":"https:\/\/sglux.de\/fr\/wp-json\/wp\/v2\/product"}],"about":[{"href":"https:\/\/sglux.de\/fr\/wp-json\/wp\/v2\/types\/product"}],"replies":[{"embeddable":true,"href":"https:\/\/sglux.de\/fr\/wp-json\/wp\/v2\/comments?post=3627"}],"wp:featuredmedia":[{"embeddable":true,"href":"https:\/\/sglux.de\/fr\/wp-json\/wp\/v2\/media\/3632"}],"wp:attachment":[{"href":"https:\/\/sglux.de\/fr\/wp-json\/wp\/v2\/media?parent=3627"}],"wp:term":[{"taxonomy":"product_brand","embeddable":true,"href":"https:\/\/sglux.de\/fr\/wp-json\/wp\/v2\/product_brand?post=3627"},{"taxonomy":"product_cat","embeddable":true,"href":"https:\/\/sglux.de\/fr\/wp-json\/wp\/v2\/product_cat?post=3627"},{"taxonomy":"product_tag","embeddable":true,"href":"https:\/\/sglux.de\/fr\/wp-json\/wp\/v2\/product_tag?post=3627"}],"curies":[{"name":"wp","href":"https:\/\/api.w.org\/{rel}","templated":true}]}}