{"id":3540,"date":"2015-06-28T23:05:30","date_gmt":"2015-06-28T21:05:30","guid":{"rendered":"https:\/\/sglux.de\/?post_type=product&#038;p=3540\/"},"modified":"2026-02-05T12:18:51","modified_gmt":"2026-02-05T11:18:51","slug":"uv-water-ptfe","status":"publish","type":"product","link":"https:\/\/sglux.de\/fr\/produit\/uv-water-ptfe\/","title":{"rendered":"UV-Water-PTFE"},"content":{"rendered":"<p><a class=\"single_add_to_cart_button button right\" href=\"https:\/\/download.sglux.de\/datasheets\/UV-Water-PTFE.pdf\" target=\"_blank\" rel=\"noopener noreferrer\">T\u00e9l\u00e9charger la fiche de donn\u00e9es<\/a><br \/>\n<iframe loading=\"lazy\" class=\"pdfjs-viewer\" width=\"100%\" height=\"970px\" src=\"https:\/\/sglux.de\/data-matrix\/plugins\/pdf-viewer\/stable\/web\/viewer.html?file=https:\/\/sglux.de\/download\/datasheets\/UV-Water-PTFE.pdf\"><\/iframe> \n","protected":false},"excerpt":{"rendered":"<ul>\n<li>Capteur UV r\u00e9sistant \u00e0 une pression d\u2019eau de 10 bar avec un filetage G1\/4\u201d, pour des lampes \u00e0 basse pression.<\/li>\n<li>Types de sortie de signal: tension de 0 \u00e0 5 V ou 0 \u00e0 10 V, courant de 4 \u00e0 20 mA, interface de bus USB ou Modbus et pour la connexion \u00e0 un appareil Android (application incluse)<\/li>\n<li>Disponible avec une calibration tra\u00e7able PTB<\/li>\n<\/ul>\n","protected":false},"featured_media":3541,"comment_status":"open","ping_status":"closed","template":"","meta":{"_acf_changed":false,"_genesis_hide_title":false,"_genesis_hide_breadcrumbs":false,"_genesis_hide_singular_image":false,"_genesis_hide_footer_widgets":false,"_genesis_custom_body_class":"","_genesis_custom_post_class":"","_genesis_layout":""},"product_brand":[],"product_cat":[165],"product_tag":[430],"class_list":{"0":"post-3540","1":"product","2":"type-product","3":"status-publish","4":"has-post-thumbnail","6":"product_cat-sondes-de-mesure-uv","7":"product_tag-sensors-fr","8":"entry","10":"first","11":"instock","12":"taxable","13":"shipping-taxable","14":"purchasable","15":"product-type-variable"},"acf":[],"yoast_head":"<!-- This site is optimized with the Yoast SEO plugin v26.6 - https:\/\/yoast.com\/wordpress\/plugins\/seo\/ -->\n<title>UV-Water-PTFE | Sondes de mesure UV | sglux<\/title>\n<meta name=\"robots\" content=\"index, follow, max-snippet:-1, max-image-preview:large, max-video-preview:-1\" \/>\n<link rel=\"canonical\" href=\"https:\/\/sglux.de\/fr\/produit\/uv-water-ptfe\/\" \/>\n<meta property=\"og:locale\" content=\"fr_FR\" \/>\n<meta property=\"og:type\" content=\"article\" \/>\n<meta property=\"og:title\" content=\"UV-Water-PTFE | Sondes de mesure UV | sglux\" \/>\n<meta property=\"og:description\" content=\"Capteur UV r\u00e9sistant \u00e0 une pression d\u2019eau de 10 bar avec un filetage G1\/4\u201d, pour des lampes \u00e0 basse pression. Types de sortie de signal: tension de 0 \u00e0 5 V ou 0 \u00e0 10 V, courant de 4 \u00e0 20 mA, interface de bus USB ou Modbus et pour la connexion \u00e0 un appareil Android (application incluse) Disponible avec une calibration tra\u00e7able PTB\" \/>\n<meta property=\"og:url\" content=\"https:\/\/sglux.de\/fr\/produit\/uv-water-ptfe\/\" \/>\n<meta property=\"og:site_name\" content=\"sglux\" \/>\n<meta property=\"article:modified_time\" content=\"2026-02-05T11:18:51+00:00\" \/>\n<meta property=\"og:image\" content=\"https:\/\/sglux.de\/data-matrix\/uploads\/2015\/06\/sglux-uv-water-ptfe.jpg\" \/>\n\t<meta property=\"og:image:width\" content=\"800\" \/>\n\t<meta property=\"og:image:height\" content=\"800\" \/>\n\t<meta property=\"og:image:type\" content=\"image\/jpeg\" \/>\n<meta name=\"twitter:card\" content=\"summary_large_image\" \/>\n<script type=\"application\/ld+json\" class=\"yoast-schema-graph\">{\"@context\":\"https:\/\/schema.org\",\"@graph\":[{\"@type\":\"WebPage\",\"@id\":\"https:\/\/sglux.de\/fr\/produit\/uv-water-ptfe\/\",\"url\":\"https:\/\/sglux.de\/fr\/produit\/uv-water-ptfe\/\",\"name\":\"UV-Water-PTFE | Sondes de mesure UV | sglux\",\"isPartOf\":{\"@id\":\"https:\/\/sglux.de\/fr\/#website\"},\"primaryImageOfPage\":{\"@id\":\"https:\/\/sglux.de\/fr\/produit\/uv-water-ptfe\/#primaryimage\"},\"image\":{\"@id\":\"https:\/\/sglux.de\/fr\/produit\/uv-water-ptfe\/#primaryimage\"},\"thumbnailUrl\":\"https:\/\/sglux.de\/data-matrix\/uploads\/2015\/06\/sglux-uv-water-ptfe.jpg\",\"datePublished\":\"2015-06-28T21:05:30+00:00\",\"dateModified\":\"2026-02-05T11:18:51+00:00\",\"breadcrumb\":{\"@id\":\"https:\/\/sglux.de\/fr\/produit\/uv-water-ptfe\/#breadcrumb\"},\"inLanguage\":\"fr-FR\",\"potentialAction\":[{\"@type\":\"ReadAction\",\"target\":[\"https:\/\/sglux.de\/fr\/produit\/uv-water-ptfe\/\"]}]},{\"@type\":\"ImageObject\",\"inLanguage\":\"fr-FR\",\"@id\":\"https:\/\/sglux.de\/fr\/produit\/uv-water-ptfe\/#primaryimage\",\"url\":\"https:\/\/sglux.de\/data-matrix\/uploads\/2015\/06\/sglux-uv-water-ptfe.jpg\",\"contentUrl\":\"https:\/\/sglux.de\/data-matrix\/uploads\/2015\/06\/sglux-uv-water-ptfe.jpg\",\"width\":800,\"height\":800},{\"@type\":\"BreadcrumbList\",\"@id\":\"https:\/\/sglux.de\/fr\/produit\/uv-water-ptfe\/#breadcrumb\",\"itemListElement\":[{\"@type\":\"ListItem\",\"position\":1,\"name\":\"Startseite\",\"item\":\"https:\/\/sglux.de\/fr\/\"},{\"@type\":\"ListItem\",\"position\":2,\"name\":\"Produit\",\"item\":\"https:\/\/sglux.de\/fr\/produit\/\"},{\"@type\":\"ListItem\",\"position\":3,\"name\":\"UV-Water-PTFE\"}]},{\"@type\":\"WebSite\",\"@id\":\"https:\/\/sglux.de\/fr\/#website\",\"url\":\"https:\/\/sglux.de\/fr\/\",\"name\":\"sglux\",\"description\":\"UV is our Business\",\"publisher\":{\"@id\":\"https:\/\/sglux.de\/fr\/#organization\"},\"potentialAction\":[{\"@type\":\"SearchAction\",\"target\":{\"@type\":\"EntryPoint\",\"urlTemplate\":\"https:\/\/sglux.de\/fr\/?s={search_term_string}\"},\"query-input\":{\"@type\":\"PropertyValueSpecification\",\"valueRequired\":true,\"valueName\":\"search_term_string\"}}],\"inLanguage\":\"fr-FR\"},{\"@type\":\"Organization\",\"@id\":\"https:\/\/sglux.de\/fr\/#organization\",\"name\":\"sglux GmbH\",\"url\":\"https:\/\/sglux.de\/fr\/\",\"logo\":{\"@type\":\"ImageObject\",\"inLanguage\":\"fr-FR\",\"@id\":\"https:\/\/sglux.de\/fr\/#\/schema\/logo\/image\/\",\"url\":\"https:\/\/sglux.de\/data-matrix\/uploads\/2024\/11\/sglux_logo_uv_senesoren_gelb.png\",\"contentUrl\":\"https:\/\/sglux.de\/data-matrix\/uploads\/2024\/11\/sglux_logo_uv_senesoren_gelb.png\",\"width\":550,\"height\":116,\"caption\":\"sglux GmbH\"},\"image\":{\"@id\":\"https:\/\/sglux.de\/fr\/#\/schema\/logo\/image\/\"},\"sameAs\":[\"https:\/\/www.linkedin.com\/company\/sglux-gmbh\"]}]}<\/script>\n<!-- \/ Yoast SEO plugin. -->","yoast_head_json":{"title":"UV-Water-PTFE | Sondes de mesure UV | sglux","robots":{"index":"index","follow":"follow","max-snippet":"max-snippet:-1","max-image-preview":"max-image-preview:large","max-video-preview":"max-video-preview:-1"},"canonical":"https:\/\/sglux.de\/fr\/produit\/uv-water-ptfe\/","og_locale":"fr_FR","og_type":"article","og_title":"UV-Water-PTFE | Sondes de mesure UV | sglux","og_description":"Capteur UV r\u00e9sistant \u00e0 une pression d\u2019eau de 10 bar avec un filetage G1\/4\u201d, pour des lampes \u00e0 basse pression. Types de sortie de signal: tension de 0 \u00e0 5 V ou 0 \u00e0 10 V, courant de 4 \u00e0 20 mA, interface de bus USB ou Modbus et pour la connexion \u00e0 un appareil Android (application incluse) Disponible avec une calibration tra\u00e7able PTB","og_url":"https:\/\/sglux.de\/fr\/produit\/uv-water-ptfe\/","og_site_name":"sglux","article_modified_time":"2026-02-05T11:18:51+00:00","og_image":[{"width":800,"height":800,"url":"https:\/\/sglux.de\/data-matrix\/uploads\/2015\/06\/sglux-uv-water-ptfe.jpg","type":"image\/jpeg"}],"twitter_card":"summary_large_image","schema":{"@context":"https:\/\/schema.org","@graph":[{"@type":"WebPage","@id":"https:\/\/sglux.de\/fr\/produit\/uv-water-ptfe\/","url":"https:\/\/sglux.de\/fr\/produit\/uv-water-ptfe\/","name":"UV-Water-PTFE | Sondes de mesure UV | sglux","isPartOf":{"@id":"https:\/\/sglux.de\/fr\/#website"},"primaryImageOfPage":{"@id":"https:\/\/sglux.de\/fr\/produit\/uv-water-ptfe\/#primaryimage"},"image":{"@id":"https:\/\/sglux.de\/fr\/produit\/uv-water-ptfe\/#primaryimage"},"thumbnailUrl":"https:\/\/sglux.de\/data-matrix\/uploads\/2015\/06\/sglux-uv-water-ptfe.jpg","datePublished":"2015-06-28T21:05:30+00:00","dateModified":"2026-02-05T11:18:51+00:00","breadcrumb":{"@id":"https:\/\/sglux.de\/fr\/produit\/uv-water-ptfe\/#breadcrumb"},"inLanguage":"fr-FR","potentialAction":[{"@type":"ReadAction","target":["https:\/\/sglux.de\/fr\/produit\/uv-water-ptfe\/"]}]},{"@type":"ImageObject","inLanguage":"fr-FR","@id":"https:\/\/sglux.de\/fr\/produit\/uv-water-ptfe\/#primaryimage","url":"https:\/\/sglux.de\/data-matrix\/uploads\/2015\/06\/sglux-uv-water-ptfe.jpg","contentUrl":"https:\/\/sglux.de\/data-matrix\/uploads\/2015\/06\/sglux-uv-water-ptfe.jpg","width":800,"height":800},{"@type":"BreadcrumbList","@id":"https:\/\/sglux.de\/fr\/produit\/uv-water-ptfe\/#breadcrumb","itemListElement":[{"@type":"ListItem","position":1,"name":"Startseite","item":"https:\/\/sglux.de\/fr\/"},{"@type":"ListItem","position":2,"name":"Produit","item":"https:\/\/sglux.de\/fr\/produit\/"},{"@type":"ListItem","position":3,"name":"UV-Water-PTFE"}]},{"@type":"WebSite","@id":"https:\/\/sglux.de\/fr\/#website","url":"https:\/\/sglux.de\/fr\/","name":"sglux","description":"UV is our Business","publisher":{"@id":"https:\/\/sglux.de\/fr\/#organization"},"potentialAction":[{"@type":"SearchAction","target":{"@type":"EntryPoint","urlTemplate":"https:\/\/sglux.de\/fr\/?s={search_term_string}"},"query-input":{"@type":"PropertyValueSpecification","valueRequired":true,"valueName":"search_term_string"}}],"inLanguage":"fr-FR"},{"@type":"Organization","@id":"https:\/\/sglux.de\/fr\/#organization","name":"sglux GmbH","url":"https:\/\/sglux.de\/fr\/","logo":{"@type":"ImageObject","inLanguage":"fr-FR","@id":"https:\/\/sglux.de\/fr\/#\/schema\/logo\/image\/","url":"https:\/\/sglux.de\/data-matrix\/uploads\/2024\/11\/sglux_logo_uv_senesoren_gelb.png","contentUrl":"https:\/\/sglux.de\/data-matrix\/uploads\/2024\/11\/sglux_logo_uv_senesoren_gelb.png","width":550,"height":116,"caption":"sglux GmbH"},"image":{"@id":"https:\/\/sglux.de\/fr\/#\/schema\/logo\/image\/"},"sameAs":["https:\/\/www.linkedin.com\/company\/sglux-gmbh"]}]}},"_links":{"self":[{"href":"https:\/\/sglux.de\/fr\/wp-json\/wp\/v2\/product\/3540","targetHints":{"allow":["GET"]}}],"collection":[{"href":"https:\/\/sglux.de\/fr\/wp-json\/wp\/v2\/product"}],"about":[{"href":"https:\/\/sglux.de\/fr\/wp-json\/wp\/v2\/types\/product"}],"replies":[{"embeddable":true,"href":"https:\/\/sglux.de\/fr\/wp-json\/wp\/v2\/comments?post=3540"}],"wp:featuredmedia":[{"embeddable":true,"href":"https:\/\/sglux.de\/fr\/wp-json\/wp\/v2\/media\/3541"}],"wp:attachment":[{"href":"https:\/\/sglux.de\/fr\/wp-json\/wp\/v2\/media?parent=3540"}],"wp:term":[{"taxonomy":"product_brand","embeddable":true,"href":"https:\/\/sglux.de\/fr\/wp-json\/wp\/v2\/product_brand?post=3540"},{"taxonomy":"product_cat","embeddable":true,"href":"https:\/\/sglux.de\/fr\/wp-json\/wp\/v2\/product_cat?post=3540"},{"taxonomy":"product_tag","embeddable":true,"href":"https:\/\/sglux.de\/fr\/wp-json\/wp\/v2\/product_tag?post=3540"}],"curies":[{"name":"wp","href":"https:\/\/api.w.org\/{rel}","templated":true}]}}