{"id":3518,"date":"2015-07-09T12:20:25","date_gmt":"2017-02-13T21:38:59","guid":{"rendered":"https:\/\/sglux.de\/?post_type=product&#038;p=3518\/"},"modified":"2025-05-16T12:27:07","modified_gmt":"2025-05-16T10:27:07","slug":"tocon_abc1","status":"publish","type":"product","link":"https:\/\/sglux.de\/fr\/produit\/tocon_abc1\/","title":{"rendered":"TOCON_ABC1"},"content":{"rendered":"<p><a class=\"single_add_to_cart_button button right\" href=\"http:\/\/download.sglux.de\/tocons\/TOCON_ABC1.pdf\" target=\"_blank\" rel=\"noopener noreferrer\">T\u00e9l\u00e9charger la fiche de donn\u00e9es<\/a><br \/>\n<iframe loading=\"lazy\" class=\"pdfjs-viewer\" width=\"100%\" height=\"970px\" src=\"https:\/\/sglux.de\/data-matrix\/plugins\/pdf-viewer\/stable\/web\/viewer.html?file=https:\/\/sglux.de\/download\/tocons\/TOCON_ABC1.pdf\"><\/iframe> \n","protected":false},"excerpt":{"rendered":"<ul>\n<li>photod\u00e9tecteur \u00e0 large bande UV (UVA+UVB+UVC) avec amplificateur int\u00e9gr\u00e9<\/li>\n<li>d\u00e9tection de flammes d&rsquo;hydrocarbures et des flammes d&rsquo;hydrog\u00e8ne selon EN298<\/li>\n<li>structure TO5 encapsul\u00e9e herm\u00e9tiquement avec lentille<\/li>\n<li>signal de sortie 0 &#8230; 5 V<\/li>\n<li>radiation maximale (limite de saturation) \u00e0 280 nm (sensibilit\u00e9 du pic) d\u2019environ 18 nW\/cm\u00b2<\/li>\n<li>radiation minimale d\u2019environ 1,8 pW\/cm\u00b2<\/li>\n<li>remplace les mod\u00e8les UV10.T2E.10L et UV10.SF, obsol\u00e8tes<\/li>\n<li>remplacement des capteurs d\u00e9charge \u00e9lectrique<\/li>\n<li>Nous serions heureux de vous aider dans votre analyse des modes de d\u00e9faillance et de leurs effets (FMEA). Contactez nous s&rsquo;il vous plait.<\/li>\n<\/ul>\n","protected":false},"featured_media":3519,"comment_status":"open","ping_status":"closed","template":"","meta":{"_acf_changed":false,"_genesis_hide_title":false,"_genesis_hide_breadcrumbs":false,"_genesis_hide_singular_image":false,"_genesis_hide_footer_widgets":false,"_genesis_custom_body_class":"","_genesis_custom_post_class":"","_genesis_layout":""},"product_brand":[],"product_cat":[153,317,161],"product_tag":[452],"class_list":{"0":"post-3518","1":"product","2":"type-product","3":"status-publish","4":"has-post-thumbnail","6":"product_cat-tocons-uv-sic-fr","7":"product_cat-tocons-pour-la-detection-des-flammes-et-des-incendies","8":"product_cat-large-bande-uv-tocons-fr","9":"product_tag-flame-fr","10":"entry","12":"first","13":"instock","14":"taxable","15":"shipping-taxable","16":"purchasable","17":"product-type-simple"},"acf":[],"yoast_head":"<!-- This site is optimized with the Yoast SEO plugin v26.6 - https:\/\/yoast.com\/wordpress\/plugins\/seo\/ -->\n<title>TOCON_ABC1 | TOCONs UV, TOCONs pour la d\u00e9tection des flammes et des incendies, Large bande UV | sglux<\/title>\n<meta name=\"robots\" content=\"index, follow, max-snippet:-1, max-image-preview:large, max-video-preview:-1\" \/>\n<link rel=\"canonical\" href=\"https:\/\/sglux.de\/fr\/produit\/tocon_abc1\/\" \/>\n<meta property=\"og:locale\" content=\"fr_FR\" \/>\n<meta property=\"og:type\" content=\"article\" \/>\n<meta property=\"og:title\" content=\"TOCON_ABC1 | TOCONs UV, TOCONs pour la d\u00e9tection des flammes et des incendies, Large bande UV | sglux\" \/>\n<meta property=\"og:description\" content=\"photod\u00e9tecteur \u00e0 large bande UV (UVA+UVB+UVC) avec amplificateur int\u00e9gr\u00e9  d\u00e9tection de flammes d&#039;hydrocarbures et des flammes d&#039;hydrog\u00e8ne selon EN298  structure TO5 encapsul\u00e9e herm\u00e9tiquement avec lentille  signal de sortie 0 ... 5 V  radiation maximale (limite de saturation) \u00e0 280 nm (sensibilit\u00e9 du pic) d\u2019environ 18 nW\/cm\u00b2  radiation minimale d\u2019environ 1,8 pW\/cm\u00b2  remplace les mod\u00e8les UV10.T2E.10L et UV10.SF, obsol\u00e8tes  remplacement des capteurs d\u00e9charge \u00e9lectrique  Nous serions heureux de vous aider dans votre analyse des modes de d\u00e9faillance et de leurs effets (FMEA). Contactez nous s&#039;il vous plait.\" \/>\n<meta property=\"og:url\" content=\"https:\/\/sglux.de\/fr\/produit\/tocon_abc1\/\" \/>\n<meta property=\"og:site_name\" content=\"sglux\" \/>\n<meta property=\"article:modified_time\" content=\"2025-05-16T10:27:07+00:00\" \/>\n<meta property=\"og:image\" content=\"https:\/\/sglux.de\/data-matrix\/uploads\/2015\/07\/sglux-tocon-abc1.jpg\" \/>\n\t<meta property=\"og:image:width\" content=\"800\" \/>\n\t<meta property=\"og:image:height\" content=\"800\" \/>\n\t<meta property=\"og:image:type\" content=\"image\/jpeg\" \/>\n<meta name=\"twitter:card\" content=\"summary_large_image\" \/>\n<meta name=\"twitter:label1\" content=\"Dur\u00e9e de lecture estim\u00e9e\" \/>\n\t<meta name=\"twitter:data1\" content=\"1 minute\" \/>\n<script type=\"application\/ld+json\" class=\"yoast-schema-graph\">{\"@context\":\"https:\/\/schema.org\",\"@graph\":[{\"@type\":\"WebPage\",\"@id\":\"https:\/\/sglux.de\/fr\/produit\/tocon_abc1\/\",\"url\":\"https:\/\/sglux.de\/fr\/produit\/tocon_abc1\/\",\"name\":\"TOCON_ABC1 | TOCONs UV, TOCONs pour la d\u00e9tection des flammes et des incendies, Large bande UV | sglux\",\"isPartOf\":{\"@id\":\"https:\/\/sglux.de\/fr\/#website\"},\"primaryImageOfPage\":{\"@id\":\"https:\/\/sglux.de\/fr\/produit\/tocon_abc1\/#primaryimage\"},\"image\":{\"@id\":\"https:\/\/sglux.de\/fr\/produit\/tocon_abc1\/#primaryimage\"},\"thumbnailUrl\":\"https:\/\/sglux.de\/data-matrix\/uploads\/2015\/07\/sglux-tocon-abc1.jpg\",\"datePublished\":\"2017-02-13T21:38:59+00:00\",\"dateModified\":\"2025-05-16T10:27:07+00:00\",\"breadcrumb\":{\"@id\":\"https:\/\/sglux.de\/fr\/produit\/tocon_abc1\/#breadcrumb\"},\"inLanguage\":\"fr-FR\",\"potentialAction\":[{\"@type\":\"ReadAction\",\"target\":[\"https:\/\/sglux.de\/fr\/produit\/tocon_abc1\/\"]}]},{\"@type\":\"ImageObject\",\"inLanguage\":\"fr-FR\",\"@id\":\"https:\/\/sglux.de\/fr\/produit\/tocon_abc1\/#primaryimage\",\"url\":\"https:\/\/sglux.de\/data-matrix\/uploads\/2015\/07\/sglux-tocon-abc1.jpg\",\"contentUrl\":\"https:\/\/sglux.de\/data-matrix\/uploads\/2015\/07\/sglux-tocon-abc1.jpg\",\"width\":800,\"height\":800},{\"@type\":\"BreadcrumbList\",\"@id\":\"https:\/\/sglux.de\/fr\/produit\/tocon_abc1\/#breadcrumb\",\"itemListElement\":[{\"@type\":\"ListItem\",\"position\":1,\"name\":\"Startseite\",\"item\":\"https:\/\/sglux.de\/fr\/\"},{\"@type\":\"ListItem\",\"position\":2,\"name\":\"Produit\",\"item\":\"https:\/\/sglux.de\/fr\/produit\/\"},{\"@type\":\"ListItem\",\"position\":3,\"name\":\"TOCON_ABC1\"}]},{\"@type\":\"WebSite\",\"@id\":\"https:\/\/sglux.de\/fr\/#website\",\"url\":\"https:\/\/sglux.de\/fr\/\",\"name\":\"sglux\",\"description\":\"UV is our Business\",\"publisher\":{\"@id\":\"https:\/\/sglux.de\/fr\/#organization\"},\"potentialAction\":[{\"@type\":\"SearchAction\",\"target\":{\"@type\":\"EntryPoint\",\"urlTemplate\":\"https:\/\/sglux.de\/fr\/?s={search_term_string}\"},\"query-input\":{\"@type\":\"PropertyValueSpecification\",\"valueRequired\":true,\"valueName\":\"search_term_string\"}}],\"inLanguage\":\"fr-FR\"},{\"@type\":\"Organization\",\"@id\":\"https:\/\/sglux.de\/fr\/#organization\",\"name\":\"sglux GmbH\",\"url\":\"https:\/\/sglux.de\/fr\/\",\"logo\":{\"@type\":\"ImageObject\",\"inLanguage\":\"fr-FR\",\"@id\":\"https:\/\/sglux.de\/fr\/#\/schema\/logo\/image\/\",\"url\":\"https:\/\/sglux.de\/data-matrix\/uploads\/2024\/11\/sglux_logo_uv_senesoren_gelb.png\",\"contentUrl\":\"https:\/\/sglux.de\/data-matrix\/uploads\/2024\/11\/sglux_logo_uv_senesoren_gelb.png\",\"width\":550,\"height\":116,\"caption\":\"sglux GmbH\"},\"image\":{\"@id\":\"https:\/\/sglux.de\/fr\/#\/schema\/logo\/image\/\"},\"sameAs\":[\"https:\/\/www.linkedin.com\/company\/sglux-gmbh\"]}]}<\/script>\n<!-- \/ Yoast SEO plugin. -->","yoast_head_json":{"title":"TOCON_ABC1 | TOCONs UV, TOCONs pour la d\u00e9tection des flammes et des incendies, Large bande UV | sglux","robots":{"index":"index","follow":"follow","max-snippet":"max-snippet:-1","max-image-preview":"max-image-preview:large","max-video-preview":"max-video-preview:-1"},"canonical":"https:\/\/sglux.de\/fr\/produit\/tocon_abc1\/","og_locale":"fr_FR","og_type":"article","og_title":"TOCON_ABC1 | TOCONs UV, TOCONs pour la d\u00e9tection des flammes et des incendies, Large bande UV | sglux","og_description":"photod\u00e9tecteur \u00e0 large bande UV (UVA+UVB+UVC) avec amplificateur int\u00e9gr\u00e9  d\u00e9tection de flammes d'hydrocarbures et des flammes d'hydrog\u00e8ne selon EN298  structure TO5 encapsul\u00e9e herm\u00e9tiquement avec lentille  signal de sortie 0 ... 5 V  radiation maximale (limite de saturation) \u00e0 280 nm (sensibilit\u00e9 du pic) d\u2019environ 18 nW\/cm\u00b2  radiation minimale d\u2019environ 1,8 pW\/cm\u00b2  remplace les mod\u00e8les UV10.T2E.10L et UV10.SF, obsol\u00e8tes  remplacement des capteurs d\u00e9charge \u00e9lectrique  Nous serions heureux de vous aider dans votre analyse des modes de d\u00e9faillance et de leurs effets (FMEA). Contactez nous s'il vous plait.","og_url":"https:\/\/sglux.de\/fr\/produit\/tocon_abc1\/","og_site_name":"sglux","article_modified_time":"2025-05-16T10:27:07+00:00","og_image":[{"width":800,"height":800,"url":"https:\/\/sglux.de\/data-matrix\/uploads\/2015\/07\/sglux-tocon-abc1.jpg","type":"image\/jpeg"}],"twitter_card":"summary_large_image","twitter_misc":{"Dur\u00e9e de lecture estim\u00e9e":"1 minute"},"schema":{"@context":"https:\/\/schema.org","@graph":[{"@type":"WebPage","@id":"https:\/\/sglux.de\/fr\/produit\/tocon_abc1\/","url":"https:\/\/sglux.de\/fr\/produit\/tocon_abc1\/","name":"TOCON_ABC1 | TOCONs UV, TOCONs pour la d\u00e9tection des flammes et des incendies, Large bande UV | sglux","isPartOf":{"@id":"https:\/\/sglux.de\/fr\/#website"},"primaryImageOfPage":{"@id":"https:\/\/sglux.de\/fr\/produit\/tocon_abc1\/#primaryimage"},"image":{"@id":"https:\/\/sglux.de\/fr\/produit\/tocon_abc1\/#primaryimage"},"thumbnailUrl":"https:\/\/sglux.de\/data-matrix\/uploads\/2015\/07\/sglux-tocon-abc1.jpg","datePublished":"2017-02-13T21:38:59+00:00","dateModified":"2025-05-16T10:27:07+00:00","breadcrumb":{"@id":"https:\/\/sglux.de\/fr\/produit\/tocon_abc1\/#breadcrumb"},"inLanguage":"fr-FR","potentialAction":[{"@type":"ReadAction","target":["https:\/\/sglux.de\/fr\/produit\/tocon_abc1\/"]}]},{"@type":"ImageObject","inLanguage":"fr-FR","@id":"https:\/\/sglux.de\/fr\/produit\/tocon_abc1\/#primaryimage","url":"https:\/\/sglux.de\/data-matrix\/uploads\/2015\/07\/sglux-tocon-abc1.jpg","contentUrl":"https:\/\/sglux.de\/data-matrix\/uploads\/2015\/07\/sglux-tocon-abc1.jpg","width":800,"height":800},{"@type":"BreadcrumbList","@id":"https:\/\/sglux.de\/fr\/produit\/tocon_abc1\/#breadcrumb","itemListElement":[{"@type":"ListItem","position":1,"name":"Startseite","item":"https:\/\/sglux.de\/fr\/"},{"@type":"ListItem","position":2,"name":"Produit","item":"https:\/\/sglux.de\/fr\/produit\/"},{"@type":"ListItem","position":3,"name":"TOCON_ABC1"}]},{"@type":"WebSite","@id":"https:\/\/sglux.de\/fr\/#website","url":"https:\/\/sglux.de\/fr\/","name":"sglux","description":"UV is our Business","publisher":{"@id":"https:\/\/sglux.de\/fr\/#organization"},"potentialAction":[{"@type":"SearchAction","target":{"@type":"EntryPoint","urlTemplate":"https:\/\/sglux.de\/fr\/?s={search_term_string}"},"query-input":{"@type":"PropertyValueSpecification","valueRequired":true,"valueName":"search_term_string"}}],"inLanguage":"fr-FR"},{"@type":"Organization","@id":"https:\/\/sglux.de\/fr\/#organization","name":"sglux GmbH","url":"https:\/\/sglux.de\/fr\/","logo":{"@type":"ImageObject","inLanguage":"fr-FR","@id":"https:\/\/sglux.de\/fr\/#\/schema\/logo\/image\/","url":"https:\/\/sglux.de\/data-matrix\/uploads\/2024\/11\/sglux_logo_uv_senesoren_gelb.png","contentUrl":"https:\/\/sglux.de\/data-matrix\/uploads\/2024\/11\/sglux_logo_uv_senesoren_gelb.png","width":550,"height":116,"caption":"sglux GmbH"},"image":{"@id":"https:\/\/sglux.de\/fr\/#\/schema\/logo\/image\/"},"sameAs":["https:\/\/www.linkedin.com\/company\/sglux-gmbh"]}]}},"_links":{"self":[{"href":"https:\/\/sglux.de\/fr\/wp-json\/wp\/v2\/product\/3518","targetHints":{"allow":["GET"]}}],"collection":[{"href":"https:\/\/sglux.de\/fr\/wp-json\/wp\/v2\/product"}],"about":[{"href":"https:\/\/sglux.de\/fr\/wp-json\/wp\/v2\/types\/product"}],"replies":[{"embeddable":true,"href":"https:\/\/sglux.de\/fr\/wp-json\/wp\/v2\/comments?post=3518"}],"wp:featuredmedia":[{"embeddable":true,"href":"https:\/\/sglux.de\/fr\/wp-json\/wp\/v2\/media\/3519"}],"wp:attachment":[{"href":"https:\/\/sglux.de\/fr\/wp-json\/wp\/v2\/media?parent=3518"}],"wp:term":[{"taxonomy":"product_brand","embeddable":true,"href":"https:\/\/sglux.de\/fr\/wp-json\/wp\/v2\/product_brand?post=3518"},{"taxonomy":"product_cat","embeddable":true,"href":"https:\/\/sglux.de\/fr\/wp-json\/wp\/v2\/product_cat?post=3518"},{"taxonomy":"product_tag","embeddable":true,"href":"https:\/\/sglux.de\/fr\/wp-json\/wp\/v2\/product_tag?post=3518"}],"curies":[{"name":"wp","href":"https:\/\/api.w.org\/{rel}","templated":true}]}}