{"id":11974,"date":"2026-03-17T11:36:39","date_gmt":"2026-03-17T10:36:39","guid":{"rendered":"https:\/\/sglux.de\/?post_type=product&#038;p=11974"},"modified":"2026-03-17T11:44:40","modified_gmt":"2026-03-17T10:44:40","slug":"sg04-ingap-440-05","status":"publish","type":"product","link":"https:\/\/sglux.de\/fr\/produit\/sg04-ingap-440-05\/","title":{"rendered":"SG04-INGAP-440-0.5"},"content":{"rendered":"<p><a class=\"single_add_to_cart_button button right\" href=\"http:\/\/download.sglux.de\/photodiodes\/SG04-InGaP-440-05.pdf\" target=\"_blank\" rel=\"noopener noreferrer\">T\u00e9l\u00e9charger la fiche de donn\u00e9es<\/a> <iframe loading=\"lazy\" class=\"pdfjs-viewer\" width=\"100%\" height=\"970px\" src=\"https:\/\/sglux.de\/data-matrix\/plugins\/pdf-viewer\/stable\/web\/viewer.html?file=https:\/\/sglux.de\/download\/photodiodes\/SG04-InGaP-440-05.pdf\"><\/iframe> \n","protected":false},"excerpt":{"rendered":"<ul>\n<li>UV+VIS, coefficient de temp\u00e9rature tr\u00e8s faible<\/li>\n<li>remplacement de l&rsquo;EPIGAP EPD 440<\/li>\n<li>surface du d\u00e9tecteur 0.5 mm\u00b2<\/li>\n<li>structure TO5 encapsul\u00e9e herm\u00e9tiquement, deux contacts isol\u00e9s, un contact suppl\u00e9mentaire \u00e0 la masse<\/li>\n<li>une irradiation de 10 mW\/cm\u00b2 \u00e0 sensibilit\u00e9 du pic produit un courant d\u2019environ 8.8 \u00b5A<\/li>\n<li>InGaP chip<\/li>\n<\/ul>\n","protected":false},"featured_media":7226,"comment_status":"open","ping_status":"closed","template":"","meta":{"_acf_changed":false,"_genesis_hide_title":false,"_genesis_hide_breadcrumbs":false,"_genesis_hide_singular_image":false,"_genesis_hide_footer_widgets":false,"_genesis_custom_body_class":"","_genesis_custom_post_class":"","_genesis_layout":"content-sidebar"},"product_brand":[],"product_cat":[145,579],"product_tag":[457],"class_list":{"0":"post-11974","1":"product","2":"type-product","3":"status-publish","4":"has-post-thumbnail","6":"product_cat-photodiodes-uv-sic","7":"product_cat-ingapgap-photodiodes-fr","8":"product_tag-gap-fr","9":"entry","11":"first","12":"outofstock","13":"taxable","14":"shipping-taxable","15":"purchasable","16":"product-type-simple"},"acf":[],"yoast_head":"<!-- This site is optimized with the Yoast SEO plugin v26.6 - https:\/\/yoast.com\/wordpress\/plugins\/seo\/ -->\n<title>SG04-INGAP-440-0.5 | Photodiodes UV, Phosphure d&#039;indium et de gallium (InGaP) et Phosphure de gallium (GaP) | sglux<\/title>\n<meta name=\"robots\" content=\"index, follow, max-snippet:-1, max-image-preview:large, max-video-preview:-1\" \/>\n<link rel=\"canonical\" href=\"https:\/\/sglux.de\/fr\/produit\/sg04-ingap-440-05\/\" \/>\n<meta property=\"og:locale\" content=\"fr_FR\" \/>\n<meta property=\"og:type\" content=\"article\" \/>\n<meta property=\"og:title\" content=\"SG04-INGAP-440-0.5 | Photodiodes UV, Phosphure d&#039;indium et de gallium (InGaP) et Phosphure de gallium (GaP) | sglux\" \/>\n<meta property=\"og:description\" content=\"UV+VIS, coefficient de temp\u00e9rature tr\u00e8s faible remplacement de l&#039;EPIGAP EPD 440 surface du d\u00e9tecteur 0.5 mm\u00b2 structure TO5 encapsul\u00e9e herm\u00e9tiquement, deux contacts isol\u00e9s, un contact suppl\u00e9mentaire \u00e0 la masse une irradiation de 10 mW\/cm\u00b2 \u00e0 sensibilit\u00e9 du pic produit un courant d\u2019environ 8.8 \u00b5A InGaP chip\" \/>\n<meta property=\"og:url\" content=\"https:\/\/sglux.de\/fr\/produit\/sg04-ingap-440-05\/\" \/>\n<meta property=\"og:site_name\" content=\"sglux\" \/>\n<meta property=\"article:modified_time\" content=\"2026-03-17T10:44:40+00:00\" \/>\n<meta property=\"og:image\" content=\"https:\/\/sglux.de\/data-matrix\/uploads\/2018\/02\/sglux-sg01d-a5.jpg\" \/>\n\t<meta property=\"og:image:width\" content=\"800\" \/>\n\t<meta property=\"og:image:height\" content=\"800\" \/>\n\t<meta property=\"og:image:type\" content=\"image\/jpeg\" \/>\n<meta name=\"twitter:card\" content=\"summary_large_image\" \/>\n<meta name=\"twitter:label1\" content=\"Dur\u00e9e de lecture estim\u00e9e\" \/>\n\t<meta name=\"twitter:data1\" content=\"1 minute\" \/>\n<script type=\"application\/ld+json\" class=\"yoast-schema-graph\">{\"@context\":\"https:\/\/schema.org\",\"@graph\":[{\"@type\":\"WebPage\",\"@id\":\"https:\/\/sglux.de\/fr\/produit\/sg04-ingap-440-05\/\",\"url\":\"https:\/\/sglux.de\/fr\/produit\/sg04-ingap-440-05\/\",\"name\":\"SG04-INGAP-440-0.5 | Photodiodes UV, Phosphure d'indium et de gallium (InGaP) et Phosphure de gallium (GaP) | sglux\",\"isPartOf\":{\"@id\":\"https:\/\/sglux.de\/fr\/#website\"},\"primaryImageOfPage\":{\"@id\":\"https:\/\/sglux.de\/fr\/produit\/sg04-ingap-440-05\/#primaryimage\"},\"image\":{\"@id\":\"https:\/\/sglux.de\/fr\/produit\/sg04-ingap-440-05\/#primaryimage\"},\"thumbnailUrl\":\"https:\/\/sglux.de\/data-matrix\/uploads\/2018\/02\/sglux-sg01d-a5.jpg\",\"datePublished\":\"2026-03-17T10:36:39+00:00\",\"dateModified\":\"2026-03-17T10:44:40+00:00\",\"breadcrumb\":{\"@id\":\"https:\/\/sglux.de\/fr\/produit\/sg04-ingap-440-05\/#breadcrumb\"},\"inLanguage\":\"fr-FR\",\"potentialAction\":[{\"@type\":\"ReadAction\",\"target\":[\"https:\/\/sglux.de\/fr\/produit\/sg04-ingap-440-05\/\"]}]},{\"@type\":\"ImageObject\",\"inLanguage\":\"fr-FR\",\"@id\":\"https:\/\/sglux.de\/fr\/produit\/sg04-ingap-440-05\/#primaryimage\",\"url\":\"https:\/\/sglux.de\/data-matrix\/uploads\/2018\/02\/sglux-sg01d-a5.jpg\",\"contentUrl\":\"https:\/\/sglux.de\/data-matrix\/uploads\/2018\/02\/sglux-sg01d-a5.jpg\",\"width\":800,\"height\":800},{\"@type\":\"BreadcrumbList\",\"@id\":\"https:\/\/sglux.de\/fr\/produit\/sg04-ingap-440-05\/#breadcrumb\",\"itemListElement\":[{\"@type\":\"ListItem\",\"position\":1,\"name\":\"Startseite\",\"item\":\"https:\/\/sglux.de\/fr\/\"},{\"@type\":\"ListItem\",\"position\":2,\"name\":\"Produit\",\"item\":\"https:\/\/sglux.de\/fr\/produit\/\"},{\"@type\":\"ListItem\",\"position\":3,\"name\":\"SG04-INGAP-440-0.5\"}]},{\"@type\":\"WebSite\",\"@id\":\"https:\/\/sglux.de\/fr\/#website\",\"url\":\"https:\/\/sglux.de\/fr\/\",\"name\":\"sglux\",\"description\":\"UV is our Business\",\"publisher\":{\"@id\":\"https:\/\/sglux.de\/fr\/#organization\"},\"potentialAction\":[{\"@type\":\"SearchAction\",\"target\":{\"@type\":\"EntryPoint\",\"urlTemplate\":\"https:\/\/sglux.de\/fr\/?s={search_term_string}\"},\"query-input\":{\"@type\":\"PropertyValueSpecification\",\"valueRequired\":true,\"valueName\":\"search_term_string\"}}],\"inLanguage\":\"fr-FR\"},{\"@type\":\"Organization\",\"@id\":\"https:\/\/sglux.de\/fr\/#organization\",\"name\":\"sglux GmbH\",\"url\":\"https:\/\/sglux.de\/fr\/\",\"logo\":{\"@type\":\"ImageObject\",\"inLanguage\":\"fr-FR\",\"@id\":\"https:\/\/sglux.de\/fr\/#\/schema\/logo\/image\/\",\"url\":\"https:\/\/sglux.de\/data-matrix\/uploads\/2024\/11\/sglux_logo_uv_senesoren_gelb.png\",\"contentUrl\":\"https:\/\/sglux.de\/data-matrix\/uploads\/2024\/11\/sglux_logo_uv_senesoren_gelb.png\",\"width\":550,\"height\":116,\"caption\":\"sglux GmbH\"},\"image\":{\"@id\":\"https:\/\/sglux.de\/fr\/#\/schema\/logo\/image\/\"},\"sameAs\":[\"https:\/\/www.linkedin.com\/company\/sglux-gmbh\"]}]}<\/script>\n<!-- \/ Yoast SEO plugin. -->","yoast_head_json":{"title":"SG04-INGAP-440-0.5 | Photodiodes UV, Phosphure d'indium et de gallium (InGaP) et Phosphure de gallium (GaP) | sglux","robots":{"index":"index","follow":"follow","max-snippet":"max-snippet:-1","max-image-preview":"max-image-preview:large","max-video-preview":"max-video-preview:-1"},"canonical":"https:\/\/sglux.de\/fr\/produit\/sg04-ingap-440-05\/","og_locale":"fr_FR","og_type":"article","og_title":"SG04-INGAP-440-0.5 | Photodiodes UV, Phosphure d'indium et de gallium (InGaP) et Phosphure de gallium (GaP) | sglux","og_description":"UV+VIS, coefficient de temp\u00e9rature tr\u00e8s faible remplacement de l'EPIGAP EPD 440 surface du d\u00e9tecteur 0.5 mm\u00b2 structure TO5 encapsul\u00e9e herm\u00e9tiquement, deux contacts isol\u00e9s, un contact suppl\u00e9mentaire \u00e0 la masse une irradiation de 10 mW\/cm\u00b2 \u00e0 sensibilit\u00e9 du pic produit un courant d\u2019environ 8.8 \u00b5A InGaP chip","og_url":"https:\/\/sglux.de\/fr\/produit\/sg04-ingap-440-05\/","og_site_name":"sglux","article_modified_time":"2026-03-17T10:44:40+00:00","og_image":[{"width":800,"height":800,"url":"https:\/\/sglux.de\/data-matrix\/uploads\/2018\/02\/sglux-sg01d-a5.jpg","type":"image\/jpeg"}],"twitter_card":"summary_large_image","twitter_misc":{"Dur\u00e9e de lecture estim\u00e9e":"1 minute"},"schema":{"@context":"https:\/\/schema.org","@graph":[{"@type":"WebPage","@id":"https:\/\/sglux.de\/fr\/produit\/sg04-ingap-440-05\/","url":"https:\/\/sglux.de\/fr\/produit\/sg04-ingap-440-05\/","name":"SG04-INGAP-440-0.5 | Photodiodes UV, Phosphure d'indium et de gallium (InGaP) et Phosphure de gallium (GaP) | sglux","isPartOf":{"@id":"https:\/\/sglux.de\/fr\/#website"},"primaryImageOfPage":{"@id":"https:\/\/sglux.de\/fr\/produit\/sg04-ingap-440-05\/#primaryimage"},"image":{"@id":"https:\/\/sglux.de\/fr\/produit\/sg04-ingap-440-05\/#primaryimage"},"thumbnailUrl":"https:\/\/sglux.de\/data-matrix\/uploads\/2018\/02\/sglux-sg01d-a5.jpg","datePublished":"2026-03-17T10:36:39+00:00","dateModified":"2026-03-17T10:44:40+00:00","breadcrumb":{"@id":"https:\/\/sglux.de\/fr\/produit\/sg04-ingap-440-05\/#breadcrumb"},"inLanguage":"fr-FR","potentialAction":[{"@type":"ReadAction","target":["https:\/\/sglux.de\/fr\/produit\/sg04-ingap-440-05\/"]}]},{"@type":"ImageObject","inLanguage":"fr-FR","@id":"https:\/\/sglux.de\/fr\/produit\/sg04-ingap-440-05\/#primaryimage","url":"https:\/\/sglux.de\/data-matrix\/uploads\/2018\/02\/sglux-sg01d-a5.jpg","contentUrl":"https:\/\/sglux.de\/data-matrix\/uploads\/2018\/02\/sglux-sg01d-a5.jpg","width":800,"height":800},{"@type":"BreadcrumbList","@id":"https:\/\/sglux.de\/fr\/produit\/sg04-ingap-440-05\/#breadcrumb","itemListElement":[{"@type":"ListItem","position":1,"name":"Startseite","item":"https:\/\/sglux.de\/fr\/"},{"@type":"ListItem","position":2,"name":"Produit","item":"https:\/\/sglux.de\/fr\/produit\/"},{"@type":"ListItem","position":3,"name":"SG04-INGAP-440-0.5"}]},{"@type":"WebSite","@id":"https:\/\/sglux.de\/fr\/#website","url":"https:\/\/sglux.de\/fr\/","name":"sglux","description":"UV is our Business","publisher":{"@id":"https:\/\/sglux.de\/fr\/#organization"},"potentialAction":[{"@type":"SearchAction","target":{"@type":"EntryPoint","urlTemplate":"https:\/\/sglux.de\/fr\/?s={search_term_string}"},"query-input":{"@type":"PropertyValueSpecification","valueRequired":true,"valueName":"search_term_string"}}],"inLanguage":"fr-FR"},{"@type":"Organization","@id":"https:\/\/sglux.de\/fr\/#organization","name":"sglux GmbH","url":"https:\/\/sglux.de\/fr\/","logo":{"@type":"ImageObject","inLanguage":"fr-FR","@id":"https:\/\/sglux.de\/fr\/#\/schema\/logo\/image\/","url":"https:\/\/sglux.de\/data-matrix\/uploads\/2024\/11\/sglux_logo_uv_senesoren_gelb.png","contentUrl":"https:\/\/sglux.de\/data-matrix\/uploads\/2024\/11\/sglux_logo_uv_senesoren_gelb.png","width":550,"height":116,"caption":"sglux GmbH"},"image":{"@id":"https:\/\/sglux.de\/fr\/#\/schema\/logo\/image\/"},"sameAs":["https:\/\/www.linkedin.com\/company\/sglux-gmbh"]}]}},"_links":{"self":[{"href":"https:\/\/sglux.de\/fr\/wp-json\/wp\/v2\/product\/11974","targetHints":{"allow":["GET"]}}],"collection":[{"href":"https:\/\/sglux.de\/fr\/wp-json\/wp\/v2\/product"}],"about":[{"href":"https:\/\/sglux.de\/fr\/wp-json\/wp\/v2\/types\/product"}],"replies":[{"embeddable":true,"href":"https:\/\/sglux.de\/fr\/wp-json\/wp\/v2\/comments?post=11974"}],"wp:featuredmedia":[{"embeddable":true,"href":"https:\/\/sglux.de\/fr\/wp-json\/wp\/v2\/media\/7226"}],"wp:attachment":[{"href":"https:\/\/sglux.de\/fr\/wp-json\/wp\/v2\/media?parent=11974"}],"wp:term":[{"taxonomy":"product_brand","embeddable":true,"href":"https:\/\/sglux.de\/fr\/wp-json\/wp\/v2\/product_brand?post=11974"},{"taxonomy":"product_cat","embeddable":true,"href":"https:\/\/sglux.de\/fr\/wp-json\/wp\/v2\/product_cat?post=11974"},{"taxonomy":"product_tag","embeddable":true,"href":"https:\/\/sglux.de\/fr\/wp-json\/wp\/v2\/product_tag?post=11974"}],"curies":[{"name":"wp","href":"https:\/\/api.w.org\/{rel}","templated":true}]}}