{"id":11458,"date":"2025-11-13T15:33:12","date_gmt":"2025-11-13T14:33:12","guid":{"rendered":"https:\/\/sglux.de\/?post_type=product&#038;p=11458"},"modified":"2025-11-14T11:26:58","modified_gmt":"2025-11-14T10:26:58","slug":"tocon_nc1f-kopie","status":"publish","type":"product","link":"https:\/\/sglux.de\/fr\/produit\/tocon_nc1f-kopie\/","title":{"rendered":"TOCON_N1F"},"content":{"rendered":"<p><a class=\"single_add_to_cart_button button right\" href=\"http:\/\/download.sglux.de\/tocons\/TOCON_N1F.pdf\" target=\"_blank\" rel=\"noopener noreferrer\">T\u00e9l\u00e9charger la fiche de donn\u00e9es<\/a><br \/>\n<iframe loading=\"lazy\" class=\"pdfjs-viewer\" width=\"100%\" height=\"970px\" src=\"https:\/\/sglux.de\/data-matrix\/plugins\/pdf-viewer\/stable\/web\/viewer.html?file=https:\/\/sglux.de\/download\/tocons\/TOCON_N1F.pdf\"><\/iframe> \n","protected":false},"excerpt":{"rendered":"<ul>\n<li>photod\u00e9tecteur UV avec amplificateur int\u00e9gr\u00e9<\/li>\n<li>avec un temps de r\u00e9ponse rapide pour une utilisation dans la d\u00e9tection d&rsquo;incendie<\/li>\n<li>grande puce de d\u00e9tection SiC de 1 mm\u00b2 pour maximiser la sensibilit\u00e9<\/li>\n<li>avec diffuseur pour \u00e9largir le champ de vision<\/li>\n<li>structure TO5 encapsul\u00e9e herm\u00e9tiquement<\/li>\n<li>signal de sortie 0 &#8230; 5 V<\/li>\n<li>radiation maximale (limite de saturation) \u00e0 280 nm d\u2019environ 100 nW\/cm\u00b2<\/li>\n<li>radiation minimale d\u2019environ 10 pW\/cm\u00b2<\/li>\n<li>alimentation \u00e9lectrique positive et n\u00e9gative requise. Notre <a href=\"https:\/\/sglux.de\/fr\/produit\/tocon-steel-housing-kopie\/\" target=\"_blank\" rel=\"noopener noreferrer\">TOCON_N_steel<\/a> disponible en option avec diviseur de tension int\u00e9gr\u00e9 facilite l&rsquo;\u00e9valuation du produit.<\/li>\n<li>remplacement des capteurs d\u00e9charge \u00e9lectrique<\/li>\n<li>Sensibilit\u00e9 nettement accrue, mais utilisable uniquement en l&rsquo;absence totale de lumi\u00e8re du jour.<\/li>\n<\/ul>\n","protected":false},"featured_media":3486,"comment_status":"open","ping_status":"closed","template":"","meta":{"_acf_changed":false,"_genesis_hide_title":false,"_genesis_hide_breadcrumbs":false,"_genesis_hide_singular_image":false,"_genesis_hide_footer_widgets":false,"_genesis_custom_body_class":"","_genesis_custom_post_class":"","_genesis_layout":""},"product_brand":[],"product_cat":[153,317],"product_tag":[452],"class_list":{"0":"post-11458","1":"product","2":"type-product","3":"status-publish","4":"has-post-thumbnail","6":"product_cat-tocons-uv-sic-fr","7":"product_cat-tocons-pour-la-detection-des-flammes-et-des-incendies","8":"product_tag-flame-fr","9":"entry","11":"first","12":"instock","13":"taxable","14":"shipping-taxable","15":"purchasable","16":"product-type-simple"},"acf":[],"yoast_head":"<!-- This site is optimized with the Yoast SEO plugin v26.6 - https:\/\/yoast.com\/wordpress\/plugins\/seo\/ -->\n<title>TOCON_N1F | TOCONs UV, TOCONs pour la d\u00e9tection des flammes et des incendies | sglux<\/title>\n<meta name=\"robots\" content=\"index, follow, max-snippet:-1, max-image-preview:large, max-video-preview:-1\" \/>\n<link rel=\"canonical\" href=\"https:\/\/sglux.de\/fr\/produit\/tocon_nc1f-kopie\/\" \/>\n<meta property=\"og:locale\" content=\"fr_FR\" \/>\n<meta property=\"og:type\" content=\"article\" \/>\n<meta property=\"og:title\" content=\"TOCON_N1F | TOCONs UV, TOCONs pour la d\u00e9tection des flammes et des incendies | sglux\" \/>\n<meta property=\"og:description\" content=\"photod\u00e9tecteur UV avec amplificateur int\u00e9gr\u00e9 avec un temps de r\u00e9ponse rapide pour une utilisation dans la d\u00e9tection d&#039;incendie grande puce de d\u00e9tection SiC de 1 mm\u00b2 pour maximiser la sensibilit\u00e9 avec diffuseur pour \u00e9largir le champ de vision structure TO5 encapsul\u00e9e herm\u00e9tiquement signal de sortie 0 ... 5 V radiation maximale (limite de saturation) \u00e0 280 nm d\u2019environ 100 nW\/cm\u00b2  radiation minimale d\u2019environ 10 pW\/cm\u00b2 alimentation \u00e9lectrique positive et n\u00e9gative requise. Notre TOCON_N_steel disponible en option avec diviseur de tension int\u00e9gr\u00e9 facilite l&#039;\u00e9valuation du produit. remplacement des capteurs d\u00e9charge \u00e9lectrique Sensibilit\u00e9 nettement accrue, mais utilisable uniquement en l&#039;absence totale de lumi\u00e8re du jour.\" \/>\n<meta property=\"og:url\" content=\"https:\/\/sglux.de\/fr\/produit\/tocon_nc1f-kopie\/\" \/>\n<meta property=\"og:site_name\" content=\"sglux\" \/>\n<meta property=\"article:modified_time\" content=\"2025-11-14T10:26:58+00:00\" \/>\n<meta property=\"og:image\" content=\"https:\/\/sglux.de\/data-matrix\/uploads\/2015\/07\/sglux-tocon-abc6.jpg\" \/>\n\t<meta property=\"og:image:width\" content=\"800\" \/>\n\t<meta property=\"og:image:height\" content=\"800\" \/>\n\t<meta property=\"og:image:type\" content=\"image\/jpeg\" \/>\n<meta name=\"twitter:card\" content=\"summary_large_image\" \/>\n<meta name=\"twitter:label1\" content=\"Dur\u00e9e de lecture estim\u00e9e\" \/>\n\t<meta name=\"twitter:data1\" content=\"1 minute\" \/>\n<script type=\"application\/ld+json\" class=\"yoast-schema-graph\">{\"@context\":\"https:\/\/schema.org\",\"@graph\":[{\"@type\":\"WebPage\",\"@id\":\"https:\/\/sglux.de\/fr\/produit\/tocon_nc1f-kopie\/\",\"url\":\"https:\/\/sglux.de\/fr\/produit\/tocon_nc1f-kopie\/\",\"name\":\"TOCON_N1F | TOCONs UV, TOCONs pour la d\u00e9tection des flammes et des incendies | sglux\",\"isPartOf\":{\"@id\":\"https:\/\/sglux.de\/fr\/#website\"},\"primaryImageOfPage\":{\"@id\":\"https:\/\/sglux.de\/fr\/produit\/tocon_nc1f-kopie\/#primaryimage\"},\"image\":{\"@id\":\"https:\/\/sglux.de\/fr\/produit\/tocon_nc1f-kopie\/#primaryimage\"},\"thumbnailUrl\":\"https:\/\/sglux.de\/data-matrix\/uploads\/2015\/07\/sglux-tocon-abc6.jpg\",\"datePublished\":\"2025-11-13T14:33:12+00:00\",\"dateModified\":\"2025-11-14T10:26:58+00:00\",\"breadcrumb\":{\"@id\":\"https:\/\/sglux.de\/fr\/produit\/tocon_nc1f-kopie\/#breadcrumb\"},\"inLanguage\":\"fr-FR\",\"potentialAction\":[{\"@type\":\"ReadAction\",\"target\":[\"https:\/\/sglux.de\/fr\/produit\/tocon_nc1f-kopie\/\"]}]},{\"@type\":\"ImageObject\",\"inLanguage\":\"fr-FR\",\"@id\":\"https:\/\/sglux.de\/fr\/produit\/tocon_nc1f-kopie\/#primaryimage\",\"url\":\"https:\/\/sglux.de\/data-matrix\/uploads\/2015\/07\/sglux-tocon-abc6.jpg\",\"contentUrl\":\"https:\/\/sglux.de\/data-matrix\/uploads\/2015\/07\/sglux-tocon-abc6.jpg\",\"width\":800,\"height\":800},{\"@type\":\"BreadcrumbList\",\"@id\":\"https:\/\/sglux.de\/fr\/produit\/tocon_nc1f-kopie\/#breadcrumb\",\"itemListElement\":[{\"@type\":\"ListItem\",\"position\":1,\"name\":\"Startseite\",\"item\":\"https:\/\/sglux.de\/fr\/\"},{\"@type\":\"ListItem\",\"position\":2,\"name\":\"Produit\",\"item\":\"https:\/\/sglux.de\/fr\/produit\/\"},{\"@type\":\"ListItem\",\"position\":3,\"name\":\"TOCON_N1F\"}]},{\"@type\":\"WebSite\",\"@id\":\"https:\/\/sglux.de\/fr\/#website\",\"url\":\"https:\/\/sglux.de\/fr\/\",\"name\":\"sglux\",\"description\":\"UV is our Business\",\"publisher\":{\"@id\":\"https:\/\/sglux.de\/fr\/#organization\"},\"potentialAction\":[{\"@type\":\"SearchAction\",\"target\":{\"@type\":\"EntryPoint\",\"urlTemplate\":\"https:\/\/sglux.de\/fr\/?s={search_term_string}\"},\"query-input\":{\"@type\":\"PropertyValueSpecification\",\"valueRequired\":true,\"valueName\":\"search_term_string\"}}],\"inLanguage\":\"fr-FR\"},{\"@type\":\"Organization\",\"@id\":\"https:\/\/sglux.de\/fr\/#organization\",\"name\":\"sglux GmbH\",\"url\":\"https:\/\/sglux.de\/fr\/\",\"logo\":{\"@type\":\"ImageObject\",\"inLanguage\":\"fr-FR\",\"@id\":\"https:\/\/sglux.de\/fr\/#\/schema\/logo\/image\/\",\"url\":\"https:\/\/sglux.de\/data-matrix\/uploads\/2024\/11\/sglux_logo_uv_senesoren_gelb.png\",\"contentUrl\":\"https:\/\/sglux.de\/data-matrix\/uploads\/2024\/11\/sglux_logo_uv_senesoren_gelb.png\",\"width\":550,\"height\":116,\"caption\":\"sglux GmbH\"},\"image\":{\"@id\":\"https:\/\/sglux.de\/fr\/#\/schema\/logo\/image\/\"},\"sameAs\":[\"https:\/\/www.linkedin.com\/company\/sglux-gmbh\"]}]}<\/script>\n<!-- \/ Yoast SEO plugin. -->","yoast_head_json":{"title":"TOCON_N1F | TOCONs UV, TOCONs pour la d\u00e9tection des flammes et des incendies | sglux","robots":{"index":"index","follow":"follow","max-snippet":"max-snippet:-1","max-image-preview":"max-image-preview:large","max-video-preview":"max-video-preview:-1"},"canonical":"https:\/\/sglux.de\/fr\/produit\/tocon_nc1f-kopie\/","og_locale":"fr_FR","og_type":"article","og_title":"TOCON_N1F | TOCONs UV, TOCONs pour la d\u00e9tection des flammes et des incendies | sglux","og_description":"photod\u00e9tecteur UV avec amplificateur int\u00e9gr\u00e9 avec un temps de r\u00e9ponse rapide pour une utilisation dans la d\u00e9tection d'incendie grande puce de d\u00e9tection SiC de 1 mm\u00b2 pour maximiser la sensibilit\u00e9 avec diffuseur pour \u00e9largir le champ de vision structure TO5 encapsul\u00e9e herm\u00e9tiquement signal de sortie 0 ... 5 V radiation maximale (limite de saturation) \u00e0 280 nm d\u2019environ 100 nW\/cm\u00b2  radiation minimale d\u2019environ 10 pW\/cm\u00b2 alimentation \u00e9lectrique positive et n\u00e9gative requise. Notre TOCON_N_steel disponible en option avec diviseur de tension int\u00e9gr\u00e9 facilite l'\u00e9valuation du produit. remplacement des capteurs d\u00e9charge \u00e9lectrique Sensibilit\u00e9 nettement accrue, mais utilisable uniquement en l'absence totale de lumi\u00e8re du jour.","og_url":"https:\/\/sglux.de\/fr\/produit\/tocon_nc1f-kopie\/","og_site_name":"sglux","article_modified_time":"2025-11-14T10:26:58+00:00","og_image":[{"width":800,"height":800,"url":"https:\/\/sglux.de\/data-matrix\/uploads\/2015\/07\/sglux-tocon-abc6.jpg","type":"image\/jpeg"}],"twitter_card":"summary_large_image","twitter_misc":{"Dur\u00e9e de lecture estim\u00e9e":"1 minute"},"schema":{"@context":"https:\/\/schema.org","@graph":[{"@type":"WebPage","@id":"https:\/\/sglux.de\/fr\/produit\/tocon_nc1f-kopie\/","url":"https:\/\/sglux.de\/fr\/produit\/tocon_nc1f-kopie\/","name":"TOCON_N1F | TOCONs UV, TOCONs pour la d\u00e9tection des flammes et des incendies | sglux","isPartOf":{"@id":"https:\/\/sglux.de\/fr\/#website"},"primaryImageOfPage":{"@id":"https:\/\/sglux.de\/fr\/produit\/tocon_nc1f-kopie\/#primaryimage"},"image":{"@id":"https:\/\/sglux.de\/fr\/produit\/tocon_nc1f-kopie\/#primaryimage"},"thumbnailUrl":"https:\/\/sglux.de\/data-matrix\/uploads\/2015\/07\/sglux-tocon-abc6.jpg","datePublished":"2025-11-13T14:33:12+00:00","dateModified":"2025-11-14T10:26:58+00:00","breadcrumb":{"@id":"https:\/\/sglux.de\/fr\/produit\/tocon_nc1f-kopie\/#breadcrumb"},"inLanguage":"fr-FR","potentialAction":[{"@type":"ReadAction","target":["https:\/\/sglux.de\/fr\/produit\/tocon_nc1f-kopie\/"]}]},{"@type":"ImageObject","inLanguage":"fr-FR","@id":"https:\/\/sglux.de\/fr\/produit\/tocon_nc1f-kopie\/#primaryimage","url":"https:\/\/sglux.de\/data-matrix\/uploads\/2015\/07\/sglux-tocon-abc6.jpg","contentUrl":"https:\/\/sglux.de\/data-matrix\/uploads\/2015\/07\/sglux-tocon-abc6.jpg","width":800,"height":800},{"@type":"BreadcrumbList","@id":"https:\/\/sglux.de\/fr\/produit\/tocon_nc1f-kopie\/#breadcrumb","itemListElement":[{"@type":"ListItem","position":1,"name":"Startseite","item":"https:\/\/sglux.de\/fr\/"},{"@type":"ListItem","position":2,"name":"Produit","item":"https:\/\/sglux.de\/fr\/produit\/"},{"@type":"ListItem","position":3,"name":"TOCON_N1F"}]},{"@type":"WebSite","@id":"https:\/\/sglux.de\/fr\/#website","url":"https:\/\/sglux.de\/fr\/","name":"sglux","description":"UV is our Business","publisher":{"@id":"https:\/\/sglux.de\/fr\/#organization"},"potentialAction":[{"@type":"SearchAction","target":{"@type":"EntryPoint","urlTemplate":"https:\/\/sglux.de\/fr\/?s={search_term_string}"},"query-input":{"@type":"PropertyValueSpecification","valueRequired":true,"valueName":"search_term_string"}}],"inLanguage":"fr-FR"},{"@type":"Organization","@id":"https:\/\/sglux.de\/fr\/#organization","name":"sglux GmbH","url":"https:\/\/sglux.de\/fr\/","logo":{"@type":"ImageObject","inLanguage":"fr-FR","@id":"https:\/\/sglux.de\/fr\/#\/schema\/logo\/image\/","url":"https:\/\/sglux.de\/data-matrix\/uploads\/2024\/11\/sglux_logo_uv_senesoren_gelb.png","contentUrl":"https:\/\/sglux.de\/data-matrix\/uploads\/2024\/11\/sglux_logo_uv_senesoren_gelb.png","width":550,"height":116,"caption":"sglux GmbH"},"image":{"@id":"https:\/\/sglux.de\/fr\/#\/schema\/logo\/image\/"},"sameAs":["https:\/\/www.linkedin.com\/company\/sglux-gmbh"]}]}},"_links":{"self":[{"href":"https:\/\/sglux.de\/fr\/wp-json\/wp\/v2\/product\/11458","targetHints":{"allow":["GET"]}}],"collection":[{"href":"https:\/\/sglux.de\/fr\/wp-json\/wp\/v2\/product"}],"about":[{"href":"https:\/\/sglux.de\/fr\/wp-json\/wp\/v2\/types\/product"}],"replies":[{"embeddable":true,"href":"https:\/\/sglux.de\/fr\/wp-json\/wp\/v2\/comments?post=11458"}],"wp:featuredmedia":[{"embeddable":true,"href":"https:\/\/sglux.de\/fr\/wp-json\/wp\/v2\/media\/3486"}],"wp:attachment":[{"href":"https:\/\/sglux.de\/fr\/wp-json\/wp\/v2\/media?parent=11458"}],"wp:term":[{"taxonomy":"product_brand","embeddable":true,"href":"https:\/\/sglux.de\/fr\/wp-json\/wp\/v2\/product_brand?post=11458"},{"taxonomy":"product_cat","embeddable":true,"href":"https:\/\/sglux.de\/fr\/wp-json\/wp\/v2\/product_cat?post=11458"},{"taxonomy":"product_tag","embeddable":true,"href":"https:\/\/sglux.de\/fr\/wp-json\/wp\/v2\/product_tag?post=11458"}],"curies":[{"name":"wp","href":"https:\/\/api.w.org\/{rel}","templated":true}]}}