{"id":11652,"date":"2025-12-11T10:29:45","date_gmt":"2025-12-11T09:29:45","guid":{"rendered":"https:\/\/sglux.de\/uv-photodioden-konfigurator\/"},"modified":"2026-01-15T13:45:38","modified_gmt":"2026-01-15T12:45:38","slug":"detecteur-a-photodiode-uv","status":"publish","type":"page","link":"https:\/\/sglux.de\/fr\/detecteur-a-photodiode-uv\/","title":{"rendered":"D\u00e9tecteur \u00e0 photodiode UV"},"content":{"rendered":"<p>Vous trouverez ici tr\u00e8s facilement la photodiode UV adapt\u00e9e \u00e0 votre application. S\u00e9lectionnez les param\u00e8tres requis et trouvez la photodiode adapt\u00e9e \u00e0 votre configuration sans avoir \u00e0 la chercher longtemps. Vous pouvez ajouter les photodiodes de la liste directement \u00e0 votre panier et t\u00e9l\u00e9charger la fiche technique au format PDF.<\/p>\n        <div class=\"gw-pf\" data-finder-id=\"11614\" data-show-counts=\"1\">\n            <div class=\"gw-pf-controls\"><\/div>\n            <div class=\"gw-pf-facets\" aria-label=\"Filter\"><\/div>\n            <div class=\"gw-pf-result-count\" aria-live=\"polite\"><\/div>\n            <div class=\"gw-pf-table-wrap\">\n                <div class=\"gw-pf-loading\">Chargement\u2026<\/div>\n                <table class=\"gw-pf-table\"><thead><\/thead><tbody><\/tbody><\/table>\n            <\/div>\n        <\/div>\n        \n","protected":false},"excerpt":{"rendered":"<p>Vous trouverez ici tr\u00e8s facilement la photodiode UV adapt\u00e9e \u00e0 votre application. S\u00e9lectionnez les param\u00e8tres requis et trouvez la photodiode adapt\u00e9e \u00e0 votre configuration sans avoir \u00e0 la chercher longtemps. Vous pouvez ajouter les photodiodes de la liste directement \u00e0 votre panier et t\u00e9l\u00e9charger la fiche technique au format PDF.<\/p>\n","protected":false},"author":215,"featured_media":0,"parent":0,"menu_order":5,"comment_status":"closed","ping_status":"closed","template":"page-no-sidebar.php","meta":{"_acf_changed":false,"_genesis_hide_title":false,"_genesis_hide_breadcrumbs":false,"_genesis_hide_singular_image":false,"_genesis_hide_footer_widgets":false,"_genesis_custom_body_class":"","_genesis_custom_post_class":"","_genesis_layout":"","footnotes":""},"class_list":{"0":"post-11652","1":"page","2":"type-page","3":"status-publish","5":"entry"},"acf":[],"yoast_head":"<!-- This site is optimized with the Yoast SEO plugin v26.6 - https:\/\/yoast.com\/wordpress\/plugins\/seo\/ -->\n<title>Photodioden Finder passend zur Konfiguration Ihrer Anwendung<\/title>\n<meta name=\"description\" content=\"Finden Sie die passende Photodiode f\u00fcr Ihren Anwendungsfall. Einfach nach den g\u00e4ngigen Parameter filtern und in den Warenkorb legen.\" \/>\n<meta name=\"robots\" content=\"index, follow, max-snippet:-1, max-image-preview:large, max-video-preview:-1\" \/>\n<link rel=\"canonical\" href=\"https:\/\/sglux.de\/fr\/detecteur-a-photodiode-uv\/\" \/>\n<meta property=\"og:locale\" content=\"fr_FR\" \/>\n<meta property=\"og:type\" content=\"article\" \/>\n<meta property=\"og:title\" content=\"Photodioden Finder passend zur Konfiguration Ihrer Anwendung\" \/>\n<meta property=\"og:description\" content=\"Finden Sie die passende Photodiode f\u00fcr Ihren Anwendungsfall. Einfach nach den g\u00e4ngigen Parameter filtern und in den Warenkorb legen.\" \/>\n<meta property=\"og:url\" content=\"https:\/\/sglux.de\/fr\/detecteur-a-photodiode-uv\/\" \/>\n<meta property=\"og:site_name\" content=\"sglux\" \/>\n<meta property=\"article:modified_time\" content=\"2026-01-15T12:45:38+00:00\" \/>\n<meta name=\"twitter:card\" content=\"summary_large_image\" \/>\n<meta name=\"twitter:label1\" content=\"Dur\u00e9e de lecture estim\u00e9e\" \/>\n\t<meta name=\"twitter:data1\" content=\"1 minute\" \/>\n<script type=\"application\/ld+json\" class=\"yoast-schema-graph\">{\"@context\":\"https:\/\/schema.org\",\"@graph\":[{\"@type\":\"WebPage\",\"@id\":\"https:\/\/sglux.de\/fr\/detecteur-a-photodiode-uv\/\",\"url\":\"https:\/\/sglux.de\/fr\/detecteur-a-photodiode-uv\/\",\"name\":\"Photodioden Finder passend zur Konfiguration Ihrer Anwendung\",\"isPartOf\":{\"@id\":\"https:\/\/sglux.de\/fr\/#website\"},\"datePublished\":\"2025-12-11T09:29:45+00:00\",\"dateModified\":\"2026-01-15T12:45:38+00:00\",\"description\":\"Finden Sie die passende Photodiode f\u00fcr Ihren Anwendungsfall. Einfach nach den g\u00e4ngigen Parameter filtern und in den Warenkorb legen.\",\"breadcrumb\":{\"@id\":\"https:\/\/sglux.de\/fr\/detecteur-a-photodiode-uv\/#breadcrumb\"},\"inLanguage\":\"fr-FR\",\"potentialAction\":[{\"@type\":\"ReadAction\",\"target\":[\"https:\/\/sglux.de\/fr\/detecteur-a-photodiode-uv\/\"]}]},{\"@type\":\"BreadcrumbList\",\"@id\":\"https:\/\/sglux.de\/fr\/detecteur-a-photodiode-uv\/#breadcrumb\",\"itemListElement\":[{\"@type\":\"ListItem\",\"position\":1,\"name\":\"Startseite\",\"item\":\"https:\/\/sglux.de\/fr\/\"},{\"@type\":\"ListItem\",\"position\":2,\"name\":\"D\u00e9tecteur \u00e0 photodiode UV\"}]},{\"@type\":\"WebSite\",\"@id\":\"https:\/\/sglux.de\/fr\/#website\",\"url\":\"https:\/\/sglux.de\/fr\/\",\"name\":\"sglux\",\"description\":\"UV is our Business\",\"publisher\":{\"@id\":\"https:\/\/sglux.de\/fr\/#organization\"},\"potentialAction\":[{\"@type\":\"SearchAction\",\"target\":{\"@type\":\"EntryPoint\",\"urlTemplate\":\"https:\/\/sglux.de\/fr\/?s={search_term_string}\"},\"query-input\":{\"@type\":\"PropertyValueSpecification\",\"valueRequired\":true,\"valueName\":\"search_term_string\"}}],\"inLanguage\":\"fr-FR\"},{\"@type\":\"Organization\",\"@id\":\"https:\/\/sglux.de\/fr\/#organization\",\"name\":\"sglux GmbH\",\"url\":\"https:\/\/sglux.de\/fr\/\",\"logo\":{\"@type\":\"ImageObject\",\"inLanguage\":\"fr-FR\",\"@id\":\"https:\/\/sglux.de\/fr\/#\/schema\/logo\/image\/\",\"url\":\"https:\/\/sglux.de\/data-matrix\/uploads\/2024\/11\/sglux_logo_uv_senesoren_gelb.png\",\"contentUrl\":\"https:\/\/sglux.de\/data-matrix\/uploads\/2024\/11\/sglux_logo_uv_senesoren_gelb.png\",\"width\":550,\"height\":116,\"caption\":\"sglux GmbH\"},\"image\":{\"@id\":\"https:\/\/sglux.de\/fr\/#\/schema\/logo\/image\/\"},\"sameAs\":[\"https:\/\/www.linkedin.com\/company\/sglux-gmbh\"]}]}<\/script>\n<!-- \/ Yoast SEO plugin. -->","yoast_head_json":{"title":"Photodioden Finder passend zur Konfiguration Ihrer Anwendung","description":"Finden Sie die passende Photodiode f\u00fcr Ihren Anwendungsfall. Einfach nach den g\u00e4ngigen Parameter filtern und in den Warenkorb legen.","robots":{"index":"index","follow":"follow","max-snippet":"max-snippet:-1","max-image-preview":"max-image-preview:large","max-video-preview":"max-video-preview:-1"},"canonical":"https:\/\/sglux.de\/fr\/detecteur-a-photodiode-uv\/","og_locale":"fr_FR","og_type":"article","og_title":"Photodioden Finder passend zur Konfiguration Ihrer Anwendung","og_description":"Finden Sie die passende Photodiode f\u00fcr Ihren Anwendungsfall. Einfach nach den g\u00e4ngigen Parameter filtern und in den Warenkorb legen.","og_url":"https:\/\/sglux.de\/fr\/detecteur-a-photodiode-uv\/","og_site_name":"sglux","article_modified_time":"2026-01-15T12:45:38+00:00","twitter_card":"summary_large_image","twitter_misc":{"Dur\u00e9e de lecture estim\u00e9e":"1 minute"},"schema":{"@context":"https:\/\/schema.org","@graph":[{"@type":"WebPage","@id":"https:\/\/sglux.de\/fr\/detecteur-a-photodiode-uv\/","url":"https:\/\/sglux.de\/fr\/detecteur-a-photodiode-uv\/","name":"Photodioden Finder passend zur Konfiguration Ihrer Anwendung","isPartOf":{"@id":"https:\/\/sglux.de\/fr\/#website"},"datePublished":"2025-12-11T09:29:45+00:00","dateModified":"2026-01-15T12:45:38+00:00","description":"Finden Sie die passende Photodiode f\u00fcr Ihren Anwendungsfall. Einfach nach den g\u00e4ngigen Parameter filtern und in den Warenkorb legen.","breadcrumb":{"@id":"https:\/\/sglux.de\/fr\/detecteur-a-photodiode-uv\/#breadcrumb"},"inLanguage":"fr-FR","potentialAction":[{"@type":"ReadAction","target":["https:\/\/sglux.de\/fr\/detecteur-a-photodiode-uv\/"]}]},{"@type":"BreadcrumbList","@id":"https:\/\/sglux.de\/fr\/detecteur-a-photodiode-uv\/#breadcrumb","itemListElement":[{"@type":"ListItem","position":1,"name":"Startseite","item":"https:\/\/sglux.de\/fr\/"},{"@type":"ListItem","position":2,"name":"D\u00e9tecteur \u00e0 photodiode UV"}]},{"@type":"WebSite","@id":"https:\/\/sglux.de\/fr\/#website","url":"https:\/\/sglux.de\/fr\/","name":"sglux","description":"UV is our Business","publisher":{"@id":"https:\/\/sglux.de\/fr\/#organization"},"potentialAction":[{"@type":"SearchAction","target":{"@type":"EntryPoint","urlTemplate":"https:\/\/sglux.de\/fr\/?s={search_term_string}"},"query-input":{"@type":"PropertyValueSpecification","valueRequired":true,"valueName":"search_term_string"}}],"inLanguage":"fr-FR"},{"@type":"Organization","@id":"https:\/\/sglux.de\/fr\/#organization","name":"sglux GmbH","url":"https:\/\/sglux.de\/fr\/","logo":{"@type":"ImageObject","inLanguage":"fr-FR","@id":"https:\/\/sglux.de\/fr\/#\/schema\/logo\/image\/","url":"https:\/\/sglux.de\/data-matrix\/uploads\/2024\/11\/sglux_logo_uv_senesoren_gelb.png","contentUrl":"https:\/\/sglux.de\/data-matrix\/uploads\/2024\/11\/sglux_logo_uv_senesoren_gelb.png","width":550,"height":116,"caption":"sglux GmbH"},"image":{"@id":"https:\/\/sglux.de\/fr\/#\/schema\/logo\/image\/"},"sameAs":["https:\/\/www.linkedin.com\/company\/sglux-gmbh"]}]}},"_links":{"self":[{"href":"https:\/\/sglux.de\/fr\/wp-json\/wp\/v2\/pages\/11652","targetHints":{"allow":["GET"]}}],"collection":[{"href":"https:\/\/sglux.de\/fr\/wp-json\/wp\/v2\/pages"}],"about":[{"href":"https:\/\/sglux.de\/fr\/wp-json\/wp\/v2\/types\/page"}],"author":[{"embeddable":true,"href":"https:\/\/sglux.de\/fr\/wp-json\/wp\/v2\/users\/215"}],"replies":[{"embeddable":true,"href":"https:\/\/sglux.de\/fr\/wp-json\/wp\/v2\/comments?post=11652"}],"version-history":[{"count":2,"href":"https:\/\/sglux.de\/fr\/wp-json\/wp\/v2\/pages\/11652\/revisions"}],"predecessor-version":[{"id":11660,"href":"https:\/\/sglux.de\/fr\/wp-json\/wp\/v2\/pages\/11652\/revisions\/11660"}],"wp:attachment":[{"href":"https:\/\/sglux.de\/fr\/wp-json\/wp\/v2\/media?parent=11652"}],"curies":[{"name":"wp","href":"https:\/\/api.w.org\/{rel}","templated":true}]}}