{"id":9913,"date":"2025-02-19T12:17:34","date_gmt":"2025-02-19T11:17:34","guid":{"rendered":"https:\/\/sglux.de\/produkt\/uvplot\/"},"modified":"2025-05-27T11:45:25","modified_gmt":"2025-05-27T09:45:25","slug":"uvplot","status":"publish","type":"product","link":"https:\/\/sglux.de\/es\/producto\/uvplot\/","title":{"rendered":"UVPLOT"},"content":{"rendered":"<p><a class=\"single_add_to_cart_button button right\" href=\"http:\/\/download.sglux.de\/radiometers\/uvplot\/UVPLOT.pdf\" target=\"_blank\" rel=\"noopener noreferrer\">Descargar hoja de datos<\/a><br \/>\n<iframe loading=\"lazy\" class=\"pdfjs-viewer\" width=\"100%\" height=\"970px\" src=\"https:\/\/sglux.de\/data-matrix\/plugins\/pdf-viewer\/stable\/web\/viewer.html?file=https:\/\/sglux.de\/download\/radiometers\/uvplot\/UVPLOT.pdf\"><\/iframe> \n","protected":false},"excerpt":{"rendered":"<ul>\n<li>Software para la instalaci\u00f3n en un PC o port\u00e1til (Windows 11 o anterior) para la conexi\u00f3n a uno de nuestros sensores UV. El precio indicado es v\u00e1lido para el sensor UV seleccionado.<\/li>\n<li>Visualizaci\u00f3n de la irradiancia actual, visualizaci\u00f3n gr\u00e1fica de la progresi\u00f3n, medici\u00f3n de la dosis, funci\u00f3n de registrador de datos.<\/li>\n<li>Disponible con o sin calibraci\u00f3n. Si el medidor se adquiere sin calibraci\u00f3n, puede utilizarse para mediciones relativas. La unidad para la irradiancia es entonces \u00aba.u\u00bb. (unidades arbitrarias).<\/li>\n<\/ul>\n","protected":false},"featured_media":2726,"comment_status":"open","ping_status":"closed","template":"","meta":{"_acf_changed":false,"_genesis_hide_title":false,"_genesis_hide_breadcrumbs":false,"_genesis_hide_singular_image":false,"_genesis_hide_footer_widgets":false,"_genesis_custom_body_class":"","_genesis_custom_post_class":"","_genesis_layout":""},"product_brand":[],"product_cat":[131,127],"product_tag":[428],"class_list":{"0":"post-9913","1":"product","2":"type-product","3":"status-publish","4":"has-post-thumbnail","6":"product_cat-accesorios-sondas-de-medicion","7":"product_cat-radiometros-uv","8":"product_tag-radiometer-es","9":"entry","11":"first","12":"instock","13":"taxable","14":"shipping-taxable","15":"purchasable","16":"product-type-variable"},"acf":[],"yoast_head":"<!-- This site is optimized with the Yoast SEO plugin v26.6 - https:\/\/yoast.com\/wordpress\/plugins\/seo\/ -->\n<title>UVPLOT | Accesorios Sondas de medici\u00f3n, Radi\u00f3metros UV | sglux<\/title>\n<meta name=\"robots\" content=\"index, follow, max-snippet:-1, max-image-preview:large, max-video-preview:-1\" \/>\n<link rel=\"canonical\" href=\"https:\/\/sglux.de\/es\/producto\/uvplot\/\" \/>\n<meta property=\"og:locale\" content=\"es_ES\" \/>\n<meta property=\"og:type\" content=\"article\" \/>\n<meta property=\"og:title\" content=\"UVPLOT | Accesorios Sondas de medici\u00f3n, Radi\u00f3metros UV | sglux\" \/>\n<meta property=\"og:description\" content=\"Software para la instalaci\u00f3n en un PC o port\u00e1til (Windows 11 o anterior) para la conexi\u00f3n a uno de nuestros sensores UV. El precio indicado es v\u00e1lido para el sensor UV seleccionado. Visualizaci\u00f3n de la irradiancia actual, visualizaci\u00f3n gr\u00e1fica de la progresi\u00f3n, medici\u00f3n de la dosis, funci\u00f3n de registrador de datos. Disponible con o sin calibraci\u00f3n. Si el medidor se adquiere sin calibraci\u00f3n, puede utilizarse para mediciones relativas. La unidad para la irradiancia es entonces \u00aba.u\u00bb. (unidades arbitrarias).\" \/>\n<meta property=\"og:url\" content=\"https:\/\/sglux.de\/es\/producto\/uvplot\/\" \/>\n<meta property=\"og:site_name\" content=\"sglux\" \/>\n<meta property=\"article:modified_time\" content=\"2025-05-27T09:45:25+00:00\" \/>\n<meta property=\"og:image\" content=\"https:\/\/sglux.de\/data-matrix\/uploads\/2016\/10\/sglux-UVPLOT.png\" \/>\n\t<meta property=\"og:image:width\" content=\"980\" \/>\n\t<meta property=\"og:image:height\" content=\"980\" \/>\n\t<meta property=\"og:image:type\" content=\"image\/png\" \/>\n<meta name=\"twitter:card\" content=\"summary_large_image\" \/>\n<meta name=\"twitter:label1\" content=\"Tiempo de lectura\" \/>\n\t<meta name=\"twitter:data1\" content=\"1 minuto\" \/>\n<script type=\"application\/ld+json\" class=\"yoast-schema-graph\">{\"@context\":\"https:\/\/schema.org\",\"@graph\":[{\"@type\":\"WebPage\",\"@id\":\"https:\/\/sglux.de\/es\/producto\/uvplot\/\",\"url\":\"https:\/\/sglux.de\/es\/producto\/uvplot\/\",\"name\":\"UVPLOT | Accesorios Sondas de medici\u00f3n, Radi\u00f3metros UV | sglux\",\"isPartOf\":{\"@id\":\"https:\/\/sglux.de\/es\/#website\"},\"primaryImageOfPage\":{\"@id\":\"https:\/\/sglux.de\/es\/producto\/uvplot\/#primaryimage\"},\"image\":{\"@id\":\"https:\/\/sglux.de\/es\/producto\/uvplot\/#primaryimage\"},\"thumbnailUrl\":\"https:\/\/sglux.de\/data-matrix\/uploads\/2016\/10\/sglux-UVPLOT.png\",\"datePublished\":\"2025-02-19T11:17:34+00:00\",\"dateModified\":\"2025-05-27T09:45:25+00:00\",\"breadcrumb\":{\"@id\":\"https:\/\/sglux.de\/es\/producto\/uvplot\/#breadcrumb\"},\"inLanguage\":\"es\",\"potentialAction\":[{\"@type\":\"ReadAction\",\"target\":[\"https:\/\/sglux.de\/es\/producto\/uvplot\/\"]}]},{\"@type\":\"ImageObject\",\"inLanguage\":\"es\",\"@id\":\"https:\/\/sglux.de\/es\/producto\/uvplot\/#primaryimage\",\"url\":\"https:\/\/sglux.de\/data-matrix\/uploads\/2016\/10\/sglux-UVPLOT.png\",\"contentUrl\":\"https:\/\/sglux.de\/data-matrix\/uploads\/2016\/10\/sglux-UVPLOT.png\",\"width\":980,\"height\":980},{\"@type\":\"BreadcrumbList\",\"@id\":\"https:\/\/sglux.de\/es\/producto\/uvplot\/#breadcrumb\",\"itemListElement\":[{\"@type\":\"ListItem\",\"position\":1,\"name\":\"Startseite\",\"item\":\"https:\/\/sglux.de\/es\/\"},{\"@type\":\"ListItem\",\"position\":2,\"name\":\"Productos\",\"item\":\"https:\/\/sglux.de\/es\/producto\/\"},{\"@type\":\"ListItem\",\"position\":3,\"name\":\"UVPLOT\"}]},{\"@type\":\"WebSite\",\"@id\":\"https:\/\/sglux.de\/es\/#website\",\"url\":\"https:\/\/sglux.de\/es\/\",\"name\":\"sglux\",\"description\":\"UV is our Business\",\"publisher\":{\"@id\":\"https:\/\/sglux.de\/es\/#organization\"},\"potentialAction\":[{\"@type\":\"SearchAction\",\"target\":{\"@type\":\"EntryPoint\",\"urlTemplate\":\"https:\/\/sglux.de\/es\/?s={search_term_string}\"},\"query-input\":{\"@type\":\"PropertyValueSpecification\",\"valueRequired\":true,\"valueName\":\"search_term_string\"}}],\"inLanguage\":\"es\"},{\"@type\":\"Organization\",\"@id\":\"https:\/\/sglux.de\/es\/#organization\",\"name\":\"sglux GmbH\",\"url\":\"https:\/\/sglux.de\/es\/\",\"logo\":{\"@type\":\"ImageObject\",\"inLanguage\":\"es\",\"@id\":\"https:\/\/sglux.de\/es\/#\/schema\/logo\/image\/\",\"url\":\"https:\/\/sglux.de\/data-matrix\/uploads\/2024\/11\/sglux_logo_uv_senesoren_gelb.png\",\"contentUrl\":\"https:\/\/sglux.de\/data-matrix\/uploads\/2024\/11\/sglux_logo_uv_senesoren_gelb.png\",\"width\":550,\"height\":116,\"caption\":\"sglux GmbH\"},\"image\":{\"@id\":\"https:\/\/sglux.de\/es\/#\/schema\/logo\/image\/\"},\"sameAs\":[\"https:\/\/www.linkedin.com\/company\/sglux-gmbh\"]}]}<\/script>\n<!-- \/ Yoast SEO plugin. -->","yoast_head_json":{"title":"UVPLOT | Accesorios Sondas de medici\u00f3n, Radi\u00f3metros UV | sglux","robots":{"index":"index","follow":"follow","max-snippet":"max-snippet:-1","max-image-preview":"max-image-preview:large","max-video-preview":"max-video-preview:-1"},"canonical":"https:\/\/sglux.de\/es\/producto\/uvplot\/","og_locale":"es_ES","og_type":"article","og_title":"UVPLOT | Accesorios Sondas de medici\u00f3n, Radi\u00f3metros UV | sglux","og_description":"Software para la instalaci\u00f3n en un PC o port\u00e1til (Windows 11 o anterior) para la conexi\u00f3n a uno de nuestros sensores UV. El precio indicado es v\u00e1lido para el sensor UV seleccionado. Visualizaci\u00f3n de la irradiancia actual, visualizaci\u00f3n gr\u00e1fica de la progresi\u00f3n, medici\u00f3n de la dosis, funci\u00f3n de registrador de datos. Disponible con o sin calibraci\u00f3n. Si el medidor se adquiere sin calibraci\u00f3n, puede utilizarse para mediciones relativas. La unidad para la irradiancia es entonces \u00aba.u\u00bb. (unidades arbitrarias).","og_url":"https:\/\/sglux.de\/es\/producto\/uvplot\/","og_site_name":"sglux","article_modified_time":"2025-05-27T09:45:25+00:00","og_image":[{"width":980,"height":980,"url":"https:\/\/sglux.de\/data-matrix\/uploads\/2016\/10\/sglux-UVPLOT.png","type":"image\/png"}],"twitter_card":"summary_large_image","twitter_misc":{"Tiempo de lectura":"1 minuto"},"schema":{"@context":"https:\/\/schema.org","@graph":[{"@type":"WebPage","@id":"https:\/\/sglux.de\/es\/producto\/uvplot\/","url":"https:\/\/sglux.de\/es\/producto\/uvplot\/","name":"UVPLOT | Accesorios Sondas de medici\u00f3n, Radi\u00f3metros UV | sglux","isPartOf":{"@id":"https:\/\/sglux.de\/es\/#website"},"primaryImageOfPage":{"@id":"https:\/\/sglux.de\/es\/producto\/uvplot\/#primaryimage"},"image":{"@id":"https:\/\/sglux.de\/es\/producto\/uvplot\/#primaryimage"},"thumbnailUrl":"https:\/\/sglux.de\/data-matrix\/uploads\/2016\/10\/sglux-UVPLOT.png","datePublished":"2025-02-19T11:17:34+00:00","dateModified":"2025-05-27T09:45:25+00:00","breadcrumb":{"@id":"https:\/\/sglux.de\/es\/producto\/uvplot\/#breadcrumb"},"inLanguage":"es","potentialAction":[{"@type":"ReadAction","target":["https:\/\/sglux.de\/es\/producto\/uvplot\/"]}]},{"@type":"ImageObject","inLanguage":"es","@id":"https:\/\/sglux.de\/es\/producto\/uvplot\/#primaryimage","url":"https:\/\/sglux.de\/data-matrix\/uploads\/2016\/10\/sglux-UVPLOT.png","contentUrl":"https:\/\/sglux.de\/data-matrix\/uploads\/2016\/10\/sglux-UVPLOT.png","width":980,"height":980},{"@type":"BreadcrumbList","@id":"https:\/\/sglux.de\/es\/producto\/uvplot\/#breadcrumb","itemListElement":[{"@type":"ListItem","position":1,"name":"Startseite","item":"https:\/\/sglux.de\/es\/"},{"@type":"ListItem","position":2,"name":"Productos","item":"https:\/\/sglux.de\/es\/producto\/"},{"@type":"ListItem","position":3,"name":"UVPLOT"}]},{"@type":"WebSite","@id":"https:\/\/sglux.de\/es\/#website","url":"https:\/\/sglux.de\/es\/","name":"sglux","description":"UV is our Business","publisher":{"@id":"https:\/\/sglux.de\/es\/#organization"},"potentialAction":[{"@type":"SearchAction","target":{"@type":"EntryPoint","urlTemplate":"https:\/\/sglux.de\/es\/?s={search_term_string}"},"query-input":{"@type":"PropertyValueSpecification","valueRequired":true,"valueName":"search_term_string"}}],"inLanguage":"es"},{"@type":"Organization","@id":"https:\/\/sglux.de\/es\/#organization","name":"sglux GmbH","url":"https:\/\/sglux.de\/es\/","logo":{"@type":"ImageObject","inLanguage":"es","@id":"https:\/\/sglux.de\/es\/#\/schema\/logo\/image\/","url":"https:\/\/sglux.de\/data-matrix\/uploads\/2024\/11\/sglux_logo_uv_senesoren_gelb.png","contentUrl":"https:\/\/sglux.de\/data-matrix\/uploads\/2024\/11\/sglux_logo_uv_senesoren_gelb.png","width":550,"height":116,"caption":"sglux GmbH"},"image":{"@id":"https:\/\/sglux.de\/es\/#\/schema\/logo\/image\/"},"sameAs":["https:\/\/www.linkedin.com\/company\/sglux-gmbh"]}]}},"_links":{"self":[{"href":"https:\/\/sglux.de\/es\/wp-json\/wp\/v2\/product\/9913","targetHints":{"allow":["GET"]}}],"collection":[{"href":"https:\/\/sglux.de\/es\/wp-json\/wp\/v2\/product"}],"about":[{"href":"https:\/\/sglux.de\/es\/wp-json\/wp\/v2\/types\/product"}],"replies":[{"embeddable":true,"href":"https:\/\/sglux.de\/es\/wp-json\/wp\/v2\/comments?post=9913"}],"wp:featuredmedia":[{"embeddable":true,"href":"https:\/\/sglux.de\/es\/wp-json\/wp\/v2\/media\/2726"}],"wp:attachment":[{"href":"https:\/\/sglux.de\/es\/wp-json\/wp\/v2\/media?parent=9913"}],"wp:term":[{"taxonomy":"product_brand","embeddable":true,"href":"https:\/\/sglux.de\/es\/wp-json\/wp\/v2\/product_brand?post=9913"},{"taxonomy":"product_cat","embeddable":true,"href":"https:\/\/sglux.de\/es\/wp-json\/wp\/v2\/product_cat?post=9913"},{"taxonomy":"product_tag","embeddable":true,"href":"https:\/\/sglux.de\/es\/wp-json\/wp\/v2\/product_tag?post=9913"}],"curies":[{"name":"wp","href":"https:\/\/api.w.org\/{rel}","templated":true}]}}