{"id":9452,"date":"2024-10-11T15:11:36","date_gmt":"2024-10-11T13:11:36","guid":{"rendered":"https:\/\/sglux.de\/?post_type=product&#038;p=9452"},"modified":"2026-01-13T16:45:08","modified_gmt":"2026-01-13T15:45:08","slug":"sg01-tandem-xl","status":"publish","type":"product","link":"https:\/\/sglux.de\/es\/producto\/sg01-tandem-xl\/","title":{"rendered":"SG01-TANDEM-XL"},"content":{"rendered":"<p><a class=\"single_add_to_cart_button button right\" href=\"http:\/\/download.sglux.de\/photodiodes\/SG01-TANDEM-XL.pdf\" target=\"_blank\" rel=\"noopener noreferrer\">Descargar hoja de datos<\/a><br \/>\n<iframe loading=\"lazy\" class=\"pdfjs-viewer\" width=\"100%\" height=\"970px\" src=\"https:\/\/sglux.de\/data-matrix\/plugins\/pdf-viewer\/stable\/web\/viewer.html?file=https:\/\/sglux.de\/download\/photodiodes\/SG01-TANDEM-XL.pdf\"><\/iframe> \n","protected":false},"excerpt":{"rendered":"<ul>\n<li>Fotodiodos de doble chip para medici\u00f3n simult\u00e1nea de UV e IR<\/li>\n<li>\u00c1rea activa del chip UV = 7,60 mm\u00b2<\/li>\n<li>\u00c1rea activa del chip InGaAs = 7,07 mm\u00b2<\/li>\n<li>Encapsulado met\u00e1lico TO5 sellado herm\u00e9ticamente con 4 pines aislados<\/li>\n<li>Se pueden fabricar otros modelos, por ejemplo, con un chip de SiC m\u00e1s peque\u00f1o (1,82 mm\u00b2) para ahorrar costes.<\/li>\n<li>Modelos disponibles con chips dispuestos uno al lado del otro en lugar de uno encima del otro<\/li>\n<li>Posibilidad de equipar el sensor IR con filtros adicionales, por ejemplo, para suprimir la radiaci\u00f3n visible en el valor medido.<\/li>\n<\/ul>\n","protected":false},"featured_media":9461,"comment_status":"open","ping_status":"closed","template":"","meta":{"_acf_changed":false,"_genesis_hide_title":false,"_genesis_hide_breadcrumbs":false,"_genesis_hide_singular_image":false,"_genesis_hide_footer_widgets":false,"_genesis_custom_body_class":"","_genesis_custom_post_class":"","_genesis_layout":"content-sidebar"},"product_brand":[],"product_cat":[105,292,587],"product_tag":[475],"class_list":{"0":"post-9452","1":"product","2":"type-product","3":"status-publish","4":"has-post-thumbnail","6":"product_cat-fotodiodos-uv-sic","7":"product_cat-uvir-es","8":"product_cat-house-of-photodiodes-es","9":"product_tag-photodiodes-es","10":"entry","12":"first","13":"instock","14":"taxable","15":"shipping-taxable","16":"purchasable","17":"product-type-simple"},"acf":[],"yoast_head":"<!-- This site is optimized with the Yoast SEO plugin v26.6 - https:\/\/yoast.com\/wordpress\/plugins\/seo\/ -->\n<title>SG01-TANDEM-XL | Fotodiodos UV, UV+IR - Combinaciones, sglux - house of photodiodes - from 120nm to 1700 nm | sglux<\/title>\n<meta name=\"robots\" content=\"index, follow, max-snippet:-1, max-image-preview:large, max-video-preview:-1\" \/>\n<link rel=\"canonical\" href=\"https:\/\/sglux.de\/es\/producto\/sg01-tandem-xl\/\" \/>\n<meta property=\"og:locale\" content=\"es_ES\" \/>\n<meta property=\"og:type\" content=\"article\" \/>\n<meta property=\"og:title\" content=\"SG01-TANDEM-XL | Fotodiodos UV, UV+IR - Combinaciones, sglux - house of photodiodes - from 120nm to 1700 nm | sglux\" \/>\n<meta property=\"og:description\" content=\"Fotodiodos de doble chip para medici\u00f3n simult\u00e1nea de UV e IR \u00c1rea activa del chip UV = 7,60 mm\u00b2 \u00c1rea activa del chip InGaAs = 7,07 mm\u00b2 Encapsulado met\u00e1lico TO5 sellado herm\u00e9ticamente con 4 pines aislados Se pueden fabricar otros modelos, por ejemplo, con un chip de SiC m\u00e1s peque\u00f1o (1,82 mm\u00b2) para ahorrar costes. Modelos disponibles con chips dispuestos uno al lado del otro en lugar de uno encima del otro Posibilidad de equipar el sensor IR con filtros adicionales, por ejemplo, para suprimir la radiaci\u00f3n visible en el valor medido.\" \/>\n<meta property=\"og:url\" content=\"https:\/\/sglux.de\/es\/producto\/sg01-tandem-xl\/\" \/>\n<meta property=\"og:site_name\" content=\"sglux\" \/>\n<meta property=\"article:modified_time\" content=\"2026-01-13T15:45:08+00:00\" \/>\n<meta property=\"og:image\" content=\"https:\/\/sglux.de\/data-matrix\/uploads\/2024\/10\/grafik.jpg\" \/>\n\t<meta property=\"og:image:width\" content=\"822\" \/>\n\t<meta property=\"og:image:height\" content=\"808\" \/>\n\t<meta property=\"og:image:type\" content=\"image\/jpeg\" \/>\n<meta name=\"twitter:card\" content=\"summary_large_image\" \/>\n<meta name=\"twitter:label1\" content=\"Tiempo de lectura\" \/>\n\t<meta name=\"twitter:data1\" content=\"1 minuto\" \/>\n<script type=\"application\/ld+json\" class=\"yoast-schema-graph\">{\"@context\":\"https:\/\/schema.org\",\"@graph\":[{\"@type\":\"WebPage\",\"@id\":\"https:\/\/sglux.de\/es\/producto\/sg01-tandem-xl\/\",\"url\":\"https:\/\/sglux.de\/es\/producto\/sg01-tandem-xl\/\",\"name\":\"SG01-TANDEM-XL | Fotodiodos UV, UV+IR - Combinaciones, sglux - house of photodiodes - from 120nm to 1700 nm | sglux\",\"isPartOf\":{\"@id\":\"https:\/\/sglux.de\/es\/#website\"},\"primaryImageOfPage\":{\"@id\":\"https:\/\/sglux.de\/es\/producto\/sg01-tandem-xl\/#primaryimage\"},\"image\":{\"@id\":\"https:\/\/sglux.de\/es\/producto\/sg01-tandem-xl\/#primaryimage\"},\"thumbnailUrl\":\"https:\/\/sglux.de\/data-matrix\/uploads\/2024\/10\/grafik.jpg\",\"datePublished\":\"2024-10-11T13:11:36+00:00\",\"dateModified\":\"2026-01-13T15:45:08+00:00\",\"breadcrumb\":{\"@id\":\"https:\/\/sglux.de\/es\/producto\/sg01-tandem-xl\/#breadcrumb\"},\"inLanguage\":\"es\",\"potentialAction\":[{\"@type\":\"ReadAction\",\"target\":[\"https:\/\/sglux.de\/es\/producto\/sg01-tandem-xl\/\"]}]},{\"@type\":\"ImageObject\",\"inLanguage\":\"es\",\"@id\":\"https:\/\/sglux.de\/es\/producto\/sg01-tandem-xl\/#primaryimage\",\"url\":\"https:\/\/sglux.de\/data-matrix\/uploads\/2024\/10\/grafik.jpg\",\"contentUrl\":\"https:\/\/sglux.de\/data-matrix\/uploads\/2024\/10\/grafik.jpg\",\"width\":822,\"height\":808},{\"@type\":\"BreadcrumbList\",\"@id\":\"https:\/\/sglux.de\/es\/producto\/sg01-tandem-xl\/#breadcrumb\",\"itemListElement\":[{\"@type\":\"ListItem\",\"position\":1,\"name\":\"Startseite\",\"item\":\"https:\/\/sglux.de\/es\/\"},{\"@type\":\"ListItem\",\"position\":2,\"name\":\"Productos\",\"item\":\"https:\/\/sglux.de\/es\/producto\/\"},{\"@type\":\"ListItem\",\"position\":3,\"name\":\"SG01-TANDEM-XL\"}]},{\"@type\":\"WebSite\",\"@id\":\"https:\/\/sglux.de\/es\/#website\",\"url\":\"https:\/\/sglux.de\/es\/\",\"name\":\"sglux\",\"description\":\"UV is our Business\",\"publisher\":{\"@id\":\"https:\/\/sglux.de\/es\/#organization\"},\"potentialAction\":[{\"@type\":\"SearchAction\",\"target\":{\"@type\":\"EntryPoint\",\"urlTemplate\":\"https:\/\/sglux.de\/es\/?s={search_term_string}\"},\"query-input\":{\"@type\":\"PropertyValueSpecification\",\"valueRequired\":true,\"valueName\":\"search_term_string\"}}],\"inLanguage\":\"es\"},{\"@type\":\"Organization\",\"@id\":\"https:\/\/sglux.de\/es\/#organization\",\"name\":\"sglux GmbH\",\"url\":\"https:\/\/sglux.de\/es\/\",\"logo\":{\"@type\":\"ImageObject\",\"inLanguage\":\"es\",\"@id\":\"https:\/\/sglux.de\/es\/#\/schema\/logo\/image\/\",\"url\":\"https:\/\/sglux.de\/data-matrix\/uploads\/2024\/11\/sglux_logo_uv_senesoren_gelb.png\",\"contentUrl\":\"https:\/\/sglux.de\/data-matrix\/uploads\/2024\/11\/sglux_logo_uv_senesoren_gelb.png\",\"width\":550,\"height\":116,\"caption\":\"sglux GmbH\"},\"image\":{\"@id\":\"https:\/\/sglux.de\/es\/#\/schema\/logo\/image\/\"},\"sameAs\":[\"https:\/\/www.linkedin.com\/company\/sglux-gmbh\"]}]}<\/script>\n<!-- \/ Yoast SEO plugin. -->","yoast_head_json":{"title":"SG01-TANDEM-XL | Fotodiodos UV, UV+IR - Combinaciones, sglux - house of photodiodes - from 120nm to 1700 nm | sglux","robots":{"index":"index","follow":"follow","max-snippet":"max-snippet:-1","max-image-preview":"max-image-preview:large","max-video-preview":"max-video-preview:-1"},"canonical":"https:\/\/sglux.de\/es\/producto\/sg01-tandem-xl\/","og_locale":"es_ES","og_type":"article","og_title":"SG01-TANDEM-XL | Fotodiodos UV, UV+IR - Combinaciones, sglux - house of photodiodes - from 120nm to 1700 nm | sglux","og_description":"Fotodiodos de doble chip para medici\u00f3n simult\u00e1nea de UV e IR \u00c1rea activa del chip UV = 7,60 mm\u00b2 \u00c1rea activa del chip InGaAs = 7,07 mm\u00b2 Encapsulado met\u00e1lico TO5 sellado herm\u00e9ticamente con 4 pines aislados Se pueden fabricar otros modelos, por ejemplo, con un chip de SiC m\u00e1s peque\u00f1o (1,82 mm\u00b2) para ahorrar costes. Modelos disponibles con chips dispuestos uno al lado del otro en lugar de uno encima del otro Posibilidad de equipar el sensor IR con filtros adicionales, por ejemplo, para suprimir la radiaci\u00f3n visible en el valor medido.","og_url":"https:\/\/sglux.de\/es\/producto\/sg01-tandem-xl\/","og_site_name":"sglux","article_modified_time":"2026-01-13T15:45:08+00:00","og_image":[{"width":822,"height":808,"url":"https:\/\/sglux.de\/data-matrix\/uploads\/2024\/10\/grafik.jpg","type":"image\/jpeg"}],"twitter_card":"summary_large_image","twitter_misc":{"Tiempo de lectura":"1 minuto"},"schema":{"@context":"https:\/\/schema.org","@graph":[{"@type":"WebPage","@id":"https:\/\/sglux.de\/es\/producto\/sg01-tandem-xl\/","url":"https:\/\/sglux.de\/es\/producto\/sg01-tandem-xl\/","name":"SG01-TANDEM-XL | Fotodiodos UV, UV+IR - Combinaciones, sglux - house of photodiodes - from 120nm to 1700 nm | sglux","isPartOf":{"@id":"https:\/\/sglux.de\/es\/#website"},"primaryImageOfPage":{"@id":"https:\/\/sglux.de\/es\/producto\/sg01-tandem-xl\/#primaryimage"},"image":{"@id":"https:\/\/sglux.de\/es\/producto\/sg01-tandem-xl\/#primaryimage"},"thumbnailUrl":"https:\/\/sglux.de\/data-matrix\/uploads\/2024\/10\/grafik.jpg","datePublished":"2024-10-11T13:11:36+00:00","dateModified":"2026-01-13T15:45:08+00:00","breadcrumb":{"@id":"https:\/\/sglux.de\/es\/producto\/sg01-tandem-xl\/#breadcrumb"},"inLanguage":"es","potentialAction":[{"@type":"ReadAction","target":["https:\/\/sglux.de\/es\/producto\/sg01-tandem-xl\/"]}]},{"@type":"ImageObject","inLanguage":"es","@id":"https:\/\/sglux.de\/es\/producto\/sg01-tandem-xl\/#primaryimage","url":"https:\/\/sglux.de\/data-matrix\/uploads\/2024\/10\/grafik.jpg","contentUrl":"https:\/\/sglux.de\/data-matrix\/uploads\/2024\/10\/grafik.jpg","width":822,"height":808},{"@type":"BreadcrumbList","@id":"https:\/\/sglux.de\/es\/producto\/sg01-tandem-xl\/#breadcrumb","itemListElement":[{"@type":"ListItem","position":1,"name":"Startseite","item":"https:\/\/sglux.de\/es\/"},{"@type":"ListItem","position":2,"name":"Productos","item":"https:\/\/sglux.de\/es\/producto\/"},{"@type":"ListItem","position":3,"name":"SG01-TANDEM-XL"}]},{"@type":"WebSite","@id":"https:\/\/sglux.de\/es\/#website","url":"https:\/\/sglux.de\/es\/","name":"sglux","description":"UV is our Business","publisher":{"@id":"https:\/\/sglux.de\/es\/#organization"},"potentialAction":[{"@type":"SearchAction","target":{"@type":"EntryPoint","urlTemplate":"https:\/\/sglux.de\/es\/?s={search_term_string}"},"query-input":{"@type":"PropertyValueSpecification","valueRequired":true,"valueName":"search_term_string"}}],"inLanguage":"es"},{"@type":"Organization","@id":"https:\/\/sglux.de\/es\/#organization","name":"sglux GmbH","url":"https:\/\/sglux.de\/es\/","logo":{"@type":"ImageObject","inLanguage":"es","@id":"https:\/\/sglux.de\/es\/#\/schema\/logo\/image\/","url":"https:\/\/sglux.de\/data-matrix\/uploads\/2024\/11\/sglux_logo_uv_senesoren_gelb.png","contentUrl":"https:\/\/sglux.de\/data-matrix\/uploads\/2024\/11\/sglux_logo_uv_senesoren_gelb.png","width":550,"height":116,"caption":"sglux GmbH"},"image":{"@id":"https:\/\/sglux.de\/es\/#\/schema\/logo\/image\/"},"sameAs":["https:\/\/www.linkedin.com\/company\/sglux-gmbh"]}]}},"_links":{"self":[{"href":"https:\/\/sglux.de\/es\/wp-json\/wp\/v2\/product\/9452","targetHints":{"allow":["GET"]}}],"collection":[{"href":"https:\/\/sglux.de\/es\/wp-json\/wp\/v2\/product"}],"about":[{"href":"https:\/\/sglux.de\/es\/wp-json\/wp\/v2\/types\/product"}],"replies":[{"embeddable":true,"href":"https:\/\/sglux.de\/es\/wp-json\/wp\/v2\/comments?post=9452"}],"wp:featuredmedia":[{"embeddable":true,"href":"https:\/\/sglux.de\/es\/wp-json\/wp\/v2\/media\/9461"}],"wp:attachment":[{"href":"https:\/\/sglux.de\/es\/wp-json\/wp\/v2\/media?parent=9452"}],"wp:term":[{"taxonomy":"product_brand","embeddable":true,"href":"https:\/\/sglux.de\/es\/wp-json\/wp\/v2\/product_brand?post=9452"},{"taxonomy":"product_cat","embeddable":true,"href":"https:\/\/sglux.de\/es\/wp-json\/wp\/v2\/product_cat?post=9452"},{"taxonomy":"product_tag","embeddable":true,"href":"https:\/\/sglux.de\/es\/wp-json\/wp\/v2\/product_tag?post=9452"}],"curies":[{"name":"wp","href":"https:\/\/api.w.org\/{rel}","templated":true}]}}