{"id":8289,"date":"2023-08-24T15:13:33","date_gmt":"2023-08-24T13:13:33","guid":{"rendered":"https:\/\/sglux.de\/?post_type=product&#038;p=8289"},"modified":"2024-06-25T16:08:08","modified_gmt":"2024-06-25T14:08:08","slug":"mounted-pd","status":"publish","type":"product","link":"https:\/\/sglux.de\/es\/producto\/mounted-pd\/","title":{"rendered":"Mounted Photodiode"},"content":{"rendered":"<p><a class=\"single_add_to_cart_button button right\" href=\"http:\/\/download.sglux.de\/datasheets\/Mounted_PD.pdf\" target=\"_blank\" rel=\"noopener noreferrer\">Descargar hoja de datos<\/a><br \/>\n<iframe loading=\"lazy\" class=\"pdfjs-viewer\" width=\"100%\" height=\"970px\" src=\"https:\/\/sglux.de\/data-matrix\/plugins\/pdf-viewer\/stable\/web\/viewer.html?file=https:\/\/sglux.de\/download\/datasheets\/Mounted_PD.pdf\"><\/iframe> \n","protected":false},"excerpt":{"rendered":"<ul>\n<li>Fotodiodo en carcasa M12x1 con conexi\u00f3n BNC<\/li>\n<li>Adecuado para todos los fotodiodos UV sglux<\/li>\n<li>Est\u00e1 disponible opcionalmente una placa de montaje para bancos \u00f3pticos.<\/li>\n<li>Est\u00e1 disponible opcionalmente una resistencia de derivaci\u00f3n integrada, valor de resistencia seg\u00fan las especificaciones del cliente.<\/li>\n<\/ul>\n","protected":false},"featured_media":9159,"comment_status":"open","ping_status":"closed","template":"","meta":{"_acf_changed":false,"_genesis_hide_title":false,"_genesis_hide_breadcrumbs":false,"_genesis_hide_singular_image":false,"_genesis_hide_footer_widgets":false,"_genesis_custom_body_class":"","_genesis_custom_post_class":"","_genesis_layout":""},"product_brand":[],"product_cat":[126,132],"product_tag":[],"class_list":{"0":"post-8289","1":"product","2":"type-product","3":"status-publish","4":"has-post-thumbnail","6":"product_cat-accesorios","7":"product_cat-transductores","8":"entry","10":"first","11":"instock","12":"taxable","13":"shipping-taxable","14":"purchasable","15":"product-type-variable"},"acf":[],"yoast_head":"<!-- This site is optimized with the Yoast SEO plugin v26.6 - https:\/\/yoast.com\/wordpress\/plugins\/seo\/ -->\n<title>Mounted Photodiode | Accesorios, Transductores de medida para fotodiodos | sglux<\/title>\n<meta name=\"robots\" content=\"index, follow, max-snippet:-1, max-image-preview:large, max-video-preview:-1\" \/>\n<link rel=\"canonical\" href=\"https:\/\/sglux.de\/es\/producto\/mounted-pd\/\" \/>\n<meta property=\"og:locale\" content=\"es_ES\" \/>\n<meta property=\"og:type\" content=\"article\" \/>\n<meta property=\"og:title\" content=\"Mounted Photodiode | Accesorios, Transductores de medida para fotodiodos | sglux\" \/>\n<meta property=\"og:description\" content=\"Fotodiodo en carcasa M12x1 con conexi\u00f3n BNC Adecuado para todos los fotodiodos UV sglux Est\u00e1 disponible opcionalmente una placa de montaje para bancos \u00f3pticos. Est\u00e1 disponible opcionalmente una resistencia de derivaci\u00f3n integrada, valor de resistencia seg\u00fan las especificaciones del cliente.\" \/>\n<meta property=\"og:url\" content=\"https:\/\/sglux.de\/es\/producto\/mounted-pd\/\" \/>\n<meta property=\"og:site_name\" content=\"sglux\" \/>\n<meta property=\"article:modified_time\" content=\"2024-06-25T14:08:08+00:00\" \/>\n<meta property=\"og:image\" content=\"https:\/\/sglux.de\/data-matrix\/uploads\/2023\/08\/SG0070-TOCON-Probe-Steel_cut.jpg\" \/>\n\t<meta property=\"og:image:width\" content=\"917\" \/>\n\t<meta property=\"og:image:height\" content=\"688\" \/>\n\t<meta property=\"og:image:type\" content=\"image\/jpeg\" \/>\n<meta name=\"twitter:card\" content=\"summary_large_image\" \/>\n<meta name=\"twitter:label1\" content=\"Tiempo de lectura\" \/>\n\t<meta name=\"twitter:data1\" content=\"1 minuto\" \/>\n<script type=\"application\/ld+json\" class=\"yoast-schema-graph\">{\"@context\":\"https:\/\/schema.org\",\"@graph\":[{\"@type\":\"WebPage\",\"@id\":\"https:\/\/sglux.de\/es\/producto\/mounted-pd\/\",\"url\":\"https:\/\/sglux.de\/es\/producto\/mounted-pd\/\",\"name\":\"Mounted Photodiode | Accesorios, Transductores de medida para fotodiodos | sglux\",\"isPartOf\":{\"@id\":\"https:\/\/sglux.de\/es\/#website\"},\"primaryImageOfPage\":{\"@id\":\"https:\/\/sglux.de\/es\/producto\/mounted-pd\/#primaryimage\"},\"image\":{\"@id\":\"https:\/\/sglux.de\/es\/producto\/mounted-pd\/#primaryimage\"},\"thumbnailUrl\":\"https:\/\/sglux.de\/data-matrix\/uploads\/2023\/08\/SG0070-TOCON-Probe-Steel_cut.jpg\",\"datePublished\":\"2023-08-24T13:13:33+00:00\",\"dateModified\":\"2024-06-25T14:08:08+00:00\",\"breadcrumb\":{\"@id\":\"https:\/\/sglux.de\/es\/producto\/mounted-pd\/#breadcrumb\"},\"inLanguage\":\"es\",\"potentialAction\":[{\"@type\":\"ReadAction\",\"target\":[\"https:\/\/sglux.de\/es\/producto\/mounted-pd\/\"]}]},{\"@type\":\"ImageObject\",\"inLanguage\":\"es\",\"@id\":\"https:\/\/sglux.de\/es\/producto\/mounted-pd\/#primaryimage\",\"url\":\"https:\/\/sglux.de\/data-matrix\/uploads\/2023\/08\/SG0070-TOCON-Probe-Steel_cut.jpg\",\"contentUrl\":\"https:\/\/sglux.de\/data-matrix\/uploads\/2023\/08\/SG0070-TOCON-Probe-Steel_cut.jpg\",\"width\":917,\"height\":688},{\"@type\":\"BreadcrumbList\",\"@id\":\"https:\/\/sglux.de\/es\/producto\/mounted-pd\/#breadcrumb\",\"itemListElement\":[{\"@type\":\"ListItem\",\"position\":1,\"name\":\"Startseite\",\"item\":\"https:\/\/sglux.de\/es\/\"},{\"@type\":\"ListItem\",\"position\":2,\"name\":\"Productos\",\"item\":\"https:\/\/sglux.de\/es\/producto\/\"},{\"@type\":\"ListItem\",\"position\":3,\"name\":\"Mounted Photodiode\"}]},{\"@type\":\"WebSite\",\"@id\":\"https:\/\/sglux.de\/es\/#website\",\"url\":\"https:\/\/sglux.de\/es\/\",\"name\":\"sglux\",\"description\":\"UV is our Business\",\"publisher\":{\"@id\":\"https:\/\/sglux.de\/es\/#organization\"},\"potentialAction\":[{\"@type\":\"SearchAction\",\"target\":{\"@type\":\"EntryPoint\",\"urlTemplate\":\"https:\/\/sglux.de\/es\/?s={search_term_string}\"},\"query-input\":{\"@type\":\"PropertyValueSpecification\",\"valueRequired\":true,\"valueName\":\"search_term_string\"}}],\"inLanguage\":\"es\"},{\"@type\":\"Organization\",\"@id\":\"https:\/\/sglux.de\/es\/#organization\",\"name\":\"sglux GmbH\",\"url\":\"https:\/\/sglux.de\/es\/\",\"logo\":{\"@type\":\"ImageObject\",\"inLanguage\":\"es\",\"@id\":\"https:\/\/sglux.de\/es\/#\/schema\/logo\/image\/\",\"url\":\"https:\/\/sglux.de\/data-matrix\/uploads\/2024\/11\/sglux_logo_uv_senesoren_gelb.png\",\"contentUrl\":\"https:\/\/sglux.de\/data-matrix\/uploads\/2024\/11\/sglux_logo_uv_senesoren_gelb.png\",\"width\":550,\"height\":116,\"caption\":\"sglux GmbH\"},\"image\":{\"@id\":\"https:\/\/sglux.de\/es\/#\/schema\/logo\/image\/\"},\"sameAs\":[\"https:\/\/www.linkedin.com\/company\/sglux-gmbh\"]}]}<\/script>\n<!-- \/ Yoast SEO plugin. -->","yoast_head_json":{"title":"Mounted Photodiode | Accesorios, Transductores de medida para fotodiodos | sglux","robots":{"index":"index","follow":"follow","max-snippet":"max-snippet:-1","max-image-preview":"max-image-preview:large","max-video-preview":"max-video-preview:-1"},"canonical":"https:\/\/sglux.de\/es\/producto\/mounted-pd\/","og_locale":"es_ES","og_type":"article","og_title":"Mounted Photodiode | Accesorios, Transductores de medida para fotodiodos | sglux","og_description":"Fotodiodo en carcasa M12x1 con conexi\u00f3n BNC Adecuado para todos los fotodiodos UV sglux Est\u00e1 disponible opcionalmente una placa de montaje para bancos \u00f3pticos. Est\u00e1 disponible opcionalmente una resistencia de derivaci\u00f3n integrada, valor de resistencia seg\u00fan las especificaciones del cliente.","og_url":"https:\/\/sglux.de\/es\/producto\/mounted-pd\/","og_site_name":"sglux","article_modified_time":"2024-06-25T14:08:08+00:00","og_image":[{"width":917,"height":688,"url":"https:\/\/sglux.de\/data-matrix\/uploads\/2023\/08\/SG0070-TOCON-Probe-Steel_cut.jpg","type":"image\/jpeg"}],"twitter_card":"summary_large_image","twitter_misc":{"Tiempo de lectura":"1 minuto"},"schema":{"@context":"https:\/\/schema.org","@graph":[{"@type":"WebPage","@id":"https:\/\/sglux.de\/es\/producto\/mounted-pd\/","url":"https:\/\/sglux.de\/es\/producto\/mounted-pd\/","name":"Mounted Photodiode | Accesorios, Transductores de medida para fotodiodos | sglux","isPartOf":{"@id":"https:\/\/sglux.de\/es\/#website"},"primaryImageOfPage":{"@id":"https:\/\/sglux.de\/es\/producto\/mounted-pd\/#primaryimage"},"image":{"@id":"https:\/\/sglux.de\/es\/producto\/mounted-pd\/#primaryimage"},"thumbnailUrl":"https:\/\/sglux.de\/data-matrix\/uploads\/2023\/08\/SG0070-TOCON-Probe-Steel_cut.jpg","datePublished":"2023-08-24T13:13:33+00:00","dateModified":"2024-06-25T14:08:08+00:00","breadcrumb":{"@id":"https:\/\/sglux.de\/es\/producto\/mounted-pd\/#breadcrumb"},"inLanguage":"es","potentialAction":[{"@type":"ReadAction","target":["https:\/\/sglux.de\/es\/producto\/mounted-pd\/"]}]},{"@type":"ImageObject","inLanguage":"es","@id":"https:\/\/sglux.de\/es\/producto\/mounted-pd\/#primaryimage","url":"https:\/\/sglux.de\/data-matrix\/uploads\/2023\/08\/SG0070-TOCON-Probe-Steel_cut.jpg","contentUrl":"https:\/\/sglux.de\/data-matrix\/uploads\/2023\/08\/SG0070-TOCON-Probe-Steel_cut.jpg","width":917,"height":688},{"@type":"BreadcrumbList","@id":"https:\/\/sglux.de\/es\/producto\/mounted-pd\/#breadcrumb","itemListElement":[{"@type":"ListItem","position":1,"name":"Startseite","item":"https:\/\/sglux.de\/es\/"},{"@type":"ListItem","position":2,"name":"Productos","item":"https:\/\/sglux.de\/es\/producto\/"},{"@type":"ListItem","position":3,"name":"Mounted Photodiode"}]},{"@type":"WebSite","@id":"https:\/\/sglux.de\/es\/#website","url":"https:\/\/sglux.de\/es\/","name":"sglux","description":"UV is our Business","publisher":{"@id":"https:\/\/sglux.de\/es\/#organization"},"potentialAction":[{"@type":"SearchAction","target":{"@type":"EntryPoint","urlTemplate":"https:\/\/sglux.de\/es\/?s={search_term_string}"},"query-input":{"@type":"PropertyValueSpecification","valueRequired":true,"valueName":"search_term_string"}}],"inLanguage":"es"},{"@type":"Organization","@id":"https:\/\/sglux.de\/es\/#organization","name":"sglux GmbH","url":"https:\/\/sglux.de\/es\/","logo":{"@type":"ImageObject","inLanguage":"es","@id":"https:\/\/sglux.de\/es\/#\/schema\/logo\/image\/","url":"https:\/\/sglux.de\/data-matrix\/uploads\/2024\/11\/sglux_logo_uv_senesoren_gelb.png","contentUrl":"https:\/\/sglux.de\/data-matrix\/uploads\/2024\/11\/sglux_logo_uv_senesoren_gelb.png","width":550,"height":116,"caption":"sglux GmbH"},"image":{"@id":"https:\/\/sglux.de\/es\/#\/schema\/logo\/image\/"},"sameAs":["https:\/\/www.linkedin.com\/company\/sglux-gmbh"]}]}},"_links":{"self":[{"href":"https:\/\/sglux.de\/es\/wp-json\/wp\/v2\/product\/8289","targetHints":{"allow":["GET"]}}],"collection":[{"href":"https:\/\/sglux.de\/es\/wp-json\/wp\/v2\/product"}],"about":[{"href":"https:\/\/sglux.de\/es\/wp-json\/wp\/v2\/types\/product"}],"replies":[{"embeddable":true,"href":"https:\/\/sglux.de\/es\/wp-json\/wp\/v2\/comments?post=8289"}],"wp:featuredmedia":[{"embeddable":true,"href":"https:\/\/sglux.de\/es\/wp-json\/wp\/v2\/media\/9159"}],"wp:attachment":[{"href":"https:\/\/sglux.de\/es\/wp-json\/wp\/v2\/media?parent=8289"}],"wp:term":[{"taxonomy":"product_brand","embeddable":true,"href":"https:\/\/sglux.de\/es\/wp-json\/wp\/v2\/product_brand?post=8289"},{"taxonomy":"product_cat","embeddable":true,"href":"https:\/\/sglux.de\/es\/wp-json\/wp\/v2\/product_cat?post=8289"},{"taxonomy":"product_tag","embeddable":true,"href":"https:\/\/sglux.de\/es\/wp-json\/wp\/v2\/product_tag?post=8289"}],"curies":[{"name":"wp","href":"https:\/\/api.w.org\/{rel}","templated":true}]}}