{"id":5309,"date":"2019-03-29T12:37:40","date_gmt":"2019-03-29T11:37:40","guid":{"rendered":"https:\/\/sglux.de\/es\/producto\/safester-uvi\/"},"modified":"2024-01-21T14:39:06","modified_gmt":"2024-01-21T13:39:06","slug":"safester-uvi","status":"publish","type":"product","link":"https:\/\/sglux.de\/es\/producto\/safester-uvi\/","title":{"rendered":"Safester UVI"},"content":{"rendered":"<p><a class=\"single_add_to_cart_button button right\" href=\"http:\/\/download.sglux.de\/radiometers\/safester-uvi\/Safester-UVI_en.pdf\" target=\"_blank\" rel=\"noopener noreferrer\">Descargar hoja de datos<\/a><br \/>\n<iframe loading=\"lazy\" class=\"pdfjs-viewer\" width=\"100%\" height=\"970px\" src=\"https:\/\/sglux.de\/data-matrix\/plugins\/pdf-viewer\/stable\/web\/viewer.html?file=https:\/\/sglux.de\/download\/radiometers\/safester-uvi\/Safester-UVI_en.pdf\"><\/iframe> \n","protected":false},"excerpt":{"rendered":"<ul>\n<li>Radi\u00f3metro para la evaluaci\u00f3n de peligros de radiaci\u00f3n UV natural en lugares de trabajo seg\u00fan la norma ISO 17166 (\u00cdndice UV).<\/li>\n<li>Con pantalla gr\u00e1fica.<\/li>\n<li>Consiste de un sensor UV calibrado y con certificado de calibracion, telefono celular android y cargador.<\/li>\n<li>Entregado en un estuche.<\/li>\n<\/ul>\n","protected":false},"featured_media":5385,"comment_status":"open","ping_status":"closed","template":"","meta":{"_acf_changed":false,"_genesis_hide_title":false,"_genesis_hide_breadcrumbs":false,"_genesis_hide_singular_image":false,"_genesis_hide_footer_widgets":false,"_genesis_custom_body_class":"","_genesis_custom_post_class":"","_genesis_layout":""},"product_brand":[],"product_cat":[131,119,127],"product_tag":[428,435],"class_list":{"0":"post-5309","1":"product","2":"type-product","3":"status-publish","4":"has-post-thumbnail","6":"product_cat-accesorios-sondas-de-medicion","7":"product_cat-medicion-indice-uv","8":"product_cat-radiometros-uv","9":"product_tag-radiometer-es","10":"product_tag-uvi-es","11":"entry","13":"first","14":"instock","15":"taxable","16":"shipping-taxable","17":"purchasable","18":"product-type-simple"},"acf":[],"yoast_head":"<!-- This site is optimized with the Yoast SEO plugin v26.6 - https:\/\/yoast.com\/wordpress\/plugins\/seo\/ -->\n<title>Safester UVI | Accesorios Sondas de medici\u00f3n, Medici\u00f3n del \u00cdndice UV, Radi\u00f3metros UV | sglux<\/title>\n<meta name=\"robots\" content=\"index, follow, max-snippet:-1, max-image-preview:large, max-video-preview:-1\" \/>\n<link rel=\"canonical\" href=\"https:\/\/sglux.de\/es\/producto\/safester-uvi\/\" \/>\n<meta property=\"og:locale\" content=\"es_ES\" \/>\n<meta property=\"og:type\" content=\"article\" \/>\n<meta property=\"og:title\" content=\"Safester UVI | Accesorios Sondas de medici\u00f3n, Medici\u00f3n del \u00cdndice UV, Radi\u00f3metros UV | sglux\" \/>\n<meta property=\"og:description\" content=\"Radi\u00f3metro para la evaluaci\u00f3n de peligros de radiaci\u00f3n UV natural en lugares de trabajo seg\u00fan la norma ISO 17166 (\u00cdndice UV). Con pantalla gr\u00e1fica. Consiste de un sensor UV calibrado y con certificado de calibracion, telefono celular android y cargador. Entregado en un estuche.\" \/>\n<meta property=\"og:url\" content=\"https:\/\/sglux.de\/es\/producto\/safester-uvi\/\" \/>\n<meta property=\"og:site_name\" content=\"sglux\" \/>\n<meta property=\"article:modified_time\" content=\"2024-01-21T13:39:06+00:00\" \/>\n<meta property=\"og:image\" content=\"https:\/\/sglux.de\/data-matrix\/uploads\/2019\/03\/sglux_safester-uvi-en-2.jpg\" \/>\n\t<meta property=\"og:image:width\" content=\"800\" \/>\n\t<meta property=\"og:image:height\" content=\"800\" \/>\n\t<meta property=\"og:image:type\" content=\"image\/jpeg\" \/>\n<meta name=\"twitter:card\" content=\"summary_large_image\" \/>\n<script type=\"application\/ld+json\" class=\"yoast-schema-graph\">{\"@context\":\"https:\/\/schema.org\",\"@graph\":[{\"@type\":\"WebPage\",\"@id\":\"https:\/\/sglux.de\/es\/producto\/safester-uvi\/\",\"url\":\"https:\/\/sglux.de\/es\/producto\/safester-uvi\/\",\"name\":\"Safester UVI | Accesorios Sondas de medici\u00f3n, Medici\u00f3n del \u00cdndice UV, Radi\u00f3metros UV | sglux\",\"isPartOf\":{\"@id\":\"https:\/\/sglux.de\/es\/#website\"},\"primaryImageOfPage\":{\"@id\":\"https:\/\/sglux.de\/es\/producto\/safester-uvi\/#primaryimage\"},\"image\":{\"@id\":\"https:\/\/sglux.de\/es\/producto\/safester-uvi\/#primaryimage\"},\"thumbnailUrl\":\"https:\/\/sglux.de\/data-matrix\/uploads\/2019\/03\/sglux_safester-uvi-en-2.jpg\",\"datePublished\":\"2019-03-29T11:37:40+00:00\",\"dateModified\":\"2024-01-21T13:39:06+00:00\",\"breadcrumb\":{\"@id\":\"https:\/\/sglux.de\/es\/producto\/safester-uvi\/#breadcrumb\"},\"inLanguage\":\"es\",\"potentialAction\":[{\"@type\":\"ReadAction\",\"target\":[\"https:\/\/sglux.de\/es\/producto\/safester-uvi\/\"]}]},{\"@type\":\"ImageObject\",\"inLanguage\":\"es\",\"@id\":\"https:\/\/sglux.de\/es\/producto\/safester-uvi\/#primaryimage\",\"url\":\"https:\/\/sglux.de\/data-matrix\/uploads\/2019\/03\/sglux_safester-uvi-en-2.jpg\",\"contentUrl\":\"https:\/\/sglux.de\/data-matrix\/uploads\/2019\/03\/sglux_safester-uvi-en-2.jpg\",\"width\":800,\"height\":800},{\"@type\":\"BreadcrumbList\",\"@id\":\"https:\/\/sglux.de\/es\/producto\/safester-uvi\/#breadcrumb\",\"itemListElement\":[{\"@type\":\"ListItem\",\"position\":1,\"name\":\"Startseite\",\"item\":\"https:\/\/sglux.de\/es\/\"},{\"@type\":\"ListItem\",\"position\":2,\"name\":\"Productos\",\"item\":\"https:\/\/sglux.de\/es\/producto\/\"},{\"@type\":\"ListItem\",\"position\":3,\"name\":\"Safester UVI\"}]},{\"@type\":\"WebSite\",\"@id\":\"https:\/\/sglux.de\/es\/#website\",\"url\":\"https:\/\/sglux.de\/es\/\",\"name\":\"sglux\",\"description\":\"UV is our Business\",\"publisher\":{\"@id\":\"https:\/\/sglux.de\/es\/#organization\"},\"potentialAction\":[{\"@type\":\"SearchAction\",\"target\":{\"@type\":\"EntryPoint\",\"urlTemplate\":\"https:\/\/sglux.de\/es\/?s={search_term_string}\"},\"query-input\":{\"@type\":\"PropertyValueSpecification\",\"valueRequired\":true,\"valueName\":\"search_term_string\"}}],\"inLanguage\":\"es\"},{\"@type\":\"Organization\",\"@id\":\"https:\/\/sglux.de\/es\/#organization\",\"name\":\"sglux GmbH\",\"url\":\"https:\/\/sglux.de\/es\/\",\"logo\":{\"@type\":\"ImageObject\",\"inLanguage\":\"es\",\"@id\":\"https:\/\/sglux.de\/es\/#\/schema\/logo\/image\/\",\"url\":\"https:\/\/sglux.de\/data-matrix\/uploads\/2024\/11\/sglux_logo_uv_senesoren_gelb.png\",\"contentUrl\":\"https:\/\/sglux.de\/data-matrix\/uploads\/2024\/11\/sglux_logo_uv_senesoren_gelb.png\",\"width\":550,\"height\":116,\"caption\":\"sglux GmbH\"},\"image\":{\"@id\":\"https:\/\/sglux.de\/es\/#\/schema\/logo\/image\/\"},\"sameAs\":[\"https:\/\/www.linkedin.com\/company\/sglux-gmbh\"]}]}<\/script>\n<!-- \/ Yoast SEO plugin. -->","yoast_head_json":{"title":"Safester UVI | Accesorios Sondas de medici\u00f3n, Medici\u00f3n del \u00cdndice UV, Radi\u00f3metros UV | sglux","robots":{"index":"index","follow":"follow","max-snippet":"max-snippet:-1","max-image-preview":"max-image-preview:large","max-video-preview":"max-video-preview:-1"},"canonical":"https:\/\/sglux.de\/es\/producto\/safester-uvi\/","og_locale":"es_ES","og_type":"article","og_title":"Safester UVI | Accesorios Sondas de medici\u00f3n, Medici\u00f3n del \u00cdndice UV, Radi\u00f3metros UV | sglux","og_description":"Radi\u00f3metro para la evaluaci\u00f3n de peligros de radiaci\u00f3n UV natural en lugares de trabajo seg\u00fan la norma ISO 17166 (\u00cdndice UV). Con pantalla gr\u00e1fica. Consiste de un sensor UV calibrado y con certificado de calibracion, telefono celular android y cargador. Entregado en un estuche.","og_url":"https:\/\/sglux.de\/es\/producto\/safester-uvi\/","og_site_name":"sglux","article_modified_time":"2024-01-21T13:39:06+00:00","og_image":[{"width":800,"height":800,"url":"https:\/\/sglux.de\/data-matrix\/uploads\/2019\/03\/sglux_safester-uvi-en-2.jpg","type":"image\/jpeg"}],"twitter_card":"summary_large_image","schema":{"@context":"https:\/\/schema.org","@graph":[{"@type":"WebPage","@id":"https:\/\/sglux.de\/es\/producto\/safester-uvi\/","url":"https:\/\/sglux.de\/es\/producto\/safester-uvi\/","name":"Safester UVI | Accesorios Sondas de medici\u00f3n, Medici\u00f3n del \u00cdndice UV, Radi\u00f3metros UV | sglux","isPartOf":{"@id":"https:\/\/sglux.de\/es\/#website"},"primaryImageOfPage":{"@id":"https:\/\/sglux.de\/es\/producto\/safester-uvi\/#primaryimage"},"image":{"@id":"https:\/\/sglux.de\/es\/producto\/safester-uvi\/#primaryimage"},"thumbnailUrl":"https:\/\/sglux.de\/data-matrix\/uploads\/2019\/03\/sglux_safester-uvi-en-2.jpg","datePublished":"2019-03-29T11:37:40+00:00","dateModified":"2024-01-21T13:39:06+00:00","breadcrumb":{"@id":"https:\/\/sglux.de\/es\/producto\/safester-uvi\/#breadcrumb"},"inLanguage":"es","potentialAction":[{"@type":"ReadAction","target":["https:\/\/sglux.de\/es\/producto\/safester-uvi\/"]}]},{"@type":"ImageObject","inLanguage":"es","@id":"https:\/\/sglux.de\/es\/producto\/safester-uvi\/#primaryimage","url":"https:\/\/sglux.de\/data-matrix\/uploads\/2019\/03\/sglux_safester-uvi-en-2.jpg","contentUrl":"https:\/\/sglux.de\/data-matrix\/uploads\/2019\/03\/sglux_safester-uvi-en-2.jpg","width":800,"height":800},{"@type":"BreadcrumbList","@id":"https:\/\/sglux.de\/es\/producto\/safester-uvi\/#breadcrumb","itemListElement":[{"@type":"ListItem","position":1,"name":"Startseite","item":"https:\/\/sglux.de\/es\/"},{"@type":"ListItem","position":2,"name":"Productos","item":"https:\/\/sglux.de\/es\/producto\/"},{"@type":"ListItem","position":3,"name":"Safester UVI"}]},{"@type":"WebSite","@id":"https:\/\/sglux.de\/es\/#website","url":"https:\/\/sglux.de\/es\/","name":"sglux","description":"UV is our Business","publisher":{"@id":"https:\/\/sglux.de\/es\/#organization"},"potentialAction":[{"@type":"SearchAction","target":{"@type":"EntryPoint","urlTemplate":"https:\/\/sglux.de\/es\/?s={search_term_string}"},"query-input":{"@type":"PropertyValueSpecification","valueRequired":true,"valueName":"search_term_string"}}],"inLanguage":"es"},{"@type":"Organization","@id":"https:\/\/sglux.de\/es\/#organization","name":"sglux GmbH","url":"https:\/\/sglux.de\/es\/","logo":{"@type":"ImageObject","inLanguage":"es","@id":"https:\/\/sglux.de\/es\/#\/schema\/logo\/image\/","url":"https:\/\/sglux.de\/data-matrix\/uploads\/2024\/11\/sglux_logo_uv_senesoren_gelb.png","contentUrl":"https:\/\/sglux.de\/data-matrix\/uploads\/2024\/11\/sglux_logo_uv_senesoren_gelb.png","width":550,"height":116,"caption":"sglux GmbH"},"image":{"@id":"https:\/\/sglux.de\/es\/#\/schema\/logo\/image\/"},"sameAs":["https:\/\/www.linkedin.com\/company\/sglux-gmbh"]}]}},"_links":{"self":[{"href":"https:\/\/sglux.de\/es\/wp-json\/wp\/v2\/product\/5309","targetHints":{"allow":["GET"]}}],"collection":[{"href":"https:\/\/sglux.de\/es\/wp-json\/wp\/v2\/product"}],"about":[{"href":"https:\/\/sglux.de\/es\/wp-json\/wp\/v2\/types\/product"}],"replies":[{"embeddable":true,"href":"https:\/\/sglux.de\/es\/wp-json\/wp\/v2\/comments?post=5309"}],"wp:featuredmedia":[{"embeddable":true,"href":"https:\/\/sglux.de\/es\/wp-json\/wp\/v2\/media\/5385"}],"wp:attachment":[{"href":"https:\/\/sglux.de\/es\/wp-json\/wp\/v2\/media?parent=5309"}],"wp:term":[{"taxonomy":"product_brand","embeddable":true,"href":"https:\/\/sglux.de\/es\/wp-json\/wp\/v2\/product_brand?post=5309"},{"taxonomy":"product_cat","embeddable":true,"href":"https:\/\/sglux.de\/es\/wp-json\/wp\/v2\/product_cat?post=5309"},{"taxonomy":"product_tag","embeddable":true,"href":"https:\/\/sglux.de\/es\/wp-json\/wp\/v2\/product_tag?post=5309"}],"curies":[{"name":"wp","href":"https:\/\/api.w.org\/{rel}","templated":true}]}}