{"id":4135,"date":"2015-06-21T11:04:57","date_gmt":"2015-06-21T09:04:57","guid":{"rendered":"https:\/\/sglux.de\/es\/producto\/uv-arc\/"},"modified":"2026-02-05T12:14:40","modified_gmt":"2026-02-05T11:14:40","slug":"uv-arc","status":"publish","type":"product","link":"https:\/\/sglux.de\/es\/producto\/uv-arc\/","title":{"rendered":"UV-Arc"},"content":{"rendered":"<p><a class=\"single_add_to_cart_button button right\" href=\"https:\/\/download.sglux.de\/datasheets\/UV-Arc.pdf\" target=\"_blank\" rel=\"noopener noreferrer\">Descargar hoja de datos<\/a><br \/>\n<iframe loading=\"lazy\" class=\"pdfjs-viewer\" width=\"100%\" height=\"970px\" src=\"https:\/\/sglux.de\/data-matrix\/plugins\/pdf-viewer\/stable\/web\/viewer.html?file=https:\/\/sglux.de\/download\/datasheets\/UV-Arc.pdf\"><\/iframe> \n","protected":false},"excerpt":{"rendered":"<ul>\n<li>Sensor UV impermeable para la detecci\u00f3n de arco de pant\u00f3grafo<\/li>\n<li>Con salida anal\u00f3gica (4-20mA, 0-5V)<\/li>\n<\/ul>\n","protected":false},"featured_media":4148,"comment_status":"open","ping_status":"closed","template":"","meta":{"_acf_changed":false,"_genesis_hide_title":false,"_genesis_hide_breadcrumbs":false,"_genesis_hide_singular_image":false,"_genesis_hide_footer_widgets":false,"_genesis_custom_body_class":"","_genesis_custom_post_class":"","_genesis_layout":""},"product_brand":[],"product_cat":[121],"product_tag":[432],"class_list":{"0":"post-4135","1":"product","2":"type-product","3":"status-publish","4":"has-post-thumbnail","6":"product_cat-sondas-de-medicion-uv","7":"product_tag-sensors-es","8":"entry","10":"first","11":"instock","12":"taxable","13":"shipping-taxable","14":"purchasable","15":"product-type-variable"},"acf":[],"yoast_head":"<!-- This site is optimized with the Yoast SEO plugin v26.6 - https:\/\/yoast.com\/wordpress\/plugins\/seo\/ -->\n<title>UV-Arc | Sondas de medici\u00f3n UV | sglux<\/title>\n<meta name=\"robots\" content=\"index, follow, max-snippet:-1, max-image-preview:large, max-video-preview:-1\" \/>\n<link rel=\"canonical\" href=\"https:\/\/sglux.de\/es\/producto\/uv-arc\/\" \/>\n<meta property=\"og:locale\" content=\"es_ES\" \/>\n<meta property=\"og:type\" content=\"article\" \/>\n<meta property=\"og:title\" content=\"UV-Arc | Sondas de medici\u00f3n UV | sglux\" \/>\n<meta property=\"og:description\" content=\"Sensor UV impermeable para la detecci\u00f3n de arco de pant\u00f3grafo Con salida anal\u00f3gica (4-20mA, 0-5V)\" \/>\n<meta property=\"og:url\" content=\"https:\/\/sglux.de\/es\/producto\/uv-arc\/\" \/>\n<meta property=\"og:site_name\" content=\"sglux\" \/>\n<meta property=\"article:modified_time\" content=\"2026-02-05T11:14:40+00:00\" \/>\n<meta property=\"og:image\" content=\"https:\/\/sglux.de\/data-matrix\/uploads\/2015\/06\/sglux_uv-arc-2.jpg\" \/>\n\t<meta property=\"og:image:width\" content=\"300\" \/>\n\t<meta property=\"og:image:height\" content=\"300\" \/>\n\t<meta property=\"og:image:type\" content=\"image\/jpeg\" \/>\n<meta name=\"twitter:card\" content=\"summary_large_image\" \/>\n<script type=\"application\/ld+json\" class=\"yoast-schema-graph\">{\"@context\":\"https:\/\/schema.org\",\"@graph\":[{\"@type\":\"WebPage\",\"@id\":\"https:\/\/sglux.de\/es\/producto\/uv-arc\/\",\"url\":\"https:\/\/sglux.de\/es\/producto\/uv-arc\/\",\"name\":\"UV-Arc | Sondas de medici\u00f3n UV | sglux\",\"isPartOf\":{\"@id\":\"https:\/\/sglux.de\/es\/#website\"},\"primaryImageOfPage\":{\"@id\":\"https:\/\/sglux.de\/es\/producto\/uv-arc\/#primaryimage\"},\"image\":{\"@id\":\"https:\/\/sglux.de\/es\/producto\/uv-arc\/#primaryimage\"},\"thumbnailUrl\":\"https:\/\/sglux.de\/data-matrix\/uploads\/2015\/06\/sglux_uv-arc-2.jpg\",\"datePublished\":\"2015-06-21T09:04:57+00:00\",\"dateModified\":\"2026-02-05T11:14:40+00:00\",\"breadcrumb\":{\"@id\":\"https:\/\/sglux.de\/es\/producto\/uv-arc\/#breadcrumb\"},\"inLanguage\":\"es\",\"potentialAction\":[{\"@type\":\"ReadAction\",\"target\":[\"https:\/\/sglux.de\/es\/producto\/uv-arc\/\"]}]},{\"@type\":\"ImageObject\",\"inLanguage\":\"es\",\"@id\":\"https:\/\/sglux.de\/es\/producto\/uv-arc\/#primaryimage\",\"url\":\"https:\/\/sglux.de\/data-matrix\/uploads\/2015\/06\/sglux_uv-arc-2.jpg\",\"contentUrl\":\"https:\/\/sglux.de\/data-matrix\/uploads\/2015\/06\/sglux_uv-arc-2.jpg\",\"width\":300,\"height\":300},{\"@type\":\"BreadcrumbList\",\"@id\":\"https:\/\/sglux.de\/es\/producto\/uv-arc\/#breadcrumb\",\"itemListElement\":[{\"@type\":\"ListItem\",\"position\":1,\"name\":\"Startseite\",\"item\":\"https:\/\/sglux.de\/es\/\"},{\"@type\":\"ListItem\",\"position\":2,\"name\":\"Productos\",\"item\":\"https:\/\/sglux.de\/es\/producto\/\"},{\"@type\":\"ListItem\",\"position\":3,\"name\":\"UV-Arc\"}]},{\"@type\":\"WebSite\",\"@id\":\"https:\/\/sglux.de\/es\/#website\",\"url\":\"https:\/\/sglux.de\/es\/\",\"name\":\"sglux\",\"description\":\"UV is our Business\",\"publisher\":{\"@id\":\"https:\/\/sglux.de\/es\/#organization\"},\"potentialAction\":[{\"@type\":\"SearchAction\",\"target\":{\"@type\":\"EntryPoint\",\"urlTemplate\":\"https:\/\/sglux.de\/es\/?s={search_term_string}\"},\"query-input\":{\"@type\":\"PropertyValueSpecification\",\"valueRequired\":true,\"valueName\":\"search_term_string\"}}],\"inLanguage\":\"es\"},{\"@type\":\"Organization\",\"@id\":\"https:\/\/sglux.de\/es\/#organization\",\"name\":\"sglux GmbH\",\"url\":\"https:\/\/sglux.de\/es\/\",\"logo\":{\"@type\":\"ImageObject\",\"inLanguage\":\"es\",\"@id\":\"https:\/\/sglux.de\/es\/#\/schema\/logo\/image\/\",\"url\":\"https:\/\/sglux.de\/data-matrix\/uploads\/2024\/11\/sglux_logo_uv_senesoren_gelb.png\",\"contentUrl\":\"https:\/\/sglux.de\/data-matrix\/uploads\/2024\/11\/sglux_logo_uv_senesoren_gelb.png\",\"width\":550,\"height\":116,\"caption\":\"sglux GmbH\"},\"image\":{\"@id\":\"https:\/\/sglux.de\/es\/#\/schema\/logo\/image\/\"},\"sameAs\":[\"https:\/\/www.linkedin.com\/company\/sglux-gmbh\"]}]}<\/script>\n<!-- \/ Yoast SEO plugin. -->","yoast_head_json":{"title":"UV-Arc | Sondas de medici\u00f3n UV | sglux","robots":{"index":"index","follow":"follow","max-snippet":"max-snippet:-1","max-image-preview":"max-image-preview:large","max-video-preview":"max-video-preview:-1"},"canonical":"https:\/\/sglux.de\/es\/producto\/uv-arc\/","og_locale":"es_ES","og_type":"article","og_title":"UV-Arc | Sondas de medici\u00f3n UV | sglux","og_description":"Sensor UV impermeable para la detecci\u00f3n de arco de pant\u00f3grafo Con salida anal\u00f3gica (4-20mA, 0-5V)","og_url":"https:\/\/sglux.de\/es\/producto\/uv-arc\/","og_site_name":"sglux","article_modified_time":"2026-02-05T11:14:40+00:00","og_image":[{"width":300,"height":300,"url":"https:\/\/sglux.de\/data-matrix\/uploads\/2015\/06\/sglux_uv-arc-2.jpg","type":"image\/jpeg"}],"twitter_card":"summary_large_image","schema":{"@context":"https:\/\/schema.org","@graph":[{"@type":"WebPage","@id":"https:\/\/sglux.de\/es\/producto\/uv-arc\/","url":"https:\/\/sglux.de\/es\/producto\/uv-arc\/","name":"UV-Arc | Sondas de medici\u00f3n UV | sglux","isPartOf":{"@id":"https:\/\/sglux.de\/es\/#website"},"primaryImageOfPage":{"@id":"https:\/\/sglux.de\/es\/producto\/uv-arc\/#primaryimage"},"image":{"@id":"https:\/\/sglux.de\/es\/producto\/uv-arc\/#primaryimage"},"thumbnailUrl":"https:\/\/sglux.de\/data-matrix\/uploads\/2015\/06\/sglux_uv-arc-2.jpg","datePublished":"2015-06-21T09:04:57+00:00","dateModified":"2026-02-05T11:14:40+00:00","breadcrumb":{"@id":"https:\/\/sglux.de\/es\/producto\/uv-arc\/#breadcrumb"},"inLanguage":"es","potentialAction":[{"@type":"ReadAction","target":["https:\/\/sglux.de\/es\/producto\/uv-arc\/"]}]},{"@type":"ImageObject","inLanguage":"es","@id":"https:\/\/sglux.de\/es\/producto\/uv-arc\/#primaryimage","url":"https:\/\/sglux.de\/data-matrix\/uploads\/2015\/06\/sglux_uv-arc-2.jpg","contentUrl":"https:\/\/sglux.de\/data-matrix\/uploads\/2015\/06\/sglux_uv-arc-2.jpg","width":300,"height":300},{"@type":"BreadcrumbList","@id":"https:\/\/sglux.de\/es\/producto\/uv-arc\/#breadcrumb","itemListElement":[{"@type":"ListItem","position":1,"name":"Startseite","item":"https:\/\/sglux.de\/es\/"},{"@type":"ListItem","position":2,"name":"Productos","item":"https:\/\/sglux.de\/es\/producto\/"},{"@type":"ListItem","position":3,"name":"UV-Arc"}]},{"@type":"WebSite","@id":"https:\/\/sglux.de\/es\/#website","url":"https:\/\/sglux.de\/es\/","name":"sglux","description":"UV is our Business","publisher":{"@id":"https:\/\/sglux.de\/es\/#organization"},"potentialAction":[{"@type":"SearchAction","target":{"@type":"EntryPoint","urlTemplate":"https:\/\/sglux.de\/es\/?s={search_term_string}"},"query-input":{"@type":"PropertyValueSpecification","valueRequired":true,"valueName":"search_term_string"}}],"inLanguage":"es"},{"@type":"Organization","@id":"https:\/\/sglux.de\/es\/#organization","name":"sglux GmbH","url":"https:\/\/sglux.de\/es\/","logo":{"@type":"ImageObject","inLanguage":"es","@id":"https:\/\/sglux.de\/es\/#\/schema\/logo\/image\/","url":"https:\/\/sglux.de\/data-matrix\/uploads\/2024\/11\/sglux_logo_uv_senesoren_gelb.png","contentUrl":"https:\/\/sglux.de\/data-matrix\/uploads\/2024\/11\/sglux_logo_uv_senesoren_gelb.png","width":550,"height":116,"caption":"sglux GmbH"},"image":{"@id":"https:\/\/sglux.de\/es\/#\/schema\/logo\/image\/"},"sameAs":["https:\/\/www.linkedin.com\/company\/sglux-gmbh"]}]}},"_links":{"self":[{"href":"https:\/\/sglux.de\/es\/wp-json\/wp\/v2\/product\/4135","targetHints":{"allow":["GET"]}}],"collection":[{"href":"https:\/\/sglux.de\/es\/wp-json\/wp\/v2\/product"}],"about":[{"href":"https:\/\/sglux.de\/es\/wp-json\/wp\/v2\/types\/product"}],"replies":[{"embeddable":true,"href":"https:\/\/sglux.de\/es\/wp-json\/wp\/v2\/comments?post=4135"}],"wp:featuredmedia":[{"embeddable":true,"href":"https:\/\/sglux.de\/es\/wp-json\/wp\/v2\/media\/4148"}],"wp:attachment":[{"href":"https:\/\/sglux.de\/es\/wp-json\/wp\/v2\/media?parent=4135"}],"wp:term":[{"taxonomy":"product_brand","embeddable":true,"href":"https:\/\/sglux.de\/es\/wp-json\/wp\/v2\/product_brand?post=4135"},{"taxonomy":"product_cat","embeddable":true,"href":"https:\/\/sglux.de\/es\/wp-json\/wp\/v2\/product_cat?post=4135"},{"taxonomy":"product_tag","embeddable":true,"href":"https:\/\/sglux.de\/es\/wp-json\/wp\/v2\/product_tag?post=4135"}],"curies":[{"name":"wp","href":"https:\/\/api.w.org\/{rel}","templated":true}]}}