{"id":3139,"date":"2015-07-08T11:59:01","date_gmt":"2017-01-19T15:45:31","guid":{"rendered":"https:\/\/sglux.de\/?post_type=product&#038;p=3139\/"},"modified":"2018-10-22T12:09:23","modified_gmt":"2018-10-22T10:09:23","slug":"sg01l-e5","status":"publish","type":"product","link":"https:\/\/sglux.de\/es\/producto\/sg01l-e5\/","title":{"rendered":"SG01L-E5"},"content":{"rendered":"<p><a class=\"single_add_to_cart_button button right\" href=\"http:\/\/download.sglux.de\/photodiodes\/SG01L-E5.pdf\" target=\"_blank\">Descargar hoja de datos<\/a><br \/>\n<iframe loading=\"lazy\" class=\"pdfjs-viewer\" width=\"100%\" height=\"970px\" src=\"https:\/\/sglux.de\/data-matrix\/plugins\/pdf-viewer\/stable\/web\/viewer.html?file=https:\/\/sglux.de\/download\/photodiodes\/SG01L-E5.pdf\"><\/iframe> \n","protected":false},"excerpt":{"rendered":"<ul>\n<li>Eritema UV (UVI)<\/li>\n<li>\u00c1rea detectora 1.00 mm\u00b2<\/li>\n<li>Encapsulado met\u00e1lico TO5 sellado herm\u00e9ticamente, 1 pin aislado y 1 pin al encapsulado<\/li>\n<li>Para mediciones de \u00cdndice UV, error de medici\u00f3n menor al 5%<\/li>\n<li>1 UVI (2.5 \u00b5W\/cm\u00b2) resultando en una corriente aprox. de 2.5 nA<\/li>\n<li>Este art\u00edculo necesita una correcci\u00f3n de coseno adecuada para cumplir con los requisitos de la norma ISO 17166<\/li>\n<li>Chip SiC con informe PTB de la m\u00e1xima resistencia a la alta radiaci\u00f3n<\/li>\n<\/ul>\n","protected":false},"featured_media":2907,"comment_status":"open","ping_status":"closed","template":"","meta":{"_acf_changed":false,"_genesis_hide_title":false,"_genesis_hide_breadcrumbs":false,"_genesis_hide_singular_image":false,"_genesis_hide_footer_widgets":false,"_genesis_custom_body_class":"","_genesis_custom_post_class":"","_genesis_layout":""},"product_brand":[],"product_cat":[105,107],"product_tag":[475,435],"class_list":{"0":"post-3139","1":"product","2":"type-product","3":"status-publish","4":"has-post-thumbnail","6":"product_cat-fotodiodos-uv-sic","7":"product_cat-fotodiodos-indice-uv","8":"product_tag-photodiodes-es","9":"product_tag-uvi-es","10":"entry","12":"first","13":"instock","14":"taxable","15":"shipping-taxable","16":"purchasable","17":"product-type-simple"},"acf":[],"yoast_head":"<!-- This site is optimized with the Yoast SEO plugin v26.6 - https:\/\/yoast.com\/wordpress\/plugins\/seo\/ -->\n<title>SG01L-E5 | Fotodiodos UV, \u00cdndice UV (Erit\u00e9mico) | sglux<\/title>\n<meta name=\"robots\" content=\"index, follow, max-snippet:-1, max-image-preview:large, max-video-preview:-1\" \/>\n<link rel=\"canonical\" href=\"https:\/\/sglux.de\/es\/producto\/sg01l-e5\/\" \/>\n<meta property=\"og:locale\" content=\"es_ES\" \/>\n<meta property=\"og:type\" content=\"article\" \/>\n<meta property=\"og:title\" content=\"SG01L-E5 | Fotodiodos UV, \u00cdndice UV (Erit\u00e9mico) | sglux\" \/>\n<meta property=\"og:description\" content=\"Eritema UV (UVI) \u00c1rea detectora 1.00 mm\u00b2 Encapsulado met\u00e1lico TO5 sellado herm\u00e9ticamente, 1 pin aislado y 1 pin al encapsulado Para mediciones de \u00cdndice UV, error de medici\u00f3n menor al 5% 1 UVI (2.5 \u00b5W\/cm\u00b2) resultando en una corriente aprox. de 2.5 nA Este art\u00edculo necesita una correcci\u00f3n de coseno adecuada para cumplir con los requisitos de la norma ISO 17166 Chip SiC con informe PTB de la m\u00e1xima resistencia a la alta radiaci\u00f3n\" \/>\n<meta property=\"og:url\" content=\"https:\/\/sglux.de\/es\/producto\/sg01l-e5\/\" \/>\n<meta property=\"og:site_name\" content=\"sglux\" \/>\n<meta property=\"article:modified_time\" content=\"2018-10-22T10:09:23+00:00\" \/>\n<meta property=\"og:image\" content=\"https:\/\/sglux.de\/data-matrix\/uploads\/2015\/07\/sglux-sg01l-b5.jpg\" \/>\n\t<meta property=\"og:image:width\" content=\"800\" \/>\n\t<meta property=\"og:image:height\" content=\"800\" \/>\n\t<meta property=\"og:image:type\" content=\"image\/jpeg\" \/>\n<meta name=\"twitter:card\" content=\"summary_large_image\" \/>\n<script type=\"application\/ld+json\" class=\"yoast-schema-graph\">{\"@context\":\"https:\/\/schema.org\",\"@graph\":[{\"@type\":\"WebPage\",\"@id\":\"https:\/\/sglux.de\/es\/producto\/sg01l-e5\/\",\"url\":\"https:\/\/sglux.de\/es\/producto\/sg01l-e5\/\",\"name\":\"SG01L-E5 | Fotodiodos UV, \u00cdndice UV (Erit\u00e9mico) | sglux\",\"isPartOf\":{\"@id\":\"https:\/\/sglux.de\/es\/#website\"},\"primaryImageOfPage\":{\"@id\":\"https:\/\/sglux.de\/es\/producto\/sg01l-e5\/#primaryimage\"},\"image\":{\"@id\":\"https:\/\/sglux.de\/es\/producto\/sg01l-e5\/#primaryimage\"},\"thumbnailUrl\":\"https:\/\/sglux.de\/data-matrix\/uploads\/2015\/07\/sglux-sg01l-b5.jpg\",\"datePublished\":\"2017-01-19T15:45:31+00:00\",\"dateModified\":\"2018-10-22T10:09:23+00:00\",\"breadcrumb\":{\"@id\":\"https:\/\/sglux.de\/es\/producto\/sg01l-e5\/#breadcrumb\"},\"inLanguage\":\"es\",\"potentialAction\":[{\"@type\":\"ReadAction\",\"target\":[\"https:\/\/sglux.de\/es\/producto\/sg01l-e5\/\"]}]},{\"@type\":\"ImageObject\",\"inLanguage\":\"es\",\"@id\":\"https:\/\/sglux.de\/es\/producto\/sg01l-e5\/#primaryimage\",\"url\":\"https:\/\/sglux.de\/data-matrix\/uploads\/2015\/07\/sglux-sg01l-b5.jpg\",\"contentUrl\":\"https:\/\/sglux.de\/data-matrix\/uploads\/2015\/07\/sglux-sg01l-b5.jpg\",\"width\":800,\"height\":800},{\"@type\":\"BreadcrumbList\",\"@id\":\"https:\/\/sglux.de\/es\/producto\/sg01l-e5\/#breadcrumb\",\"itemListElement\":[{\"@type\":\"ListItem\",\"position\":1,\"name\":\"Startseite\",\"item\":\"https:\/\/sglux.de\/es\/\"},{\"@type\":\"ListItem\",\"position\":2,\"name\":\"Productos\",\"item\":\"https:\/\/sglux.de\/es\/producto\/\"},{\"@type\":\"ListItem\",\"position\":3,\"name\":\"SG01L-E5\"}]},{\"@type\":\"WebSite\",\"@id\":\"https:\/\/sglux.de\/es\/#website\",\"url\":\"https:\/\/sglux.de\/es\/\",\"name\":\"sglux\",\"description\":\"UV is our Business\",\"publisher\":{\"@id\":\"https:\/\/sglux.de\/es\/#organization\"},\"potentialAction\":[{\"@type\":\"SearchAction\",\"target\":{\"@type\":\"EntryPoint\",\"urlTemplate\":\"https:\/\/sglux.de\/es\/?s={search_term_string}\"},\"query-input\":{\"@type\":\"PropertyValueSpecification\",\"valueRequired\":true,\"valueName\":\"search_term_string\"}}],\"inLanguage\":\"es\"},{\"@type\":\"Organization\",\"@id\":\"https:\/\/sglux.de\/es\/#organization\",\"name\":\"sglux GmbH\",\"url\":\"https:\/\/sglux.de\/es\/\",\"logo\":{\"@type\":\"ImageObject\",\"inLanguage\":\"es\",\"@id\":\"https:\/\/sglux.de\/es\/#\/schema\/logo\/image\/\",\"url\":\"https:\/\/sglux.de\/data-matrix\/uploads\/2024\/11\/sglux_logo_uv_senesoren_gelb.png\",\"contentUrl\":\"https:\/\/sglux.de\/data-matrix\/uploads\/2024\/11\/sglux_logo_uv_senesoren_gelb.png\",\"width\":550,\"height\":116,\"caption\":\"sglux GmbH\"},\"image\":{\"@id\":\"https:\/\/sglux.de\/es\/#\/schema\/logo\/image\/\"},\"sameAs\":[\"https:\/\/www.linkedin.com\/company\/sglux-gmbh\"]}]}<\/script>\n<!-- \/ Yoast SEO plugin. -->","yoast_head_json":{"title":"SG01L-E5 | Fotodiodos UV, \u00cdndice UV (Erit\u00e9mico) | sglux","robots":{"index":"index","follow":"follow","max-snippet":"max-snippet:-1","max-image-preview":"max-image-preview:large","max-video-preview":"max-video-preview:-1"},"canonical":"https:\/\/sglux.de\/es\/producto\/sg01l-e5\/","og_locale":"es_ES","og_type":"article","og_title":"SG01L-E5 | Fotodiodos UV, \u00cdndice UV (Erit\u00e9mico) | sglux","og_description":"Eritema UV (UVI) \u00c1rea detectora 1.00 mm\u00b2 Encapsulado met\u00e1lico TO5 sellado herm\u00e9ticamente, 1 pin aislado y 1 pin al encapsulado Para mediciones de \u00cdndice UV, error de medici\u00f3n menor al 5% 1 UVI (2.5 \u00b5W\/cm\u00b2) resultando en una corriente aprox. de 2.5 nA Este art\u00edculo necesita una correcci\u00f3n de coseno adecuada para cumplir con los requisitos de la norma ISO 17166 Chip SiC con informe PTB de la m\u00e1xima resistencia a la alta radiaci\u00f3n","og_url":"https:\/\/sglux.de\/es\/producto\/sg01l-e5\/","og_site_name":"sglux","article_modified_time":"2018-10-22T10:09:23+00:00","og_image":[{"width":800,"height":800,"url":"https:\/\/sglux.de\/data-matrix\/uploads\/2015\/07\/sglux-sg01l-b5.jpg","type":"image\/jpeg"}],"twitter_card":"summary_large_image","schema":{"@context":"https:\/\/schema.org","@graph":[{"@type":"WebPage","@id":"https:\/\/sglux.de\/es\/producto\/sg01l-e5\/","url":"https:\/\/sglux.de\/es\/producto\/sg01l-e5\/","name":"SG01L-E5 | Fotodiodos UV, \u00cdndice UV (Erit\u00e9mico) | sglux","isPartOf":{"@id":"https:\/\/sglux.de\/es\/#website"},"primaryImageOfPage":{"@id":"https:\/\/sglux.de\/es\/producto\/sg01l-e5\/#primaryimage"},"image":{"@id":"https:\/\/sglux.de\/es\/producto\/sg01l-e5\/#primaryimage"},"thumbnailUrl":"https:\/\/sglux.de\/data-matrix\/uploads\/2015\/07\/sglux-sg01l-b5.jpg","datePublished":"2017-01-19T15:45:31+00:00","dateModified":"2018-10-22T10:09:23+00:00","breadcrumb":{"@id":"https:\/\/sglux.de\/es\/producto\/sg01l-e5\/#breadcrumb"},"inLanguage":"es","potentialAction":[{"@type":"ReadAction","target":["https:\/\/sglux.de\/es\/producto\/sg01l-e5\/"]}]},{"@type":"ImageObject","inLanguage":"es","@id":"https:\/\/sglux.de\/es\/producto\/sg01l-e5\/#primaryimage","url":"https:\/\/sglux.de\/data-matrix\/uploads\/2015\/07\/sglux-sg01l-b5.jpg","contentUrl":"https:\/\/sglux.de\/data-matrix\/uploads\/2015\/07\/sglux-sg01l-b5.jpg","width":800,"height":800},{"@type":"BreadcrumbList","@id":"https:\/\/sglux.de\/es\/producto\/sg01l-e5\/#breadcrumb","itemListElement":[{"@type":"ListItem","position":1,"name":"Startseite","item":"https:\/\/sglux.de\/es\/"},{"@type":"ListItem","position":2,"name":"Productos","item":"https:\/\/sglux.de\/es\/producto\/"},{"@type":"ListItem","position":3,"name":"SG01L-E5"}]},{"@type":"WebSite","@id":"https:\/\/sglux.de\/es\/#website","url":"https:\/\/sglux.de\/es\/","name":"sglux","description":"UV is our Business","publisher":{"@id":"https:\/\/sglux.de\/es\/#organization"},"potentialAction":[{"@type":"SearchAction","target":{"@type":"EntryPoint","urlTemplate":"https:\/\/sglux.de\/es\/?s={search_term_string}"},"query-input":{"@type":"PropertyValueSpecification","valueRequired":true,"valueName":"search_term_string"}}],"inLanguage":"es"},{"@type":"Organization","@id":"https:\/\/sglux.de\/es\/#organization","name":"sglux GmbH","url":"https:\/\/sglux.de\/es\/","logo":{"@type":"ImageObject","inLanguage":"es","@id":"https:\/\/sglux.de\/es\/#\/schema\/logo\/image\/","url":"https:\/\/sglux.de\/data-matrix\/uploads\/2024\/11\/sglux_logo_uv_senesoren_gelb.png","contentUrl":"https:\/\/sglux.de\/data-matrix\/uploads\/2024\/11\/sglux_logo_uv_senesoren_gelb.png","width":550,"height":116,"caption":"sglux GmbH"},"image":{"@id":"https:\/\/sglux.de\/es\/#\/schema\/logo\/image\/"},"sameAs":["https:\/\/www.linkedin.com\/company\/sglux-gmbh"]}]}},"_links":{"self":[{"href":"https:\/\/sglux.de\/es\/wp-json\/wp\/v2\/product\/3139","targetHints":{"allow":["GET"]}}],"collection":[{"href":"https:\/\/sglux.de\/es\/wp-json\/wp\/v2\/product"}],"about":[{"href":"https:\/\/sglux.de\/es\/wp-json\/wp\/v2\/types\/product"}],"replies":[{"embeddable":true,"href":"https:\/\/sglux.de\/es\/wp-json\/wp\/v2\/comments?post=3139"}],"wp:featuredmedia":[{"embeddable":true,"href":"https:\/\/sglux.de\/es\/wp-json\/wp\/v2\/media\/2907"}],"wp:attachment":[{"href":"https:\/\/sglux.de\/es\/wp-json\/wp\/v2\/media?parent=3139"}],"wp:term":[{"taxonomy":"product_brand","embeddable":true,"href":"https:\/\/sglux.de\/es\/wp-json\/wp\/v2\/product_brand?post=3139"},{"taxonomy":"product_cat","embeddable":true,"href":"https:\/\/sglux.de\/es\/wp-json\/wp\/v2\/product_cat?post=3139"},{"taxonomy":"product_tag","embeddable":true,"href":"https:\/\/sglux.de\/es\/wp-json\/wp\/v2\/product_tag?post=3139"}],"curies":[{"name":"wp","href":"https:\/\/api.w.org\/{rel}","templated":true}]}}