{"id":2939,"date":"2016-10-06T10:58:48","date_gmt":"2017-01-19T09:44:38","guid":{"rendered":"https:\/\/sglux.de\/?post_type=product&#038;p=2939\/"},"modified":"2023-05-17T15:34:45","modified_gmt":"2023-05-17T13:34:45","slug":"sg01l-5lens","status":"publish","type":"product","link":"https:\/\/sglux.de\/es\/producto\/sg01l-5lens\/","title":{"rendered":"SG01L-5Lens"},"content":{"rendered":"<p><a class=\"single_add_to_cart_button button right\" href=\"http:\/\/download.sglux.de\/photodiodes\/SG01L-5LENS.pdf\" target=\"_blank\" rel=\"noopener noreferrer\">Descargar hoja de datos<\/a><br \/>\n<iframe loading=\"lazy\" class=\"pdfjs-viewer\" width=\"100%\" height=\"970px\" src=\"https:\/\/sglux.de\/data-matrix\/plugins\/pdf-viewer\/stable\/web\/viewer.html?file=https:\/\/sglux.de\/download\/photodiodes\/SG01L-5LENS.pdf\"><\/iframe> \n","protected":false},"excerpt":{"rendered":"<ul>\n<li>Banda ancha UV (UVA+UVB+UVC)<\/li>\n<li>\u00c1rea detectora 1.00 mm\u00b2<\/li>\n<li>De acuerdo con el est\u00e1ndar EN298 (detecci\u00f3n de llama)<\/li>\n<li>Encapsulado met\u00e1lico TO5 sellado herm\u00e9ticamente, 1 pin aislado y 1 pin al encapsulado<\/li>\n<li>Con lente concentradora<\/li>\n<li>10 \u00b5W\/cm\u00b2 irradiaci\u00f3n a 280 nm (sensibilidad pico) resultando en una corriente aprox. de 100 nA<\/li>\n<li>Chip SiC con informe del PTB de la m\u00e1xima resistencia a la alta radiaci\u00f3n<\/li>\n<\/ul>\n","protected":false},"featured_media":2961,"comment_status":"open","ping_status":"closed","template":"","meta":{"_acf_changed":false,"_genesis_hide_title":false,"_genesis_hide_breadcrumbs":false,"_genesis_hide_singular_image":false,"_genesis_hide_footer_widgets":false,"_genesis_custom_body_class":"","_genesis_custom_post_class":"","_genesis_layout":"content-sidebar"},"product_brand":[],"product_cat":[105,106],"product_tag":[453,475],"class_list":{"0":"post-2939","1":"product","2":"type-product","3":"status-publish","4":"has-post-thumbnail","6":"product_cat-fotodiodos-uv-sic","7":"product_cat-fotodiodos-banda-ancha","8":"product_tag-flame-es","9":"product_tag-photodiodes-es","10":"entry","12":"first","13":"instock","14":"taxable","15":"shipping-taxable","16":"purchasable","17":"product-type-simple"},"acf":[],"yoast_head":"<!-- This site is optimized with the Yoast SEO plugin v26.6 - https:\/\/yoast.com\/wordpress\/plugins\/seo\/ -->\n<title>SG01L-5Lens | Fotodiodos UV, Banda ancha UV | sglux<\/title>\n<meta name=\"robots\" content=\"index, follow, max-snippet:-1, max-image-preview:large, max-video-preview:-1\" \/>\n<link rel=\"canonical\" href=\"https:\/\/sglux.de\/es\/producto\/sg01l-5lens\/\" \/>\n<meta property=\"og:locale\" content=\"es_ES\" \/>\n<meta property=\"og:type\" content=\"article\" \/>\n<meta property=\"og:title\" content=\"SG01L-5Lens | Fotodiodos UV, Banda ancha UV | sglux\" \/>\n<meta property=\"og:description\" content=\"Banda ancha UV (UVA+UVB+UVC) \u00c1rea detectora 1.00 mm\u00b2 De acuerdo con el est\u00e1ndar EN298 (detecci\u00f3n de llama) Encapsulado met\u00e1lico TO5 sellado herm\u00e9ticamente, 1 pin aislado y 1 pin al encapsulado Con lente concentradora 10 \u00b5W\/cm\u00b2 irradiaci\u00f3n a 280 nm (sensibilidad pico) resultando en una corriente aprox. de 100 nA Chip SiC con informe del PTB de la m\u00e1xima resistencia a la alta radiaci\u00f3n\" \/>\n<meta property=\"og:url\" content=\"https:\/\/sglux.de\/es\/producto\/sg01l-5lens\/\" \/>\n<meta property=\"og:site_name\" content=\"sglux\" \/>\n<meta property=\"article:modified_time\" content=\"2023-05-17T13:34:45+00:00\" \/>\n<meta property=\"og:image\" content=\"https:\/\/sglux.de\/data-matrix\/uploads\/2015\/07\/sglux-sg01d-5lens.jpg\" \/>\n\t<meta property=\"og:image:width\" content=\"800\" \/>\n\t<meta property=\"og:image:height\" content=\"800\" \/>\n\t<meta property=\"og:image:type\" content=\"image\/jpeg\" \/>\n<meta name=\"twitter:card\" content=\"summary_large_image\" \/>\n<script type=\"application\/ld+json\" class=\"yoast-schema-graph\">{\"@context\":\"https:\/\/schema.org\",\"@graph\":[{\"@type\":\"WebPage\",\"@id\":\"https:\/\/sglux.de\/es\/producto\/sg01l-5lens\/\",\"url\":\"https:\/\/sglux.de\/es\/producto\/sg01l-5lens\/\",\"name\":\"SG01L-5Lens | Fotodiodos UV, Banda ancha UV | sglux\",\"isPartOf\":{\"@id\":\"https:\/\/sglux.de\/es\/#website\"},\"primaryImageOfPage\":{\"@id\":\"https:\/\/sglux.de\/es\/producto\/sg01l-5lens\/#primaryimage\"},\"image\":{\"@id\":\"https:\/\/sglux.de\/es\/producto\/sg01l-5lens\/#primaryimage\"},\"thumbnailUrl\":\"https:\/\/sglux.de\/data-matrix\/uploads\/2015\/07\/sglux-sg01d-5lens.jpg\",\"datePublished\":\"2017-01-19T09:44:38+00:00\",\"dateModified\":\"2023-05-17T13:34:45+00:00\",\"breadcrumb\":{\"@id\":\"https:\/\/sglux.de\/es\/producto\/sg01l-5lens\/#breadcrumb\"},\"inLanguage\":\"es\",\"potentialAction\":[{\"@type\":\"ReadAction\",\"target\":[\"https:\/\/sglux.de\/es\/producto\/sg01l-5lens\/\"]}]},{\"@type\":\"ImageObject\",\"inLanguage\":\"es\",\"@id\":\"https:\/\/sglux.de\/es\/producto\/sg01l-5lens\/#primaryimage\",\"url\":\"https:\/\/sglux.de\/data-matrix\/uploads\/2015\/07\/sglux-sg01d-5lens.jpg\",\"contentUrl\":\"https:\/\/sglux.de\/data-matrix\/uploads\/2015\/07\/sglux-sg01d-5lens.jpg\",\"width\":800,\"height\":800},{\"@type\":\"BreadcrumbList\",\"@id\":\"https:\/\/sglux.de\/es\/producto\/sg01l-5lens\/#breadcrumb\",\"itemListElement\":[{\"@type\":\"ListItem\",\"position\":1,\"name\":\"Startseite\",\"item\":\"https:\/\/sglux.de\/es\/\"},{\"@type\":\"ListItem\",\"position\":2,\"name\":\"Productos\",\"item\":\"https:\/\/sglux.de\/es\/producto\/\"},{\"@type\":\"ListItem\",\"position\":3,\"name\":\"SG01L-5Lens\"}]},{\"@type\":\"WebSite\",\"@id\":\"https:\/\/sglux.de\/es\/#website\",\"url\":\"https:\/\/sglux.de\/es\/\",\"name\":\"sglux\",\"description\":\"UV is our Business\",\"publisher\":{\"@id\":\"https:\/\/sglux.de\/es\/#organization\"},\"potentialAction\":[{\"@type\":\"SearchAction\",\"target\":{\"@type\":\"EntryPoint\",\"urlTemplate\":\"https:\/\/sglux.de\/es\/?s={search_term_string}\"},\"query-input\":{\"@type\":\"PropertyValueSpecification\",\"valueRequired\":true,\"valueName\":\"search_term_string\"}}],\"inLanguage\":\"es\"},{\"@type\":\"Organization\",\"@id\":\"https:\/\/sglux.de\/es\/#organization\",\"name\":\"sglux GmbH\",\"url\":\"https:\/\/sglux.de\/es\/\",\"logo\":{\"@type\":\"ImageObject\",\"inLanguage\":\"es\",\"@id\":\"https:\/\/sglux.de\/es\/#\/schema\/logo\/image\/\",\"url\":\"https:\/\/sglux.de\/data-matrix\/uploads\/2024\/11\/sglux_logo_uv_senesoren_gelb.png\",\"contentUrl\":\"https:\/\/sglux.de\/data-matrix\/uploads\/2024\/11\/sglux_logo_uv_senesoren_gelb.png\",\"width\":550,\"height\":116,\"caption\":\"sglux GmbH\"},\"image\":{\"@id\":\"https:\/\/sglux.de\/es\/#\/schema\/logo\/image\/\"},\"sameAs\":[\"https:\/\/www.linkedin.com\/company\/sglux-gmbh\"]}]}<\/script>\n<!-- \/ Yoast SEO plugin. -->","yoast_head_json":{"title":"SG01L-5Lens | Fotodiodos UV, Banda ancha UV | sglux","robots":{"index":"index","follow":"follow","max-snippet":"max-snippet:-1","max-image-preview":"max-image-preview:large","max-video-preview":"max-video-preview:-1"},"canonical":"https:\/\/sglux.de\/es\/producto\/sg01l-5lens\/","og_locale":"es_ES","og_type":"article","og_title":"SG01L-5Lens | Fotodiodos UV, Banda ancha UV | sglux","og_description":"Banda ancha UV (UVA+UVB+UVC) \u00c1rea detectora 1.00 mm\u00b2 De acuerdo con el est\u00e1ndar EN298 (detecci\u00f3n de llama) Encapsulado met\u00e1lico TO5 sellado herm\u00e9ticamente, 1 pin aislado y 1 pin al encapsulado Con lente concentradora 10 \u00b5W\/cm\u00b2 irradiaci\u00f3n a 280 nm (sensibilidad pico) resultando en una corriente aprox. de 100 nA Chip SiC con informe del PTB de la m\u00e1xima resistencia a la alta radiaci\u00f3n","og_url":"https:\/\/sglux.de\/es\/producto\/sg01l-5lens\/","og_site_name":"sglux","article_modified_time":"2023-05-17T13:34:45+00:00","og_image":[{"width":800,"height":800,"url":"https:\/\/sglux.de\/data-matrix\/uploads\/2015\/07\/sglux-sg01d-5lens.jpg","type":"image\/jpeg"}],"twitter_card":"summary_large_image","schema":{"@context":"https:\/\/schema.org","@graph":[{"@type":"WebPage","@id":"https:\/\/sglux.de\/es\/producto\/sg01l-5lens\/","url":"https:\/\/sglux.de\/es\/producto\/sg01l-5lens\/","name":"SG01L-5Lens | Fotodiodos UV, Banda ancha UV | sglux","isPartOf":{"@id":"https:\/\/sglux.de\/es\/#website"},"primaryImageOfPage":{"@id":"https:\/\/sglux.de\/es\/producto\/sg01l-5lens\/#primaryimage"},"image":{"@id":"https:\/\/sglux.de\/es\/producto\/sg01l-5lens\/#primaryimage"},"thumbnailUrl":"https:\/\/sglux.de\/data-matrix\/uploads\/2015\/07\/sglux-sg01d-5lens.jpg","datePublished":"2017-01-19T09:44:38+00:00","dateModified":"2023-05-17T13:34:45+00:00","breadcrumb":{"@id":"https:\/\/sglux.de\/es\/producto\/sg01l-5lens\/#breadcrumb"},"inLanguage":"es","potentialAction":[{"@type":"ReadAction","target":["https:\/\/sglux.de\/es\/producto\/sg01l-5lens\/"]}]},{"@type":"ImageObject","inLanguage":"es","@id":"https:\/\/sglux.de\/es\/producto\/sg01l-5lens\/#primaryimage","url":"https:\/\/sglux.de\/data-matrix\/uploads\/2015\/07\/sglux-sg01d-5lens.jpg","contentUrl":"https:\/\/sglux.de\/data-matrix\/uploads\/2015\/07\/sglux-sg01d-5lens.jpg","width":800,"height":800},{"@type":"BreadcrumbList","@id":"https:\/\/sglux.de\/es\/producto\/sg01l-5lens\/#breadcrumb","itemListElement":[{"@type":"ListItem","position":1,"name":"Startseite","item":"https:\/\/sglux.de\/es\/"},{"@type":"ListItem","position":2,"name":"Productos","item":"https:\/\/sglux.de\/es\/producto\/"},{"@type":"ListItem","position":3,"name":"SG01L-5Lens"}]},{"@type":"WebSite","@id":"https:\/\/sglux.de\/es\/#website","url":"https:\/\/sglux.de\/es\/","name":"sglux","description":"UV is our Business","publisher":{"@id":"https:\/\/sglux.de\/es\/#organization"},"potentialAction":[{"@type":"SearchAction","target":{"@type":"EntryPoint","urlTemplate":"https:\/\/sglux.de\/es\/?s={search_term_string}"},"query-input":{"@type":"PropertyValueSpecification","valueRequired":true,"valueName":"search_term_string"}}],"inLanguage":"es"},{"@type":"Organization","@id":"https:\/\/sglux.de\/es\/#organization","name":"sglux GmbH","url":"https:\/\/sglux.de\/es\/","logo":{"@type":"ImageObject","inLanguage":"es","@id":"https:\/\/sglux.de\/es\/#\/schema\/logo\/image\/","url":"https:\/\/sglux.de\/data-matrix\/uploads\/2024\/11\/sglux_logo_uv_senesoren_gelb.png","contentUrl":"https:\/\/sglux.de\/data-matrix\/uploads\/2024\/11\/sglux_logo_uv_senesoren_gelb.png","width":550,"height":116,"caption":"sglux GmbH"},"image":{"@id":"https:\/\/sglux.de\/es\/#\/schema\/logo\/image\/"},"sameAs":["https:\/\/www.linkedin.com\/company\/sglux-gmbh"]}]}},"_links":{"self":[{"href":"https:\/\/sglux.de\/es\/wp-json\/wp\/v2\/product\/2939","targetHints":{"allow":["GET"]}}],"collection":[{"href":"https:\/\/sglux.de\/es\/wp-json\/wp\/v2\/product"}],"about":[{"href":"https:\/\/sglux.de\/es\/wp-json\/wp\/v2\/types\/product"}],"replies":[{"embeddable":true,"href":"https:\/\/sglux.de\/es\/wp-json\/wp\/v2\/comments?post=2939"}],"wp:featuredmedia":[{"embeddable":true,"href":"https:\/\/sglux.de\/es\/wp-json\/wp\/v2\/media\/2961"}],"wp:attachment":[{"href":"https:\/\/sglux.de\/es\/wp-json\/wp\/v2\/media?parent=2939"}],"wp:term":[{"taxonomy":"product_brand","embeddable":true,"href":"https:\/\/sglux.de\/es\/wp-json\/wp\/v2\/product_brand?post=2939"},{"taxonomy":"product_cat","embeddable":true,"href":"https:\/\/sglux.de\/es\/wp-json\/wp\/v2\/product_cat?post=2939"},{"taxonomy":"product_tag","embeddable":true,"href":"https:\/\/sglux.de\/es\/wp-json\/wp\/v2\/product_tag?post=2939"}],"curies":[{"name":"wp","href":"https:\/\/api.w.org\/{rel}","templated":true}]}}