{"id":2826,"date":"2015-08-27T14:55:53","date_gmt":"2017-01-19T07:51:03","guid":{"rendered":"https:\/\/sglux.de\/?post_type=product&#038;p=2826\/"},"modified":"2025-05-22T10:20:18","modified_gmt":"2025-05-22T08:20:18","slug":"voltcon","status":"publish","type":"product","link":"https:\/\/sglux.de\/es\/producto\/voltcon\/","title":{"rendered":"VOLTCON"},"content":{"rendered":"<p><a class=\"single_add_to_cart_button button right\" href=\"http:\/\/download.sglux.de\/datasheets\/Voltcon.pdf\" target=\"_blank\" rel=\"noopener noreferrer\">Descargar hoja de datos<\/a><br \/>\n<iframe loading=\"lazy\" class=\"pdfjs-viewer\" width=\"100%\" height=\"970px\" src=\"https:\/\/sglux.de\/data-matrix\/plugins\/pdf-viewer\/stable\/web\/viewer.html?file=https:\/\/sglux.de\/download\/datasheets\/Voltcon.pdf\"><\/iframe> \n","protected":false},"excerpt":{"rendered":"<ul>\n<li>Transmisor, conversi\u00f3n de la fotocorriente en una se\u00f1al de la salida de 0 a 5 V<\/li>\n<li>Fotocorriente m\u00e1xima: 500 \u00b5A, 5 \u00b5A, 50 nA o 500 pA<\/li>\n<li>Nueva versi\u00f3n (\u00abavanzada\u00bb) con caracter\u00edsticas mejoradas en general (v\u00e9ase la ficha t\u00e9cnica). No obstante, para pedidos repetidos se recomienda utilizar la versi\u00f3n \u00ablegacy\u00bb, ya que las opciones de ajuste son diferentes (legacy = 0 % \u2026 -100 % hacia abajo y advanced factor 1 \u2026 5,5 hacia arriba).<\/li>\n<li>Tambi\u00e9n disponible con caja, fuente de alimentaci\u00f3n y calibraci\u00f3n.<\/li>\n<\/ul>\n","protected":false},"featured_media":2830,"comment_status":"open","ping_status":"closed","template":"","meta":{"_acf_changed":false,"_genesis_hide_title":false,"_genesis_hide_breadcrumbs":false,"_genesis_hide_singular_image":false,"_genesis_hide_footer_widgets":false,"_genesis_custom_body_class":"","_genesis_custom_post_class":"","_genesis_layout":""},"product_brand":[],"product_cat":[132],"product_tag":[],"class_list":{"0":"post-2826","1":"product","2":"type-product","3":"status-publish","4":"has-post-thumbnail","6":"product_cat-transductores","7":"entry","9":"first","10":"instock","11":"taxable","12":"shipping-taxable","13":"purchasable","14":"product-type-variable"},"acf":[],"yoast_head":"<!-- This site is optimized with the Yoast SEO plugin v26.6 - https:\/\/yoast.com\/wordpress\/plugins\/seo\/ -->\n<title>VOLTCON | Transductores de medida para fotodiodos | sglux<\/title>\n<meta name=\"robots\" content=\"index, follow, max-snippet:-1, max-image-preview:large, max-video-preview:-1\" \/>\n<link rel=\"canonical\" href=\"https:\/\/sglux.de\/es\/producto\/voltcon\/\" \/>\n<meta property=\"og:locale\" content=\"es_ES\" \/>\n<meta property=\"og:type\" content=\"article\" \/>\n<meta property=\"og:title\" content=\"VOLTCON | Transductores de medida para fotodiodos | sglux\" \/>\n<meta property=\"og:description\" content=\"Transmisor, conversi\u00f3n de la fotocorriente en una se\u00f1al de la salida de 0 a 5 V Fotocorriente m\u00e1xima: 500 \u00b5A, 5 \u00b5A, 50 nA o 500 pA Nueva versi\u00f3n (&quot;avanzada&quot;) con caracter\u00edsticas mejoradas en general (v\u00e9ase la ficha t\u00e9cnica). No obstante, para pedidos repetidos se recomienda utilizar la versi\u00f3n &quot;legacy&quot;, ya que las opciones de ajuste son diferentes (legacy = 0 % \u2026 -100 % hacia abajo y advanced factor 1 \u2026 5,5 hacia arriba). Tambi\u00e9n disponible con caja, fuente de alimentaci\u00f3n y calibraci\u00f3n.\" \/>\n<meta property=\"og:url\" content=\"https:\/\/sglux.de\/es\/producto\/voltcon\/\" \/>\n<meta property=\"og:site_name\" content=\"sglux\" \/>\n<meta property=\"article:modified_time\" content=\"2025-05-22T08:20:18+00:00\" \/>\n<meta property=\"og:image\" content=\"https:\/\/sglux.de\/data-matrix\/uploads\/2015\/09\/sglux-voltcon.jpg\" \/>\n\t<meta property=\"og:image:width\" content=\"800\" \/>\n\t<meta property=\"og:image:height\" content=\"800\" \/>\n\t<meta property=\"og:image:type\" content=\"image\/jpeg\" \/>\n<meta name=\"twitter:card\" content=\"summary_large_image\" \/>\n<meta name=\"twitter:label1\" content=\"Tiempo de lectura\" \/>\n\t<meta name=\"twitter:data1\" content=\"1 minuto\" \/>\n<script type=\"application\/ld+json\" class=\"yoast-schema-graph\">{\"@context\":\"https:\/\/schema.org\",\"@graph\":[{\"@type\":\"WebPage\",\"@id\":\"https:\/\/sglux.de\/es\/producto\/voltcon\/\",\"url\":\"https:\/\/sglux.de\/es\/producto\/voltcon\/\",\"name\":\"VOLTCON | Transductores de medida para fotodiodos | sglux\",\"isPartOf\":{\"@id\":\"https:\/\/sglux.de\/es\/#website\"},\"primaryImageOfPage\":{\"@id\":\"https:\/\/sglux.de\/es\/producto\/voltcon\/#primaryimage\"},\"image\":{\"@id\":\"https:\/\/sglux.de\/es\/producto\/voltcon\/#primaryimage\"},\"thumbnailUrl\":\"https:\/\/sglux.de\/data-matrix\/uploads\/2015\/09\/sglux-voltcon.jpg\",\"datePublished\":\"2017-01-19T07:51:03+00:00\",\"dateModified\":\"2025-05-22T08:20:18+00:00\",\"breadcrumb\":{\"@id\":\"https:\/\/sglux.de\/es\/producto\/voltcon\/#breadcrumb\"},\"inLanguage\":\"es\",\"potentialAction\":[{\"@type\":\"ReadAction\",\"target\":[\"https:\/\/sglux.de\/es\/producto\/voltcon\/\"]}]},{\"@type\":\"ImageObject\",\"inLanguage\":\"es\",\"@id\":\"https:\/\/sglux.de\/es\/producto\/voltcon\/#primaryimage\",\"url\":\"https:\/\/sglux.de\/data-matrix\/uploads\/2015\/09\/sglux-voltcon.jpg\",\"contentUrl\":\"https:\/\/sglux.de\/data-matrix\/uploads\/2015\/09\/sglux-voltcon.jpg\",\"width\":800,\"height\":800},{\"@type\":\"BreadcrumbList\",\"@id\":\"https:\/\/sglux.de\/es\/producto\/voltcon\/#breadcrumb\",\"itemListElement\":[{\"@type\":\"ListItem\",\"position\":1,\"name\":\"Startseite\",\"item\":\"https:\/\/sglux.de\/es\/\"},{\"@type\":\"ListItem\",\"position\":2,\"name\":\"Productos\",\"item\":\"https:\/\/sglux.de\/es\/producto\/\"},{\"@type\":\"ListItem\",\"position\":3,\"name\":\"VOLTCON\"}]},{\"@type\":\"WebSite\",\"@id\":\"https:\/\/sglux.de\/es\/#website\",\"url\":\"https:\/\/sglux.de\/es\/\",\"name\":\"sglux\",\"description\":\"UV is our Business\",\"publisher\":{\"@id\":\"https:\/\/sglux.de\/es\/#organization\"},\"potentialAction\":[{\"@type\":\"SearchAction\",\"target\":{\"@type\":\"EntryPoint\",\"urlTemplate\":\"https:\/\/sglux.de\/es\/?s={search_term_string}\"},\"query-input\":{\"@type\":\"PropertyValueSpecification\",\"valueRequired\":true,\"valueName\":\"search_term_string\"}}],\"inLanguage\":\"es\"},{\"@type\":\"Organization\",\"@id\":\"https:\/\/sglux.de\/es\/#organization\",\"name\":\"sglux GmbH\",\"url\":\"https:\/\/sglux.de\/es\/\",\"logo\":{\"@type\":\"ImageObject\",\"inLanguage\":\"es\",\"@id\":\"https:\/\/sglux.de\/es\/#\/schema\/logo\/image\/\",\"url\":\"https:\/\/sglux.de\/data-matrix\/uploads\/2024\/11\/sglux_logo_uv_senesoren_gelb.png\",\"contentUrl\":\"https:\/\/sglux.de\/data-matrix\/uploads\/2024\/11\/sglux_logo_uv_senesoren_gelb.png\",\"width\":550,\"height\":116,\"caption\":\"sglux GmbH\"},\"image\":{\"@id\":\"https:\/\/sglux.de\/es\/#\/schema\/logo\/image\/\"},\"sameAs\":[\"https:\/\/www.linkedin.com\/company\/sglux-gmbh\"]}]}<\/script>\n<!-- \/ Yoast SEO plugin. -->","yoast_head_json":{"title":"VOLTCON | Transductores de medida para fotodiodos | sglux","robots":{"index":"index","follow":"follow","max-snippet":"max-snippet:-1","max-image-preview":"max-image-preview:large","max-video-preview":"max-video-preview:-1"},"canonical":"https:\/\/sglux.de\/es\/producto\/voltcon\/","og_locale":"es_ES","og_type":"article","og_title":"VOLTCON | Transductores de medida para fotodiodos | sglux","og_description":"Transmisor, conversi\u00f3n de la fotocorriente en una se\u00f1al de la salida de 0 a 5 V Fotocorriente m\u00e1xima: 500 \u00b5A, 5 \u00b5A, 50 nA o 500 pA Nueva versi\u00f3n (\"avanzada\") con caracter\u00edsticas mejoradas en general (v\u00e9ase la ficha t\u00e9cnica). No obstante, para pedidos repetidos se recomienda utilizar la versi\u00f3n \"legacy\", ya que las opciones de ajuste son diferentes (legacy = 0 % \u2026 -100 % hacia abajo y advanced factor 1 \u2026 5,5 hacia arriba). Tambi\u00e9n disponible con caja, fuente de alimentaci\u00f3n y calibraci\u00f3n.","og_url":"https:\/\/sglux.de\/es\/producto\/voltcon\/","og_site_name":"sglux","article_modified_time":"2025-05-22T08:20:18+00:00","og_image":[{"width":800,"height":800,"url":"https:\/\/sglux.de\/data-matrix\/uploads\/2015\/09\/sglux-voltcon.jpg","type":"image\/jpeg"}],"twitter_card":"summary_large_image","twitter_misc":{"Tiempo de lectura":"1 minuto"},"schema":{"@context":"https:\/\/schema.org","@graph":[{"@type":"WebPage","@id":"https:\/\/sglux.de\/es\/producto\/voltcon\/","url":"https:\/\/sglux.de\/es\/producto\/voltcon\/","name":"VOLTCON | Transductores de medida para fotodiodos | sglux","isPartOf":{"@id":"https:\/\/sglux.de\/es\/#website"},"primaryImageOfPage":{"@id":"https:\/\/sglux.de\/es\/producto\/voltcon\/#primaryimage"},"image":{"@id":"https:\/\/sglux.de\/es\/producto\/voltcon\/#primaryimage"},"thumbnailUrl":"https:\/\/sglux.de\/data-matrix\/uploads\/2015\/09\/sglux-voltcon.jpg","datePublished":"2017-01-19T07:51:03+00:00","dateModified":"2025-05-22T08:20:18+00:00","breadcrumb":{"@id":"https:\/\/sglux.de\/es\/producto\/voltcon\/#breadcrumb"},"inLanguage":"es","potentialAction":[{"@type":"ReadAction","target":["https:\/\/sglux.de\/es\/producto\/voltcon\/"]}]},{"@type":"ImageObject","inLanguage":"es","@id":"https:\/\/sglux.de\/es\/producto\/voltcon\/#primaryimage","url":"https:\/\/sglux.de\/data-matrix\/uploads\/2015\/09\/sglux-voltcon.jpg","contentUrl":"https:\/\/sglux.de\/data-matrix\/uploads\/2015\/09\/sglux-voltcon.jpg","width":800,"height":800},{"@type":"BreadcrumbList","@id":"https:\/\/sglux.de\/es\/producto\/voltcon\/#breadcrumb","itemListElement":[{"@type":"ListItem","position":1,"name":"Startseite","item":"https:\/\/sglux.de\/es\/"},{"@type":"ListItem","position":2,"name":"Productos","item":"https:\/\/sglux.de\/es\/producto\/"},{"@type":"ListItem","position":3,"name":"VOLTCON"}]},{"@type":"WebSite","@id":"https:\/\/sglux.de\/es\/#website","url":"https:\/\/sglux.de\/es\/","name":"sglux","description":"UV is our Business","publisher":{"@id":"https:\/\/sglux.de\/es\/#organization"},"potentialAction":[{"@type":"SearchAction","target":{"@type":"EntryPoint","urlTemplate":"https:\/\/sglux.de\/es\/?s={search_term_string}"},"query-input":{"@type":"PropertyValueSpecification","valueRequired":true,"valueName":"search_term_string"}}],"inLanguage":"es"},{"@type":"Organization","@id":"https:\/\/sglux.de\/es\/#organization","name":"sglux GmbH","url":"https:\/\/sglux.de\/es\/","logo":{"@type":"ImageObject","inLanguage":"es","@id":"https:\/\/sglux.de\/es\/#\/schema\/logo\/image\/","url":"https:\/\/sglux.de\/data-matrix\/uploads\/2024\/11\/sglux_logo_uv_senesoren_gelb.png","contentUrl":"https:\/\/sglux.de\/data-matrix\/uploads\/2024\/11\/sglux_logo_uv_senesoren_gelb.png","width":550,"height":116,"caption":"sglux GmbH"},"image":{"@id":"https:\/\/sglux.de\/es\/#\/schema\/logo\/image\/"},"sameAs":["https:\/\/www.linkedin.com\/company\/sglux-gmbh"]}]}},"_links":{"self":[{"href":"https:\/\/sglux.de\/es\/wp-json\/wp\/v2\/product\/2826","targetHints":{"allow":["GET"]}}],"collection":[{"href":"https:\/\/sglux.de\/es\/wp-json\/wp\/v2\/product"}],"about":[{"href":"https:\/\/sglux.de\/es\/wp-json\/wp\/v2\/types\/product"}],"replies":[{"embeddable":true,"href":"https:\/\/sglux.de\/es\/wp-json\/wp\/v2\/comments?post=2826"}],"wp:featuredmedia":[{"embeddable":true,"href":"https:\/\/sglux.de\/es\/wp-json\/wp\/v2\/media\/2830"}],"wp:attachment":[{"href":"https:\/\/sglux.de\/es\/wp-json\/wp\/v2\/media?parent=2826"}],"wp:term":[{"taxonomy":"product_brand","embeddable":true,"href":"https:\/\/sglux.de\/es\/wp-json\/wp\/v2\/product_brand?post=2826"},{"taxonomy":"product_cat","embeddable":true,"href":"https:\/\/sglux.de\/es\/wp-json\/wp\/v2\/product_cat?post=2826"},{"taxonomy":"product_tag","embeddable":true,"href":"https:\/\/sglux.de\/es\/wp-json\/wp\/v2\/product_tag?post=2826"}],"curies":[{"name":"wp","href":"https:\/\/api.w.org\/{rel}","templated":true}]}}