{"id":11457,"date":"2025-11-13T15:33:12","date_gmt":"2025-11-13T14:33:12","guid":{"rendered":"https:\/\/sglux.de\/?post_type=product&#038;p=11457"},"modified":"2025-11-14T11:27:39","modified_gmt":"2025-11-14T10:27:39","slug":"tocon_nc1f-kopie","status":"publish","type":"product","link":"https:\/\/sglux.de\/es\/producto\/tocon_nc1f-kopie\/","title":{"rendered":"TOCON_N1F"},"content":{"rendered":"<p><a class=\"single_add_to_cart_button button right\" href=\"http:\/\/download.sglux.de\/tocons\/TOCON_N1F.pdf\" target=\"_blank\" rel=\"noopener noreferrer\">Descargar hoja de datos<\/a><br \/>\n<iframe loading=\"lazy\" class=\"pdfjs-viewer\" width=\"100%\" height=\"970px\" src=\"https:\/\/sglux.de\/data-matrix\/plugins\/pdf-viewer\/stable\/web\/viewer.html?file=https:\/\/sglux.de\/download\/tocons\/TOCON_N1F.pdf\"><\/iframe> \n","protected":false},"excerpt":{"rendered":"<ul>\n<li>Fotodetector UV con amplificador integrado<\/li>\n<li>Con un tiempo de respuesta r\u00e1pido para uso en detecci\u00f3n de incendios<\/li>\n<li>Gran chip detector de SiC de 1 mm\u00b2 para maximizar la sensibilidad<\/li>\n<li>Con difusor para ampliar el campo de visi\u00f3n<\/li>\n<li>Encapsulado met\u00e1lico TO5 sellado herm\u00e9ticamente<\/li>\n<li>Se\u00f1al de salida 0 &#8211; 5 V<\/li>\n<li>Irradiancia m\u00e1xima (l\u00edmite de saturaci\u00f3n) en 280 nm es 100 nW\/cm\u00b2<\/li>\n<li>Irradiancia m\u00ednima (l\u00edmite de resoluci\u00f3n) 10 pW\/cm\u00b2<\/li>\n<li>Se requiere fuente de alimentaci\u00f3n positiva y negativa. Nuestra carcasa <a href=\"https:\/\/sglux.de\/es\/producto\/tocon-n-steel-housing\/\" target=\"_blank\" rel=\"noopener noreferrer\">TOCON_N_steel<\/a> disponible opcionalmente con un divisor de voltaje integrado facilita la evaluaci\u00f3n del producto.<\/li>\n<li>Sustituci\u00f3n de sensores conducci\u00f3n gaseosa<\/li>\n<li>Sensibilidad claramente aumentada, pero solo utilizable en ausencia total de luz diurna.<\/li>\n<\/ul>\n","protected":false},"featured_media":3121,"comment_status":"open","ping_status":"closed","template":"","meta":{"_acf_changed":false,"_genesis_hide_title":false,"_genesis_hide_breadcrumbs":false,"_genesis_hide_singular_image":false,"_genesis_hide_footer_widgets":false,"_genesis_custom_body_class":"","_genesis_custom_post_class":"","_genesis_layout":""},"product_brand":[],"product_cat":[111,318],"product_tag":[453],"class_list":{"0":"post-11457","1":"product","2":"type-product","3":"status-publish","4":"has-post-thumbnail","6":"product_cat-tocons-uv-sic","7":"product_cat-tocon-para-la-deteccion-de-llamas-e-incendios","8":"product_tag-flame-es","9":"entry","11":"first","12":"instock","13":"taxable","14":"shipping-taxable","15":"purchasable","16":"product-type-simple"},"acf":[],"yoast_head":"<!-- This site is optimized with the Yoast SEO plugin v26.6 - https:\/\/yoast.com\/wordpress\/plugins\/seo\/ -->\n<title>TOCON_N1F | TOCONs UV, TOCON para la detecci\u00f3n de llamas e incendios | sglux<\/title>\n<meta name=\"robots\" content=\"index, follow, max-snippet:-1, max-image-preview:large, max-video-preview:-1\" \/>\n<link rel=\"canonical\" href=\"https:\/\/sglux.de\/es\/producto\/tocon_nc1f-kopie\/\" \/>\n<meta property=\"og:locale\" content=\"es_ES\" \/>\n<meta property=\"og:type\" content=\"article\" \/>\n<meta property=\"og:title\" content=\"TOCON_N1F | TOCONs UV, TOCON para la detecci\u00f3n de llamas e incendios | sglux\" \/>\n<meta property=\"og:description\" content=\"Fotodetector UV con amplificador integrado Con un tiempo de respuesta r\u00e1pido para uso en detecci\u00f3n de incendios Gran chip detector de SiC de 1 mm\u00b2 para maximizar la sensibilidad Con difusor para ampliar el campo de visi\u00f3n Encapsulado met\u00e1lico TO5 sellado herm\u00e9ticamente Se\u00f1al de salida 0 - 5 V Irradiancia m\u00e1xima (l\u00edmite de saturaci\u00f3n) en 280 nm es 100 nW\/cm\u00b2 Irradiancia m\u00ednima (l\u00edmite de resoluci\u00f3n) 10 pW\/cm\u00b2 Se requiere fuente de alimentaci\u00f3n positiva y negativa. Nuestra carcasa TOCON_N_steel disponible opcionalmente con un divisor de voltaje integrado facilita la evaluaci\u00f3n del producto. Sustituci\u00f3n de sensores conducci\u00f3n gaseosa Sensibilidad claramente aumentada, pero solo utilizable en ausencia total de luz diurna.\" \/>\n<meta property=\"og:url\" content=\"https:\/\/sglux.de\/es\/producto\/tocon_nc1f-kopie\/\" \/>\n<meta property=\"og:site_name\" content=\"sglux\" \/>\n<meta property=\"article:modified_time\" content=\"2025-11-14T10:27:39+00:00\" \/>\n<meta property=\"og:image\" content=\"https:\/\/sglux.de\/data-matrix\/uploads\/2015\/07\/sglux-tocon-abc6.jpg\" \/>\n\t<meta property=\"og:image:width\" content=\"800\" \/>\n\t<meta property=\"og:image:height\" content=\"800\" \/>\n\t<meta property=\"og:image:type\" content=\"image\/jpeg\" \/>\n<meta name=\"twitter:card\" content=\"summary_large_image\" \/>\n<meta name=\"twitter:label1\" content=\"Tiempo de lectura\" \/>\n\t<meta name=\"twitter:data1\" content=\"1 minuto\" \/>\n<script type=\"application\/ld+json\" class=\"yoast-schema-graph\">{\"@context\":\"https:\/\/schema.org\",\"@graph\":[{\"@type\":\"WebPage\",\"@id\":\"https:\/\/sglux.de\/es\/producto\/tocon_nc1f-kopie\/\",\"url\":\"https:\/\/sglux.de\/es\/producto\/tocon_nc1f-kopie\/\",\"name\":\"TOCON_N1F | TOCONs UV, TOCON para la detecci\u00f3n de llamas e incendios | sglux\",\"isPartOf\":{\"@id\":\"https:\/\/sglux.de\/es\/#website\"},\"primaryImageOfPage\":{\"@id\":\"https:\/\/sglux.de\/es\/producto\/tocon_nc1f-kopie\/#primaryimage\"},\"image\":{\"@id\":\"https:\/\/sglux.de\/es\/producto\/tocon_nc1f-kopie\/#primaryimage\"},\"thumbnailUrl\":\"https:\/\/sglux.de\/data-matrix\/uploads\/2015\/07\/sglux-tocon-abc6.jpg\",\"datePublished\":\"2025-11-13T14:33:12+00:00\",\"dateModified\":\"2025-11-14T10:27:39+00:00\",\"breadcrumb\":{\"@id\":\"https:\/\/sglux.de\/es\/producto\/tocon_nc1f-kopie\/#breadcrumb\"},\"inLanguage\":\"es\",\"potentialAction\":[{\"@type\":\"ReadAction\",\"target\":[\"https:\/\/sglux.de\/es\/producto\/tocon_nc1f-kopie\/\"]}]},{\"@type\":\"ImageObject\",\"inLanguage\":\"es\",\"@id\":\"https:\/\/sglux.de\/es\/producto\/tocon_nc1f-kopie\/#primaryimage\",\"url\":\"https:\/\/sglux.de\/data-matrix\/uploads\/2015\/07\/sglux-tocon-abc6.jpg\",\"contentUrl\":\"https:\/\/sglux.de\/data-matrix\/uploads\/2015\/07\/sglux-tocon-abc6.jpg\",\"width\":800,\"height\":800},{\"@type\":\"BreadcrumbList\",\"@id\":\"https:\/\/sglux.de\/es\/producto\/tocon_nc1f-kopie\/#breadcrumb\",\"itemListElement\":[{\"@type\":\"ListItem\",\"position\":1,\"name\":\"Startseite\",\"item\":\"https:\/\/sglux.de\/es\/\"},{\"@type\":\"ListItem\",\"position\":2,\"name\":\"Productos\",\"item\":\"https:\/\/sglux.de\/es\/producto\/\"},{\"@type\":\"ListItem\",\"position\":3,\"name\":\"TOCON_N1F\"}]},{\"@type\":\"WebSite\",\"@id\":\"https:\/\/sglux.de\/es\/#website\",\"url\":\"https:\/\/sglux.de\/es\/\",\"name\":\"sglux\",\"description\":\"UV is our Business\",\"publisher\":{\"@id\":\"https:\/\/sglux.de\/es\/#organization\"},\"potentialAction\":[{\"@type\":\"SearchAction\",\"target\":{\"@type\":\"EntryPoint\",\"urlTemplate\":\"https:\/\/sglux.de\/es\/?s={search_term_string}\"},\"query-input\":{\"@type\":\"PropertyValueSpecification\",\"valueRequired\":true,\"valueName\":\"search_term_string\"}}],\"inLanguage\":\"es\"},{\"@type\":\"Organization\",\"@id\":\"https:\/\/sglux.de\/es\/#organization\",\"name\":\"sglux GmbH\",\"url\":\"https:\/\/sglux.de\/es\/\",\"logo\":{\"@type\":\"ImageObject\",\"inLanguage\":\"es\",\"@id\":\"https:\/\/sglux.de\/es\/#\/schema\/logo\/image\/\",\"url\":\"https:\/\/sglux.de\/data-matrix\/uploads\/2024\/11\/sglux_logo_uv_senesoren_gelb.png\",\"contentUrl\":\"https:\/\/sglux.de\/data-matrix\/uploads\/2024\/11\/sglux_logo_uv_senesoren_gelb.png\",\"width\":550,\"height\":116,\"caption\":\"sglux GmbH\"},\"image\":{\"@id\":\"https:\/\/sglux.de\/es\/#\/schema\/logo\/image\/\"},\"sameAs\":[\"https:\/\/www.linkedin.com\/company\/sglux-gmbh\"]}]}<\/script>\n<!-- \/ Yoast SEO plugin. -->","yoast_head_json":{"title":"TOCON_N1F | TOCONs UV, TOCON para la detecci\u00f3n de llamas e incendios | sglux","robots":{"index":"index","follow":"follow","max-snippet":"max-snippet:-1","max-image-preview":"max-image-preview:large","max-video-preview":"max-video-preview:-1"},"canonical":"https:\/\/sglux.de\/es\/producto\/tocon_nc1f-kopie\/","og_locale":"es_ES","og_type":"article","og_title":"TOCON_N1F | TOCONs UV, TOCON para la detecci\u00f3n de llamas e incendios | sglux","og_description":"Fotodetector UV con amplificador integrado Con un tiempo de respuesta r\u00e1pido para uso en detecci\u00f3n de incendios Gran chip detector de SiC de 1 mm\u00b2 para maximizar la sensibilidad Con difusor para ampliar el campo de visi\u00f3n Encapsulado met\u00e1lico TO5 sellado herm\u00e9ticamente Se\u00f1al de salida 0 - 5 V Irradiancia m\u00e1xima (l\u00edmite de saturaci\u00f3n) en 280 nm es 100 nW\/cm\u00b2 Irradiancia m\u00ednima (l\u00edmite de resoluci\u00f3n) 10 pW\/cm\u00b2 Se requiere fuente de alimentaci\u00f3n positiva y negativa. Nuestra carcasa TOCON_N_steel disponible opcionalmente con un divisor de voltaje integrado facilita la evaluaci\u00f3n del producto. Sustituci\u00f3n de sensores conducci\u00f3n gaseosa Sensibilidad claramente aumentada, pero solo utilizable en ausencia total de luz diurna.","og_url":"https:\/\/sglux.de\/es\/producto\/tocon_nc1f-kopie\/","og_site_name":"sglux","article_modified_time":"2025-11-14T10:27:39+00:00","og_image":[{"width":800,"height":800,"url":"https:\/\/sglux.de\/data-matrix\/uploads\/2015\/07\/sglux-tocon-abc6.jpg","type":"image\/jpeg"}],"twitter_card":"summary_large_image","twitter_misc":{"Tiempo de lectura":"1 minuto"},"schema":{"@context":"https:\/\/schema.org","@graph":[{"@type":"WebPage","@id":"https:\/\/sglux.de\/es\/producto\/tocon_nc1f-kopie\/","url":"https:\/\/sglux.de\/es\/producto\/tocon_nc1f-kopie\/","name":"TOCON_N1F | TOCONs UV, TOCON para la detecci\u00f3n de llamas e incendios | sglux","isPartOf":{"@id":"https:\/\/sglux.de\/es\/#website"},"primaryImageOfPage":{"@id":"https:\/\/sglux.de\/es\/producto\/tocon_nc1f-kopie\/#primaryimage"},"image":{"@id":"https:\/\/sglux.de\/es\/producto\/tocon_nc1f-kopie\/#primaryimage"},"thumbnailUrl":"https:\/\/sglux.de\/data-matrix\/uploads\/2015\/07\/sglux-tocon-abc6.jpg","datePublished":"2025-11-13T14:33:12+00:00","dateModified":"2025-11-14T10:27:39+00:00","breadcrumb":{"@id":"https:\/\/sglux.de\/es\/producto\/tocon_nc1f-kopie\/#breadcrumb"},"inLanguage":"es","potentialAction":[{"@type":"ReadAction","target":["https:\/\/sglux.de\/es\/producto\/tocon_nc1f-kopie\/"]}]},{"@type":"ImageObject","inLanguage":"es","@id":"https:\/\/sglux.de\/es\/producto\/tocon_nc1f-kopie\/#primaryimage","url":"https:\/\/sglux.de\/data-matrix\/uploads\/2015\/07\/sglux-tocon-abc6.jpg","contentUrl":"https:\/\/sglux.de\/data-matrix\/uploads\/2015\/07\/sglux-tocon-abc6.jpg","width":800,"height":800},{"@type":"BreadcrumbList","@id":"https:\/\/sglux.de\/es\/producto\/tocon_nc1f-kopie\/#breadcrumb","itemListElement":[{"@type":"ListItem","position":1,"name":"Startseite","item":"https:\/\/sglux.de\/es\/"},{"@type":"ListItem","position":2,"name":"Productos","item":"https:\/\/sglux.de\/es\/producto\/"},{"@type":"ListItem","position":3,"name":"TOCON_N1F"}]},{"@type":"WebSite","@id":"https:\/\/sglux.de\/es\/#website","url":"https:\/\/sglux.de\/es\/","name":"sglux","description":"UV is our Business","publisher":{"@id":"https:\/\/sglux.de\/es\/#organization"},"potentialAction":[{"@type":"SearchAction","target":{"@type":"EntryPoint","urlTemplate":"https:\/\/sglux.de\/es\/?s={search_term_string}"},"query-input":{"@type":"PropertyValueSpecification","valueRequired":true,"valueName":"search_term_string"}}],"inLanguage":"es"},{"@type":"Organization","@id":"https:\/\/sglux.de\/es\/#organization","name":"sglux GmbH","url":"https:\/\/sglux.de\/es\/","logo":{"@type":"ImageObject","inLanguage":"es","@id":"https:\/\/sglux.de\/es\/#\/schema\/logo\/image\/","url":"https:\/\/sglux.de\/data-matrix\/uploads\/2024\/11\/sglux_logo_uv_senesoren_gelb.png","contentUrl":"https:\/\/sglux.de\/data-matrix\/uploads\/2024\/11\/sglux_logo_uv_senesoren_gelb.png","width":550,"height":116,"caption":"sglux GmbH"},"image":{"@id":"https:\/\/sglux.de\/es\/#\/schema\/logo\/image\/"},"sameAs":["https:\/\/www.linkedin.com\/company\/sglux-gmbh"]}]}},"_links":{"self":[{"href":"https:\/\/sglux.de\/es\/wp-json\/wp\/v2\/product\/11457","targetHints":{"allow":["GET"]}}],"collection":[{"href":"https:\/\/sglux.de\/es\/wp-json\/wp\/v2\/product"}],"about":[{"href":"https:\/\/sglux.de\/es\/wp-json\/wp\/v2\/types\/product"}],"replies":[{"embeddable":true,"href":"https:\/\/sglux.de\/es\/wp-json\/wp\/v2\/comments?post=11457"}],"wp:featuredmedia":[{"embeddable":true,"href":"https:\/\/sglux.de\/es\/wp-json\/wp\/v2\/media\/3121"}],"wp:attachment":[{"href":"https:\/\/sglux.de\/es\/wp-json\/wp\/v2\/media?parent=11457"}],"wp:term":[{"taxonomy":"product_brand","embeddable":true,"href":"https:\/\/sglux.de\/es\/wp-json\/wp\/v2\/product_brand?post=11457"},{"taxonomy":"product_cat","embeddable":true,"href":"https:\/\/sglux.de\/es\/wp-json\/wp\/v2\/product_cat?post=11457"},{"taxonomy":"product_tag","embeddable":true,"href":"https:\/\/sglux.de\/es\/wp-json\/wp\/v2\/product_tag?post=11457"}],"curies":[{"name":"wp","href":"https:\/\/api.w.org\/{rel}","templated":true}]}}