{"id":11271,"date":"2025-10-27T14:29:21","date_gmt":"2025-10-27T13:29:21","guid":{"rendered":"https:\/\/sglux.de\/?post_type=product&#038;p=11271"},"modified":"2025-11-14T09:29:34","modified_gmt":"2025-11-14T08:29:34","slug":"radiometro-uv-sxl-55-uva-340","status":"publish","type":"product","link":"https:\/\/sglux.de\/es\/producto\/radiometro-uv-sxl-55-uva-340\/","title":{"rendered":"Radi\u00f3metro UV SXL 55-UVA-340"},"content":{"rendered":"<p><a class=\"single_add_to_cart_button button right\" href=\"http:\/\/download.sglux.de\/radiometers\/uv-radiometer-sxl-55\/UV-Radiometer-SXL-55-UVA-340_EN.pdf\" target=\"_blank\" rel=\"noopener noreferrer\">Descargar hoja de datos<\/a><br \/>\n<iframe loading=\"lazy\" class=\"pdfjs-viewer\" width=\"100%\" height=\"970px\" src=\"https:\/\/sglux.de\/data-matrix\/plugins\/pdf-viewer\/stable\/web\/viewer.html?file=https:\/\/sglux.de\/download\/radiometers\/uv-radiometer-sxl-55\/UV-Radiometer-SXL-55-UVA-340_EN.pdf\"><\/iframe> \n","protected":false},"excerpt":{"rendered":"<ul>\n<li>Smartphone based UV radiometer with dosimeter and data logging feature, designed to measure irradiance during accelerated weathering exposure under a UVA-340 fluorescent lamp, in accordance with ASTM Methods G154 and G151. <\/li>\n<li>To be used with the customer\u2019s smartphone (Android, from Rev. 6.0) or with an optionally available smartphone.<\/li>\n<li>The price includes one sglux UV sensor with PTB traceable calibration.<\/li>\n<li>Also available in customer-specific design (color scheme, logo, additional features).<\/li>\n<\/ul>\n","protected":false},"featured_media":7853,"comment_status":"open","ping_status":"closed","template":"","meta":{"_acf_changed":false,"_genesis_hide_title":false,"_genesis_hide_breadcrumbs":false,"_genesis_hide_singular_image":false,"_genesis_hide_footer_widgets":false,"_genesis_custom_body_class":"","_genesis_custom_post_class":"","_genesis_layout":""},"product_brand":[],"product_cat":[131,127],"product_tag":[428],"class_list":{"0":"post-11271","1":"product","2":"type-product","3":"status-publish","4":"has-post-thumbnail","6":"product_cat-accesorios-sondas-de-medicion","7":"product_cat-radiometros-uv","8":"product_tag-radiometer-es","9":"entry","11":"first","12":"instock","13":"taxable","14":"shipping-taxable","15":"purchasable","16":"product-type-variable"},"acf":[],"yoast_head":"<!-- This site is optimized with the Yoast SEO plugin v26.6 - https:\/\/yoast.com\/wordpress\/plugins\/seo\/ -->\n<title>Radi\u00f3metro UV SXL 55-UVA-340 | Accesorios Sondas de medici\u00f3n, Radi\u00f3metros UV | sglux<\/title>\n<meta name=\"robots\" content=\"index, follow, max-snippet:-1, max-image-preview:large, max-video-preview:-1\" \/>\n<link rel=\"canonical\" href=\"https:\/\/sglux.de\/es\/producto\/radiometro-uv-sxl-55-uva-340\/\" \/>\n<meta property=\"og:locale\" content=\"es_ES\" \/>\n<meta property=\"og:type\" content=\"article\" \/>\n<meta property=\"og:title\" content=\"Radi\u00f3metro UV SXL 55-UVA-340 | Accesorios Sondas de medici\u00f3n, Radi\u00f3metros UV | sglux\" \/>\n<meta property=\"og:description\" content=\"Smartphone based UV radiometer with dosimeter and data logging feature, designed to measure irradiance during accelerated weathering exposure under a UVA-340 fluorescent lamp, in accordance with ASTM Methods G154 and G151.  To be used with the customer\u2019s smartphone (Android, from Rev. 6.0) or with an optionally available smartphone. The price includes one sglux UV sensor with PTB traceable calibration. Also available in customer-specific design (color scheme, logo, additional features).\" \/>\n<meta property=\"og:url\" content=\"https:\/\/sglux.de\/es\/producto\/radiometro-uv-sxl-55-uva-340\/\" \/>\n<meta property=\"og:site_name\" content=\"sglux\" \/>\n<meta property=\"article:modified_time\" content=\"2025-11-14T08:29:34+00:00\" \/>\n<meta property=\"og:image\" content=\"https:\/\/sglux.de\/data-matrix\/uploads\/2018\/08\/SXL-55_2023_en.jpg\" \/>\n\t<meta property=\"og:image:width\" content=\"1940\" \/>\n\t<meta property=\"og:image:height\" content=\"1941\" \/>\n\t<meta property=\"og:image:type\" content=\"image\/jpeg\" \/>\n<meta name=\"twitter:card\" content=\"summary_large_image\" \/>\n<meta name=\"twitter:label1\" content=\"Tiempo de lectura\" \/>\n\t<meta name=\"twitter:data1\" content=\"2 minutos\" \/>\n<script type=\"application\/ld+json\" class=\"yoast-schema-graph\">{\"@context\":\"https:\/\/schema.org\",\"@graph\":[{\"@type\":\"WebPage\",\"@id\":\"https:\/\/sglux.de\/es\/producto\/radiometro-uv-sxl-55-uva-340\/\",\"url\":\"https:\/\/sglux.de\/es\/producto\/radiometro-uv-sxl-55-uva-340\/\",\"name\":\"Radi\u00f3metro UV SXL 55-UVA-340 | Accesorios Sondas de medici\u00f3n, Radi\u00f3metros UV | sglux\",\"isPartOf\":{\"@id\":\"https:\/\/sglux.de\/es\/#website\"},\"primaryImageOfPage\":{\"@id\":\"https:\/\/sglux.de\/es\/producto\/radiometro-uv-sxl-55-uva-340\/#primaryimage\"},\"image\":{\"@id\":\"https:\/\/sglux.de\/es\/producto\/radiometro-uv-sxl-55-uva-340\/#primaryimage\"},\"thumbnailUrl\":\"https:\/\/sglux.de\/data-matrix\/uploads\/2018\/08\/SXL-55_2023_en.jpg\",\"datePublished\":\"2025-10-27T13:29:21+00:00\",\"dateModified\":\"2025-11-14T08:29:34+00:00\",\"breadcrumb\":{\"@id\":\"https:\/\/sglux.de\/es\/producto\/radiometro-uv-sxl-55-uva-340\/#breadcrumb\"},\"inLanguage\":\"es\",\"potentialAction\":[{\"@type\":\"ReadAction\",\"target\":[\"https:\/\/sglux.de\/es\/producto\/radiometro-uv-sxl-55-uva-340\/\"]}]},{\"@type\":\"ImageObject\",\"inLanguage\":\"es\",\"@id\":\"https:\/\/sglux.de\/es\/producto\/radiometro-uv-sxl-55-uva-340\/#primaryimage\",\"url\":\"https:\/\/sglux.de\/data-matrix\/uploads\/2018\/08\/SXL-55_2023_en.jpg\",\"contentUrl\":\"https:\/\/sglux.de\/data-matrix\/uploads\/2018\/08\/SXL-55_2023_en.jpg\",\"width\":1940,\"height\":1941,\"caption\":\"sglux_SXL55_en_2023\"},{\"@type\":\"BreadcrumbList\",\"@id\":\"https:\/\/sglux.de\/es\/producto\/radiometro-uv-sxl-55-uva-340\/#breadcrumb\",\"itemListElement\":[{\"@type\":\"ListItem\",\"position\":1,\"name\":\"Startseite\",\"item\":\"https:\/\/sglux.de\/es\/\"},{\"@type\":\"ListItem\",\"position\":2,\"name\":\"Productos\",\"item\":\"https:\/\/sglux.de\/es\/producto\/\"},{\"@type\":\"ListItem\",\"position\":3,\"name\":\"Radi\u00f3metro UV SXL 55-UVA-340\"}]},{\"@type\":\"WebSite\",\"@id\":\"https:\/\/sglux.de\/es\/#website\",\"url\":\"https:\/\/sglux.de\/es\/\",\"name\":\"sglux\",\"description\":\"UV is our Business\",\"publisher\":{\"@id\":\"https:\/\/sglux.de\/es\/#organization\"},\"potentialAction\":[{\"@type\":\"SearchAction\",\"target\":{\"@type\":\"EntryPoint\",\"urlTemplate\":\"https:\/\/sglux.de\/es\/?s={search_term_string}\"},\"query-input\":{\"@type\":\"PropertyValueSpecification\",\"valueRequired\":true,\"valueName\":\"search_term_string\"}}],\"inLanguage\":\"es\"},{\"@type\":\"Organization\",\"@id\":\"https:\/\/sglux.de\/es\/#organization\",\"name\":\"sglux GmbH\",\"url\":\"https:\/\/sglux.de\/es\/\",\"logo\":{\"@type\":\"ImageObject\",\"inLanguage\":\"es\",\"@id\":\"https:\/\/sglux.de\/es\/#\/schema\/logo\/image\/\",\"url\":\"https:\/\/sglux.de\/data-matrix\/uploads\/2024\/11\/sglux_logo_uv_senesoren_gelb.png\",\"contentUrl\":\"https:\/\/sglux.de\/data-matrix\/uploads\/2024\/11\/sglux_logo_uv_senesoren_gelb.png\",\"width\":550,\"height\":116,\"caption\":\"sglux GmbH\"},\"image\":{\"@id\":\"https:\/\/sglux.de\/es\/#\/schema\/logo\/image\/\"},\"sameAs\":[\"https:\/\/www.linkedin.com\/company\/sglux-gmbh\"]}]}<\/script>\n<!-- \/ Yoast SEO plugin. -->","yoast_head_json":{"title":"Radi\u00f3metro UV SXL 55-UVA-340 | Accesorios Sondas de medici\u00f3n, Radi\u00f3metros UV | sglux","robots":{"index":"index","follow":"follow","max-snippet":"max-snippet:-1","max-image-preview":"max-image-preview:large","max-video-preview":"max-video-preview:-1"},"canonical":"https:\/\/sglux.de\/es\/producto\/radiometro-uv-sxl-55-uva-340\/","og_locale":"es_ES","og_type":"article","og_title":"Radi\u00f3metro UV SXL 55-UVA-340 | Accesorios Sondas de medici\u00f3n, Radi\u00f3metros UV | sglux","og_description":"Smartphone based UV radiometer with dosimeter and data logging feature, designed to measure irradiance during accelerated weathering exposure under a UVA-340 fluorescent lamp, in accordance with ASTM Methods G154 and G151.  To be used with the customer\u2019s smartphone (Android, from Rev. 6.0) or with an optionally available smartphone. The price includes one sglux UV sensor with PTB traceable calibration. Also available in customer-specific design (color scheme, logo, additional features).","og_url":"https:\/\/sglux.de\/es\/producto\/radiometro-uv-sxl-55-uva-340\/","og_site_name":"sglux","article_modified_time":"2025-11-14T08:29:34+00:00","og_image":[{"width":1940,"height":1941,"url":"https:\/\/sglux.de\/data-matrix\/uploads\/2018\/08\/SXL-55_2023_en.jpg","type":"image\/jpeg"}],"twitter_card":"summary_large_image","twitter_misc":{"Tiempo de lectura":"2 minutos"},"schema":{"@context":"https:\/\/schema.org","@graph":[{"@type":"WebPage","@id":"https:\/\/sglux.de\/es\/producto\/radiometro-uv-sxl-55-uva-340\/","url":"https:\/\/sglux.de\/es\/producto\/radiometro-uv-sxl-55-uva-340\/","name":"Radi\u00f3metro UV SXL 55-UVA-340 | Accesorios Sondas de medici\u00f3n, Radi\u00f3metros UV | sglux","isPartOf":{"@id":"https:\/\/sglux.de\/es\/#website"},"primaryImageOfPage":{"@id":"https:\/\/sglux.de\/es\/producto\/radiometro-uv-sxl-55-uva-340\/#primaryimage"},"image":{"@id":"https:\/\/sglux.de\/es\/producto\/radiometro-uv-sxl-55-uva-340\/#primaryimage"},"thumbnailUrl":"https:\/\/sglux.de\/data-matrix\/uploads\/2018\/08\/SXL-55_2023_en.jpg","datePublished":"2025-10-27T13:29:21+00:00","dateModified":"2025-11-14T08:29:34+00:00","breadcrumb":{"@id":"https:\/\/sglux.de\/es\/producto\/radiometro-uv-sxl-55-uva-340\/#breadcrumb"},"inLanguage":"es","potentialAction":[{"@type":"ReadAction","target":["https:\/\/sglux.de\/es\/producto\/radiometro-uv-sxl-55-uva-340\/"]}]},{"@type":"ImageObject","inLanguage":"es","@id":"https:\/\/sglux.de\/es\/producto\/radiometro-uv-sxl-55-uva-340\/#primaryimage","url":"https:\/\/sglux.de\/data-matrix\/uploads\/2018\/08\/SXL-55_2023_en.jpg","contentUrl":"https:\/\/sglux.de\/data-matrix\/uploads\/2018\/08\/SXL-55_2023_en.jpg","width":1940,"height":1941,"caption":"sglux_SXL55_en_2023"},{"@type":"BreadcrumbList","@id":"https:\/\/sglux.de\/es\/producto\/radiometro-uv-sxl-55-uva-340\/#breadcrumb","itemListElement":[{"@type":"ListItem","position":1,"name":"Startseite","item":"https:\/\/sglux.de\/es\/"},{"@type":"ListItem","position":2,"name":"Productos","item":"https:\/\/sglux.de\/es\/producto\/"},{"@type":"ListItem","position":3,"name":"Radi\u00f3metro UV SXL 55-UVA-340"}]},{"@type":"WebSite","@id":"https:\/\/sglux.de\/es\/#website","url":"https:\/\/sglux.de\/es\/","name":"sglux","description":"UV is our Business","publisher":{"@id":"https:\/\/sglux.de\/es\/#organization"},"potentialAction":[{"@type":"SearchAction","target":{"@type":"EntryPoint","urlTemplate":"https:\/\/sglux.de\/es\/?s={search_term_string}"},"query-input":{"@type":"PropertyValueSpecification","valueRequired":true,"valueName":"search_term_string"}}],"inLanguage":"es"},{"@type":"Organization","@id":"https:\/\/sglux.de\/es\/#organization","name":"sglux GmbH","url":"https:\/\/sglux.de\/es\/","logo":{"@type":"ImageObject","inLanguage":"es","@id":"https:\/\/sglux.de\/es\/#\/schema\/logo\/image\/","url":"https:\/\/sglux.de\/data-matrix\/uploads\/2024\/11\/sglux_logo_uv_senesoren_gelb.png","contentUrl":"https:\/\/sglux.de\/data-matrix\/uploads\/2024\/11\/sglux_logo_uv_senesoren_gelb.png","width":550,"height":116,"caption":"sglux GmbH"},"image":{"@id":"https:\/\/sglux.de\/es\/#\/schema\/logo\/image\/"},"sameAs":["https:\/\/www.linkedin.com\/company\/sglux-gmbh"]}]}},"_links":{"self":[{"href":"https:\/\/sglux.de\/es\/wp-json\/wp\/v2\/product\/11271","targetHints":{"allow":["GET"]}}],"collection":[{"href":"https:\/\/sglux.de\/es\/wp-json\/wp\/v2\/product"}],"about":[{"href":"https:\/\/sglux.de\/es\/wp-json\/wp\/v2\/types\/product"}],"replies":[{"embeddable":true,"href":"https:\/\/sglux.de\/es\/wp-json\/wp\/v2\/comments?post=11271"}],"wp:featuredmedia":[{"embeddable":true,"href":"https:\/\/sglux.de\/es\/wp-json\/wp\/v2\/media\/7853"}],"wp:attachment":[{"href":"https:\/\/sglux.de\/es\/wp-json\/wp\/v2\/media?parent=11271"}],"wp:term":[{"taxonomy":"product_brand","embeddable":true,"href":"https:\/\/sglux.de\/es\/wp-json\/wp\/v2\/product_brand?post=11271"},{"taxonomy":"product_cat","embeddable":true,"href":"https:\/\/sglux.de\/es\/wp-json\/wp\/v2\/product_cat?post=11271"},{"taxonomy":"product_tag","embeddable":true,"href":"https:\/\/sglux.de\/es\/wp-json\/wp\/v2\/product_tag?post=11271"}],"curies":[{"name":"wp","href":"https:\/\/api.w.org\/{rel}","templated":true}]}}